{"id":594,"date":"2014-11-04T09:40:18","date_gmt":"2014-11-04T08:40:18","guid":{"rendered":"http:\/\/www.taekwondoitf.org\/?page_id=594"},"modified":"2020-10-04T02:14:54","modified_gmt":"2020-10-04T00:14:54","slug":"curso-internacional-para-arbitros","status":"publish","type":"page","link":"https:\/\/itftkd.sport\/es\/cursos\/curso-internacional-para-arbitros\/","title":{"rendered":"Curso Internacional para \u00c1rbitros"},"content":{"rendered":"\n<figure class=\"wp-block-image size-large\"><img loading=\"lazy\" decoding=\"async\" width=\"1024\" height=\"299\" src=\"https:\/\/itftkd.sport\/wp-content\/uploads\/2020\/04\/IUC-Banner-1024x299.jpg\" alt=\"\" class=\"wp-image-19838\" srcset=\"https:\/\/itftkd.sport\/es\/wp-content\/uploads\/sites\/7\/2020\/04\/IUC-Banner-1024x299.jpg 1024w, https:\/\/itftkd.sport\/es\/wp-content\/uploads\/sites\/7\/2020\/04\/IUC-Banner-300x87.jpg 300w, https:\/\/itftkd.sport\/es\/wp-content\/uploads\/sites\/7\/2020\/04\/IUC-Banner-768x224.jpg 768w\" sizes=\"auto, (max-width: 1024px) 100vw, 1024px\" \/><\/figure>\n\n\n\n<p>La ITF pone gran \u00e9nfasis en tener oficiales y \u00e1rbitros altamente calificados en todos sus campeonatos. <\/p>\n\n\n\n<p>Uno de los aspectos claves para lograr este objetivo, es la formaci\u00f3n de nuestros \u00e1rbitros. <\/p>\n\n\n\n<p>La ITF organiza Cursos Internacionales de \u00c1rbitros en todo el mundo de forma regular a pedido de nuestros miembros y, especialmente, antes de todos los campeonatos importantes como las Copas del Mundo y los Campeonatos del Mundo, para asegurar que todos los \u00e1rbitros y jueces est\u00e9n actualizados con las reglas, regulaciones y los \u00faltimos aspectos t\u00e9cnicos de nuestro arte. <\/p>\n\n\n\n<p>Los IUC est\u00e1n dirigidos por el Comit\u00e9 de \u00c1rbitros de la ITF, presidido por el Maestro Abelardo Benzaqu\u00e9n (Argentina) y con el Gran Maestro Rub\u00e9n Su\u00e1rez (Estados Unidos), el Maestro Kurt Ottesen (Canad\u00e1), el Maestro Gordon Wallace (Escocia), la Sabum Saija Aalto (Finlandia), y el Sabum Petros Mikaelian (Rusia), como miembros.<\/p>\n\n\n<style>.wp-block-kadence-advancedgallery .kb-gallery-type-masonry.kb-gallery-id-_a1767a-91{margin:-5px;}.kb-gallery-type-masonry.kb-gallery-id-_a1767a-91 .kadence-blocks-gallery-item{padding:5px;}.kb-gallery-id-_a1767a-91 .kadence-blocks-gallery-item .kb-gal-image-radius, .kb-gallery-id-_a1767a-91 .kb-slide-item .kb-gal-image-radius img{border-radius:0px 0px 0px 0px;;}<\/style><div class=\"kb-gallery-wrap-id-_a1767a-91 alignnone wp-block-kadence-advancedgallery\"><ul class=\"kb-gallery-ul kb-gallery-non-static kb-gallery-type-masonry kb-masonry-init kb-gallery-id-_a1767a-91 kb-gallery-caption-style-bottom-hover kb-gallery-filter-none\" data-image-filter=\"none\" data-item-selector=\".kadence-blocks-gallery-item\" data-lightbox-caption=\"true\" data-columns-xxl=\"3\" data-columns-xl=\"3\" data-columns-md=\"3\" data-columns-sm=\"2\" data-columns-xs=\"1\" data-columns-ss=\"1\"><li class=\"kadence-blocks-gallery-item\" tabindex=\"0\"><div class=\"kadence-blocks-gallery-item-inner\"><figure class=\"kb-gallery-figure kadence-blocks-gallery-item-hide-caption\"><div class=\"kb-gal-image-radius\"><div class=\"kb-gallery-image-contain\" ><img loading=\"lazy\" decoding=\"async\" width=\"720\" height=\"480\" src=\"https:\/\/itftkd.sport\/wp-content\/uploads\/2020\/06\/IUC-Umpire-Courses-2-675.jpg\"   alt=\"IUC-Umpire-Courses\" data-full-image=\"https:\/\/itftkd.sport\/wp-content\/uploads\/2020\/06\/IUC-Umpire-Courses-2-675.jpg\" data-light-image=\"https:\/\/itftkd.sport\/wp-content\/uploads\/2020\/06\/IUC-Umpire-Courses-2-675.jpg\" data-id=\"21652\" class=\"wp-image-21652\" srcset=\"https:\/\/itftkd.sport\/es\/wp-content\/uploads\/sites\/7\/2020\/06\/IUC-Umpire-Courses-2-675.jpg 720w, https:\/\/itftkd.sport\/es\/wp-content\/uploads\/sites\/7\/2020\/06\/IUC-Umpire-Courses-2-675-300x200.jpg 300w, https:\/\/itftkd.sport\/es\/wp-content\/uploads\/sites\/7\/2020\/06\/IUC-Umpire-Courses-2-675-600x400.jpg 600w\" sizes=\"auto, (max-width: 720px) 100vw, 720px\" \/><\/div><\/div><\/figure><\/div><\/li><li class=\"kadence-blocks-gallery-item\" tabindex=\"0\"><div class=\"kadence-blocks-gallery-item-inner\"><figure class=\"kb-gallery-figure kadence-blocks-gallery-item-hide-caption\"><div class=\"kb-gal-image-radius\"><div class=\"kb-gallery-image-contain\" ><img loading=\"lazy\" decoding=\"async\" width=\"720\" height=\"480\" src=\"https:\/\/itftkd.sport\/wp-content\/uploads\/2020\/06\/IUC-Umpire-Courses-2-672.jpg\"   alt=\"IUC-Umpire-Courses\" data-full-image=\"https:\/\/itftkd.sport\/wp-content\/uploads\/2020\/06\/IUC-Umpire-Courses-2-672.jpg\" data-light-image=\"https:\/\/itftkd.sport\/wp-content\/uploads\/2020\/06\/IUC-Umpire-Courses-2-672.jpg\" data-id=\"21651\" class=\"wp-image-21651\" srcset=\"https:\/\/itftkd.sport\/es\/wp-content\/uploads\/sites\/7\/2020\/06\/IUC-Umpire-Courses-2-672.jpg 720w, https:\/\/itftkd.sport\/es\/wp-content\/uploads\/sites\/7\/2020\/06\/IUC-Umpire-Courses-2-672-300x200.jpg 300w, https:\/\/itftkd.sport\/es\/wp-content\/uploads\/sites\/7\/2020\/06\/IUC-Umpire-Courses-2-672-600x400.jpg 600w\" sizes=\"auto, (max-width: 720px) 100vw, 720px\" \/><\/div><\/div><\/figure><\/div><\/li><li class=\"kadence-blocks-gallery-item\" tabindex=\"0\"><div class=\"kadence-blocks-gallery-item-inner\"><figure class=\"kb-gallery-figure kadence-blocks-gallery-item-hide-caption\"><div class=\"kb-gal-image-radius\"><div class=\"kb-gallery-image-contain\" ><img loading=\"lazy\" decoding=\"async\" width=\"720\" height=\"480\" src=\"https:\/\/itftkd.sport\/wp-content\/uploads\/2020\/06\/IUC-Umpire-Courses-2-670.jpg\"   alt=\"IUC-Umpire-Courses\" data-full-image=\"https:\/\/itftkd.sport\/wp-content\/uploads\/2020\/06\/IUC-Umpire-Courses-2-670.jpg\" data-light-image=\"https:\/\/itftkd.sport\/wp-content\/uploads\/2020\/06\/IUC-Umpire-Courses-2-670.jpg\" data-id=\"21649\" class=\"wp-image-21649\" srcset=\"https:\/\/itftkd.sport\/es\/wp-content\/uploads\/sites\/7\/2020\/06\/IUC-Umpire-Courses-2-670.jpg 720w, https:\/\/itftkd.sport\/es\/wp-content\/uploads\/sites\/7\/2020\/06\/IUC-Umpire-Courses-2-670-300x200.jpg 300w, https:\/\/itftkd.sport\/es\/wp-content\/uploads\/sites\/7\/2020\/06\/IUC-Umpire-Courses-2-670-600x400.jpg 600w\" sizes=\"auto, (max-width: 720px) 100vw, 720px\" \/><\/div><\/div><\/figure><\/div><\/li><li class=\"kadence-blocks-gallery-item\" tabindex=\"0\"><div class=\"kadence-blocks-gallery-item-inner\"><figure class=\"kb-gallery-figure kadence-blocks-gallery-item-hide-caption\"><div class=\"kb-gal-image-radius\"><div class=\"kb-gallery-image-contain\" ><img loading=\"lazy\" decoding=\"async\" width=\"720\" height=\"480\" src=\"https:\/\/itftkd.sport\/wp-content\/uploads\/2020\/06\/IUC-Umpire-Courses-2-671.jpg\"   alt=\"IUC-Umpire-Courses\" data-full-image=\"https:\/\/itftkd.sport\/wp-content\/uploads\/2020\/06\/IUC-Umpire-Courses-2-671.jpg\" data-light-image=\"https:\/\/itftkd.sport\/wp-content\/uploads\/2020\/06\/IUC-Umpire-Courses-2-671.jpg\" data-id=\"21650\" class=\"wp-image-21650\" srcset=\"https:\/\/itftkd.sport\/es\/wp-content\/uploads\/sites\/7\/2020\/06\/IUC-Umpire-Courses-2-671.jpg 720w, https:\/\/itftkd.sport\/es\/wp-content\/uploads\/sites\/7\/2020\/06\/IUC-Umpire-Courses-2-671-300x200.jpg 300w, https:\/\/itftkd.sport\/es\/wp-content\/uploads\/sites\/7\/2020\/06\/IUC-Umpire-Courses-2-671-600x400.jpg 600w\" sizes=\"auto, (max-width: 720px) 100vw, 720px\" \/><\/div><\/div><\/figure><\/div><\/li><li class=\"kadence-blocks-gallery-item\" tabindex=\"0\"><div class=\"kadence-blocks-gallery-item-inner\"><figure class=\"kb-gallery-figure kadence-blocks-gallery-item-hide-caption\"><div class=\"kb-gal-image-radius\"><div class=\"kb-gallery-image-contain\" ><img loading=\"lazy\" decoding=\"async\" width=\"720\" height=\"480\" src=\"https:\/\/itftkd.sport\/wp-content\/uploads\/2020\/06\/IUC-Umpire-Courses-2-669.jpg\"   alt=\"IUC-Umpire-Courses\" data-full-image=\"https:\/\/itftkd.sport\/wp-content\/uploads\/2020\/06\/IUC-Umpire-Courses-2-669.jpg\" data-light-image=\"https:\/\/itftkd.sport\/wp-content\/uploads\/2020\/06\/IUC-Umpire-Courses-2-669.jpg\" data-id=\"21648\" class=\"wp-image-21648\" srcset=\"https:\/\/itftkd.sport\/es\/wp-content\/uploads\/sites\/7\/2020\/06\/IUC-Umpire-Courses-2-669.jpg 720w, https:\/\/itftkd.sport\/es\/wp-content\/uploads\/sites\/7\/2020\/06\/IUC-Umpire-Courses-2-669-300x200.jpg 300w, https:\/\/itftkd.sport\/es\/wp-content\/uploads\/sites\/7\/2020\/06\/IUC-Umpire-Courses-2-669-600x400.jpg 600w\" sizes=\"auto, (max-width: 720px) 100vw, 720px\" \/><\/div><\/div><\/figure><\/div><\/li><li class=\"kadence-blocks-gallery-item\" tabindex=\"0\"><div class=\"kadence-blocks-gallery-item-inner\"><figure class=\"kb-gallery-figure kadence-blocks-gallery-item-hide-caption\"><div class=\"kb-gal-image-radius\"><div class=\"kb-gallery-image-contain\" ><img loading=\"lazy\" decoding=\"async\" width=\"720\" height=\"480\" src=\"https:\/\/itftkd.sport\/wp-content\/uploads\/2020\/06\/IUC-Umpire-Courses-2-662.jpg\"   alt=\"IUC-Umpire-Courses\" data-full-image=\"https:\/\/itftkd.sport\/wp-content\/uploads\/2020\/06\/IUC-Umpire-Courses-2-662.jpg\" data-light-image=\"https:\/\/itftkd.sport\/wp-content\/uploads\/2020\/06\/IUC-Umpire-Courses-2-662.jpg\" data-id=\"21647\" class=\"wp-image-21647\" srcset=\"https:\/\/itftkd.sport\/es\/wp-content\/uploads\/sites\/7\/2020\/06\/IUC-Umpire-Courses-2-662.jpg 720w, https:\/\/itftkd.sport\/es\/wp-content\/uploads\/sites\/7\/2020\/06\/IUC-Umpire-Courses-2-662-300x200.jpg 300w, https:\/\/itftkd.sport\/es\/wp-content\/uploads\/sites\/7\/2020\/06\/IUC-Umpire-Courses-2-662-600x400.jpg 600w\" sizes=\"auto, (max-width: 720px) 100vw, 720px\" \/><\/div><\/div><\/figure><\/div><\/li><li class=\"kadence-blocks-gallery-item\" tabindex=\"0\"><div class=\"kadence-blocks-gallery-item-inner\"><figure class=\"kb-gallery-figure kadence-blocks-gallery-item-hide-caption\"><div class=\"kb-gal-image-radius\"><div class=\"kb-gallery-image-contain\" ><img loading=\"lazy\" decoding=\"async\" width=\"220\" height=\"147\" src=\"https:\/\/itftkd.sport\/wp-content\/uploads\/2020\/06\/IUC-Umpire-Courses-1-657.jpg\"   alt=\"IUC-Umpire-Courses\" data-full-image=\"https:\/\/itftkd.sport\/wp-content\/uploads\/2020\/06\/IUC-Umpire-Courses-1-657.jpg\" data-light-image=\"https:\/\/itftkd.sport\/wp-content\/uploads\/2020\/06\/IUC-Umpire-Courses-1-657.jpg\" data-id=\"21646\" class=\"wp-image-21646\"\/><\/div><\/div><\/figure><\/div><\/li><li class=\"kadence-blocks-gallery-item\" tabindex=\"0\"><div class=\"kadence-blocks-gallery-item-inner\"><figure class=\"kb-gallery-figure kadence-blocks-gallery-item-hide-caption\"><div class=\"kb-gal-image-radius\"><div class=\"kb-gallery-image-contain\" ><img loading=\"lazy\" decoding=\"async\" width=\"220\" height=\"147\" src=\"https:\/\/itftkd.sport\/wp-content\/uploads\/2020\/06\/IUC-Umpire-Courses-0-652.jpg\"   alt=\"IUC-Umpire-Courses\" data-full-image=\"https:\/\/itftkd.sport\/wp-content\/uploads\/2020\/06\/IUC-Umpire-Courses-0-652.jpg\" data-light-image=\"https:\/\/itftkd.sport\/wp-content\/uploads\/2020\/06\/IUC-Umpire-Courses-0-652.jpg\" data-id=\"21638\" class=\"wp-image-21638\"\/><\/div><\/div><\/figure><\/div><\/li><li class=\"kadence-blocks-gallery-item\" tabindex=\"0\"><div class=\"kadence-blocks-gallery-item-inner\"><figure class=\"kb-gallery-figure kadence-blocks-gallery-item-hide-caption\"><div class=\"kb-gal-image-radius\"><div class=\"kb-gallery-image-contain\" ><img loading=\"lazy\" decoding=\"async\" width=\"220\" height=\"147\" src=\"https:\/\/itftkd.sport\/wp-content\/uploads\/2020\/06\/IUC-Umpire-Courses-0-653.jpg\"   alt=\"IUC-Umpire-Courses\" data-full-image=\"https:\/\/itftkd.sport\/wp-content\/uploads\/2020\/06\/IUC-Umpire-Courses-0-653.jpg\" data-light-image=\"https:\/\/itftkd.sport\/wp-content\/uploads\/2020\/06\/IUC-Umpire-Courses-0-653.jpg\" data-id=\"21639\" class=\"wp-image-21639\"\/><\/div><\/div><\/figure><\/div><\/li><li class=\"kadence-blocks-gallery-item\" tabindex=\"0\"><div class=\"kadence-blocks-gallery-item-inner\"><figure class=\"kb-gallery-figure kadence-blocks-gallery-item-hide-caption\"><div class=\"kb-gal-image-radius\"><div class=\"kb-gallery-image-contain\" ><img loading=\"lazy\" decoding=\"async\" width=\"448\" height=\"252\" src=\"https:\/\/itftkd.sport\/wp-content\/uploads\/2020\/06\/IUC-Umpire-Courses-0-657.jpg\"   alt=\"IUC-Umpire-Courses\" data-full-image=\"https:\/\/itftkd.sport\/wp-content\/uploads\/2020\/06\/IUC-Umpire-Courses-0-657.jpg\" data-light-image=\"https:\/\/itftkd.sport\/wp-content\/uploads\/2020\/06\/IUC-Umpire-Courses-0-657.jpg\" data-id=\"21641\" class=\"wp-image-21641\" srcset=\"https:\/\/itftkd.sport\/es\/wp-content\/uploads\/sites\/7\/2020\/06\/IUC-Umpire-Courses-0-657.jpg 448w, https:\/\/itftkd.sport\/es\/wp-content\/uploads\/sites\/7\/2020\/06\/IUC-Umpire-Courses-0-657-300x169.jpg 300w\" sizes=\"auto, (max-width: 448px) 100vw, 448px\" \/><\/div><\/div><\/figure><\/div><\/li><li class=\"kadence-blocks-gallery-item\" tabindex=\"0\"><div class=\"kadence-blocks-gallery-item-inner\"><figure class=\"kb-gallery-figure kadence-blocks-gallery-item-hide-caption\"><div class=\"kb-gal-image-radius\"><div class=\"kb-gallery-image-contain\" ><img loading=\"lazy\" decoding=\"async\" width=\"220\" height=\"147\" src=\"https:\/\/itftkd.sport\/wp-content\/uploads\/2020\/06\/IUC-Umpire-Courses-1-650.jpg\"   alt=\"IUC-Umpire-Courses\" data-full-image=\"https:\/\/itftkd.sport\/wp-content\/uploads\/2020\/06\/IUC-Umpire-Courses-1-650.jpg\" data-light-image=\"https:\/\/itftkd.sport\/wp-content\/uploads\/2020\/06\/IUC-Umpire-Courses-1-650.jpg\" data-id=\"21642\" class=\"wp-image-21642\"\/><\/div><\/div><\/figure><\/div><\/li><li class=\"kadence-blocks-gallery-item\" tabindex=\"0\"><div class=\"kadence-blocks-gallery-item-inner\"><figure class=\"kb-gallery-figure kadence-blocks-gallery-item-hide-caption\"><div class=\"kb-gal-image-radius\"><div class=\"kb-gallery-image-contain\" ><img loading=\"lazy\" decoding=\"async\" width=\"720\" height=\"480\" src=\"https:\/\/itftkd.sport\/wp-content\/uploads\/2020\/06\/IUC-Umpire-Courses-0-650.jpg\"   alt=\"IUC-Umpire-Courses\" data-full-image=\"https:\/\/itftkd.sport\/wp-content\/uploads\/2020\/06\/IUC-Umpire-Courses-0-650.jpg\" data-light-image=\"https:\/\/itftkd.sport\/wp-content\/uploads\/2020\/06\/IUC-Umpire-Courses-0-650.jpg\" data-id=\"21637\" class=\"wp-image-21637\" srcset=\"https:\/\/itftkd.sport\/es\/wp-content\/uploads\/sites\/7\/2020\/06\/IUC-Umpire-Courses-0-650.jpg 720w, https:\/\/itftkd.sport\/es\/wp-content\/uploads\/sites\/7\/2020\/06\/IUC-Umpire-Courses-0-650-300x200.jpg 300w, https:\/\/itftkd.sport\/es\/wp-content\/uploads\/sites\/7\/2020\/06\/IUC-Umpire-Courses-0-650-600x400.jpg 600w\" sizes=\"auto, (max-width: 720px) 100vw, 720px\" \/><\/div><\/div><\/figure><\/div><\/li><li class=\"kadence-blocks-gallery-item\" tabindex=\"0\"><div class=\"kadence-blocks-gallery-item-inner\"><figure class=\"kb-gallery-figure kadence-blocks-gallery-item-hide-caption\"><div class=\"kb-gal-image-radius\"><div class=\"kb-gallery-image-contain\" ><img loading=\"lazy\" decoding=\"async\" width=\"720\" height=\"480\" src=\"https:\/\/itftkd.sport\/wp-content\/uploads\/2020\/06\/IUC-Umpire-Courses-0-649.jpg\"   alt=\"IUC-Umpire-Courses\" data-full-image=\"https:\/\/itftkd.sport\/wp-content\/uploads\/2020\/06\/IUC-Umpire-Courses-0-649.jpg\" data-light-image=\"https:\/\/itftkd.sport\/wp-content\/uploads\/2020\/06\/IUC-Umpire-Courses-0-649.jpg\" data-id=\"21636\" class=\"wp-image-21636\" srcset=\"https:\/\/itftkd.sport\/es\/wp-content\/uploads\/sites\/7\/2020\/06\/IUC-Umpire-Courses-0-649.jpg 720w, https:\/\/itftkd.sport\/es\/wp-content\/uploads\/sites\/7\/2020\/06\/IUC-Umpire-Courses-0-649-300x200.jpg 300w, https:\/\/itftkd.sport\/es\/wp-content\/uploads\/sites\/7\/2020\/06\/IUC-Umpire-Courses-0-649-600x400.jpg 600w\" sizes=\"auto, (max-width: 720px) 100vw, 720px\" \/><\/div><\/div><\/figure><\/div><\/li><li class=\"kadence-blocks-gallery-item\" tabindex=\"0\"><div class=\"kadence-blocks-gallery-item-inner\"><figure class=\"kb-gallery-figure kadence-blocks-gallery-item-hide-caption\"><div class=\"kb-gal-image-radius\" style=\"max-width:1024px;\"><div class=\"kb-gallery-image-contain kadence-blocks-gallery-intrinsic\" style=\"padding-bottom:75%;\"><img loading=\"lazy\" decoding=\"async\" src=\"https:\/\/itftkd.sport\/wp-content\/uploads\/2020\/03\/QIUC-Power-1024x768.jpg\" width=\"1024\" height=\"768\" alt=\"IUC-22-Vancouver-Canada-Courses-2016\" data-full-image=\"https:\/\/itftkd.sport\/wp-content\/uploads\/2020\/03\/QIUC-Power.jpg\" data-light-image=\"https:\/\/itftkd.sport\/wp-content\/uploads\/2020\/03\/QIUC-Power.jpg\" data-id=\"16050\" class=\"wp-image-16050\" srcset=\"https:\/\/itftkd.sport\/es\/wp-content\/uploads\/sites\/7\/2020\/03\/QIUC-Power.jpg 1024w, https:\/\/itftkd.sport\/es\/wp-content\/uploads\/sites\/7\/2020\/03\/QIUC-Power-300x225.jpg 300w, https:\/\/itftkd.sport\/es\/wp-content\/uploads\/sites\/7\/2020\/03\/QIUC-Power-768x576.jpg 768w, https:\/\/itftkd.sport\/es\/wp-content\/uploads\/sites\/7\/2020\/03\/QIUC-Power-800x600.jpg 800w, https:\/\/itftkd.sport\/es\/wp-content\/uploads\/sites\/7\/2020\/03\/QIUC-Power-550x413.jpg 550w, https:\/\/itftkd.sport\/es\/wp-content\/uploads\/sites\/7\/2020\/03\/QIUC-Power-350x263.jpg 350w, https:\/\/itftkd.sport\/es\/wp-content\/uploads\/sites\/7\/2020\/03\/QIUC-Power-260x195.jpg 260w\" sizes=\"auto, (max-width: 1024px) 100vw, 1024px\" \/><\/div><\/div><\/figure><\/div><\/li><li class=\"kadence-blocks-gallery-item\" tabindex=\"0\"><div class=\"kadence-blocks-gallery-item-inner\"><figure class=\"kb-gallery-figure kadence-blocks-gallery-item-hide-caption\"><div class=\"kb-gal-image-radius\" style=\"max-width:1024px;\"><div class=\"kb-gallery-image-contain kadence-blocks-gallery-intrinsic\" style=\"padding-bottom:75%;\"><img loading=\"lazy\" decoding=\"async\" src=\"https:\/\/itftkd.sport\/wp-content\/uploads\/2020\/03\/QIUC-2016-room-1024x768.jpg\" width=\"1024\" height=\"768\" alt=\"IUC-22-Vancouver-Canada-Courses-2016\" data-full-image=\"https:\/\/itftkd.sport\/wp-content\/uploads\/2020\/03\/QIUC-2016-room.jpg\" data-light-image=\"https:\/\/itftkd.sport\/wp-content\/uploads\/2020\/03\/QIUC-2016-room.jpg\" data-id=\"16047\" class=\"wp-image-16047\" srcset=\"https:\/\/itftkd.sport\/es\/wp-content\/uploads\/sites\/7\/2020\/03\/QIUC-2016-room.jpg 1024w, https:\/\/itftkd.sport\/es\/wp-content\/uploads\/sites\/7\/2020\/03\/QIUC-2016-room-300x225.jpg 300w, https:\/\/itftkd.sport\/es\/wp-content\/uploads\/sites\/7\/2020\/03\/QIUC-2016-room-768x576.jpg 768w, https:\/\/itftkd.sport\/es\/wp-content\/uploads\/sites\/7\/2020\/03\/QIUC-2016-room-800x600.jpg 800w, https:\/\/itftkd.sport\/es\/wp-content\/uploads\/sites\/7\/2020\/03\/QIUC-2016-room-550x413.jpg 550w, https:\/\/itftkd.sport\/es\/wp-content\/uploads\/sites\/7\/2020\/03\/QIUC-2016-room-350x263.jpg 350w, https:\/\/itftkd.sport\/es\/wp-content\/uploads\/sites\/7\/2020\/03\/QIUC-2016-room-260x195.jpg 260w\" sizes=\"auto, (max-width: 1024px) 100vw, 1024px\" \/><\/div><\/div><\/figure><\/div><\/li><li class=\"kadence-blocks-gallery-item\" tabindex=\"0\"><div class=\"kadence-blocks-gallery-item-inner\"><figure class=\"kb-gallery-figure kadence-blocks-gallery-item-hide-caption\"><div class=\"kb-gal-image-radius\" style=\"max-width:1024px;\"><div class=\"kb-gallery-image-contain kadence-blocks-gallery-intrinsic\" style=\"padding-bottom:59%;\"><img loading=\"lazy\" decoding=\"async\" src=\"https:\/\/itftkd.sport\/wp-content\/uploads\/2020\/03\/IUC-22-group-shot_1-1024x612.jpg\" width=\"1024\" height=\"612\" alt=\"IUC-22-Vancouver-Canada-Courses-2016\" data-full-image=\"https:\/\/itftkd.sport\/wp-content\/uploads\/2020\/03\/IUC-22-group-shot_1.jpg\" data-light-image=\"https:\/\/itftkd.sport\/wp-content\/uploads\/2020\/03\/IUC-22-group-shot_1.jpg\" data-id=\"16045\" class=\"wp-image-16045\" srcset=\"https:\/\/itftkd.sport\/es\/wp-content\/uploads\/sites\/7\/2020\/03\/IUC-22-group-shot_1.jpg 1024w, https:\/\/itftkd.sport\/es\/wp-content\/uploads\/sites\/7\/2020\/03\/IUC-22-group-shot_1-300x179.jpg 300w, https:\/\/itftkd.sport\/es\/wp-content\/uploads\/sites\/7\/2020\/03\/IUC-22-group-shot_1-768x459.jpg 768w\" sizes=\"auto, (max-width: 1024px) 100vw, 1024px\" \/><\/div><\/div><\/figure><\/div><\/li><\/ul><\/div>","protected":false},"excerpt":{"rendered":"<p>La ITF pone gran \u00e9nfasis en tener oficiales y \u00e1rbitros altamente calificados en todos sus campeonatos. Uno de los aspectos claves para lograr este objetivo, es la formaci\u00f3n de nuestros &hellip;<\/p>\n","protected":false},"author":10,"featured_media":0,"parent":379,"menu_order":3,"comment_status":"open","ping_status":"closed","template":"","meta":{"_tec_requires_first_save":true,"_uag_custom_page_level_css":"","_genesis_hide_title":false,"_genesis_hide_breadcrumbs":false,"_genesis_hide_singular_image":false,"_genesis_hide_footer_widgets":false,"_genesis_custom_body_class":"","_genesis_custom_post_class":"","_genesis_layout":"md-content","_EventAllDay":false,"_EventTimezone":"","_EventStartDate":"","_EventEndDate":"","_EventStartDateUTC":"","_EventEndDateUTC":"","_EventShowMap":false,"_EventShowMapLink":false,"_EventURL":"","_EventCost":"","_EventCostDescription":"","_EventCurrencySymbol":"","_EventCurrencyCode":"","_EventCurrencyPosition":"","_EventDateTimeSeparator":"","_EventTimeRangeSeparator":"","_EventOrganizerID":[],"_EventVenueID":[0],"_OrganizerEmail":"","_OrganizerPhone":"","_OrganizerWebsite":"","_VenueAddress":"","_VenueCity":"","_VenueCountry":"","_VenueProvince":"","_VenueState":"","_VenueZip":"","_VenuePhone":"","_VenueURL":"","_VenueStateProvince":"","_VenueLat":"","_VenueLng":"","_VenueShowMap":false,"_VenueShowMapLink":false,"_tribe_blocks_recurrence_rules":"","_tribe_blocks_recurrence_description":"","_tribe_blocks_recurrence_exclusions":"","editor_notices":[],"footnotes":""},"class_list":["post-594","page","type-page","status-publish","entry","has-post-thumbnail"],"featured_image_src":null,"featured_image_src_square":null,"uagb_featured_image_src":{"full":false,"thumbnail":false,"medium":false,"medium_large":false,"large":false,"1536x1536":false,"2048x2048":false,"banner":false,"section":false,"full-width":false,"featured":false,"one-half":false,"one-third":false,"one-fourth":false,"tiny":false,"ab-block-post-grid-landscape":false,"ab-block-post-grid-square":false,"gform-image-choice-sm":false,"gform-image-choice-md":false,"gform-image-choice-lg":false},"uagb_author_info":{"display_name":"ivan","author_link":"https:\/\/itftkd.sport\/es\/author\/ivan\/"},"uagb_comment_info":0,"uagb_excerpt":"La ITF pone gran \u00e9nfasis en tener oficiales y \u00e1rbitros altamente calificados en todos sus campeonatos. Uno de los aspectos claves para lograr este objetivo, es la formaci\u00f3n de nuestros &hellip;","_links":{"self":[{"href":"https:\/\/itftkd.sport\/es\/wp-json\/wp\/v2\/pages\/594","targetHints":{"allow":["GET"]}}],"collection":[{"href":"https:\/\/itftkd.sport\/es\/wp-json\/wp\/v2\/pages"}],"about":[{"href":"https:\/\/itftkd.sport\/es\/wp-json\/wp\/v2\/types\/page"}],"author":[{"embeddable":true,"href":"https:\/\/itftkd.sport\/es\/wp-json\/wp\/v2\/users\/10"}],"replies":[{"embeddable":true,"href":"https:\/\/itftkd.sport\/es\/wp-json\/wp\/v2\/comments?post=594"}],"version-history":[{"count":3,"href":"https:\/\/itftkd.sport\/es\/wp-json\/wp\/v2\/pages\/594\/revisions"}],"predecessor-version":[{"id":23856,"href":"https:\/\/itftkd.sport\/es\/wp-json\/wp\/v2\/pages\/594\/revisions\/23856"}],"up":[{"embeddable":true,"href":"https:\/\/itftkd.sport\/es\/wp-json\/wp\/v2\/pages\/379"}],"wp:attachment":[{"href":"https:\/\/itftkd.sport\/es\/wp-json\/wp\/v2\/media?parent=594"}],"curies":[{"name":"wp","href":"https:\/\/api.w.org\/{rel}","templated":true}]}}