{"id":556,"date":"2014-11-04T08:32:13","date_gmt":"2014-11-04T07:32:13","guid":{"rendered":"http:\/\/www.taekwondoitf.org\/?page_id=556"},"modified":"2020-09-06T13:49:59","modified_gmt":"2020-09-06T11:49:59","slug":"presidentes-pasados","status":"publish","type":"page","link":"https:\/\/itftkd.sport\/es\/salon-de-la-fama\/presidentes-pasados\/","title":{"rendered":"Presidentes Pasados"},"content":{"rendered":"<div class=\"wpv-view-output\" data-toolset-views-view-editor=\"dd3136fa206cff035780a712a6644901\">\n<div class=\"wp-block-toolset-views-view-editor wpv-gutenberg-view-wrapper-20666\">\n\n\n<div id=\"wpv-view-layout-20666\" class=\"js-wpv-view-layout js-wpv-layout-responsive js-wpv-view-layout-20666\" data-viewnumber=\"20666\" data-pagination=\"{&quot;id&quot;:&quot;20666&quot;,&quot;query&quot;:&quot;normal&quot;,&quot;type&quot;:&quot;disabled&quot;,&quot;effect&quot;:&quot;fade&quot;,&quot;duration&quot;:500,&quot;speed&quot;:5,&quot;pause_on_hover&quot;:&quot;disabled&quot;,&quot;stop_rollover&quot;:&quot;false&quot;,&quot;cache_pages&quot;:&quot;enabled&quot;,&quot;preload_images&quot;:&quot;enabled&quot;,&quot;preload_pages&quot;:&quot;enabled&quot;,&quot;preload_reach&quot;:1,&quot;spinner&quot;:&quot;builtin&quot;,&quot;spinner_image&quot;:&quot;https:\/\/itftkd.sport\/wp-content\/plugins\/wp-views\/embedded\/res\/img\/ajax-loader.gif&quot;,&quot;callback_next&quot;:&quot;&quot;,&quot;manage_history&quot;:&quot;enabled&quot;,&quot;has_controls_in_form&quot;:&quot;disabled&quot;,&quot;infinite_tolerance&quot;:&quot;0&quot;,&quot;max_pages&quot;:0,&quot;page&quot;:1,&quot;base_permalink&quot;:&quot;\/es\/wp-json\/wp\/v2\/pages\/556?wpv_view_count=20666&amp;wpv_paged=WPV_PAGE_NUM&quot;,&quot;loop&quot;:{&quot;type&quot;:&quot;&quot;,&quot;name&quot;:&quot;&quot;,&quot;data&quot;:[],&quot;id&quot;:0}}\" data-permalink=\"\/es\/wp-json\/wp\/v2\/pages\/556?wpv_view_count=20666\">\n\n\t\n\t\n\t\n\t\t\n\t\t<div class=\"row \">\n\t\t\t<div class=\"col-md-6\"><div class=\"wp-block-image\">\n<figure class=\" tb-image tb-image-dynamic aligncenter\" data-toolset-blocks-image=\"d9a41f9664957449770dc5639143a710\"><a href=\"https:\/\/itftkd.sport\/es\/itf-personalities\/general-choi-hong-hi\/\"><img decoding=\"async\" width=\"150\" height=\"150\" loading=\"lazy\" src=\"https:\/\/itftkd.sport\/es\/wp-content\/uploads\/sites\/7\/2009\/08\/Gral-Choi-Hong-Hi-Hall-of-Fame-150x150.jpeg\" alt=\"Gral Choi Hong Hi Hall of Fame\" class=\"wp-image-21086\" srcset=\"https:\/\/itftkd.sport\/es\/wp-content\/uploads\/sites\/7\/2009\/08\/Gral-Choi-Hong-Hi-Hall-of-Fame-150x150.jpeg 150w, https:\/\/itftkd.sport\/es\/wp-content\/uploads\/sites\/7\/2009\/08\/Gral-Choi-Hong-Hi-Hall-of-Fame-80x80.jpeg 80w\" sizes=\"auto, (max-width: 150px) 100vw, 150px\" \/><\/a><\/figure>\n<\/div>\n\n\n<div class=\"tb-field\" data-toolset-blocks-field=\"0c517e7c4f40f124ab1c95b22baeb87c\"><a href=\"https:\/\/itftkd.sport\/es\/itf-personalities\/general-choi-hong-hi\/\">General Choi Hong Hi<\/a><\/div>\n\n\n\n\n<\/div>\n\t\t\n\t\t\n\t\t\t<div class=\"col-md-6\"><div class=\"wp-block-image\">\n<figure class=\" tb-image tb-image-dynamic aligncenter\" data-toolset-blocks-image=\"d9a41f9664957449770dc5639143a710\"><a href=\"https:\/\/itftkd.sport\/es\/itf-personalities\/russell-maclellan\/\"><img decoding=\"async\" width=\"150\" height=\"150\" loading=\"lazy\" src=\"https:\/\/itftkd.sport\/es\/wp-content\/uploads\/sites\/7\/2019\/05\/Pte-pasado-Maclellan-150x150.jpg\" alt=\"Russell-MacLellan-Past-President\" class=\"wp-image-20929\" srcset=\"https:\/\/itftkd.sport\/es\/wp-content\/uploads\/sites\/7\/2019\/05\/Pte-pasado-Maclellan-150x150.jpg 150w, https:\/\/itftkd.sport\/es\/wp-content\/uploads\/sites\/7\/2019\/05\/Pte-pasado-Maclellan-80x80.jpg 80w\" sizes=\"auto, (max-width: 150px) 100vw, 150px\" \/><\/a><\/figure>\n<\/div>\n\n\n<div class=\"tb-field\" data-toolset-blocks-field=\"0c517e7c4f40f124ab1c95b22baeb87c\"><a href=\"https:\/\/itftkd.sport\/es\/itf-personalities\/russell-maclellan\/\">Honorable Russell MacLellan, Q.C.<\/a><\/div>\n\n\n\n\n<\/div>\n\t\t<\/div>\n\t\t\n\t\t\n\t\t<div class=\"row \">\n\t\t\t<div class=\"col-md-6\"><div class=\"wp-block-image\">\n<figure class=\" tb-image tb-image-dynamic aligncenter\" data-toolset-blocks-image=\"d9a41f9664957449770dc5639143a710\"><a href=\"https:\/\/itftkd.sport\/es\/itf-personalities\/tran-trieu-quan\/\"><img decoding=\"async\" width=\"150\" height=\"150\" loading=\"lazy\" src=\"https:\/\/itftkd.sport\/es\/wp-content\/uploads\/sites\/7\/2019\/05\/Tr\u00e2n-2-150x150.jpg\" alt=\"Tr\u00e2n-Tri\u00eau-Qu\u00e2n-Past-President\" class=\"wp-image-20931\" srcset=\"https:\/\/itftkd.sport\/es\/wp-content\/uploads\/sites\/7\/2019\/05\/Tr\u00e2n-2-150x150.jpg 150w, https:\/\/itftkd.sport\/es\/wp-content\/uploads\/sites\/7\/2019\/05\/Tr\u00e2n-2-80x80.jpg 80w\" sizes=\"auto, (max-width: 150px) 100vw, 150px\" \/><\/a><\/figure>\n<\/div>\n\n\n<div class=\"tb-field\" data-toolset-blocks-field=\"0c517e7c4f40f124ab1c95b22baeb87c\"><a href=\"https:\/\/itftkd.sport\/es\/itf-personalities\/tran-trieu-quan\/\">Gran Maestro Tr\u00e2n Tri\u00eau Qu\u00e2n<\/a><\/div>\n\n\n\n\n<\/div>\n\t\t\n\t\t\n\t\t\t<div class=\"col-md-6\"><div class=\"wp-block-image\">\n<figure class=\" tb-image tb-image-dynamic aligncenter\" data-toolset-blocks-image=\"d9a41f9664957449770dc5639143a710\"><a href=\"https:\/\/itftkd.sport\/es\/itf-personalities\/grand-master-pablo-trajtenberg\/\"><img decoding=\"async\" width=\"150\" height=\"150\" loading=\"lazy\" src=\"https:\/\/itftkd.sport\/es\/wp-content\/uploads\/sites\/7\/2019\/05\/Pte-Pasado-Trajtenberg-150x150.jpg\" alt=\"Pablo-Trajtenberg-Past-President\" class=\"wp-image-20930\" srcset=\"https:\/\/itftkd.sport\/es\/wp-content\/uploads\/sites\/7\/2019\/05\/Pte-Pasado-Trajtenberg-150x150.jpg 150w, https:\/\/itftkd.sport\/es\/wp-content\/uploads\/sites\/7\/2019\/05\/Pte-Pasado-Trajtenberg-80x80.jpg 80w\" sizes=\"auto, (max-width: 150px) 100vw, 150px\" \/><\/a><\/figure>\n<\/div>\n\n\n<div class=\"tb-field\" data-toolset-blocks-field=\"0c517e7c4f40f124ab1c95b22baeb87c\"><a href=\"https:\/\/itftkd.sport\/es\/itf-personalities\/grand-master-pablo-trajtenberg\/\">Gran Maestro Pablo Trajtenberg<\/a><\/div>\n\n\n\n\n<\/div>\n\t\t<\/div>\n\t\t\n\t\n\t\n\t\n<\/div>\n<\/div>\n<\/div>","protected":false},"excerpt":{"rendered":"","protected":false},"author":4,"featured_media":0,"parent":6671,"menu_order":1,"comment_status":"open","ping_status":"closed","template":"","meta":{"_tec_requires_first_save":true,"_uag_custom_page_level_css":"","_genesis_hide_title":false,"_genesis_hide_breadcrumbs":false,"_genesis_hide_singular_image":false,"_genesis_hide_footer_widgets":false,"_genesis_custom_body_class":"","_genesis_custom_post_class":"","_genesis_layout":"","_EventAllDay":false,"_EventTimezone":"","_EventStartDate":"","_EventEndDate":"","_EventStartDateUTC":"","_EventEndDateUTC":"","_EventShowMap":false,"_EventShowMapLink":false,"_EventURL":"","_EventCost":"","_EventCostDescription":"","_EventCurrencySymbol":"","_EventCurrencyCode":"","_EventCurrencyPosition":"","_EventDateTimeSeparator":"","_EventTimeRangeSeparator":"","_EventOrganizerID":[],"_EventVenueID":[0],"_OrganizerEmail":"","_OrganizerPhone":"","_OrganizerWebsite":"","_VenueAddress":"","_VenueCity":"","_VenueCountry":"","_VenueProvince":"","_VenueState":"","_VenueZip":"","_VenuePhone":"","_VenueURL":"","_VenueStateProvince":"","_VenueLat":"","_VenueLng":"","_VenueShowMap":false,"_VenueShowMapLink":false,"_tribe_blocks_recurrence_rules":"","_tribe_blocks_recurrence_description":"","_tribe_blocks_recurrence_exclusions":"","editor_notices":[],"footnotes":""},"class_list":["post-556","page","type-page","status-publish","entry"],"featured_image_src":null,"featured_image_src_square":null,"uagb_featured_image_src":{"full":false,"thumbnail":false,"medium":false,"medium_large":false,"large":false,"1536x1536":false,"2048x2048":false,"banner":false,"section":false,"full-width":false,"featured":false,"one-half":false,"one-third":false,"one-fourth":false,"tiny":false,"ab-block-post-grid-landscape":false,"ab-block-post-grid-square":false,"gform-image-choice-sm":false,"gform-image-choice-md":false,"gform-image-choice-lg":false},"uagb_author_info":{"display_name":"FABIAN ITF","author_link":"https:\/\/itftkd.sport\/es\/author\/fabian-itf\/"},"uagb_comment_info":0,"uagb_excerpt":null,"_links":{"self":[{"href":"https:\/\/itftkd.sport\/es\/wp-json\/wp\/v2\/pages\/556","targetHints":{"allow":["GET"]}}],"collection":[{"href":"https:\/\/itftkd.sport\/es\/wp-json\/wp\/v2\/pages"}],"about":[{"href":"https:\/\/itftkd.sport\/es\/wp-json\/wp\/v2\/types\/page"}],"author":[{"embeddable":true,"href":"https:\/\/itftkd.sport\/es\/wp-json\/wp\/v2\/users\/4"}],"replies":[{"embeddable":true,"href":"https:\/\/itftkd.sport\/es\/wp-json\/wp\/v2\/comments?post=556"}],"version-history":[{"count":3,"href":"https:\/\/itftkd.sport\/es\/wp-json\/wp\/v2\/pages\/556\/revisions"}],"predecessor-version":[{"id":23378,"href":"https:\/\/itftkd.sport\/es\/wp-json\/wp\/v2\/pages\/556\/revisions\/23378"}],"up":[{"embeddable":true,"href":"https:\/\/itftkd.sport\/es\/wp-json\/wp\/v2\/pages\/6671"}],"wp:attachment":[{"href":"https:\/\/itftkd.sport\/es\/wp-json\/wp\/v2\/media?parent=556"}],"curies":[{"name":"wp","href":"https:\/\/api.w.org\/{rel}","templated":true}]}}