{"id":548,"date":"2014-11-04T08:29:25","date_gmt":"2014-11-04T07:29:25","guid":{"rendered":"http:\/\/www.taekwondoitf.org\/?page_id=548"},"modified":"2020-09-14T23:09:10","modified_gmt":"2020-09-14T21:09:10","slug":"nuestra-filosofia","status":"publish","type":"page","link":"https:\/\/itftkd.sport\/es\/historia\/nuestra-filosofia\/","title":{"rendered":"Nuestra Filosof\u00eda"},"content":{"rendered":"\n<p>Muy a menudo, a nuestra filosof\u00eda se conoce y denomina como el \u00abDO\u00bb, o el \u00abCamino\u00bb. <\/p>\n\n\n\n<p>Esta filosof\u00eda establece que el aprendizaje pr\u00e1ctico del Taekwon-Do es de poco valor si se relega su lado espiritual. Mente y cuerpo resultan indivisibles, tanto que el GM Choi Hong Hi, creador del Taekwon-Do, puso especial \u00e9nfasis al unir la graf\u00eda del nombre de nuestro arte con un gui\u00f3n que representa a ambas partes, las cuales son esenciales para su desarrollo arm\u00f3nico y simult\u00e1neo.<\/p>\n\n\n\n<p>Ello equivale a decir que al tiempo que uno comienza a practicar la parte f\u00edsica con tenacidad y perseverancia \u2013aspecto que probablemente es el que m\u00e1s nos entusiasma\u2013, de igual manera se hace necesario comenzar a poner en pr\u00e1ctica y a ejercitar nuestros principios, no mediante una mera repetici\u00f3n verbal o como un h\u00e1bito de memoria, sino para adoptar un modo de vida capaz de armonizarnos con el poder que la pr\u00e1ctica del Taekwon-Do nos proporciona.<\/p>\n\n\n\n<div class=\"wp-block-image\"><figure class=\"alignright size-one-half\"><a href=\"https:\/\/itftkd.sport\/es\/wp-content\/uploads\/sites\/7\/2020\/09\/Our-Philosophy-GM-Ung-Lan.jpg\"><img loading=\"lazy\" decoding=\"async\" width=\"550\" height=\"413\" src=\"https:\/\/itftkd.sport\/es\/wp-content\/uploads\/sites\/7\/2020\/09\/Our-Philosophy-GM-Ung-Lan-550x413.jpg\" alt=\"Nuestra-Filosof\u00eda-GM-Ung-Lan\" class=\"wp-image-23496\" srcset=\"https:\/\/itftkd.sport\/es\/wp-content\/uploads\/sites\/7\/2020\/09\/Our-Philosophy-GM-Ung-Lan-550x413.jpg 550w, https:\/\/itftkd.sport\/es\/wp-content\/uploads\/sites\/7\/2020\/09\/Our-Philosophy-GM-Ung-Lan-350x263.jpg 350w, https:\/\/itftkd.sport\/es\/wp-content\/uploads\/sites\/7\/2020\/09\/Our-Philosophy-GM-Ung-Lan-260x195.jpg 260w\" sizes=\"auto, (max-width: 550px) 100vw, 550px\" \/><\/a><\/figure><\/div>\n\n\n\n<p>En palabras de nuestro fundador, la Cortes\u00eda (Ye Ui) se ubica como el m\u00e1s importante de estos principios, porque es una categor\u00eda que nos diferencia de los animales; s\u00f3lo el ser humano tiene la capacidad de mostrar cortes\u00eda y, si todos la mostramos, habr\u00eda menos conflictos sociales, ya que esos conflictos muchas veces se producen por falta de delicadeza y no por profundos desacuerdos sobre un tema.<\/p>\n\n\n\n<p>Fomentar la Integridad (Yom Chi) es esencial para elevar nuestra autoestima, valorando nuestra individualidad llegamos a respetarnos a nosotros mismos y entender que cualquier logro significativo requiere autoestima.<\/p>\n\n\n\n<p>La perseverancia es la cualidad que nos permitir\u00e1 alcanzar objetivos m\u00e1s all\u00e1 de nuestras habilidades innatas. La Naturaleza nos habr\u00e1 dotado con los mejores ingredientes, pero si no practicamos lo suficiente, a largo plazo ser\u00e1 derrotado por ese practicante que posee la tenacidad y la perseverancia necesaria para entrenar y entrenar sin descanso, y dominar a un rival m\u00e1s dotado.<\/p>\n\n\n\n<p>El autocontrol es uno de los principios esenciales en nuestra pr\u00e1ctica, porque canaliza la agresividad y nos ense\u00f1a c\u00f3mo hacer que el flujo de energ\u00eda sea de una&nbsp; manera positiva, evitando cualquier violencia gratuita que puede ser provocada por un exceso de energ\u00eda. Es fundamental para mantener un equilibrio entre la raz\u00f3n y la emoci\u00f3n, como una forma de adquirir la confianza en s\u00ed mismo es necesario cuando el momento exige a elegir un determinado curso de acci\u00f3n.<\/p>\n\n\n\n<p>Esp\u00edritu indomable significa precisamente poder reunir toda determinaci\u00f3n y coraje para una buena elecci\u00f3n en situaciones en las que debemos superar el miedo y es este esp\u00edritu salvaje que permite al practicante de Taekwon-Do a lograr sus metas, no importa qu\u00e9 inconvenientes u obst\u00e1culos puedan bloquear el camino y especialmente cuando la libertad y la justicia est\u00e1n en juego.<\/p>\n\n\n\n<p>Adem\u00e1s de los deberes del alumno, los cinco principios citados precedentemente son esenciales para nuestra filosof\u00eda. El primero afirma que uno debe \u201ccumplir con los principios del Taekwon-Do\u201d, seguido luego por \u201crespeto a los mayores y a los ancianos\u201d, que tal vez no est\u00e9 bien arraigado lo suficiente entre las generaciones m\u00e1s j\u00f3venes; este principio no es s\u00f3lo sobre el respeto a los que est\u00e1n m\u00e1s informados en nuestra clase de Taekwon-Do, sino m\u00e1s bien para ser amable y considerado en todo momento a las personas mayores, d\u00e1ndoles toda nuestra atenci\u00f3n y la consideraci\u00f3n que se merecen. Esto comienza en la relaci\u00f3n con nuestros hijos y nuestros alumnos, quienes fielmente seguir nuestro ejemplo.<\/p>\n\n\n\n<p>\u201cNo distorsione el nombre de Taekwon-Do. Aqu\u00ed hay una advertencia en contra de hacer un mal uso de nuestro conocimiento y nuestra pr\u00e1ctica de combate, impidiendo cualquier transformaci\u00f3n de este sistema de defensa en un sistema de ataque y evita cualquier obtenci\u00f3n de las cosas por la fuerza y el mal uso de nuestro arte. Una vez m\u00e1s, esto est\u00e1 relacionado con la necesidad de autocontrol como una forma de limitar la agresividad.<\/p>\n\n\n\n<p>\u201cSer un campe\u00f3n de la libertad y la justicia\u201d define la vida misma como el verdadero torneo y la elecci\u00f3n de valores, que el practicante abraza como su principal requisito, respetando la libertad y la aplicaci\u00f3n de su respeto, que debe ser defendido por una justicia justa.<\/p>\n\n\n\n<p>Ayudar a construir un mundo m\u00e1s pac\u00edfico es uno de los deberes que mejor sintetiza nuestra filosof\u00eda, ya que la aplicaci\u00f3n de lo que se ha se\u00f1alado anteriormente convierte al practicante de Taekwon-Do en un miembro m\u00e1s cualificado en su contribuci\u00f3n a la mejora efectiva de nuestra sociedad.<\/p>\n\n\n\n<p>La empat\u00eda es la actitud que consiste en saber c\u00f3mo volver a situarse en posici\u00f3n de nuestros compa\u00f1eros principiantes, especialmente cuando est\u00e1n sufriendo. Tal predisposici\u00f3n siempre traer\u00e1 hechos positivos, con tal de que no perdamos de vista que el mundo est\u00e1 poblado por todo tipo de criaturas, adem\u00e1s de nosotros.<\/p>\n\n\n\n<p>En paz con nuestra conciencia y nutriendo nuestro crecimiento espiritual, podemos confiar que las generaciones m\u00e1s j\u00f3venes se beneficiar\u00e1n de una evoluci\u00f3n social que se sumar\u00e1 a una vida m\u00e1s feliz y m\u00e1s satisfactoria.<\/p>\n\n\n\n<p>La clave para desarrollar las cualidades espirituales que mencionamos no es repetir simplemente las declaraciones de cada lecci\u00f3n, sino m\u00e1s bien la convicci\u00f3n en que ponemos en nuestras creencias y ser capaz de incorporar plenamente a nuestras vidas.<\/p>\n\n\n\n<p>La ITF posee un programa especial puesto en marcha en el pasadopor&nbsp; GM Tran Trieu Quan, que impulsa la ense\u00f1anza de estos valores, y este programa est\u00e1 disponible para todos los pa\u00edses miembros. La culminaci\u00f3n de este programa ha sido la responsabilidad del Dr. Janel Gauthier, que junto con los miembros de un comit\u00e9, el objetivo es entrenar por su matr\u00edcula. Juntos vamos a ser capaces de poner en pr\u00e1ctica, siempre estamos dispuestos a llevar a cabo un an\u00e1lisis profundo y sincero de nuestra propia conducta, que no es tarea f\u00e1cil en un mundo que a menudo favorece un enfoque m\u00e1s materialista.<\/p>\n\n\n\n<p><em>(Extracto de \u201cEl arte de Taekwon-Do ITF\u201d 2014).<\/em><\/p>\n","protected":false},"excerpt":{"rendered":"<p>Muy a menudo, a nuestra filosof\u00eda se conoce y denomina como el \u00abDO\u00bb, o el \u00abCamino\u00bb. Esta filosof\u00eda establece que el aprendizaje pr\u00e1ctico del Taekwon-Do es de poco valor si &hellip;<\/p>\n","protected":false},"author":4,"featured_media":0,"parent":6653,"menu_order":10,"comment_status":"open","ping_status":"closed","template":"","meta":{"_tec_requires_first_save":true,"_uag_custom_page_level_css":"","_genesis_hide_title":false,"_genesis_hide_breadcrumbs":false,"_genesis_hide_singular_image":false,"_genesis_hide_footer_widgets":false,"_genesis_custom_body_class":"","_genesis_custom_post_class":"","_genesis_layout":"md-content","_EventAllDay":false,"_EventTimezone":"","_EventStartDate":"","_EventEndDate":"","_EventStartDateUTC":"","_EventEndDateUTC":"","_EventShowMap":false,"_EventShowMapLink":false,"_EventURL":"","_EventCost":"","_EventCostDescription":"","_EventCurrencySymbol":"","_EventCurrencyCode":"","_EventCurrencyPosition":"","_EventDateTimeSeparator":"","_EventTimeRangeSeparator":"","_EventOrganizerID":[],"_EventVenueID":[0],"_OrganizerEmail":"","_OrganizerPhone":"","_OrganizerWebsite":"","_VenueAddress":"","_VenueCity":"","_VenueCountry":"","_VenueProvince":"","_VenueState":"","_VenueZip":"","_VenuePhone":"","_VenueURL":"","_VenueStateProvince":"","_VenueLat":"","_VenueLng":"","_VenueShowMap":false,"_VenueShowMapLink":false,"_tribe_blocks_recurrence_rules":"","_tribe_blocks_recurrence_description":"","_tribe_blocks_recurrence_exclusions":"","editor_notices":[],"footnotes":""},"class_list":["post-548","page","type-page","status-publish","entry","has-post-thumbnail"],"featured_image_src":null,"featured_image_src_square":null,"uagb_featured_image_src":{"full":false,"thumbnail":false,"medium":false,"medium_large":false,"large":false,"1536x1536":false,"2048x2048":false,"banner":false,"section":false,"full-width":false,"featured":false,"one-half":false,"one-third":false,"one-fourth":false,"tiny":false,"ab-block-post-grid-landscape":false,"ab-block-post-grid-square":false,"gform-image-choice-sm":false,"gform-image-choice-md":false,"gform-image-choice-lg":false},"uagb_author_info":{"display_name":"FABIAN ITF","author_link":"https:\/\/itftkd.sport\/es\/author\/fabian-itf\/"},"uagb_comment_info":0,"uagb_excerpt":"Muy a menudo, a nuestra filosof\u00eda se conoce y denomina como el \u00abDO\u00bb, o el \u00abCamino\u00bb. Esta filosof\u00eda establece que el aprendizaje pr\u00e1ctico del Taekwon-Do es de poco valor si &hellip;","_links":{"self":[{"href":"https:\/\/itftkd.sport\/es\/wp-json\/wp\/v2\/pages\/548","targetHints":{"allow":["GET"]}}],"collection":[{"href":"https:\/\/itftkd.sport\/es\/wp-json\/wp\/v2\/pages"}],"about":[{"href":"https:\/\/itftkd.sport\/es\/wp-json\/wp\/v2\/types\/page"}],"author":[{"embeddable":true,"href":"https:\/\/itftkd.sport\/es\/wp-json\/wp\/v2\/users\/4"}],"replies":[{"embeddable":true,"href":"https:\/\/itftkd.sport\/es\/wp-json\/wp\/v2\/comments?post=548"}],"version-history":[{"count":5,"href":"https:\/\/itftkd.sport\/es\/wp-json\/wp\/v2\/pages\/548\/revisions"}],"predecessor-version":[{"id":23511,"href":"https:\/\/itftkd.sport\/es\/wp-json\/wp\/v2\/pages\/548\/revisions\/23511"}],"up":[{"embeddable":true,"href":"https:\/\/itftkd.sport\/es\/wp-json\/wp\/v2\/pages\/6653"}],"wp:attachment":[{"href":"https:\/\/itftkd.sport\/es\/wp-json\/wp\/v2\/media?parent=548"}],"curies":[{"name":"wp","href":"https:\/\/api.w.org\/{rel}","templated":true}]}}