{"id":546,"date":"2014-11-04T08:28:55","date_gmt":"2014-11-04T07:28:55","guid":{"rendered":"http:\/\/www.taekwondoitf.org\/?page_id=546"},"modified":"2021-07-12T20:30:36","modified_gmt":"2021-07-12T18:30:36","slug":"nuestra-historia","status":"publish","type":"page","link":"https:\/\/itftkd.sport\/es\/historia\/nuestra-historia\/","title":{"rendered":"Nuestra Historia"},"content":{"rendered":"\n<p>T\u00e9cnicamente, 1955 se\u00f1al\u00f3 el comienzo del Taekwon-Do como un arte marcial formalmente reconocido en Corea. Durante ese a\u00f1o se form\u00f3 una junta especial que inclu\u00eda a pol\u00edticos electos, l\u00edderes militares y empresariales, historiadores, profesores de la Oh Do Kwan y Chung Do Kwan, y otros l\u00edderes prominentes de la sociedad. <\/p>\n\n\n\n<p>El General Choi Hong Hi convoc\u00f3 a la Junta cuando se dio cuenta de que necesitar\u00eda el apoyo a su iniciativa para nombrar al Arte Marcial Nacional de Corea.<\/p>\n\n\n\n<div class=\"wp-block-image\"><figure class=\"alignleft size-one-third is-resized\"><a href=\"https:\/\/itftkd.sport\/es\/wp-content\/uploads\/sites\/7\/2020\/03\/ITF-Foundation-Day-Demo-Memebrs.jpg\"><img decoding=\"async\" src=\"https:\/\/itftkd.sport\/wp-content\/uploads\/2020\/03\/ITF-Foundation-Day-Demo-Memebrs-350x263.jpg\" alt=\"ITF Foundation Day Demo Members\" class=\"wp-image-18437\" width=\"405\" srcset=\"https:\/\/itftkd.sport\/es\/wp-content\/uploads\/sites\/7\/2020\/03\/ITF-Foundation-Day-Demo-Memebrs-350x263.jpg 350w, https:\/\/itftkd.sport\/es\/wp-content\/uploads\/sites\/7\/2020\/03\/ITF-Foundation-Day-Demo-Memebrs-260x195.jpg 260w\" sizes=\"(max-width: 350px) 100vw, 350px\" \/><\/a><figcaption>Miembros del equipo de Demostraci\u00f3n.<br>D\u00eda de la Fundaci\u00f3n de la ITF. <\/figcaption><\/figure><\/div>\n\n\n\n<p>Durante ese per\u00edodo se realizaron muchos esfuerzos para restaurar y revitalizar el Orgullo Nacional de Corea, ya que su cultura hab\u00eda sufrido terriblemente durante la ocupaci\u00f3n colonial. <\/p>\n\n\n\n<p>Esta unidad fue influenciada por la pol\u00edtica presidencial que ve\u00eda mal abrazar preferencias japonesas. El General Choi sab\u00eda que necesitar\u00eda la eventual autorizaci\u00f3n del Presidente y percibi\u00f3 que lo lograr\u00eda con la ayuda de prestigiosos miembros de la sociedad.<\/p>\n\n\n\n<p>Finalmente la Junta aprob\u00f3 el nombre de Taekwon-Do, que present\u00f3. Este nombre \u00fanico de Taekwon-Do logr\u00f3 sustituir los t\u00e9rminos como Tang Soo Do, Gong Soo Do o Kwon Bup, que ten\u00edan sus ra\u00edces en artes extranjeras. <\/p>\n\n\n\n<p>El primer Presidente de la Rep\u00fablica de Corea, Dr. Seung-man Rhee, aprob\u00f3 el nombre como prueba de la caligraf\u00eda de Taekwon-Do que \u00e9l escribi\u00f3. De ah\u00ed que el 11 de abril de 1955 se ha convertido en la fecha de nacimiento oficial del Taekwon-Do.<\/p>\n\n\n\n<p>En 1959, el Taekwon-Do se extendi\u00f3 m\u00e1s all\u00e1 de sus fronteras nacionales. El padre del Taekwon-Do y diecinueve de sus principales cinturones negros partieron a una gira por el Lejano Oriente. La misma fue un gran \u00e9xito, asombrando a todos los espectadores con la excelencia de las t\u00e9cnicas del Taekwon-Do.<\/p>\n\n\n\n<p>En ese a\u00f1o, Choi fue elevado a dos puestos ilustres; Presidente de su reci\u00e9n formada Asociaci\u00f3n Coreana de Taekwon-Do y Comandante Adjunto del segundo Ej\u00e9rcito en Tae Gu. En 1965 el Embajador Choi, teniente general de dos estrellas retirado, fue nombrado por el Gobierno de la Rep\u00fablica de Corea para llevar una misi\u00f3n de buena voluntad a Alemania Occidental, Italia, Turqu\u00eda, Reino \u00c1rabe Unido, Malasia y Singapur. Este viaje fue significativo ya que el Embajador, por primera vez en la historia de Corea, declar\u00f3 al Taekwon-Do como el arte marcial nacional de Corea.<\/p>\n\n\n\n<p>Esta fue la base no s\u00f3lo para el establecimiento de Asociaciones de Taekwon-Do en aquellos pa\u00edses, sino tambi\u00e9n para la formaci\u00f3n de la Federaci\u00f3n Internacional de Taekwon-Do tal como se la conoce hoy en d\u00eda. En 1966, el sue\u00f1o del joven estudiante enfermizo de la caligraf\u00eda, que lleg\u00f3 a Embajador y a Presidente de la Asociaci\u00f3n del arte marcial m\u00e1s respetada en el mundo, se hizo realidad. El 22 de marzo, se form\u00f3 la Federaci\u00f3n Internacional de Taekwon-Do con las asociaciones en Vietnam, Malasia, Singapur, Alemania Occidental, los Estados Unidos, Turqu\u00eda, Italia, Rep\u00fablica \u00c1rabe de Egipto y Corea.<\/p>\n\n\n\n<p>Los valores filos\u00f3ficos y los objetivos de Taekwon-Do est\u00e1n firmemente arraigados en la tradicional cultura moral de Oriente. En el aspecto t\u00e9cnico, las t\u00e1cticas defensivas y ofensivas se basan en los principios de la f\u00edsica, en particular la Ley de Newton, que explica c\u00f3mo generar la m\u00e1xima fuerza al aumentar la velocidad y la masa durante la ejecuci\u00f3n de un movimiento.<\/p>\n\n\n\n<div class=\"wp-block-image\"><figure class=\"alignright size-medium\"><img loading=\"lazy\" decoding=\"async\" width=\"189\" height=\"300\" src=\"https:\/\/itftkd.sport\/wp-content\/uploads\/2020\/03\/1st-world-championships-of-taekwon-Do-189x300.jpg\" alt=\"1st world championships of Taekwon-Do\" class=\"wp-image-18439\"\/><\/figure><\/div>\n\n\n\n<p>Queriendo compartir los resultados de sus reflexiones filos\u00f3ficas y sus experimentos t\u00e9cnicos, el General Choi planific\u00f3 y escribi\u00f3 una obra de referencia \u00fanica, la Enciclopedia del Taekwon-Do. En sus quince vol\u00famenes, explic\u00f3 en detalladamente las normas y pr\u00e1cticas de este arte.<\/p>\n\n\n\n<p>Siempre buscando la excelencia, el General Choi present\u00f3 al Taekwon-Do como en un estado de continua evoluci\u00f3n, abierto a los cambios que mejorar\u00edan su eficacia. Escribi\u00f3 que \u201cCualquier persona que cree que ha cumplido plenamente con su deber pronto perecer\u00e1\u201d. Del mismo modo, cualquier empresa que considere que ha alcanzado sus objetivos es probable que pierda impulso, se estanque y muera.<\/p>\n\n\n\n<p>Desde el comienzo, el Taekwon-Do nunca ha dejado de evolucionar, impulsado por la fuerte voluntad y un mucho esfuerzo por su Fundador. Los l\u00edderes de la ITF hoy tambi\u00e9n reconocen la necesidad de evolucionar y ellos tienen la misma pasi\u00f3n por el futuro de la organizaci\u00f3n.<\/p>\n\n\n\n<div style=\"height:30px\" aria-hidden=\"true\" class=\"wp-block-spacer\"><\/div>\n\n\n\n<h3 class=\"wp-block-heading\">Fechas importantes en la historia de la ITF<\/h3>\n\n\n\n<div class=\"wp-block-kenzap-timeline-1 alignfull\" style=\"--paddings:0;--paddings2:0px;--timeLineColor:#dc6a00\"><div class=\"kenzap-timeline-1 kp-animate block-1625258774652 kenzap-lg  \" style=\"background-image:none;background-position:center center;padding:0px 0px;--paddings:0;--paddings2:0px;--timeLineColor:#dc6a00\"><div class=\"kenzap-container\" style=\"max-width:2000px;--maxWidth:2000  \"><div class=\"timeline\"><div class=\"timeline-content\"><div class=\"kenzap-row\"><div class=\"kenzap-col-6\"><div class=\"time\"><div style=\"font-size:20px;line-height:1.2 ;font-weight:500 ;margin-bottom:10px;--cl:#333333 ;color:#333333\">1955<\/div><\/div><\/div><div class=\"kenzap-col-6\"><div class=\"info\"><h3 style=\"font-size:18px;line-height:1.33 ;font-weight:500 ;margin-bottom:8px;--cl:#333333 ;color:#333333\">El Taekwon-Do es nombrado oficialmente.<\/h3><p style=\"font-size:14px;line-height:1.71 ;font-weight:400 ;--cl:#333333 ;color:#333333\"><\/p><\/div><\/div><\/div><\/div><div class=\"timeline-content\"><div class=\"kenzap-row\"><div class=\"kenzap-col-6\"><div class=\"info\"><h3 style=\"font-size:18px;line-height:1.33 ;font-weight:500 ;margin-bottom:8px;--cl:#333333 ;color:#333333\">22 de marzo &#8211; ITF fundada por el General Choi Hong Hi, el padre del Taekwon-Do.<\/h3><p style=\"font-size:14px;line-height:1.71 ;font-weight:400 ;--cl:#333333 ;color:#333333\"><\/p><\/div><\/div><div class=\"kenzap-col-6\"><div class=\"time\"><div style=\"font-size:20px;line-height:1.2 ;font-weight:500 ;margin-bottom:10px;--cl:#333333 ;color:#333333\">1966<\/div><\/div><\/div><\/div><\/div><div class=\"timeline-content\"><div class=\"kenzap-row\"><div class=\"kenzap-col-6\"><div class=\"time\"><div style=\"font-size:20px;line-height:1.2 ;font-weight:500 ;margin-bottom:10px;--cl:#333333 ;color:#333333\">1969<\/div><\/div><\/div><div class=\"kenzap-col-6\"><div class=\"info\"><h3 style=\"font-size:18px;line-height:1.33 ;font-weight:500 ;margin-bottom:8px;--cl:#333333 ;color:#333333\">Primer torneo Asi\u00e1tico.<\/h3><p style=\"font-size:14px;line-height:1.71 ;font-weight:400 ;--cl:#333333 ;color:#333333\">Hong Kong<\/p><\/div><\/div><\/div><\/div><div class=\"timeline-content\"><div class=\"kenzap-row\"><div class=\"kenzap-col-6\"><div class=\"info\"><h3 style=\"font-size:18px;line-height:1.33 ;font-weight:500 ;margin-bottom:8px;--cl:#333333 ;color:#333333\">La sede de la ITF se traslada a Toronto, Canad\u00e1.<\/h3><p style=\"font-size:14px;line-height:1.71 ;font-weight:400 ;--cl:#333333 ;color:#333333\"><\/p><\/div><\/div><div class=\"kenzap-col-6\"><div class=\"time\"><div style=\"font-size:20px;line-height:1.2 ;font-weight:500 ;margin-bottom:10px;--cl:#333333 ;color:#333333\">1972<\/div><\/div><\/div><\/div><\/div><div class=\"timeline-content\"><div class=\"kenzap-row\"><div class=\"kenzap-col-6\"><div class=\"time\"><div style=\"font-size:20px;line-height:1.2 ;font-weight:500 ;margin-bottom:10px;--cl:#333333 ;color:#333333\">1974<\/div><\/div><\/div><div class=\"kenzap-col-6\"><div class=\"info\"><h3 style=\"font-size:18px;line-height:1.33 ;font-weight:500 ;margin-bottom:8px;--cl:#333333 ;color:#333333\">Primer Campeonato del Mundo.<\/h3><p style=\"font-size:14px;line-height:1.71 ;font-weight:400 ;--cl:#333333 ;color:#333333\">Montreal, Canad\u00e1<\/p><\/div><\/div><\/div><\/div><div class=\"timeline-content\"><div class=\"kenzap-row\"><div class=\"kenzap-col-6\"><div class=\"info\"><h3 style=\"font-size:18px;line-height:1.33 ;font-weight:500 ;margin-bottom:8px;--cl:#333333 ;color:#333333\">Primer Campeonato de Europa.<\/h3><p style=\"font-size:14px;line-height:1.71 ;font-weight:400 ;--cl:#333333 ;color:#333333\">Rotterdam, Pa\u00edses Bajos<\/p><\/div><\/div><div class=\"kenzap-col-6\"><div class=\"time\"><div style=\"font-size:20px;line-height:1.2 ;font-weight:500 ;margin-bottom:10px;--cl:#333333 ;color:#333333\">1976<\/div><\/div><\/div><\/div><\/div><div class=\"timeline-content\"><div class=\"kenzap-row\"><div class=\"kenzap-col-6\"><div class=\"time\"><div style=\"font-size:20px;line-height:1.2 ;font-weight:500 ;margin-bottom:10px;--cl:#333333 ;color:#333333\">1979<\/div><\/div><\/div><div class=\"kenzap-col-6\"><div class=\"info\"><h3 style=\"font-size:18px;line-height:1.33 ;font-weight:500 ;margin-bottom:8px;--cl:#333333 ;color:#333333\">Primer Campeonato del Pac\u00edfico.<\/h3><p style=\"font-size:14px;line-height:1.71 ;font-weight:400 ;--cl:#333333 ;color:#333333\">Wellington, Nueva Zelanda<\/p><\/div><\/div><\/div><\/div><div class=\"timeline-content\"><div class=\"kenzap-row\"><div class=\"kenzap-col-6\"><div class=\"info\"><h3 style=\"font-size:18px;line-height:1.33 ;font-weight:500 ;margin-bottom:8px;--cl:#333333 ;color:#333333\">Se crea la Federaci\u00f3n de Taekwon-Do de toda Europa<\/h3><p style=\"font-size:14px;line-height:1.71 ;font-weight:400 ;--cl:#333333 ;color:#333333\"><\/p><\/div><\/div><div class=\"kenzap-col-6\"><div class=\"time\"><div style=\"font-size:20px;line-height:1.2 ;font-weight:500 ;margin-bottom:10px;--cl:#333333 ;color:#333333\">1979<\/div><\/div><\/div><\/div><\/div><div class=\"timeline-content\"><div class=\"kenzap-row\"><div class=\"kenzap-col-6\"><div class=\"time\"><div style=\"font-size:20px;line-height:1.2 ;font-weight:500 ;margin-bottom:10px;--cl:#333333 ;color:#333333\">1982<\/div><\/div><\/div><div class=\"kenzap-col-6\"><div class=\"info\"><h3 style=\"font-size:18px;line-height:1.33 ;font-weight:500 ;margin-bottom:8px;--cl:#333333 ;color:#333333\">Se crea la Federaci\u00f3n Norteamericana.<\/h3><p style=\"font-size:14px;line-height:1.71 ;font-weight:400 ;--cl:#333333 ;color:#333333\"><\/p><\/div><\/div><\/div><\/div><div class=\"timeline-content\"><div class=\"kenzap-row\"><div class=\"kenzap-col-6\"><div class=\"info\"><h3 style=\"font-size:18px;line-height:1.33 ;font-weight:500 ;margin-bottom:8px;--cl:#333333 ;color:#333333\">Se crea la Federaci\u00f3n Centroamericana.<\/h3><p style=\"font-size:14px;line-height:1.71 ;font-weight:400 ;--cl:#333333 ;color:#333333\"><\/p><\/div><\/div><div class=\"kenzap-col-6\"><div class=\"time\"><div style=\"font-size:20px;line-height:1.2 ;font-weight:500 ;margin-bottom:10px;--cl:#333333 ;color:#333333\">1983<\/div><\/div><\/div><\/div><\/div><div class=\"timeline-content\"><div class=\"kenzap-row\"><div class=\"kenzap-col-6\"><div class=\"time\"><div style=\"font-size:20px;line-height:1.2 ;font-weight:500 ;margin-bottom:10px;--cl:#333333 ;color:#333333\">1985<\/div><\/div><\/div><div class=\"kenzap-col-6\"><div class=\"info\"><h3 style=\"font-size:18px;line-height:1.33 ;font-weight:500 ;margin-bottom:8px;--cl:#333333 ;color:#333333\">La sede de la ITF se traslada a Viena, Austria.<\/h3><p style=\"font-size:14px;line-height:1.71 ;font-weight:400 ;--cl:#333333 ;color:#333333\"><\/p><\/div><\/div><\/div><\/div><div class=\"timeline-content\"><div class=\"kenzap-row\"><div class=\"kenzap-col-6\"><div class=\"info\"><h3 style=\"font-size:18px;line-height:1.33 ;font-weight:500 ;margin-bottom:8px;--cl:#333333 ;color:#333333\">15 de junio &#8211; Fallecimiento del General Choi Hong Hi.<\/h3><p style=\"font-size:14px;line-height:1.71 ;font-weight:400 ;--cl:#333333 ;color:#333333\">El Honorable Russell Maclellan se convirti\u00f3 en presidente interino.<\/p><\/div><\/div><div class=\"kenzap-col-6\"><div class=\"time\"><div style=\"font-size:20px;line-height:1.2 ;font-weight:500 ;margin-bottom:10px;--cl:#333333 ;color:#333333\">2002<\/div><\/div><\/div><\/div><\/div><div class=\"timeline-content\"><div class=\"kenzap-row\"><div class=\"kenzap-col-6\"><div class=\"time\"><div style=\"font-size:20px;line-height:1.2 ;font-weight:500 ;margin-bottom:10px;--cl:#333333 ;color:#333333\">2003<\/div><\/div><\/div><div class=\"kenzap-col-6\"><div class=\"info\"><h3 style=\"font-size:18px;line-height:1.33 ;font-weight:500 ;margin-bottom:8px;--cl:#333333 ;color:#333333\">13 de junio &#8211; elecci\u00f3n del Maestro Tr\u00e2n Tri\u0119u Qu\u00e2n como presidente de la ITF en el 14\u00ba Congreso de la ITF.<\/h3><p style=\"font-size:14px;line-height:1.71 ;font-weight:400 ;--cl:#333333 ;color:#333333\">Varsovia, Polonia<\/p><\/div><\/div><\/div><\/div><div class=\"timeline-content\"><div class=\"kenzap-row\"><div class=\"kenzap-col-6\"><div class=\"info\"><h3 style=\"font-size:18px;line-height:1.33 ;font-weight:500 ;margin-bottom:8px;--cl:#333333 ;color:#333333\">1 de junio &#8211; Reelecci\u00f3n del Maestro Tr\u00e2n Tri\u00eau Qu\u00e2n para un segundo mandato como Presidente de la ITF en el XVI Congreso de la ITF.<\/h3><p style=\"font-size:14px;line-height:1.71 ;font-weight:400 ;--cl:#333333 ;color:#333333\">Quebec, Canad\u00e1<\/p><\/div><\/div><div class=\"kenzap-col-6\"><div class=\"time\"><div style=\"font-size:20px;line-height:1.2 ;font-weight:500 ;margin-bottom:10px;--cl:#333333 ;color:#333333\">2007<\/div><\/div><\/div><\/div><\/div><div class=\"timeline-content\"><div class=\"kenzap-row\"><div class=\"kenzap-col-6\"><div class=\"time\"><div style=\"font-size:20px;line-height:1.2 ;font-weight:500 ;margin-bottom:10px;--cl:#333333 ;color:#333333\">2007<\/div><\/div><\/div><div class=\"kenzap-col-6\"><div class=\"info\"><h3 style=\"font-size:18px;line-height:1.33 ;font-weight:500 ;margin-bottom:8px;--cl:#333333 ;color:#333333\">30 de octubre, la ITF es registrada legalmente ante el Ministerio de Asuntos Internos en Madrid, Espa\u00f1a.<\/h3><p style=\"font-size:14px;line-height:1.71 ;font-weight:400 ;--cl:#333333 ;color:#333333\">Rec. Grupo 1 \/ Secc. 2 \/ n\u00famero 50813<\/p><\/div><\/div><\/div><\/div><div class=\"timeline-content\"><div class=\"kenzap-row\"><div class=\"kenzap-col-6\"><div class=\"info\"><h3 style=\"font-size:18px;line-height:1.33 ;font-weight:500 ;margin-bottom:8px;--cl:#333333 ;color:#333333\">Fallecimiento del Gran Maestro Tr\u00e2n Tri\u00eau Qu\u00e2n<br>El Gran Maestro Pablo Trajtenberg se convirti\u00f3 en presidente interino<\/h3><p style=\"font-size:14px;line-height:1.71 ;font-weight:400 ;--cl:#333333 ;color:#333333\"><\/p><\/div><\/div><div class=\"kenzap-col-6\"><div class=\"time\"><div style=\"font-size:20px;line-height:1.2 ;font-weight:500 ;margin-bottom:10px;--cl:#333333 ;color:#333333\">2010<\/div><\/div><\/div><\/div><\/div><div class=\"timeline-content\"><div class=\"kenzap-row\"><div class=\"kenzap-col-6\"><div class=\"time\"><div style=\"font-size:20px;line-height:1.2 ;font-weight:500 ;margin-bottom:10px;--cl:#333333 ;color:#333333\">2011<\/div><\/div><\/div><div class=\"kenzap-col-6\"><div class=\"info\"><h3 style=\"font-size:18px;line-height:1.33 ;font-weight:500 ;margin-bottom:8px;--cl:#333333 ;color:#333333\">Elecci\u00f3n del Gran Maestro Pablo Trajtenberg como Presidente de la ITF.<\/h3><p style=\"font-size:14px;line-height:1.71 ;font-weight:400 ;--cl:#333333 ;color:#333333\"><\/p><\/div><\/div><\/div><\/div><div class=\"timeline-content\"><div class=\"kenzap-row\"><div class=\"kenzap-col-6\"><div class=\"info\"><h3 style=\"font-size:18px;line-height:1.33 ;font-weight:500 ;margin-bottom:8px;--cl:#333333 ;color:#333333\">Reelecci\u00f3n en 2015 de Gran Maestro Pablo Trajtenberg como presidente de la ITF.<\/h3><p style=\"font-size:14px;line-height:1.71 ;font-weight:400 ;--cl:#333333 ;color:#333333\">Congreso en Jesolo<\/p><\/div><\/div><div class=\"kenzap-col-6\"><div class=\"time\"><div style=\"font-size:20px;line-height:1.2 ;font-weight:500 ;margin-bottom:10px;--cl:#333333 ;color:#333333\">2015<\/div><\/div><\/div><\/div><\/div><div class=\"timeline-content\"><div class=\"kenzap-row\"><div class=\"kenzap-col-6\"><div class=\"time\"><div style=\"font-size:20px;line-height:1.2 ;font-weight:500 ;margin-bottom:10px;--cl:#333333 ;color:#333333\">2019<\/div><\/div><\/div><div class=\"kenzap-col-6\"><div class=\"info\"><h3 style=\"font-size:18px;line-height:1.33 ;font-weight:500 ;margin-bottom:8px;--cl:#333333 ;color:#333333\">Elecci\u00f3n del Gran Maestro Paul Weiler como presidente de la ITF.<\/h3><p style=\"font-size:14px;line-height:1.71 ;font-weight:400 ;--cl:#333333 ;color:#333333\">Elegido en el Congreso de la ITF en Inzell, Alemania, el 28 de abril de 2019.<\/p><\/div><\/div><\/div><\/div><\/div><\/div><\/div><\/div>\n","protected":false},"excerpt":{"rendered":"<p>T\u00e9cnicamente, 1955 se\u00f1al\u00f3 el comienzo del Taekwon-Do como un arte marcial formalmente reconocido en Corea. Durante ese a\u00f1o se form\u00f3 una junta especial que inclu\u00eda a pol\u00edticos electos, l\u00edderes militares &hellip;<\/p>\n","protected":false},"author":4,"featured_media":0,"parent":6653,"menu_order":5,"comment_status":"open","ping_status":"closed","template":"","meta":{"_tec_requires_first_save":true,"_uag_custom_page_level_css":"","_genesis_hide_title":false,"_genesis_hide_breadcrumbs":false,"_genesis_hide_singular_image":false,"_genesis_hide_footer_widgets":false,"_genesis_custom_body_class":"","_genesis_custom_post_class":"","_genesis_layout":"md-content","_EventAllDay":false,"_EventTimezone":"","_EventStartDate":"","_EventEndDate":"","_EventStartDateUTC":"","_EventEndDateUTC":"","_EventShowMap":false,"_EventShowMapLink":false,"_EventURL":"","_EventCost":"","_EventCostDescription":"","_EventCurrencySymbol":"","_EventCurrencyCode":"","_EventCurrencyPosition":"","_EventDateTimeSeparator":"","_EventTimeRangeSeparator":"","_EventOrganizerID":[],"_EventVenueID":[0],"_OrganizerEmail":"","_OrganizerPhone":"","_OrganizerWebsite":"","_VenueAddress":"","_VenueCity":"","_VenueCountry":"","_VenueProvince":"","_VenueState":"","_VenueZip":"","_VenuePhone":"","_VenueURL":"","_VenueStateProvince":"","_VenueLat":"","_VenueLng":"","_VenueShowMap":false,"_VenueShowMapLink":false,"_tribe_blocks_recurrence_rules":"","_tribe_blocks_recurrence_description":"","_tribe_blocks_recurrence_exclusions":"","editor_notices":[],"footnotes":""},"class_list":["post-546","page","type-page","status-publish","entry","has-post-thumbnail"],"featured_image_src":null,"featured_image_src_square":null,"uagb_featured_image_src":{"full":false,"thumbnail":false,"medium":false,"medium_large":false,"large":false,"1536x1536":false,"2048x2048":false,"banner":false,"section":false,"full-width":false,"featured":false,"one-half":false,"one-third":false,"one-fourth":false,"tiny":false,"ab-block-post-grid-landscape":false,"ab-block-post-grid-square":false,"gform-image-choice-sm":false,"gform-image-choice-md":false,"gform-image-choice-lg":false},"uagb_author_info":{"display_name":"FABIAN ITF","author_link":"https:\/\/itftkd.sport\/es\/author\/fabian-itf\/"},"uagb_comment_info":0,"uagb_excerpt":"T\u00e9cnicamente, 1955 se\u00f1al\u00f3 el comienzo del Taekwon-Do como un arte marcial formalmente reconocido en Corea. Durante ese a\u00f1o se form\u00f3 una junta especial que inclu\u00eda a pol\u00edticos electos, l\u00edderes militares &hellip;","_links":{"self":[{"href":"https:\/\/itftkd.sport\/es\/wp-json\/wp\/v2\/pages\/546","targetHints":{"allow":["GET"]}}],"collection":[{"href":"https:\/\/itftkd.sport\/es\/wp-json\/wp\/v2\/pages"}],"about":[{"href":"https:\/\/itftkd.sport\/es\/wp-json\/wp\/v2\/types\/page"}],"author":[{"embeddable":true,"href":"https:\/\/itftkd.sport\/es\/wp-json\/wp\/v2\/users\/4"}],"replies":[{"embeddable":true,"href":"https:\/\/itftkd.sport\/es\/wp-json\/wp\/v2\/comments?post=546"}],"version-history":[{"count":5,"href":"https:\/\/itftkd.sport\/es\/wp-json\/wp\/v2\/pages\/546\/revisions"}],"predecessor-version":[{"id":25888,"href":"https:\/\/itftkd.sport\/es\/wp-json\/wp\/v2\/pages\/546\/revisions\/25888"}],"up":[{"embeddable":true,"href":"https:\/\/itftkd.sport\/es\/wp-json\/wp\/v2\/pages\/6653"}],"wp:attachment":[{"href":"https:\/\/itftkd.sport\/es\/wp-json\/wp\/v2\/media?parent=546"}],"curies":[{"name":"wp","href":"https:\/\/api.w.org\/{rel}","templated":true}]}}