{"id":4301,"date":"2015-06-15T07:28:19","date_gmt":"2015-06-15T05:28:19","guid":{"rendered":"http:\/\/www.taekwondoitf.org\/?page_id=4301"},"modified":"2020-09-06T15:28:38","modified_gmt":"2020-09-06T13:28:38","slug":"cinturon-negro-honorario","status":"publish","type":"page","link":"https:\/\/itftkd.sport\/es\/salon-de-la-fama\/cinturon-negro-honorario\/","title":{"rendered":"Cintur\u00f3n Negro Honorario"},"content":{"rendered":"\n<p>El prop\u00f3sito de otorgar cinturones negros honor\u00edficos es reconocer a aquellas personas que no son practicantes de Taekwon-Do y que, en opini\u00f3n del Comit\u00e9 de Revisi\u00f3n:<\/p>\n\n\n\n<ul class=\"wp-block-list\"><li>han hecho una contribuci\u00f3n significativa a la promoci\u00f3n o desarrollo del Taekwon-Do a nivel local, regional, nacional o internacional, o\u00a0<\/li><li>han prestado un servicio excepcional a una asociaci\u00f3n nacional o internacional de Taekwon-Do, o<\/li><li>han hecho una contribuci\u00f3n significativa a la realizaci\u00f3n de una actividad o evento de Taekwon-Do nacional o internacional importante, o<\/li><li>cuyo compromiso y empe\u00f1o persistente han mejorado significativamente el bienestar de la sociedad a nivel regional, nacional o internacional.\u00a0\u00a0\u00a0<\/li><\/ul>\n\n\n<div class=\"wpv-view-output\" data-toolset-views-view-editor=\"6c4a453eb024bbd4cdbb1f27012e01c0\">\n<div class=\"wp-block-toolset-views-view-editor\">\n\n\n<div id=\"wpv-view-layout-20602\" class=\"js-wpv-view-layout js-wpv-layout-responsive js-wpv-view-layout-20602\" data-viewnumber=\"20602\" data-pagination=\"{&quot;id&quot;:&quot;20602&quot;,&quot;query&quot;:&quot;normal&quot;,&quot;type&quot;:&quot;disabled&quot;,&quot;effect&quot;:&quot;fade&quot;,&quot;duration&quot;:500,&quot;speed&quot;:5,&quot;pause_on_hover&quot;:&quot;disabled&quot;,&quot;stop_rollover&quot;:&quot;false&quot;,&quot;cache_pages&quot;:&quot;enabled&quot;,&quot;preload_images&quot;:&quot;enabled&quot;,&quot;preload_pages&quot;:&quot;enabled&quot;,&quot;preload_reach&quot;:1,&quot;spinner&quot;:&quot;builtin&quot;,&quot;spinner_image&quot;:&quot;https:\/\/itftkd.sport\/wp-content\/plugins\/wp-views\/embedded\/res\/img\/ajax-loader.gif&quot;,&quot;callback_next&quot;:&quot;&quot;,&quot;manage_history&quot;:&quot;enabled&quot;,&quot;has_controls_in_form&quot;:&quot;disabled&quot;,&quot;infinite_tolerance&quot;:&quot;0&quot;,&quot;max_pages&quot;:0,&quot;page&quot;:1,&quot;base_permalink&quot;:&quot;\/es\/wp-json\/wp\/v2\/pages\/4301?wpv_view_count=20602&amp;wpv_paged=WPV_PAGE_NUM&quot;,&quot;loop&quot;:{&quot;type&quot;:&quot;&quot;,&quot;name&quot;:&quot;&quot;,&quot;data&quot;:[],&quot;id&quot;:0}}\" data-permalink=\"\/es\/wp-json\/wp\/v2\/pages\/4301?wpv_view_count=20602\">\n\n\t\n\t\n\t\n\t\t\n\t\t<div class=\"row \">\n\t\t\t<div class=\"col-md-4\">\n<div class=\"wp-block-image\"><figure class=\"tb-image tb-align-center aligncenter tb-image-dynamic\" data-toolset-blocks-image=\"0f2815ad93d1986aced542f2acf5c8e8\"><a href=\"https:\/\/itftkd.sport\/es\/itf-personalities\/mr-luis-baguena\/\"><img decoding=\"async\" width=\"150\" height=\"150\" loading=\"lazy\" src=\"https:\/\/itftkd.sport\/es\/wp-content\/uploads\/sites\/7\/2016\/03\/Luis-Baguena-150x150.jpg\" alt=\"Luis-Baguena-Honorary-Black-Belt\" class=\"wp-image-20936\" srcset=\"https:\/\/itftkd.sport\/es\/wp-content\/uploads\/sites\/7\/2016\/03\/Luis-Baguena-150x150.jpg 150w, https:\/\/itftkd.sport\/es\/wp-content\/uploads\/sites\/7\/2016\/03\/Luis-Baguena-80x80.jpg 80w\" sizes=\"auto, (max-width: 150px) 100vw, 150px\" \/><\/a><\/figure><\/div>\n\n\n\n<div class=\"tb-field tb-field--center\" data-toolset-blocks-field=\"69bd887056060c878cd8327e02daada2\"><a href=\"https:\/\/itftkd.sport\/es\/itf-personalities\/mr-luis-baguena\/\">Mr. Luis Baguena<\/a><\/div>\n<\/div>\n\t\t\n\t\t\n\t\t\t<div class=\"col-md-4\">\n<div class=\"wp-block-image\"><figure class=\"tb-image tb-align-center aligncenter tb-image-dynamic\" data-toolset-blocks-image=\"0f2815ad93d1986aced542f2acf5c8e8\"><a href=\"https:\/\/itftkd.sport\/es\/itf-personalities\/pope-francisco\/\"><img decoding=\"async\" width=\"150\" height=\"150\" loading=\"lazy\" src=\"https:\/\/itftkd.sport\/es\/wp-content\/uploads\/sites\/7\/2016\/03\/Papa-Francisco-150x150.jpg\" alt=\"Pope-Francisco-Honorary-Black-Belt\" class=\"wp-image-20937\" srcset=\"https:\/\/itftkd.sport\/es\/wp-content\/uploads\/sites\/7\/2016\/03\/Papa-Francisco-150x150.jpg 150w, https:\/\/itftkd.sport\/es\/wp-content\/uploads\/sites\/7\/2016\/03\/Papa-Francisco-80x80.jpg 80w\" sizes=\"auto, (max-width: 150px) 100vw, 150px\" \/><\/a><\/figure><\/div>\n\n\n\n<div class=\"tb-field tb-field--center\" data-toolset-blocks-field=\"69bd887056060c878cd8327e02daada2\"><a href=\"https:\/\/itftkd.sport\/es\/itf-personalities\/pope-francisco\/\">Pope Francisco<\/a><\/div>\n<\/div>\n\t\t\n\t\t\n\t\t\t<div class=\"col-md-4\">\n<div class=\"wp-block-image\"><figure class=\"tb-image tb-align-center aligncenter tb-image-dynamic\" data-toolset-blocks-image=\"0f2815ad93d1986aced542f2acf5c8e8\"><a href=\"https:\/\/itftkd.sport\/es\/itf-personalities\/mr-efraim-barak\/\"><img decoding=\"async\" width=\"150\" height=\"150\" loading=\"lazy\" src=\"https:\/\/itftkd.sport\/es\/wp-content\/uploads\/sites\/7\/2016\/03\/efraim-barak-1-150x150.jpg\" alt=\"Efraim-Barak-Honorary-Black-Belt\" class=\"wp-image-20935\" srcset=\"https:\/\/itftkd.sport\/es\/wp-content\/uploads\/sites\/7\/2016\/03\/efraim-barak-1-150x150.jpg 150w, https:\/\/itftkd.sport\/es\/wp-content\/uploads\/sites\/7\/2016\/03\/efraim-barak-1-80x80.jpg 80w\" sizes=\"auto, (max-width: 150px) 100vw, 150px\" \/><\/a><\/figure><\/div>\n\n\n\n<div class=\"tb-field tb-field--center\" data-toolset-blocks-field=\"69bd887056060c878cd8327e02daada2\"><a href=\"https:\/\/itftkd.sport\/es\/itf-personalities\/mr-efraim-barak\/\">Mr. Efraim Barak<\/a><\/div>\n<\/div>\n\t\t<\/div>\n\t\t\n\t\n\t\n\t\n<\/div>\n<\/div>\n<\/div>","protected":false},"excerpt":{"rendered":"<p>El prop\u00f3sito de otorgar cinturones negros honor\u00edficos es reconocer a aquellas personas que no son practicantes de Taekwon-Do y que, en opini\u00f3n del Comit\u00e9 de Revisi\u00f3n: han hecho una contribuci\u00f3n &hellip;<\/p>\n","protected":false},"author":4,"featured_media":0,"parent":6671,"menu_order":0,"comment_status":"closed","ping_status":"closed","template":"","meta":{"_tec_requires_first_save":true,"_uag_custom_page_level_css":"","_genesis_hide_title":false,"_genesis_hide_breadcrumbs":false,"_genesis_hide_singular_image":false,"_genesis_hide_footer_widgets":false,"_genesis_custom_body_class":"","_genesis_custom_post_class":"","_genesis_layout":"","_EventAllDay":false,"_EventTimezone":"","_EventStartDate":"","_EventEndDate":"","_EventStartDateUTC":"","_EventEndDateUTC":"","_EventShowMap":false,"_EventShowMapLink":false,"_EventURL":"","_EventCost":"","_EventCostDescription":"","_EventCurrencySymbol":"","_EventCurrencyCode":"","_EventCurrencyPosition":"","_EventDateTimeSeparator":"","_EventTimeRangeSeparator":"","_EventOrganizerID":[],"_EventVenueID":[0],"_OrganizerEmail":"","_OrganizerPhone":"","_OrganizerWebsite":"","_VenueAddress":"","_VenueCity":"","_VenueCountry":"","_VenueProvince":"","_VenueState":"","_VenueZip":"","_VenuePhone":"","_VenueURL":"","_VenueStateProvince":"","_VenueLat":"","_VenueLng":"","_VenueShowMap":false,"_VenueShowMapLink":false,"_tribe_blocks_recurrence_rules":"","_tribe_blocks_recurrence_description":"","_tribe_blocks_recurrence_exclusions":"","editor_notices":[],"footnotes":""},"class_list":["post-4301","page","type-page","status-publish","entry"],"featured_image_src":null,"featured_image_src_square":null,"uagb_featured_image_src":{"full":false,"thumbnail":false,"medium":false,"medium_large":false,"large":false,"1536x1536":false,"2048x2048":false,"banner":false,"section":false,"full-width":false,"featured":false,"one-half":false,"one-third":false,"one-fourth":false,"tiny":false,"ab-block-post-grid-landscape":false,"ab-block-post-grid-square":false,"gform-image-choice-sm":false,"gform-image-choice-md":false,"gform-image-choice-lg":false},"uagb_author_info":{"display_name":"FABIAN ITF","author_link":"https:\/\/itftkd.sport\/es\/author\/fabian-itf\/"},"uagb_comment_info":0,"uagb_excerpt":"El prop\u00f3sito de otorgar cinturones negros honor\u00edficos es reconocer a aquellas personas que no son practicantes de Taekwon-Do y que, en opini\u00f3n del Comit\u00e9 de Revisi\u00f3n: han hecho una contribuci\u00f3n &hellip;","_links":{"self":[{"href":"https:\/\/itftkd.sport\/es\/wp-json\/wp\/v2\/pages\/4301","targetHints":{"allow":["GET"]}}],"collection":[{"href":"https:\/\/itftkd.sport\/es\/wp-json\/wp\/v2\/pages"}],"about":[{"href":"https:\/\/itftkd.sport\/es\/wp-json\/wp\/v2\/types\/page"}],"author":[{"embeddable":true,"href":"https:\/\/itftkd.sport\/es\/wp-json\/wp\/v2\/users\/4"}],"replies":[{"embeddable":true,"href":"https:\/\/itftkd.sport\/es\/wp-json\/wp\/v2\/comments?post=4301"}],"version-history":[{"count":5,"href":"https:\/\/itftkd.sport\/es\/wp-json\/wp\/v2\/pages\/4301\/revisions"}],"predecessor-version":[{"id":23476,"href":"https:\/\/itftkd.sport\/es\/wp-json\/wp\/v2\/pages\/4301\/revisions\/23476"}],"up":[{"embeddable":true,"href":"https:\/\/itftkd.sport\/es\/wp-json\/wp\/v2\/pages\/6671"}],"wp:attachment":[{"href":"https:\/\/itftkd.sport\/es\/wp-json\/wp\/v2\/media?parent=4301"}],"curies":[{"name":"wp","href":"https:\/\/api.w.org\/{rel}","templated":true}]}}