{"id":389,"date":"2014-10-23T07:52:30","date_gmt":"2014-10-23T05:52:30","guid":{"rendered":"http:\/\/www.taekwondoitf.org\/?page_id=389"},"modified":"2020-10-04T02:31:41","modified_gmt":"2020-10-04T00:31:41","slug":"curso-internacional-de-kids","status":"publish","type":"page","link":"https:\/\/itftkd.sport\/es\/cursos\/curso-internacional-de-kids\/","title":{"rendered":"Curso Internacional de Kids"},"content":{"rendered":"\n<figure class=\"wp-block-image size-large\"><img loading=\"lazy\" decoding=\"async\" width=\"1024\" height=\"299\" src=\"https:\/\/itftkd.sport\/wp-content\/uploads\/2020\/04\/IKC-Banner-1024x299.jpg\" alt=\"\" class=\"wp-image-19847\" srcset=\"https:\/\/itftkd.sport\/es\/wp-content\/uploads\/sites\/7\/2020\/04\/IKC-Banner-1024x299.jpg 1024w, https:\/\/itftkd.sport\/es\/wp-content\/uploads\/sites\/7\/2020\/04\/IKC-Banner-300x87.jpg 300w, https:\/\/itftkd.sport\/es\/wp-content\/uploads\/sites\/7\/2020\/04\/IKC-Banner-768x224.jpg 768w\" sizes=\"auto, (max-width: 1024px) 100vw, 1024px\" \/><\/figure>\n\n\n\n<p>La ITF se enorgullece en presentar el Programa para el Desarrollo Infantil, que durante los \u00faltimos a\u00f1os ha sido desarrollado espec\u00edficamente para &nbsp;el beneficio de nuestros ni\u00f1os.<\/p>\n\n\n\n<p>El Taekwon-Do ITF siempre ha sido muy bien recibido por la familia en su conjunto y es reconocido por los beneficios que aporta en la mejora del comportamiento. En el presente el Taekwon-Do ITF es reconocido por los doctores y psic\u00f3logos alrededor del mundo. <\/p>\n\n\n\n<div class=\"wp-block-image\"><figure class=\"alignright size-medium\"><img loading=\"lazy\" decoding=\"async\" width=\"300\" height=\"225\" src=\"https:\/\/itftkd.sport\/wp-content\/uploads\/2020\/06\/Kids-line-1-31-300x225.jpg\" alt=\"IKC 1-31\" class=\"wp-image-21541\" srcset=\"https:\/\/itftkd.sport\/es\/wp-content\/uploads\/sites\/7\/2020\/06\/Kids-line-1-31-300x225.jpg 300w, https:\/\/itftkd.sport\/es\/wp-content\/uploads\/sites\/7\/2020\/06\/Kids-line-1-31-260x195.jpg 260w\" sizes=\"auto, (max-width: 300px) 100vw, 300px\" \/><\/figure><\/div>\n\n\n\n<p>Nuestro programa, dise\u00f1ado para ser interactivo con el hogar, llega a los m\u00e1s peque\u00f1os con una propuesta que va mucho m\u00e1s all\u00e1 de la ense\u00f1anza de un arte de defensa. Tambi\u00e9n es un aporte esencial para la formaci\u00f3n del ni\u00f1o, en una etapa de sus vidas en la que sus mentes y cuerpos se est\u00e1n desarrollando, absorbiendo informaci\u00f3n y aprendiendo, por lo tanto, es un momento ideal para ampliar sus habilidades y posibilidades de \u00e9xito en su futura vida como adultos. <\/p>\n\n\n\n<p>Este programa tiene como objetivo ampliar el horizonte del ni\u00f1o, facilitando un desarrollo temprano de valores que le ayuden a triunfar en aspectos tales como la organizaci\u00f3n, el liderazgo y el trabajo en equipo.<\/p>\n\n\n\n<p>Vivimos en un mundo de creciente agresividad, el riesgo de los extra\u00f1os, bullying y donde otros tipos de peligros parecen estar a la vuelta de la esquina. &nbsp;La habilidad de percibirlos y reconocerlos a ellos para enfrentarlos, o simplemente de alejarse de ellos, puede ser crucial en un momento dado de la vida.<\/p>\n\n\n\n<p>La ITF presenta este programa como un recurso para mejorar nuestra sociedad, para ayudarnos a entendernos m\u00e1s all\u00e1 de la nacionalidad, etnia, g\u00e9nero, religi\u00f3n y\/o cualquier otra diferencia. En nuestra forma de pensar, y la esencia de este cambio debe necesariamente involucrar a los ni\u00f1os, en la creencia de que se debe lograr la armon\u00eda tanto en cuerpo como en mente, entrenando ambos simult\u00e1neamente.<\/p>\n\n\n\n<p>Es un gran placer para m\u00ed felicitar al excelente equipo que demostr\u00f3 ser tan capaz de dar forma a este programa y que trabaj\u00f3 tan generosamente en beneficio de la comunidad de la ITF.<\/p>\n\n\n\n<p>Gran Maestro Pablo Trajtenberg<\/p>\n\n\n\n<p>Ex-Presidente<\/p>\n\n\n\n<h2 class=\"wp-block-heading\">Notas para Padres\/Tutores.<\/h2>\n\n\n\n<p>El Programa para el Desarrollo Infantil ha sido elaborado por la ITF como un medio para ense\u00f1ar Taekwon-Do a ni\u00f1os de 4 a 7 a\u00f1os, pero puede adaptarse para incluir a ni\u00f1os de 3 a\u00f1os. Sin embargo, el contenido de este programa ser\u00eda beneficioso para cualquier persona de cualquier edad.<\/p>\n\n\n\n<p>El Taekwon-Do es un arte coreano de defensa personal, un arte marcial moderno y eficaz basado en pautas claras de \u00e9tica y moral. El Taekwon-Do es una actividad ideal para los ni\u00f1os que utiliza todo el cuerpo e incorpora movimientos naturales.<\/p>\n\n\n\n<p>El Programa de Taekwon-Do va m\u00e1s all\u00e1 de la defensa personal para ense\u00f1ar protecci\u00f3n personal, importantes habilidades para la vida y la formaci\u00f3n del car\u00e1cter. La principal preocupaci\u00f3n de todos los padres es la seguridad de sus hijos, as\u00ed que hemos incluido en profundidad, m\u00f3dulos orientados a la seguridad que se centran en temas como el trato con extra\u00f1os y agresores.<\/p>\n\n\n\n<p>Su hijo est\u00e1 en una edad crucial cuando reci\u00e9n est\u00e1 ingresando a la sociedad y es impresionable. Nuestro programa inculca buenas actitudes, cultura moral y confianza, brind\u00e1ndole a su hijo un gran comienzo en la vida.<\/p>\n\n\n\n<p>Nuestro programa tiene un amplio rango de beneficios para su hijo, que incluyen:<\/p>\n\n\n\n<ul class=\"wp-block-list\"><li>Confianza<\/li><li>Respeto<\/li><li>Disciplina<\/li><li>Conciencia<\/li><li>Concentraci\u00f3n<\/li><li>Canalizar la agresi\u00f3n<\/li><li>Equilibrio<\/li><li>Coordinaci\u00f3n<\/li><li>Velocidad<\/li><li>Reacciones<\/li><li>Estado f\u00edsico<\/li><li>Salud<\/li><\/ul>\n\n\n<style>.wp-block-kadence-advancedgallery .kb-gallery-type-masonry.kb-gallery-id-_d295d4-6e{margin:-5px;}.kb-gallery-type-masonry.kb-gallery-id-_d295d4-6e .kadence-blocks-gallery-item{padding:5px;}.kb-gallery-id-_d295d4-6e .kadence-blocks-gallery-item .kb-gal-image-radius, .kb-gallery-id-_d295d4-6e .kb-slide-item .kb-gal-image-radius img{border-radius:0px 0px 0px 0px;;}<\/style><div class=\"kb-gallery-wrap-id-_d295d4-6e alignnone wp-block-kadence-advancedgallery\"><ul class=\"kb-gallery-ul kb-gallery-non-static kb-gallery-type-masonry kb-masonry-init kb-gallery-id-_d295d4-6e kb-gallery-caption-style-bottom-hover kb-gallery-filter-none\" data-image-filter=\"none\" data-item-selector=\".kadence-blocks-gallery-item\" data-lightbox-caption=\"true\" data-columns-xxl=\"3\" data-columns-xl=\"3\" data-columns-md=\"3\" data-columns-sm=\"2\" data-columns-xs=\"1\" data-columns-ss=\"1\"><li class=\"kadence-blocks-gallery-item\" tabindex=\"0\"><div class=\"kadence-blocks-gallery-item-inner\"><figure class=\"kb-gallery-figure kadence-blocks-gallery-item-hide-caption\"><div class=\"kb-gal-image-radius\"><div class=\"kb-gallery-image-contain\" ><img loading=\"lazy\" decoding=\"async\" width=\"960\" height=\"720\" src=\"https:\/\/itftkd.sport\/wp-content\/uploads\/2020\/06\/Kids-line-1-23.jpg\"   alt=\"IKC-Kids-Courses\" data-full-image=\"https:\/\/itftkd.sport\/wp-content\/uploads\/2020\/06\/Kids-line-1-23.jpg\" data-light-image=\"https:\/\/itftkd.sport\/wp-content\/uploads\/2020\/06\/Kids-line-1-23.jpg\" data-id=\"21543\" class=\"wp-image-21543\" srcset=\"https:\/\/itftkd.sport\/es\/wp-content\/uploads\/sites\/7\/2020\/06\/Kids-line-1-23.jpg 960w, https:\/\/itftkd.sport\/es\/wp-content\/uploads\/sites\/7\/2020\/06\/Kids-line-1-23-300x225.jpg 300w, https:\/\/itftkd.sport\/es\/wp-content\/uploads\/sites\/7\/2020\/06\/Kids-line-1-23-768x576.jpg 768w, https:\/\/itftkd.sport\/es\/wp-content\/uploads\/sites\/7\/2020\/06\/Kids-line-1-23-800x600.jpg 800w, https:\/\/itftkd.sport\/es\/wp-content\/uploads\/sites\/7\/2020\/06\/Kids-line-1-23-550x413.jpg 550w, https:\/\/itftkd.sport\/es\/wp-content\/uploads\/sites\/7\/2020\/06\/Kids-line-1-23-350x263.jpg 350w, https:\/\/itftkd.sport\/es\/wp-content\/uploads\/sites\/7\/2020\/06\/Kids-line-1-23-260x195.jpg 260w\" sizes=\"auto, (max-width: 960px) 100vw, 960px\" \/><\/div><\/div><\/figure><\/div><\/li><li class=\"kadence-blocks-gallery-item\" tabindex=\"0\"><div class=\"kadence-blocks-gallery-item-inner\"><figure class=\"kb-gallery-figure kadence-blocks-gallery-item-hide-caption\"><div class=\"kb-gal-image-radius\" style=\"max-width:1024px;\"><div class=\"kb-gallery-image-contain kadence-blocks-gallery-intrinsic\" style=\"padding-bottom:66%;\"><img loading=\"lazy\" decoding=\"async\" src=\"https:\/\/itftkd.sport\/wp-content\/uploads\/2020\/03\/TKD-Kids-event-2-300x200-1024x682.jpg\" width=\"1024\" height=\"682\" alt=\"IKC-Kids-Courses\" data-full-image=\"https:\/\/itftkd.sport\/wp-content\/uploads\/2020\/03\/TKD-Kids-event-2-300x200.jpg\" data-light-image=\"https:\/\/itftkd.sport\/wp-content\/uploads\/2020\/03\/TKD-Kids-event-2-300x200.jpg\" data-id=\"16079\" class=\"wp-image-16079\" srcset=\"https:\/\/itftkd.sport\/es\/wp-content\/uploads\/sites\/7\/2020\/03\/TKD-Kids-event-2-300x200-1024x682.jpg 1024w, https:\/\/itftkd.sport\/es\/wp-content\/uploads\/sites\/7\/2020\/03\/TKD-Kids-event-2-300x200.jpg 300w, https:\/\/itftkd.sport\/es\/wp-content\/uploads\/sites\/7\/2020\/03\/TKD-Kids-event-2-300x200-600x400.jpg 600w\" sizes=\"auto, (max-width: 1024px) 100vw, 1024px\" \/><\/div><\/div><\/figure><\/div><\/li><li class=\"kadence-blocks-gallery-item\" tabindex=\"0\"><div class=\"kadence-blocks-gallery-item-inner\"><figure class=\"kb-gallery-figure kadence-blocks-gallery-item-hide-caption\"><div class=\"kb-gal-image-radius\" style=\"max-width:1024px;\"><div class=\"kb-gallery-image-contain kadence-blocks-gallery-intrinsic\" style=\"padding-bottom:57%;\"><img loading=\"lazy\" decoding=\"async\" src=\"https:\/\/itftkd.sport\/wp-content\/uploads\/2020\/03\/Kids-supporters-1024x584-1024x584.jpg\" width=\"1024\" height=\"584\" alt=\"IKC-Kids-Courses\" data-full-image=\"https:\/\/itftkd.sport\/wp-content\/uploads\/2020\/03\/Kids-supporters-1024x584.jpg\" data-light-image=\"https:\/\/itftkd.sport\/wp-content\/uploads\/2020\/03\/Kids-supporters-1024x584.jpg\" data-id=\"15458\" class=\"wp-image-15458\" srcset=\"https:\/\/itftkd.sport\/es\/wp-content\/uploads\/sites\/7\/2020\/03\/Kids-supporters-1024x584.jpg 1024w, https:\/\/itftkd.sport\/es\/wp-content\/uploads\/sites\/7\/2020\/03\/Kids-supporters-1024x584-300x171.jpg 300w, https:\/\/itftkd.sport\/es\/wp-content\/uploads\/sites\/7\/2020\/03\/Kids-supporters-1024x584-768x438.jpg 768w\" sizes=\"auto, (max-width: 1024px) 100vw, 1024px\" \/><\/div><\/div><\/figure><\/div><\/li><\/ul><\/div>","protected":false},"excerpt":{"rendered":"<p>La ITF se enorgullece en presentar el Programa para el Desarrollo Infantil, que durante los \u00faltimos a\u00f1os ha sido desarrollado espec\u00edficamente para &nbsp;el beneficio de nuestros ni\u00f1os. El Taekwon-Do ITF &hellip;<\/p>\n","protected":false},"author":10,"featured_media":0,"parent":379,"menu_order":4,"comment_status":"open","ping_status":"closed","template":"","meta":{"_tec_requires_first_save":true,"_uag_custom_page_level_css":"","_genesis_hide_title":false,"_genesis_hide_breadcrumbs":false,"_genesis_hide_singular_image":false,"_genesis_hide_footer_widgets":false,"_genesis_custom_body_class":"","_genesis_custom_post_class":"","_genesis_layout":"md-content","_EventAllDay":false,"_EventTimezone":"","_EventStartDate":"","_EventEndDate":"","_EventStartDateUTC":"","_EventEndDateUTC":"","_EventShowMap":false,"_EventShowMapLink":false,"_EventURL":"","_EventCost":"","_EventCostDescription":"","_EventCurrencySymbol":"","_EventCurrencyCode":"","_EventCurrencyPosition":"","_EventDateTimeSeparator":"","_EventTimeRangeSeparator":"","_EventOrganizerID":[],"_EventVenueID":[0],"_OrganizerEmail":"","_OrganizerPhone":"","_OrganizerWebsite":"","_VenueAddress":"","_VenueCity":"","_VenueCountry":"","_VenueProvince":"","_VenueState":"","_VenueZip":"","_VenuePhone":"","_VenueURL":"","_VenueStateProvince":"","_VenueLat":"","_VenueLng":"","_VenueShowMap":false,"_VenueShowMapLink":false,"_tribe_blocks_recurrence_rules":"","_tribe_blocks_recurrence_description":"","_tribe_blocks_recurrence_exclusions":"","editor_notices":[],"footnotes":""},"class_list":["post-389","page","type-page","status-publish","entry","has-post-thumbnail"],"featured_image_src":null,"featured_image_src_square":null,"uagb_featured_image_src":{"full":false,"thumbnail":false,"medium":false,"medium_large":false,"large":false,"1536x1536":false,"2048x2048":false,"banner":false,"section":false,"full-width":false,"featured":false,"one-half":false,"one-third":false,"one-fourth":false,"tiny":false,"ab-block-post-grid-landscape":false,"ab-block-post-grid-square":false,"gform-image-choice-sm":false,"gform-image-choice-md":false,"gform-image-choice-lg":false},"uagb_author_info":{"display_name":"ivan","author_link":"https:\/\/itftkd.sport\/es\/author\/ivan\/"},"uagb_comment_info":0,"uagb_excerpt":"La ITF se enorgullece en presentar el Programa para el Desarrollo Infantil, que durante los \u00faltimos a\u00f1os ha sido desarrollado espec\u00edficamente para &nbsp;el beneficio de nuestros ni\u00f1os. El Taekwon-Do ITF &hellip;","_links":{"self":[{"href":"https:\/\/itftkd.sport\/es\/wp-json\/wp\/v2\/pages\/389","targetHints":{"allow":["GET"]}}],"collection":[{"href":"https:\/\/itftkd.sport\/es\/wp-json\/wp\/v2\/pages"}],"about":[{"href":"https:\/\/itftkd.sport\/es\/wp-json\/wp\/v2\/types\/page"}],"author":[{"embeddable":true,"href":"https:\/\/itftkd.sport\/es\/wp-json\/wp\/v2\/users\/10"}],"replies":[{"embeddable":true,"href":"https:\/\/itftkd.sport\/es\/wp-json\/wp\/v2\/comments?post=389"}],"version-history":[{"count":5,"href":"https:\/\/itftkd.sport\/es\/wp-json\/wp\/v2\/pages\/389\/revisions"}],"predecessor-version":[{"id":23858,"href":"https:\/\/itftkd.sport\/es\/wp-json\/wp\/v2\/pages\/389\/revisions\/23858"}],"up":[{"embeddable":true,"href":"https:\/\/itftkd.sport\/es\/wp-json\/wp\/v2\/pages\/379"}],"wp:attachment":[{"href":"https:\/\/itftkd.sport\/es\/wp-json\/wp\/v2\/media?parent=389"}],"curies":[{"name":"wp","href":"https:\/\/api.w.org\/{rel}","templated":true}]}}