{"id":377,"date":"2014-10-23T07:47:38","date_gmt":"2014-10-23T07:47:38","guid":{"rendered":"http:\/\/www.taekwondoitf.org\/?page_id=377"},"modified":"2024-08-20T01:32:08","modified_gmt":"2024-08-19T23:32:08","slug":"anti-doping","status":"publish","type":"page","link":"https:\/\/itftkd.sport\/es\/anti-doping\/","title":{"rendered":"Anti-Doping"},"content":{"rendered":"\n<div class=\"wp-block-columns is-layout-flex wp-container-core-columns-is-layout-9d6595d7 wp-block-columns-is-layout-flex\">\n<div class=\"wp-block-column is-layout-flow wp-block-column-is-layout-flow\"><div class=\"wp-block-image is-resized\">\n<figure class=\"aligncenter size-large\"><img loading=\"lazy\" decoding=\"async\" width=\"216\" height=\"108\" src=\"https:\/\/itftkd.sport\/es\/wp-content\/uploads\/sites\/7\/2020\/08\/AMA-Espanol.png\" alt=\"\" class=\"wp-image-23144\" \/><\/figure>\n<\/div><\/div>\n\n\n\n<div class=\"wp-block-column is-layout-flow wp-block-column-is-layout-flow\"><div class=\"wp-block-image is-resized\">\n<figure class=\"aligncenter size-large\"><img loading=\"lazy\" decoding=\"async\" width=\"571\" height=\"216\" src=\"https:\/\/itftkd.sport\/es\/wp-content\/uploads\/sites\/7\/2020\/08\/AMA-mision.png\" alt=\"\" class=\"wp-image-23147\" srcset=\"https:\/\/itftkd.sport\/es\/wp-content\/uploads\/sites\/7\/2020\/08\/AMA-mision.png 571w, https:\/\/itftkd.sport\/es\/wp-content\/uploads\/sites\/7\/2020\/08\/AMA-mision-300x113.png 300w\" sizes=\"auto, (max-width: 571px) 100vw, 571px\" \/><\/figure>\n<\/div><\/div>\n<\/div>\n\n\n\n<p>La ITF, a trav\u00e9s del Comit\u00e9 M\u00e9dico y Antidopaje, trabaja para ayudar y educar a la comunidad de la ITF, tanto a las Asociaciones Nacionales como a los instructores, en la estandarizaci\u00f3n de las pr\u00e1cticas m\u00e9dicas y de antidopaje. <\/p>\n\n\n\n<p>Su objetivo es proteger el esp\u00edritu del Taekwon-Do de ser socavado por el dopaje, y establecer un entorno que influya en el comportamiento libre de dopaje entre todos los participantes. Mientras que un programa exhaustivo de control integral juega un papel fundamental como medida disuasoria y preventiva contra el dopaje.<\/p>\n\n\n\n<p>La ITF reconoce que tiene el deber de apoyar a sus Asociaciones Nacionales para proporcionar a los atletas, entrenadores, jueces, \u00e1rbitros y otros miembros involucrados, la informaci\u00f3n y el asesoramiento t\u00e9cnico que necesitan para tomar decisiones informadas y responsables de conformidad con las normas antidopaje de la ITF y las regulaciones de la AMA.<\/p>\n\n\n\n<p>Encuentre las regulaciones antidopaje de la ITF de Taekwon-Do en el enlace debajo:  <\/p>\n\n\n\n<div class=\"wp-block-file\"><a id=\"wp-block-file--media-ec8fea2b-2b2d-460e-8e57-6dc119b64323\" href=\"https:\/\/itftkd.sport\/es\/wp-content\/uploads\/sites\/7\/2022\/03\/ITF-Anti-Doping-Rules-2021-ESP.pdf\" target=\"_blank\" rel=\"noreferrer noopener\">Reglas-Anti-Doping-2021<\/a><a href=\"https:\/\/itftkd.sport\/es\/wp-content\/uploads\/sites\/7\/2022\/03\/ITF-Anti-Doping-Rules-2021-ESP.pdf\" class=\"wp-block-file__button wp-element-button\" download aria-describedby=\"wp-block-file--media-ec8fea2b-2b2d-460e-8e57-6dc119b64323\">Descarga<\/a><\/div>\n\n\n\n<div style=\"color:#ddd\" class=\"wp-block-atomic-blocks-ab-spacer ab-block-spacer ab-divider-solid ab-divider-size-1\"><hr style=\"height:32px\" \/><\/div>\n\n\n\n<hr class=\"wp-block-separator has-text-color has-central-palette-3-color has-css-opacity has-central-palette-3-background-color has-background is-style-default\" \/>\n\n\n\n<h2 class=\"wp-block-heading\">Lista de prohibiciones<\/h2>\n\n\n\n<p>La lista de prohibiciones identifica las sustancias y m\u00e9todos prohibidos dentro y fuera de la competici\u00f3n, y en particular los deportes. Las sustancias y los m\u00e9todos se clasifican por categor\u00edas (por ejemplo: esteroides, estimulantes, agentes enmascarantes, etc.). La lista se actualiza anualmente tras un extenso proceso de consulta  y facilitada por la AMA.<\/p>\n\n\n\n<p>Es responsabilidad de cada atleta asegurarse de que ninguna sustancia prohibida entre en su cuerpo y que no se utilice ning\u00fan m\u00e9todo prohibido.<\/p>\n\n\n<div class=\"wp-block-image\">\n<figure class=\"alignleft size-large\"><img loading=\"lazy\" decoding=\"async\" width=\"216\" height=\"108\" src=\"https:\/\/itftkd.sport\/es\/wp-content\/uploads\/sites\/7\/2020\/08\/AMA-Espanol.png\" alt=\"\" class=\"wp-image-23144\" \/><\/figure>\n<\/div>\n\n\n<p><a href=\"https:\/\/www.wada-ama.org\/en\/resources\/science-medicine\/prohibited-list-documents\" target=\"_blank\" aria-label=\" (opens in a new tab)\" rel=\"noreferrer noopener\" class=\"ek-link\">WADA official page of prohibited list<\/a><\/p>\n\n\n\n<p><a href=\"https:\/\/www.wada-ama.org\/sites\/default\/files\/wada_2020_english_prohibited_list_0.pdf\" target=\"_blank\" aria-label=\" (opens in a new tab)\" rel=\"noreferrer noopener\" class=\"ek-link\">WADA 2020 prohibited list<\/a><\/p>\n\n\n\n<p><a href=\"https:\/\/www.wada-ama.org\/sites\/default\/files\/resources\/files\/wada_2020_english_monitoring_program_.pdf\" target=\"_blank\" aria-label=\" (opens in a new tab)\" rel=\"noreferrer noopener\" class=\"ek-link\">WADA 2020 prohibited list monitoring program<\/a><\/p>\n\n\n\n<p><a href=\"https:\/\/www.wada-ama.org\/sites\/default\/files\/wada_2020_english_summary_of_modifications_.pdf\" target=\"_blank\" aria-label=\" (opens in a new tab)\" rel=\"noreferrer noopener\" class=\"ek-link\">WADA 2020 summary of modifications<\/a><\/p>\n\n\n\n<p>Antes de tomar cualquier medicamento, por favor aseg\u00farese de consultar con su m\u00e9dico que prescribe, que no contenga una sustancia prohibida.<\/p>\n\n\n\n<div style=\"color:#ddd\" class=\"wp-block-atomic-blocks-ab-spacer ab-block-spacer ab-divider-solid ab-divider-size-1\"><hr style=\"height:32px\" \/><\/div>\n\n\n\n<hr class=\"wp-block-separator has-text-color has-central-palette-3-color has-css-opacity has-central-palette-3-background-color has-background\" \/>\n\n\n\n<h2 class=\"wp-block-heading\"><strong>Control de medicaci\u00f3n<\/strong><\/h2>\n\n\n<div class=\"wp-block-image is-resized\">\n<figure class=\"alignleft size-large\"><img loading=\"lazy\" decoding=\"async\" width=\"233\" height=\"191\" src=\"https:\/\/itftkd.sport\/wp-content\/uploads\/2020\/07\/Global-dro-logo.png\" alt=\"\" class=\"wp-image-22106\" \/><\/figure>\n<\/div>\n\n\n<p>En caso de que usted o su atleta est\u00e9n tomando medicamentos, por favor verifique si su medicamento esta permitido por su agencia nacional de antidopaje (NADA).<\/p>\n\n\n\n<p><a href=\"https:\/\/www.globaldro.com\/Home\">https:\/\/www.globaldro.com\/Home<\/a><\/p>\n\n\n\n<p>El control de medicamento tambi\u00e9n est\u00e1 disponible en una aplicaci\u00f3n para Android e iOS.<\/p>\n\n\n\n<div style=\"color:#ddd\" class=\"wp-block-atomic-blocks-ab-spacer ab-block-spacer ab-divider-solid ab-divider-size-1\"><hr style=\"height:30px\" \/><\/div>\n\n\n\n<hr class=\"wp-block-separator has-text-color has-central-palette-3-color has-css-opacity has-central-palette-3-background-color has-background\" \/>\n\n\n\n<h2 class=\"wp-block-heading\"><strong>Exenci\u00f3n por uso terap\u00e9utico (EUT)<\/strong><\/h2>\n\n\n<div class=\"wp-block-image\">\n<figure class=\"alignleft size-large\"><img loading=\"lazy\" decoding=\"async\" width=\"216\" height=\"108\" src=\"https:\/\/itftkd.sport\/es\/wp-content\/uploads\/sites\/7\/2020\/08\/AMA-Espanol.png\" alt=\"\" class=\"wp-image-23144\" \/><\/figure>\n<\/div>\n\n\n<p>En caso de que usted o su atleta est\u00e9n tomando una sustancia prohibida por razones m\u00e9dicas, el atleta necesita una Exenci\u00f3n de Uso Terap\u00e9utico (AUT) v\u00e1lida.<\/p>\n\n\n\n<p>Para la solicitarla por favor, p\u00f3ngase en contacto con nuestro Comit\u00e9 M\u00e9dico y Antidopaje (<a href=\"mailto:antidoping@itftkd.sport\" class=\"ek-link\">antidoping@itftkd.sport<\/a>).<\/p>\n\n\n\n<div style=\"color:#ddd\" class=\"wp-block-atomic-blocks-ab-spacer ab-block-spacer ab-divider-solid ab-divider-size-1\"><hr style=\"height:30px\" \/><\/div>\n\n\n\n<hr class=\"wp-block-separator has-text-color has-central-palette-3-color has-css-opacity has-central-palette-3-background-color has-background\" \/>\n\n\n\n<h2 class=\"wp-block-heading\"><strong>Anti-doping e-Learning<\/strong><\/h2>\n\n\n\n<p>La plataforma AMA de e-Learning antidopaje ADeL, ofrece acceso a todos los temas relacionados con el deporte limpio y el antidopaje. Ofrece cursos para deportistas, entrenadores, m\u00e9dicos, administradores y cualquier persona interesada en aprender m\u00e1s sobre el antidopaje y la protecci\u00f3n de los valores del deporte limpio.<\/p>\n\n\n\n<p>M\u00e1s informaci\u00f3n sobre ADeL y sus diferentes cursos est\u00e1 disponible en el sitio web de AMA.<\/p>\n","protected":false},"excerpt":{"rendered":"<p>La ITF, a trav\u00e9s del Comit\u00e9 M\u00e9dico y Antidopaje, trabaja para ayudar y educar a la comunidad de la ITF, tanto a las Asociaciones Nacionales como a los instructores, en &hellip;<\/p>\n","protected":false},"author":10,"featured_media":0,"parent":0,"menu_order":6,"comment_status":"open","ping_status":"open","template":"","meta":{"_tec_requires_first_save":true,"_uag_custom_page_level_css":"","_genesis_hide_title":false,"_genesis_hide_breadcrumbs":false,"_genesis_hide_singular_image":false,"_genesis_hide_footer_widgets":false,"_genesis_custom_body_class":"","_genesis_custom_post_class":"","_genesis_layout":"","_EventAllDay":false,"_EventTimezone":"","_EventStartDate":"","_EventEndDate":"","_EventStartDateUTC":"","_EventEndDateUTC":"","_EventShowMap":false,"_EventShowMapLink":false,"_EventURL":"","_EventCost":"","_EventCostDescription":"","_EventCurrencySymbol":"","_EventCurrencyCode":"","_EventCurrencyPosition":"","_EventDateTimeSeparator":"","_EventTimeRangeSeparator":"","_EventOrganizerID":[],"_EventVenueID":[0],"_OrganizerEmail":"","_OrganizerPhone":"","_OrganizerWebsite":"","_VenueAddress":"","_VenueCity":"","_VenueCountry":"","_VenueProvince":"","_VenueState":"","_VenueZip":"","_VenuePhone":"","_VenueURL":"","_VenueStateProvince":"","_VenueLat":"","_VenueLng":"","_VenueShowMap":false,"_VenueShowMapLink":false,"_tribe_blocks_recurrence_rules":"","_tribe_blocks_recurrence_description":"","_tribe_blocks_recurrence_exclusions":"","editor_notices":[],"footnotes":""},"class_list":["post-377","page","type-page","status-publish","entry","has-post-thumbnail"],"featured_image_src":null,"featured_image_src_square":null,"uagb_featured_image_src":{"full":false,"thumbnail":false,"medium":false,"medium_large":false,"large":false,"1536x1536":false,"2048x2048":false,"banner":false,"section":false,"full-width":false,"featured":false,"one-half":false,"one-third":false,"one-fourth":false,"tiny":false,"ab-block-post-grid-landscape":false,"ab-block-post-grid-square":false,"gform-image-choice-sm":false,"gform-image-choice-md":false,"gform-image-choice-lg":false},"uagb_author_info":{"display_name":"ivan","author_link":"https:\/\/itftkd.sport\/es\/author\/ivan\/"},"uagb_comment_info":0,"uagb_excerpt":"La ITF, a trav\u00e9s del Comit\u00e9 M\u00e9dico y Antidopaje, trabaja para ayudar y educar a la comunidad de la ITF, tanto a las Asociaciones Nacionales como a los instructores, en &hellip;","_links":{"self":[{"href":"https:\/\/itftkd.sport\/es\/wp-json\/wp\/v2\/pages\/377","targetHints":{"allow":["GET"]}}],"collection":[{"href":"https:\/\/itftkd.sport\/es\/wp-json\/wp\/v2\/pages"}],"about":[{"href":"https:\/\/itftkd.sport\/es\/wp-json\/wp\/v2\/types\/page"}],"author":[{"embeddable":true,"href":"https:\/\/itftkd.sport\/es\/wp-json\/wp\/v2\/users\/10"}],"replies":[{"embeddable":true,"href":"https:\/\/itftkd.sport\/es\/wp-json\/wp\/v2\/comments?post=377"}],"version-history":[{"count":5,"href":"https:\/\/itftkd.sport\/es\/wp-json\/wp\/v2\/pages\/377\/revisions"}],"predecessor-version":[{"id":31601,"href":"https:\/\/itftkd.sport\/es\/wp-json\/wp\/v2\/pages\/377\/revisions\/31601"}],"wp:attachment":[{"href":"https:\/\/itftkd.sport\/es\/wp-json\/wp\/v2\/media?parent=377"}],"curies":[{"name":"wp","href":"https:\/\/api.w.org\/{rel}","templated":true}]}}