{"id":32898,"date":"2025-10-14T19:28:21","date_gmt":"2025-10-14T17:28:21","guid":{"rendered":"https:\/\/itftkd.sport\/es\/?page_id=32898"},"modified":"2025-10-14T19:28:23","modified_gmt":"2025-10-14T17:28:23","slug":"politica-de-cookies","status":"publish","type":"page","link":"https:\/\/itftkd.sport\/es\/politica-de-cookies\/","title":{"rendered":"Pol\u00edtica de Cookies"},"content":{"rendered":"\n<p>La Federaci\u00f3n Internacional de Taekwon-Do ITF informa sobre el uso de cookies en su sitio web.<br>Las cookies son archivos que se pueden descargar en su ordenador a trav\u00e9s de las p\u00e1ginas web. Son herramientas que desempe\u00f1an un papel esencial en la prestaci\u00f3n de numerosos servicios de la sociedad de la informaci\u00f3n. Entre otras cosas, permiten a un sitio web almacenar y recuperar informaci\u00f3n sobre los h\u00e1bitos de navegaci\u00f3n de un usuario o de su ordenador y, en funci\u00f3n de la informaci\u00f3n obtenida, pueden utilizarse para reconocer al usuario y mejorar el servicio ofrecido.<\/p>\n\n\n\n<h2 class=\"wp-block-heading\">Tipos de cookies<\/h2>\n\n\n\n<p>En funci\u00f3n de cu\u00e1l sea la entidad que gestione el dominio desde donde se env\u00edan las cookies y trate los datos obtenidos, se pueden distinguir dos tipos: cookies propias y cookies de terceros.<br>Existe tambi\u00e9n una segunda clasificaci\u00f3n seg\u00fan el tiempo que permanecen almacenadas en el navegador del cliente, pudiendo ser cookies de sesi\u00f3n o cookies persistentes.<\/p>\n\n\n\n<p>Por \u00faltimo, existe otra clasificaci\u00f3n con cinco tipos de cookies seg\u00fan la finalidad para la que se obtienen los datos: cookies t\u00e9cnicas, cookies de personalizaci\u00f3n, cookies anal\u00edticas, cookies publicitarias y cookies de publicidad comportamental.<\/p>\n\n\n\n<p>Para obtener m\u00e1s informaci\u00f3n al respecto, consulte la\u00a0<a title=\"Gu\u00eda sobre el uso de las cookies de la Agencia Espa\u00f1ola de Protecci\u00f3n de Datos\" href=\"http:\/\/www.agpd.es\/portalwebAGPD\/canaldocumentacion\/publicaciones\/common\/Guias\/Guia_Cookies.pdf\" target=\"_blank\" rel=\"noopener noreferrer\">Gu\u00eda sobre el uso de las cookies de la Agencia Espa\u00f1ola de Protecci\u00f3n de Datos<\/a><\/p>\n\n\n\n<h2 class=\"wp-block-heading\">Cookies utilizadas en la web<\/h2>\n\n\n\n<p>A continuaci\u00f3n se identifican las cookies que se utilizan en este sitio web, as\u00ed como su tipolog\u00eda y funci\u00f3n:<\/p>\n\n\n\n<p>En el sitio web de la Federaci\u00f3n Internacional de Taekwon-Do ITF, puede encontrar los siguientes tipos de cookies.<\/p>\n\n\n\n<ul class=\"wp-block-list\">\n<li><span style=\"text-decoration: underline\">Cookies de personalizaci\u00f3n o configuraci\u00f3n<\/span>: Permiten que el sitio web reconozca, entre otros, aspectos caracter\u00edsticos del usuario, como el idioma o el tama\u00f1o de la fuente.<\/li>\n\n\n\n<li><span style=\"text-decoration: underline\">Cookies de seguridad<\/span>: previenen o dificultan los ataques contra el sitio web o sus usuarios.<\/li>\n\n\n\n<li><span style=\"text-decoration: underline\">Cookies anal\u00edticas<\/span>: miden la actividad de los usuarios y recopilan estad\u00edsticas de navegaci\u00f3n.<\/li>\n\n\n\n<li><span style=\"text-decoration: underline\">Cookies t\u00e9cnicas<\/span>: son necesarias para la navegaci\u00f3n. Sin ellas, la p\u00e1gina no funcionar\u00eda correctamente.<\/li>\n<\/ul>\n\n\n\n<p>A continuaci\u00f3n se identifican las cookies que se utilizan en este sitio web, as\u00ed como su tipo y funci\u00f3n:<br>El sitio web utiliza Google Analytics, un servicio de an\u00e1lisis web desarrollado por Google, que permite la medici\u00f3n y el an\u00e1lisis de la navegaci\u00f3n en las p\u00e1ginas web. Seg\u00fan la tipolog\u00eda anterior, se trata de cookies propias, cookies de sesi\u00f3n y cookies anal\u00edticas.<\/p>\n\n\n\n<p>Puede encontrar m\u00e1s informaci\u00f3n y desactivar el uso de estas cookies. <a href=\"http:\/\/www.google.es\/intl\/es\/analytics\/privacyoverview.html\" target=\"_blank\" rel=\"noopener noreferrer\">www.google.es\/intl\/es\/analytics\/privacyoverview.html<\/a>\u00a0.<\/p>\n\n\n\n<p>A trav\u00e9s de la anal\u00edtica web se obtiene informaci\u00f3n relacionada con el n\u00famero de usuarios que acceden al sitio, el n\u00famero de p\u00e1ginas visitadas, la frecuencia y repetici\u00f3n de las visitas, su duraci\u00f3n, el navegador utilizado, el operador que presta el servicio, el idioma, el terminal utilizado o la ciudad a la que est\u00e1 asignada su direcci\u00f3n IP. Informaci\u00f3n que permite un mejor y m\u00e1s adecuado servicio de este sitio web.<\/p>\n\n\n\n<p>Otra cookie descargada es de car\u00e1cter t\u00e9cnico y se denomina ASP.NET_SessionId. Esta cookie permite almacenar un identificador \u00fanico por sesi\u00f3n, a trav\u00e9s del cual es posible vincular los datos necesarios para permitir la navegaci\u00f3n en curso.<\/p>\n\n\n\n<p>Por \u00faltimo, se descarga una cookie de tipo t\u00e9cnico, denominada cookies_policy, propia, de tipo t\u00e9cnico y de sesi\u00f3n. Gestiona el consentimiento del usuario para el uso de cookies en el sitio web, con el fin de recordar qui\u00e9nes son los usuarios que han aceptado y qui\u00e9nes no, para que no se muestre la primera informaci\u00f3n en la parte superior de la p\u00e1gina al respecto.<\/p>\n\n\n\n<h2 class=\"wp-block-heading\">Pol\u00edtica de aceptaci\u00f3n de cookies<\/h2>\n\n\n\n<p>La Federaci\u00f3n Internacional de Taekwon-Do ITF asume que usted acepta el uso de cookies. No obstante, muestra informaci\u00f3n sobre su pol\u00edtica de cookies en cualquier p\u00e1gina del portal con cada inicio de sesi\u00f3n para que usted est\u00e9 al tanto.<\/p>\n\n\n\n<p>Con esta informaci\u00f3n, es posible realizar las siguientes acciones:<\/p>\n\n\n\n<ul class=\"wp-block-list\">\n<li><strong>Aceptar cookies<\/strong>. Este aviso no volver\u00e1 a aparecer al acceder a cualquier p\u00e1gina del portal durante la sesi\u00f3n actual.<\/li>\n\n\n\n<li><strong>Cierre<\/strong>. El aviso est\u00e1 oculto en la p\u00e1gina actual.<\/li>\n\n\n\n<li><strong>Modifique su configuraci\u00f3n<\/strong>. Puede obtener m\u00e1s informaci\u00f3n sobre qu\u00e9 son las cookies, conocer la Pol\u00edtica de cookies de la Federaci\u00f3n Internacional de Taekwon-Do ITF y modificar la configuraci\u00f3n de su navegador.<\/li>\n<\/ul>\n\n\n\n<h3 class=\"wp-block-heading\">C\u00f3mo cambiar la configuraci\u00f3n de las cookies<\/h3>\n\n\n\n<p>Puede restringir, bloquear o borrar las cookies de la Federaci\u00f3n Internacional de Taekwon-Do ITF o de cualquier otro sitio web utilizando su navegador. Cada navegador funciona de manera diferente, pero la funci\u00f3n \u00abAyuda\u00bb le indicar\u00e1 c\u00f3mo hacerlo.<\/p>\n\n\n\n<ul class=\"wp-block-list\">\n<li>Internet Explorer:\u00a0<a href=\"windows.microsoft.com\/es-xl\/internet-explorer\/delete-manage-cookies#ie=ie-10\" target=\"_blank\" rel=\"noopener noreferrer\">windows.microsoft.com\/es-xl\/internet-explorer\/delete-manage-cookies#ie=ie-10<\/a><\/li>\n\n\n\n<li>FireFox:\u00a0<a href=\"support.mozilla.org\/es\/kb\/Borrar%20cookies\" target=\"_blank\" rel=\"noopener noreferrer\">support.mozilla.org\/es\/kb\/Borrar%20cookies<\/a><\/li>\n\n\n\n<li>Chrome:\u00a0<a href=\"support.google.com\/chrome\/answer\/95647?hl=es\" target=\"_blank\" rel=\"noopener noreferrer\">support.google.com\/chrome\/answer\/95647?hl=es<\/a><\/li>\n\n\n\n<li>Safari:\u00a0<a href=\"www.apple.com\/es\/privacy\/use-of-cookies\/\" target=\"_blank\" rel=\"noopener noreferrer\">www.apple.com\/es\/privacy\/use-of-cookies\/<\/a><\/li>\n<\/ul>\n\n\n\n<p>Adem\u00e1s, tambi\u00e9n puede gestionar las cookies almacenadas en su navegador mediante herramientas como las siguientes:<\/p>\n\n\n\n<ul class=\"wp-block-list\">\n<li>Ghostery:\u00a0<a href=\"www.ghostery.com\/\" target=\"_blank\" rel=\"noopener noreferrer\">www.ghostery.com\/<\/a><\/li>\n\n\n\n<li>Sus opciones online:\u00a0<a href=\"www.ghostery.com\/\" target=\"_blank\" rel=\"noopener noreferrer\">www.youronlinechoices.com\/es\/<\/a><\/li>\n<\/ul>\n","protected":false},"excerpt":{"rendered":"<p>La Federaci\u00f3n Internacional de Taekwon-Do ITF informa sobre el uso de cookies en su sitio web.Las cookies son archivos que se pueden descargar en su ordenador a trav\u00e9s de las &hellip;<\/p>\n","protected":false},"author":10,"featured_media":0,"parent":0,"menu_order":95,"comment_status":"closed","ping_status":"closed","template":"","meta":{"_tec_requires_first_save":true,"_uag_custom_page_level_css":"","_genesis_hide_title":false,"_genesis_hide_breadcrumbs":false,"_genesis_hide_singular_image":false,"_genesis_hide_footer_widgets":false,"_genesis_custom_body_class":"","_genesis_custom_post_class":"","_genesis_layout":"","_EventAllDay":false,"_EventTimezone":"","_EventStartDate":"","_EventEndDate":"","_EventStartDateUTC":"","_EventEndDateUTC":"","_EventShowMap":false,"_EventShowMapLink":false,"_EventURL":"","_EventCost":"","_EventCostDescription":"","_EventCurrencySymbol":"","_EventCurrencyCode":"","_EventCurrencyPosition":"","_EventDateTimeSeparator":"","_EventTimeRangeSeparator":"","_EventOrganizerID":[],"_EventVenueID":[],"_OrganizerEmail":"","_OrganizerPhone":"","_OrganizerWebsite":"","_VenueAddress":"","_VenueCity":"","_VenueCountry":"","_VenueProvince":"","_VenueState":"","_VenueZip":"","_VenuePhone":"","_VenueURL":"","_VenueStateProvince":"","_VenueLat":"","_VenueLng":"","_VenueShowMap":false,"_VenueShowMapLink":false,"_tribe_blocks_recurrence_rules":"","_tribe_blocks_recurrence_description":"","_tribe_blocks_recurrence_exclusions":"","editor_notices":[],"footnotes":""},"class_list":["post-32898","page","type-page","status-publish","entry"],"featured_image_src":null,"featured_image_src_square":null,"uagb_featured_image_src":{"full":false,"thumbnail":false,"medium":false,"medium_large":false,"large":false,"1536x1536":false,"2048x2048":false,"banner":false,"section":false,"full-width":false,"featured":false,"one-half":false,"one-third":false,"one-fourth":false,"tiny":false,"ab-block-post-grid-landscape":false,"ab-block-post-grid-square":false,"gform-image-choice-sm":false,"gform-image-choice-md":false,"gform-image-choice-lg":false},"uagb_author_info":{"display_name":"ivan","author_link":"https:\/\/itftkd.sport\/es\/author\/ivan\/"},"uagb_comment_info":0,"uagb_excerpt":"La Federaci\u00f3n Internacional de Taekwon-Do ITF informa sobre el uso de cookies en su sitio web.Las cookies son archivos que se pueden descargar en su ordenador a trav\u00e9s de las &hellip;","_links":{"self":[{"href":"https:\/\/itftkd.sport\/es\/wp-json\/wp\/v2\/pages\/32898","targetHints":{"allow":["GET"]}}],"collection":[{"href":"https:\/\/itftkd.sport\/es\/wp-json\/wp\/v2\/pages"}],"about":[{"href":"https:\/\/itftkd.sport\/es\/wp-json\/wp\/v2\/types\/page"}],"author":[{"embeddable":true,"href":"https:\/\/itftkd.sport\/es\/wp-json\/wp\/v2\/users\/10"}],"replies":[{"embeddable":true,"href":"https:\/\/itftkd.sport\/es\/wp-json\/wp\/v2\/comments?post=32898"}],"version-history":[{"count":1,"href":"https:\/\/itftkd.sport\/es\/wp-json\/wp\/v2\/pages\/32898\/revisions"}],"predecessor-version":[{"id":32900,"href":"https:\/\/itftkd.sport\/es\/wp-json\/wp\/v2\/pages\/32898\/revisions\/32900"}],"wp:attachment":[{"href":"https:\/\/itftkd.sport\/es\/wp-json\/wp\/v2\/media?parent=32898"}],"curies":[{"name":"wp","href":"https:\/\/api.w.org\/{rel}","templated":true}]}}