{"id":31490,"date":"2024-07-30T17:11:12","date_gmt":"2024-07-30T15:11:12","guid":{"rendered":"https:\/\/itftkd.sport\/es\/?page_id=31490"},"modified":"2024-09-25T17:58:31","modified_gmt":"2024-09-25T15:58:31","slug":"elecciones-24","status":"publish","type":"page","link":"https:\/\/itftkd.sport\/es\/elecciones-24\/","title":{"rendered":"Elecciones &#8217;24"},"content":{"rendered":"\n<div class=\"wp-block-atomic-blocks-ab-container ab-block-container\"><div class=\"ab-container-inside\"><div class=\"ab-container-content\">\n<div class=\"wp-block-atomic-blocks-ab-container ab-block-container\"><div class=\"ab-container-inside\"><div class=\"ab-container-content\">\n<div class=\"wp-block-toolset-blocks-container tb-container\" data-toolset-blocks-container=\"79deb292f1dd82034120c9f8d35465fc\">\n<p class=\"has-text-align-center\"><strong>Lista de candidatos presentados para las elecciones del 5\u00ba Congreso de la ITF<br>que se realizar\u00e1 el 27 de octubre de 2024 en Mar del Plata, Argentina<\/strong><\/p>\n\n\n\n<p>El Comit\u00e9 Electoral de la ITF, integrado por el GM Coos van den<br>Heuvel (presidente) y el GM Ray Nicolaisen (miembro), concluy\u00f3 el 12 de septiembre de 2024 que el \u00fanico candidato que present\u00f3 documentos para las elecciones de la ITF de 2024, cumpli\u00f3 y aprob\u00f3 los requisitos establecidos en el C\u00f3digo Electoral de la ITF y ahora est\u00e1 aprobado para avanzar a las elecciones en Argentina de 2024.<\/p>\n\n\n\n<p>Lista de candidatos presentados para un (1) cargo de la Junta Directiva enumerados en el Art. 34 lit e) de los Estatutos de la ITF (Miembro en general):<\/p>\n\n\n\n<ol class=\"wp-block-list\">\n<li><strong>Maestro NIKLAS ENANDER propuesto por la Swedish ITF Federation<\/strong><\/li>\n<\/ol>\n\n\n\n<div class=\"wp-block-file\"><a id=\"wp-block-file--media-fc0ac141-b4bb-4bc6-a96d-53a32e3d1ec5\" href=\"https:\/\/itftkd.sport\/es\/wp-content\/uploads\/sites\/7\/2024\/09\/19.02-Niklas-Enander-CV.pdf\" target=\"_blank\" rel=\"noreferrer noopener\">Master Niklas Enander CV<\/a><a href=\"https:\/\/itftkd.sport\/es\/wp-content\/uploads\/sites\/7\/2024\/09\/19.02-Niklas-Enander-CV.pdf\" class=\"wp-block-file__button wp-element-button\" download aria-describedby=\"wp-block-file--media-fc0ac141-b4bb-4bc6-a96d-53a32e3d1ec5\">Descarga<\/a><\/div>\n\n\n\n<figure class=\"wp-block-image size-full is-resized\"><a href=\"https:\/\/itftkd.sport\/es\/wp-content\/uploads\/sites\/7\/2024\/09\/Master-Niklas-Enander-Portrait.jpg\"><img loading=\"lazy\" decoding=\"async\" width=\"539\" height=\"680\" src=\"https:\/\/itftkd.sport\/es\/wp-content\/uploads\/sites\/7\/2024\/09\/Master-Niklas-Enander-Portrait.jpg\" alt=\"\" class=\"wp-image-31606\" style=\"width:537px;height:auto\" srcset=\"https:\/\/itftkd.sport\/es\/wp-content\/uploads\/sites\/7\/2024\/09\/Master-Niklas-Enander-Portrait.jpg 539w, https:\/\/itftkd.sport\/es\/wp-content\/uploads\/sites\/7\/2024\/09\/Master-Niklas-Enander-Portrait-238x300.jpg 238w\" sizes=\"auto, (max-width: 539px) 100vw, 539px\" \/><\/a><\/figure>\n\n\n\n<div class=\"wp-block-uagb-separator uagb-block-f5bc9a94\"><div class=\"wp-block-uagb-separator__inner\" style=\"--my-background-image:\"><\/div><\/div>\n\n\n\n<p>\u00abAhora que el per\u00edodo de solicitud para el puesto de 1 (un) Miembro General ha finalizado, se han identificado dos (2) candidatos para el Comit\u00e9 Electoral de la ITF, de conformidad con el Art\u00edculo 3 del C\u00f3digo Electoral. El comit\u00e9 est\u00e1 compuesto por:<\/p>\n\n\n\n<ol class=\"wp-block-list\">\n<li>GM Coos van den Heuvel (Presidente) &#8211; Pa\u00edses Bajos<\/li>\n\n\n\n<li>GM Ray Nicolaisen (Miembro) &#8211; Noruega<\/li>\n<\/ol>\n\n\n\n<p>El Comit\u00e9 verificar\u00e1 la elegibilidad de los candidatos y luego anunciar\u00e1 el resultado.\u00bb<\/p>\n\n\n\n<p><strong><em>Sede de la ITF<\/em><\/strong><\/p>\n\n\n\n<div class=\"wp-block-uagb-separator uagb-block-4ab39a08\"><div class=\"uagb-separator-spacing-wrapper\"><div class=\"wp-block-uagb-separator__inner\" style=\"--my-background-image:\"><\/div><\/div><\/div>\n\n\n\n<p>\u201c5ta Asamblea General Ordinaria de la ITF<\/p>\n\n\n\n<p>La Junta Directiva de la ITF ha decidido celebrar la 5ta Asamblea General Ordinaria de la ITF el 27 de octubre de 2024 en Mar del Plata, Argentina, y que se llevar\u00e1n a cabo elecciones para el cargo de 1 (un) Miembro General.<\/p>\n\n\n\n<p>Nos gustar\u00eda informar que en la secci\u00f3n REGLAS en el enlace: <a href=\"https:\/\/itftkd.sport\/es\/reglas\/\" target=\"_blank\" rel=\"noreferrer noopener\">https:\/\/itftkd.sport\/es\/reglas\/<\/a> puede encontrar los siguientes documentos:<\/p>\n\n\n\n<ol class=\"wp-block-list\">\n<li><a href=\"https:\/\/itftkd.sport\/es\/wp-content\/uploads\/sites\/7\/2024\/07\/Codigo-Electoral-de-la-ITF-aprobado-por-la-Junta-Directiva-Ver-2-26062024.pdf\" target=\"_blank\" rel=\"noreferrer noopener\">C\u00f3digo Electoral de la ITF<\/a><\/li>\n\n\n\n<li><a href=\"https:\/\/itftkd.sport\/es\/wp-content\/uploads\/sites\/7\/2024\/07\/Carta-de-convocatoria-a-elecciones-con-formulario-de-nominacion.pdf\" target=\"_blank\" rel=\"noreferrer noopener\">Convocatoria a Elecciones y Formulario de Nominaci\u00f3n<\/a><\/li>\n\n\n\n<li><a href=\"https:\/\/itftkd.sport\/es\/wp-content\/uploads\/sites\/7\/2024\/07\/Cuestionario-de-Integridad.pdf\" target=\"_blank\" rel=\"noreferrer noopener\">Cuestionario de Integridad<\/a><\/li>\n<\/ol>\n\n\n\n<p>Tenga en cuenta que los Formularios de Nominaci\u00f3n deben enviarse a la Secretar\u00eda General de la ITF a <a href=\"mailto:itfelections@itftkd.sport\" target=\"_blank\" rel=\"noreferrer noopener\">itfelections@itftkd.sport<\/a> a m\u00e1s tardar a las 24:00 horas (hora suiza) del 27 de agosto de 2024.<\/p>\n\n\n\n<p>Una vez cerrado el per\u00edodo de solicitud, el Comit\u00e9 Electoral de la ITF verificar\u00e1 la elegibilidad de todos los candidatos y luego anunciar\u00e1 la lista final de candidatos.<\/p>\n\n\n\n<p>Sede de la ITF\u201d<\/p>\n<\/div>\n<\/div><\/div><\/div>\n<\/div><\/div><\/div>\n\n\n\n<hr class=\"wp-block-separator has-alpha-channel-opacity\" \/>\n","protected":false},"excerpt":{"rendered":"","protected":false},"author":4,"featured_media":0,"parent":0,"menu_order":0,"comment_status":"closed","ping_status":"closed","template":"","meta":{"_tec_requires_first_save":true,"_uag_custom_page_level_css":"","_genesis_hide_title":false,"_genesis_hide_breadcrumbs":false,"_genesis_hide_singular_image":false,"_genesis_hide_footer_widgets":false,"_genesis_custom_body_class":"","_genesis_custom_post_class":"","_genesis_layout":"","_EventAllDay":false,"_EventTimezone":"","_EventStartDate":"","_EventEndDate":"","_EventStartDateUTC":"","_EventEndDateUTC":"","_EventShowMap":false,"_EventShowMapLink":false,"_EventURL":"","_EventCost":"","_EventCostDescription":"","_EventCurrencySymbol":"","_EventCurrencyCode":"","_EventCurrencyPosition":"","_EventDateTimeSeparator":"","_EventTimeRangeSeparator":"","_EventOrganizerID":[],"_EventVenueID":[],"_OrganizerEmail":"","_OrganizerPhone":"","_OrganizerWebsite":"","_VenueAddress":"","_VenueCity":"","_VenueCountry":"","_VenueProvince":"","_VenueState":"","_VenueZip":"","_VenuePhone":"","_VenueURL":"","_VenueStateProvince":"","_VenueLat":"","_VenueLng":"","_VenueShowMap":false,"_VenueShowMapLink":false,"_tribe_blocks_recurrence_rules":"","_tribe_blocks_recurrence_description":"","_tribe_blocks_recurrence_exclusions":"","editor_notices":[],"footnotes":""},"class_list":["post-31490","page","type-page","status-publish","entry","has-post-thumbnail"],"featured_image_src":null,"featured_image_src_square":null,"uagb_featured_image_src":{"full":false,"thumbnail":false,"medium":false,"medium_large":false,"large":false,"1536x1536":false,"2048x2048":false,"banner":false,"section":false,"full-width":false,"featured":false,"one-half":false,"one-third":false,"one-fourth":false,"tiny":false,"ab-block-post-grid-landscape":false,"ab-block-post-grid-square":false,"gform-image-choice-sm":false,"gform-image-choice-md":false,"gform-image-choice-lg":false},"uagb_author_info":{"display_name":"FABIAN ITF","author_link":"https:\/\/itftkd.sport\/es\/author\/fabian-itf\/"},"uagb_comment_info":0,"uagb_excerpt":null,"_links":{"self":[{"href":"https:\/\/itftkd.sport\/es\/wp-json\/wp\/v2\/pages\/31490","targetHints":{"allow":["GET"]}}],"collection":[{"href":"https:\/\/itftkd.sport\/es\/wp-json\/wp\/v2\/pages"}],"about":[{"href":"https:\/\/itftkd.sport\/es\/wp-json\/wp\/v2\/types\/page"}],"author":[{"embeddable":true,"href":"https:\/\/itftkd.sport\/es\/wp-json\/wp\/v2\/users\/4"}],"replies":[{"embeddable":true,"href":"https:\/\/itftkd.sport\/es\/wp-json\/wp\/v2\/comments?post=31490"}],"version-history":[{"count":5,"href":"https:\/\/itftkd.sport\/es\/wp-json\/wp\/v2\/pages\/31490\/revisions"}],"predecessor-version":[{"id":31631,"href":"https:\/\/itftkd.sport\/es\/wp-json\/wp\/v2\/pages\/31490\/revisions\/31631"}],"wp:attachment":[{"href":"https:\/\/itftkd.sport\/es\/wp-json\/wp\/v2\/media?parent=31490"}],"curies":[{"name":"wp","href":"https:\/\/api.w.org\/{rel}","templated":true}]}}