{"id":29874,"date":"2023-08-31T15:35:26","date_gmt":"2023-08-31T13:35:26","guid":{"rendered":"https:\/\/itftkd.sport\/es\/?page_id=29874"},"modified":"2023-08-31T17:51:42","modified_gmt":"2023-08-31T15:51:42","slug":"campeonato-mundial-2023","status":"publish","type":"page","link":"https:\/\/itftkd.sport\/es\/campeonato-mundial-2023\/","title":{"rendered":"Campeonato Mundial 2023"},"content":{"rendered":"<figure class=\"wp-block-post-featured-image\"><img loading=\"lazy\" decoding=\"async\" width=\"1200\" height=\"545\" src=\"https:\/\/itftkd.sport\/es\/wp-content\/uploads\/sites\/7\/2022\/01\/1200-x-545.jpg\" class=\"attachment-post-thumbnail size-post-thumbnail wp-post-image\" alt=\"World Championships Finland 2023\" style=\"object-fit:cover;\" srcset=\"https:\/\/itftkd.sport\/es\/wp-content\/uploads\/sites\/7\/2022\/01\/1200-x-545.jpg 1200w, https:\/\/itftkd.sport\/es\/wp-content\/uploads\/sites\/7\/2022\/01\/1200-x-545-300x136.jpg 300w, https:\/\/itftkd.sport\/es\/wp-content\/uploads\/sites\/7\/2022\/01\/1200-x-545-1024x465.jpg 1024w, https:\/\/itftkd.sport\/es\/wp-content\/uploads\/sites\/7\/2022\/01\/1200-x-545-768x349.jpg 768w\" sizes=\"auto, (max-width: 1200px) 100vw, 1200px\" \/><\/figure>\n\n\n<div style=\"height:30px\" aria-hidden=\"true\" class=\"wp-block-spacer\"><\/div>\n\n\n\n<div class=\"wp-block-query is-layout-flow wp-block-query-is-layout-flow\"><ul class=\"wp-block-post-template is-layout-flow wp-block-post-template-is-layout-flow\"><li class=\"wp-block-post post-29973 post type-post status-publish format-standard has-post-thumbnail category-campeonato-mundial-2023 category-destacadas category-sin-categoria category-ultimas-noticias entry\">\n\n<div class=\"wp-block-columns has-background is-layout-flex wp-container-core-columns-is-layout-9d6595d7 wp-block-columns-is-layout-flex\" style=\"background-color:#e4e4e4\">\n<div class=\"wp-block-column is-layout-flow wp-block-column-is-layout-flow\" style=\"flex-basis:40%\"><figure class=\"wp-block-post-featured-image\"><a href=\"https:\/\/itftkd.sport\/es\/un-nuevo-comienzo-para-el-desarrollo-del-itf-en-asia\/\" target=\"_self\"  ><img loading=\"lazy\" decoding=\"async\" width=\"800\" height=\"600\" src=\"https:\/\/itftkd.sport\/es\/wp-content\/uploads\/sites\/7\/2023\/09\/feature-image-ITF_Asia_Meeting.jpg\" class=\"attachment-post-thumbnail size-post-thumbnail wp-post-image\" alt=\"Un nuevo comienzo para el desarrollo del ITF en Asia\" style=\"object-fit:cover;\" srcset=\"https:\/\/itftkd.sport\/es\/wp-content\/uploads\/sites\/7\/2023\/09\/feature-image-ITF_Asia_Meeting.jpg 800w, https:\/\/itftkd.sport\/es\/wp-content\/uploads\/sites\/7\/2023\/09\/feature-image-ITF_Asia_Meeting-300x225.jpg 300w, https:\/\/itftkd.sport\/es\/wp-content\/uploads\/sites\/7\/2023\/09\/feature-image-ITF_Asia_Meeting-768x576.jpg 768w, https:\/\/itftkd.sport\/es\/wp-content\/uploads\/sites\/7\/2023\/09\/feature-image-ITF_Asia_Meeting-550x413.jpg 550w, https:\/\/itftkd.sport\/es\/wp-content\/uploads\/sites\/7\/2023\/09\/feature-image-ITF_Asia_Meeting-350x263.jpg 350w, https:\/\/itftkd.sport\/es\/wp-content\/uploads\/sites\/7\/2023\/09\/feature-image-ITF_Asia_Meeting-260x195.jpg 260w\" sizes=\"auto, (max-width: 800px) 100vw, 800px\" \/><\/a><\/figure><\/div>\n\n\n\n<div class=\"wp-block-column is-layout-flow wp-block-column-is-layout-flow\" style=\"flex-basis:55%\"><h2 class=\"wp-block-post-title has-text-color has-vivid-red-color\"><a href=\"https:\/\/itftkd.sport\/es\/un-nuevo-comienzo-para-el-desarrollo-del-itf-en-asia\/\" target=\"_self\" >Un nuevo comienzo para el desarrollo del ITF en Asia<\/a><\/h2>\n\n<div class=\"wp-block-post-date has-small-font-size\"><time datetime=\"2023-09-18T17:40:25+02:00\">septiembre 18, 2023<\/time><\/div>\n\n<div class=\"has-text-align-left wp-block-post-excerpt\"><p class=\"wp-block-post-excerpt__excerpt\">El desarrollo de la ITF en Asia, uno de los puntos importantes en al agenda de la ITF.<\/p><p class=\"wp-block-post-excerpt__more-text\"><a class=\"wp-block-post-excerpt__more-link\" href=\"https:\/\/itftkd.sport\/es\/un-nuevo-comienzo-para-el-desarrollo-del-itf-en-asia\/\">Read more<\/a><\/p><\/div><\/div>\n<\/div>\n\n<\/li><li class=\"wp-block-post post-29969 post type-post status-publish format-standard has-post-thumbnail category-campeonato-mundial-2023 category-ultimas-noticias entry\">\n\n<div class=\"wp-block-columns has-background is-layout-flex wp-container-core-columns-is-layout-9d6595d7 wp-block-columns-is-layout-flex\" style=\"background-color:#e4e4e4\">\n<div class=\"wp-block-column is-layout-flow wp-block-column-is-layout-flow\" style=\"flex-basis:40%\"><figure class=\"wp-block-post-featured-image\"><a href=\"https:\/\/itftkd.sport\/es\/fotos-de-los-equipos-en-el-campeonato-mundial-2023\/\" target=\"_self\"  ><img loading=\"lazy\" decoding=\"async\" width=\"1920\" height=\"1280\" src=\"https:\/\/itftkd.sport\/es\/wp-content\/uploads\/sites\/7\/2023\/09\/WC2023_Teamphoto_Switzerland-EC238131.jpg\" class=\"attachment-post-thumbnail size-post-thumbnail wp-post-image\" alt=\"Fotos de los equipos en el Campeonato Mundial 2023\" style=\"object-fit:cover;\" srcset=\"https:\/\/itftkd.sport\/es\/wp-content\/uploads\/sites\/7\/2023\/09\/WC2023_Teamphoto_Switzerland-EC238131.jpg 1920w, https:\/\/itftkd.sport\/es\/wp-content\/uploads\/sites\/7\/2023\/09\/WC2023_Teamphoto_Switzerland-EC238131-300x200.jpg 300w, https:\/\/itftkd.sport\/es\/wp-content\/uploads\/sites\/7\/2023\/09\/WC2023_Teamphoto_Switzerland-EC238131-1024x683.jpg 1024w, https:\/\/itftkd.sport\/es\/wp-content\/uploads\/sites\/7\/2023\/09\/WC2023_Teamphoto_Switzerland-EC238131-768x512.jpg 768w, https:\/\/itftkd.sport\/es\/wp-content\/uploads\/sites\/7\/2023\/09\/WC2023_Teamphoto_Switzerland-EC238131-1536x1024.jpg 1536w, https:\/\/itftkd.sport\/es\/wp-content\/uploads\/sites\/7\/2023\/09\/WC2023_Teamphoto_Switzerland-EC238131-1248x832.jpg 1248w, https:\/\/itftkd.sport\/es\/wp-content\/uploads\/sites\/7\/2023\/09\/WC2023_Teamphoto_Switzerland-EC238131-600x400.jpg 600w\" sizes=\"auto, (max-width: 1920px) 100vw, 1920px\" \/><\/a><\/figure><\/div>\n\n\n\n<div class=\"wp-block-column is-layout-flow wp-block-column-is-layout-flow\" style=\"flex-basis:55%\"><h2 class=\"wp-block-post-title has-text-color has-vivid-red-color\"><a href=\"https:\/\/itftkd.sport\/es\/fotos-de-los-equipos-en-el-campeonato-mundial-2023\/\" target=\"_self\" >Fotos de los equipos en el Campeonato Mundial 2023<\/a><\/h2>\n\n<div class=\"wp-block-post-date has-small-font-size\"><time datetime=\"2023-09-16T16:22:00+02:00\">septiembre 16, 2023<\/time><\/div>\n\n<div class=\"has-text-align-left wp-block-post-excerpt\"><p class=\"wp-block-post-excerpt__excerpt\">La ITF ofreci\u00f3 una sesi\u00f3n fotogr\u00e1fica oficial para los equipos nacionales que participaron en el Campeonato Mundial ITF 2023 en Tampere, Finlandia. Despu\u00e9s del pesaje, muchos equipos aprovecharon la oportunidad<\/p><p class=\"wp-block-post-excerpt__more-text\"><a class=\"wp-block-post-excerpt__more-link\" href=\"https:\/\/itftkd.sport\/es\/fotos-de-los-equipos-en-el-campeonato-mundial-2023\/\">Read more<\/a><\/p><\/div><\/div>\n<\/div>\n\n<\/li><li class=\"wp-block-post post-29965 post type-post status-publish format-standard has-post-thumbnail category-campeonato-mundial-2023 category-ultimas-noticias entry\">\n\n<div class=\"wp-block-columns has-background is-layout-flex wp-container-core-columns-is-layout-9d6595d7 wp-block-columns-is-layout-flex\" style=\"background-color:#e4e4e4\">\n<div class=\"wp-block-column is-layout-flow wp-block-column-is-layout-flow\" style=\"flex-basis:40%\"><figure class=\"wp-block-post-featured-image\"><a href=\"https:\/\/itftkd.sport\/es\/gracias-arbitros\/\" target=\"_self\"  ><img loading=\"lazy\" decoding=\"async\" width=\"800\" height=\"600\" src=\"https:\/\/itftkd.sport\/es\/wp-content\/uploads\/sites\/7\/2023\/09\/feature-image_WC2023_UmpireMeeting.jpg\" class=\"attachment-post-thumbnail size-post-thumbnail wp-post-image\" alt=\"\u00a1Gracias, \u00e1rbitros!\" style=\"object-fit:cover;\" srcset=\"https:\/\/itftkd.sport\/es\/wp-content\/uploads\/sites\/7\/2023\/09\/feature-image_WC2023_UmpireMeeting.jpg 800w, https:\/\/itftkd.sport\/es\/wp-content\/uploads\/sites\/7\/2023\/09\/feature-image_WC2023_UmpireMeeting-300x225.jpg 300w, https:\/\/itftkd.sport\/es\/wp-content\/uploads\/sites\/7\/2023\/09\/feature-image_WC2023_UmpireMeeting-768x576.jpg 768w, https:\/\/itftkd.sport\/es\/wp-content\/uploads\/sites\/7\/2023\/09\/feature-image_WC2023_UmpireMeeting-550x413.jpg 550w, https:\/\/itftkd.sport\/es\/wp-content\/uploads\/sites\/7\/2023\/09\/feature-image_WC2023_UmpireMeeting-350x263.jpg 350w, https:\/\/itftkd.sport\/es\/wp-content\/uploads\/sites\/7\/2023\/09\/feature-image_WC2023_UmpireMeeting-260x195.jpg 260w\" sizes=\"auto, (max-width: 800px) 100vw, 800px\" \/><\/a><\/figure><\/div>\n\n\n\n<div class=\"wp-block-column is-layout-flow wp-block-column-is-layout-flow\" style=\"flex-basis:55%\"><h2 class=\"wp-block-post-title has-text-color has-vivid-red-color\"><a href=\"https:\/\/itftkd.sport\/es\/gracias-arbitros\/\" target=\"_self\" >\u00a1Gracias, \u00e1rbitros!<\/a><\/h2>\n\n<div class=\"wp-block-post-date has-small-font-size\"><time datetime=\"2023-09-10T08:19:00+02:00\">septiembre 10, 2023<\/time><\/div>\n\n<div class=\"has-text-align-left wp-block-post-excerpt\"><p class=\"wp-block-post-excerpt__excerpt\">El Campeonato Mundial ITF 2023 ha finalizado. El momento perfecto para decir GRACIAS a todos los \u00e1rbitros que trabajaron duro. Hicieron un trabajo excepcional liderados por el Comit\u00e9 de \u00c1rbitros<\/p><p class=\"wp-block-post-excerpt__more-text\"><a class=\"wp-block-post-excerpt__more-link\" href=\"https:\/\/itftkd.sport\/es\/gracias-arbitros\/\">Read more<\/a><\/p><\/div><\/div>\n<\/div>\n\n<\/li><li class=\"wp-block-post post-29961 post type-post status-publish format-standard has-post-thumbnail category-campeonato-mundial-2023 category-ultimas-noticias entry\">\n\n<div class=\"wp-block-columns has-background is-layout-flex wp-container-core-columns-is-layout-9d6595d7 wp-block-columns-is-layout-flex\" style=\"background-color:#e4e4e4\">\n<div class=\"wp-block-column is-layout-flow wp-block-column-is-layout-flow\" style=\"flex-basis:40%\"><figure class=\"wp-block-post-featured-image\"><a href=\"https:\/\/itftkd.sport\/es\/mujeres-se-encuentran-y-saludan-en-tampere-finlandia\/\" target=\"_self\"  ><img loading=\"lazy\" decoding=\"async\" width=\"800\" height=\"600\" src=\"https:\/\/itftkd.sport\/es\/wp-content\/uploads\/sites\/7\/2023\/09\/feature-image-women-meet-greet.jpg\" class=\"attachment-post-thumbnail size-post-thumbnail wp-post-image\" alt=\"Mujeres se encuentran y saludan en Tampere, Finlandia\" style=\"object-fit:cover;\" srcset=\"https:\/\/itftkd.sport\/es\/wp-content\/uploads\/sites\/7\/2023\/09\/feature-image-women-meet-greet.jpg 800w, https:\/\/itftkd.sport\/es\/wp-content\/uploads\/sites\/7\/2023\/09\/feature-image-women-meet-greet-300x225.jpg 300w, https:\/\/itftkd.sport\/es\/wp-content\/uploads\/sites\/7\/2023\/09\/feature-image-women-meet-greet-768x576.jpg 768w, https:\/\/itftkd.sport\/es\/wp-content\/uploads\/sites\/7\/2023\/09\/feature-image-women-meet-greet-550x413.jpg 550w, https:\/\/itftkd.sport\/es\/wp-content\/uploads\/sites\/7\/2023\/09\/feature-image-women-meet-greet-350x263.jpg 350w, https:\/\/itftkd.sport\/es\/wp-content\/uploads\/sites\/7\/2023\/09\/feature-image-women-meet-greet-260x195.jpg 260w\" sizes=\"auto, (max-width: 800px) 100vw, 800px\" \/><\/a><\/figure><\/div>\n\n\n\n<div class=\"wp-block-column is-layout-flow wp-block-column-is-layout-flow\" style=\"flex-basis:55%\"><h2 class=\"wp-block-post-title has-text-color has-vivid-red-color\"><a href=\"https:\/\/itftkd.sport\/es\/mujeres-se-encuentran-y-saludan-en-tampere-finlandia\/\" target=\"_self\" >Mujeres se encuentran y saludan en Tampere, Finlandia<\/a><\/h2>\n\n<div class=\"wp-block-post-date has-small-font-size\"><time datetime=\"2023-09-08T21:30:00+02:00\">septiembre 8, 2023<\/time><\/div>\n\n<div class=\"has-text-align-left wp-block-post-excerpt\"><p class=\"wp-block-post-excerpt__excerpt\">El primer Encuentro y Saludo de mujeres durante los Campeonatos Mundiales de la ITF fue muy inspirador con historias acerca de, por ejemplo, las luchas de una mujer en un<\/p><p class=\"wp-block-post-excerpt__more-text\"><a class=\"wp-block-post-excerpt__more-link\" href=\"https:\/\/itftkd.sport\/es\/mujeres-se-encuentran-y-saludan-en-tampere-finlandia\/\">Read more<\/a><\/p><\/div><\/div>\n<\/div>\n\n<\/li><li class=\"wp-block-post post-29957 post type-post status-publish format-standard has-post-thumbnail category-campeonato-mundial-2023 category-noticias-institucionales category-ultimas-noticias category-viii-copa-del-mundo entry\">\n\n<div class=\"wp-block-columns has-background is-layout-flex wp-container-core-columns-is-layout-9d6595d7 wp-block-columns-is-layout-flex\" style=\"background-color:#e4e4e4\">\n<div class=\"wp-block-column is-layout-flow wp-block-column-is-layout-flow\" style=\"flex-basis:40%\"><figure class=\"wp-block-post-featured-image\"><a href=\"https:\/\/itftkd.sport\/es\/la-agencia-mundial-antidoping-wada-felicito-al-gm-weiler-por-su-reeleccion\/\" target=\"_self\"  ><img loading=\"lazy\" decoding=\"async\" width=\"800\" height=\"600\" src=\"https:\/\/itftkd.sport\/es\/wp-content\/uploads\/sites\/7\/2023\/09\/feature-image-WADA_Letter_Paul_Weiler.jpg\" class=\"attachment-post-thumbnail size-post-thumbnail wp-post-image\" alt=\"La Agencia Mundial Antidoping (WADA) felicit\u00f3 al GM Weiler por su reelecci\u00f3n\" style=\"object-fit:cover;\" srcset=\"https:\/\/itftkd.sport\/es\/wp-content\/uploads\/sites\/7\/2023\/09\/feature-image-WADA_Letter_Paul_Weiler.jpg 800w, https:\/\/itftkd.sport\/es\/wp-content\/uploads\/sites\/7\/2023\/09\/feature-image-WADA_Letter_Paul_Weiler-300x225.jpg 300w, https:\/\/itftkd.sport\/es\/wp-content\/uploads\/sites\/7\/2023\/09\/feature-image-WADA_Letter_Paul_Weiler-768x576.jpg 768w, https:\/\/itftkd.sport\/es\/wp-content\/uploads\/sites\/7\/2023\/09\/feature-image-WADA_Letter_Paul_Weiler-550x413.jpg 550w, https:\/\/itftkd.sport\/es\/wp-content\/uploads\/sites\/7\/2023\/09\/feature-image-WADA_Letter_Paul_Weiler-350x263.jpg 350w, https:\/\/itftkd.sport\/es\/wp-content\/uploads\/sites\/7\/2023\/09\/feature-image-WADA_Letter_Paul_Weiler-260x195.jpg 260w\" sizes=\"auto, (max-width: 800px) 100vw, 800px\" \/><\/a><\/figure><\/div>\n\n\n\n<div class=\"wp-block-column is-layout-flow wp-block-column-is-layout-flow\" style=\"flex-basis:55%\"><h2 class=\"wp-block-post-title has-text-color has-vivid-red-color\"><a href=\"https:\/\/itftkd.sport\/es\/la-agencia-mundial-antidoping-wada-felicito-al-gm-weiler-por-su-reeleccion\/\" target=\"_self\" >La Agencia Mundial Antidoping (WADA) felicit\u00f3 al GM Weiler por su reelecci\u00f3n<\/a><\/h2>\n\n<div class=\"wp-block-post-date has-small-font-size\"><time datetime=\"2023-09-08T20:40:00+02:00\">septiembre 8, 2023<\/time><\/div>\n\n<div class=\"has-text-align-left wp-block-post-excerpt\"><p class=\"wp-block-post-excerpt__excerpt\">El 5 de septiembre de 2023, el GM Paul Weiler fue reelegido presidente de la ITF para el per\u00edodo 2023-2027. Las primeras felicitaciones del mundo de las organizaciones deportivas vinieron<\/p><p class=\"wp-block-post-excerpt__more-text\"><a class=\"wp-block-post-excerpt__more-link\" href=\"https:\/\/itftkd.sport\/es\/la-agencia-mundial-antidoping-wada-felicito-al-gm-weiler-por-su-reeleccion\/\">Read more<\/a><\/p><\/div><\/div>\n<\/div>\n\n<\/li><\/ul>\n\n<nav class=\"wp-block-query-pagination is-content-justification-center is-layout-flex wp-container-core-query-pagination-is-layout-16018d1d wp-block-query-pagination-is-layout-flex\" aria-label=\"Paginaci\u00f3n\">\n\n\n<div class=\"wp-block-query-pagination-numbers\"><span aria-current=\"page\" class=\"page-numbers current\">1<\/span>\n<a class=\"page-numbers\" href=\"?query-21-page=2\">2<\/a>\n<a class=\"page-numbers\" href=\"?query-21-page=3\">3<\/a><\/div>\n\n<a href=\"\/es\/wp-json\/wp\/v2\/pages\/29874?query-21-page=2\" class=\"wp-block-query-pagination-next\">P\u00e1gina siguiente<span class='wp-block-query-pagination-next-arrow is-arrow-arrow' aria-hidden='true'>\u2192<\/span><\/a>\n<\/nav><\/div>\n","protected":false},"excerpt":{"rendered":"","protected":false},"author":4,"featured_media":27187,"parent":0,"menu_order":0,"comment_status":"closed","ping_status":"closed","template":"","meta":{"_tec_requires_first_save":true,"_uag_custom_page_level_css":"","_genesis_hide_title":false,"_genesis_hide_breadcrumbs":false,"_genesis_hide_singular_image":false,"_genesis_hide_footer_widgets":false,"_genesis_custom_body_class":"","_genesis_custom_post_class":"","_genesis_layout":"","_EventAllDay":false,"_EventTimezone":"","_EventStartDate":"","_EventEndDate":"","_EventStartDateUTC":"","_EventEndDateUTC":"","_EventShowMap":false,"_EventShowMapLink":false,"_EventURL":"","_EventCost":"","_EventCostDescription":"","_EventCurrencySymbol":"","_EventCurrencyCode":"","_EventCurrencyPosition":"","_EventDateTimeSeparator":"","_EventTimeRangeSeparator":"","_EventOrganizerID":[],"_EventVenueID":[],"_OrganizerEmail":"","_OrganizerPhone":"","_OrganizerWebsite":"","_VenueAddress":"","_VenueCity":"","_VenueCountry":"","_VenueProvince":"","_VenueState":"","_VenueZip":"","_VenuePhone":"","_VenueURL":"","_VenueStateProvince":"","_VenueLat":"","_VenueLng":"","_VenueShowMap":false,"_VenueShowMapLink":false,"_tribe_blocks_recurrence_rules":"","_tribe_blocks_recurrence_description":"","_tribe_blocks_recurrence_exclusions":"","editor_notices":[],"footnotes":""},"class_list":["post-29874","page","type-page","status-publish","has-post-thumbnail","entry"],"featured_image_src":"https:\/\/itftkd.sport\/es\/wp-content\/uploads\/sites\/7\/2022\/01\/1200-x-545-600x400.jpg","featured_image_src_square":"https:\/\/itftkd.sport\/es\/wp-content\/uploads\/sites\/7\/2022\/01\/1200-x-545-600x545.jpg","uagb_featured_image_src":{"full":["https:\/\/itftkd.sport\/es\/wp-content\/uploads\/sites\/7\/2022\/01\/1200-x-545.jpg",1200,545,false],"thumbnail":["https:\/\/itftkd.sport\/es\/wp-content\/uploads\/sites\/7\/2022\/01\/1200-x-545-150x150.jpg",150,150,true],"medium":["https:\/\/itftkd.sport\/es\/wp-content\/uploads\/sites\/7\/2022\/01\/1200-x-545-300x136.jpg",300,136,true],"medium_large":["https:\/\/itftkd.sport\/es\/wp-content\/uploads\/sites\/7\/2022\/01\/1200-x-545-768x349.jpg",768,349,true],"large":["https:\/\/itftkd.sport\/es\/wp-content\/uploads\/sites\/7\/2022\/01\/1200-x-545-1024x465.jpg",1024,465,true],"1536x1536":["https:\/\/itftkd.sport\/es\/wp-content\/uploads\/sites\/7\/2022\/01\/1200-x-545.jpg",1200,545,false],"2048x2048":["https:\/\/itftkd.sport\/es\/wp-content\/uploads\/sites\/7\/2022\/01\/1200-x-545.jpg",1200,545,false],"banner":["https:\/\/itftkd.sport\/es\/wp-content\/uploads\/sites\/7\/2022\/01\/1200-x-545-1200x533.jpg",1200,533,true],"section":["https:\/\/itftkd.sport\/es\/wp-content\/uploads\/sites\/7\/2022\/01\/1200-x-545.jpg",1200,545,false],"full-width":["https:\/\/itftkd.sport\/es\/wp-content\/uploads\/sites\/7\/2022\/01\/1200-x-545.jpg",1200,545,false],"featured":["https:\/\/itftkd.sport\/es\/wp-content\/uploads\/sites\/7\/2022\/01\/1200-x-545-800x545.jpg",800,545,true],"one-half":["https:\/\/itftkd.sport\/es\/wp-content\/uploads\/sites\/7\/2022\/01\/1200-x-545-550x413.jpg",550,413,true],"one-third":["https:\/\/itftkd.sport\/es\/wp-content\/uploads\/sites\/7\/2022\/01\/1200-x-545-350x263.jpg",350,263,true],"one-fourth":["https:\/\/itftkd.sport\/es\/wp-content\/uploads\/sites\/7\/2022\/01\/1200-x-545-260x195.jpg",260,195,true],"tiny":["https:\/\/itftkd.sport\/es\/wp-content\/uploads\/sites\/7\/2022\/01\/1200-x-545-80x80.jpg",80,80,true],"ab-block-post-grid-landscape":["https:\/\/itftkd.sport\/es\/wp-content\/uploads\/sites\/7\/2022\/01\/1200-x-545-600x400.jpg",600,400,true],"ab-block-post-grid-square":["https:\/\/itftkd.sport\/es\/wp-content\/uploads\/sites\/7\/2022\/01\/1200-x-545-600x545.jpg",600,545,true],"gform-image-choice-sm":["https:\/\/itftkd.sport\/es\/wp-content\/uploads\/sites\/7\/2022\/01\/1200-x-545.jpg",300,136,false],"gform-image-choice-md":["https:\/\/itftkd.sport\/es\/wp-content\/uploads\/sites\/7\/2022\/01\/1200-x-545.jpg",400,182,false],"gform-image-choice-lg":["https:\/\/itftkd.sport\/es\/wp-content\/uploads\/sites\/7\/2022\/01\/1200-x-545.jpg",600,273,false]},"uagb_author_info":{"display_name":"FABIAN ITF","author_link":"https:\/\/itftkd.sport\/es\/author\/fabian-itf\/"},"uagb_comment_info":0,"uagb_excerpt":null,"_links":{"self":[{"href":"https:\/\/itftkd.sport\/es\/wp-json\/wp\/v2\/pages\/29874","targetHints":{"allow":["GET"]}}],"collection":[{"href":"https:\/\/itftkd.sport\/es\/wp-json\/wp\/v2\/pages"}],"about":[{"href":"https:\/\/itftkd.sport\/es\/wp-json\/wp\/v2\/types\/page"}],"author":[{"embeddable":true,"href":"https:\/\/itftkd.sport\/es\/wp-json\/wp\/v2\/users\/4"}],"replies":[{"embeddable":true,"href":"https:\/\/itftkd.sport\/es\/wp-json\/wp\/v2\/comments?post=29874"}],"version-history":[{"count":2,"href":"https:\/\/itftkd.sport\/es\/wp-json\/wp\/v2\/pages\/29874\/revisions"}],"predecessor-version":[{"id":29877,"href":"https:\/\/itftkd.sport\/es\/wp-json\/wp\/v2\/pages\/29874\/revisions\/29877"}],"wp:featuredmedia":[{"embeddable":true,"href":"https:\/\/itftkd.sport\/es\/wp-json\/wp\/v2\/media\/27187"}],"wp:attachment":[{"href":"https:\/\/itftkd.sport\/es\/wp-json\/wp\/v2\/media?parent=29874"}],"curies":[{"name":"wp","href":"https:\/\/api.w.org\/{rel}","templated":true}]}}