{"id":28659,"date":"2022-09-27T12:09:22","date_gmt":"2022-09-27T10:09:22","guid":{"rendered":"https:\/\/itftkd.sport\/es\/?page_id=28659"},"modified":"2022-10-03T15:43:36","modified_gmt":"2022-10-03T13:43:36","slug":"viii-copa-del-mundo","status":"publish","type":"page","link":"https:\/\/itftkd.sport\/es\/viii-copa-del-mundo\/","title":{"rendered":"VIII Copa del Mundo"},"content":{"rendered":"<figure class=\"wp-block-post-featured-image\"><img loading=\"lazy\" decoding=\"async\" width=\"801\" height=\"221\" src=\"https:\/\/itftkd.sport\/es\/wp-content\/uploads\/sites\/7\/2022\/09\/Encabezado-copa-del-mundo-noticias-diarias.png\" class=\"attachment-post-thumbnail size-post-thumbnail wp-post-image\" alt=\"Encabezado copa del mundo noticias diarias\" style=\"object-fit:cover;\" srcset=\"https:\/\/itftkd.sport\/es\/wp-content\/uploads\/sites\/7\/2022\/09\/Encabezado-copa-del-mundo-noticias-diarias.png 801w, https:\/\/itftkd.sport\/es\/wp-content\/uploads\/sites\/7\/2022\/09\/Encabezado-copa-del-mundo-noticias-diarias-300x83.png 300w, https:\/\/itftkd.sport\/es\/wp-content\/uploads\/sites\/7\/2022\/09\/Encabezado-copa-del-mundo-noticias-diarias-768x212.png 768w\" sizes=\"auto, (max-width: 801px) 100vw, 801px\" \/><\/figure>\n\n\n<div style=\"height:30px\" aria-hidden=\"true\" class=\"wp-block-spacer\"><\/div>\n\n\n\n<div class=\"wp-block-query is-layout-flow wp-block-query-is-layout-flow\"><ul class=\"wp-block-post-template is-layout-flow wp-block-post-template-is-layout-flow\"><li class=\"wp-block-post post-29957 post type-post status-publish format-standard has-post-thumbnail category-campeonato-mundial-2023 category-noticias-institucionales category-ultimas-noticias category-viii-copa-del-mundo entry\">\n\n<div class=\"wp-block-columns has-background is-layout-flex wp-container-core-columns-is-layout-9d6595d7 wp-block-columns-is-layout-flex\" style=\"background-color:#e4e4e4\">\n<div class=\"wp-block-column is-layout-flow wp-block-column-is-layout-flow\" style=\"flex-basis:40%\"><figure class=\"wp-block-post-featured-image\"><a href=\"https:\/\/itftkd.sport\/es\/la-agencia-mundial-antidoping-wada-felicito-al-gm-weiler-por-su-reeleccion\/\" target=\"_self\"  ><img loading=\"lazy\" decoding=\"async\" width=\"800\" height=\"600\" src=\"https:\/\/itftkd.sport\/es\/wp-content\/uploads\/sites\/7\/2023\/09\/feature-image-WADA_Letter_Paul_Weiler.jpg\" class=\"attachment-post-thumbnail size-post-thumbnail wp-post-image\" alt=\"La Agencia Mundial Antidoping (WADA) felicit\u00f3 al GM Weiler por su reelecci\u00f3n\" style=\"object-fit:cover;\" srcset=\"https:\/\/itftkd.sport\/es\/wp-content\/uploads\/sites\/7\/2023\/09\/feature-image-WADA_Letter_Paul_Weiler.jpg 800w, https:\/\/itftkd.sport\/es\/wp-content\/uploads\/sites\/7\/2023\/09\/feature-image-WADA_Letter_Paul_Weiler-300x225.jpg 300w, https:\/\/itftkd.sport\/es\/wp-content\/uploads\/sites\/7\/2023\/09\/feature-image-WADA_Letter_Paul_Weiler-768x576.jpg 768w, https:\/\/itftkd.sport\/es\/wp-content\/uploads\/sites\/7\/2023\/09\/feature-image-WADA_Letter_Paul_Weiler-550x413.jpg 550w, https:\/\/itftkd.sport\/es\/wp-content\/uploads\/sites\/7\/2023\/09\/feature-image-WADA_Letter_Paul_Weiler-350x263.jpg 350w, https:\/\/itftkd.sport\/es\/wp-content\/uploads\/sites\/7\/2023\/09\/feature-image-WADA_Letter_Paul_Weiler-260x195.jpg 260w\" sizes=\"auto, (max-width: 800px) 100vw, 800px\" \/><\/a><\/figure><\/div>\n\n\n\n<div class=\"wp-block-column is-layout-flow wp-block-column-is-layout-flow\" style=\"flex-basis:55%\"><h2 class=\"wp-block-post-title has-text-color has-vivid-red-color\"><a href=\"https:\/\/itftkd.sport\/es\/la-agencia-mundial-antidoping-wada-felicito-al-gm-weiler-por-su-reeleccion\/\" target=\"_self\" >La Agencia Mundial Antidoping (WADA) felicit\u00f3 al GM Weiler por su reelecci\u00f3n<\/a><\/h2>\n\n<div class=\"wp-block-post-date has-small-font-size\"><time datetime=\"2023-09-08T20:40:00+02:00\">septiembre 8, 2023<\/time><\/div>\n\n<div class=\"has-text-align-left wp-block-post-excerpt\"><p class=\"wp-block-post-excerpt__excerpt\">El 5 de septiembre de 2023, el GM Paul Weiler fue reelegido presidente de la ITF para el per\u00edodo 2023-2027. Las primeras felicitaciones del mundo de las organizaciones deportivas vinieron<\/p><p class=\"wp-block-post-excerpt__more-text\"><a class=\"wp-block-post-excerpt__more-link\" href=\"https:\/\/itftkd.sport\/es\/la-agencia-mundial-antidoping-wada-felicito-al-gm-weiler-por-su-reeleccion\/\">Leer m\u00e1s<\/a><\/p><\/div><\/div>\n<\/div>\n\n<\/li><li class=\"wp-block-post post-28880 post type-post status-publish format-standard has-post-thumbnail category-destacadas category-ultimas-noticias category-viii-copa-del-mundo entry\">\n\n<div class=\"wp-block-columns has-background is-layout-flex wp-container-core-columns-is-layout-9d6595d7 wp-block-columns-is-layout-flex\" style=\"background-color:#e4e4e4\">\n<div class=\"wp-block-column is-layout-flow wp-block-column-is-layout-flow\" style=\"flex-basis:40%\"><figure class=\"wp-block-post-featured-image\"><a href=\"https:\/\/itftkd.sport\/es\/reporte-de-la-copa-del-mundo-ultimo-dia-thisiskoper\/\" target=\"_self\"  ><img loading=\"lazy\" decoding=\"async\" width=\"1039\" height=\"780\" src=\"https:\/\/itftkd.sport\/es\/wp-content\/uploads\/sites\/7\/2022\/10\/Featured-Image-WC-Koper-last-day.png\" class=\"attachment-post-thumbnail size-post-thumbnail wp-post-image\" alt=\"Reporte de la Copa del Mundo: \u00faltimo d\u00eda #ThisIsKoper\" style=\"object-fit:cover;\" srcset=\"https:\/\/itftkd.sport\/es\/wp-content\/uploads\/sites\/7\/2022\/10\/Featured-Image-WC-Koper-last-day.png 1039w, https:\/\/itftkd.sport\/es\/wp-content\/uploads\/sites\/7\/2022\/10\/Featured-Image-WC-Koper-last-day-300x225.png 300w, https:\/\/itftkd.sport\/es\/wp-content\/uploads\/sites\/7\/2022\/10\/Featured-Image-WC-Koper-last-day-1024x769.png 1024w, https:\/\/itftkd.sport\/es\/wp-content\/uploads\/sites\/7\/2022\/10\/Featured-Image-WC-Koper-last-day-768x577.png 768w, https:\/\/itftkd.sport\/es\/wp-content\/uploads\/sites\/7\/2022\/10\/Featured-Image-WC-Koper-last-day-800x600.png 800w, https:\/\/itftkd.sport\/es\/wp-content\/uploads\/sites\/7\/2022\/10\/Featured-Image-WC-Koper-last-day-550x413.png 550w, https:\/\/itftkd.sport\/es\/wp-content\/uploads\/sites\/7\/2022\/10\/Featured-Image-WC-Koper-last-day-350x263.png 350w, https:\/\/itftkd.sport\/es\/wp-content\/uploads\/sites\/7\/2022\/10\/Featured-Image-WC-Koper-last-day-260x195.png 260w\" sizes=\"auto, (max-width: 1039px) 100vw, 1039px\" \/><\/a><\/figure><\/div>\n\n\n\n<div class=\"wp-block-column is-layout-flow wp-block-column-is-layout-flow\" style=\"flex-basis:55%\"><h2 class=\"wp-block-post-title has-text-color has-vivid-red-color\"><a href=\"https:\/\/itftkd.sport\/es\/reporte-de-la-copa-del-mundo-ultimo-dia-thisiskoper\/\" target=\"_self\" >Reporte de la Copa del Mundo: \u00faltimo d\u00eda #ThisIsKoper<\/a><\/h2>\n\n<div class=\"wp-block-post-date has-small-font-size\"><time datetime=\"2022-10-10T15:17:32+02:00\">octubre 10, 2022<\/time><\/div>\n\n<div class=\"has-text-align-left wp-block-post-excerpt\"><p class=\"wp-block-post-excerpt__excerpt\">GRACIAS KOPER Como cada d\u00eda de clausura de un gran evento, los sentimientos se amontonan en la puerta de nuestro coraz\u00f3n, para derramarse en nuestro camino por mucho tiempo. Un<\/p><p class=\"wp-block-post-excerpt__more-text\"><a class=\"wp-block-post-excerpt__more-link\" href=\"https:\/\/itftkd.sport\/es\/reporte-de-la-copa-del-mundo-ultimo-dia-thisiskoper\/\">Leer m\u00e1s<\/a><\/p><\/div><\/div>\n<\/div>\n\n<\/li><li class=\"wp-block-post post-28860 post type-post status-publish format-standard has-post-thumbnail category-ultimas-noticias category-viii-copa-del-mundo entry\">\n\n<div class=\"wp-block-columns has-background is-layout-flex wp-container-core-columns-is-layout-9d6595d7 wp-block-columns-is-layout-flex\" style=\"background-color:#e4e4e4\">\n<div class=\"wp-block-column is-layout-flow wp-block-column-is-layout-flow\" style=\"flex-basis:40%\"><figure class=\"wp-block-post-featured-image\"><a href=\"https:\/\/itftkd.sport\/es\/visita-destacada-en-la-finalizacion-de-la-copa-del-mundo\/\" target=\"_self\"  ><img loading=\"lazy\" decoding=\"async\" width=\"800\" height=\"600\" src=\"https:\/\/itftkd.sport\/es\/wp-content\/uploads\/sites\/7\/2022\/10\/Featured-Image-WC-Koper-fith-day-GM-Nobillo.jpg\" class=\"attachment-post-thumbnail size-post-thumbnail wp-post-image\" alt=\"Visita destacada en la finalizaci\u00f3n de la Copa del Mundo\" style=\"object-fit:cover;\" srcset=\"https:\/\/itftkd.sport\/es\/wp-content\/uploads\/sites\/7\/2022\/10\/Featured-Image-WC-Koper-fith-day-GM-Nobillo.jpg 800w, https:\/\/itftkd.sport\/es\/wp-content\/uploads\/sites\/7\/2022\/10\/Featured-Image-WC-Koper-fith-day-GM-Nobillo-300x225.jpg 300w, https:\/\/itftkd.sport\/es\/wp-content\/uploads\/sites\/7\/2022\/10\/Featured-Image-WC-Koper-fith-day-GM-Nobillo-768x576.jpg 768w, https:\/\/itftkd.sport\/es\/wp-content\/uploads\/sites\/7\/2022\/10\/Featured-Image-WC-Koper-fith-day-GM-Nobillo-550x413.jpg 550w, https:\/\/itftkd.sport\/es\/wp-content\/uploads\/sites\/7\/2022\/10\/Featured-Image-WC-Koper-fith-day-GM-Nobillo-350x263.jpg 350w, https:\/\/itftkd.sport\/es\/wp-content\/uploads\/sites\/7\/2022\/10\/Featured-Image-WC-Koper-fith-day-GM-Nobillo-260x195.jpg 260w\" sizes=\"auto, (max-width: 800px) 100vw, 800px\" \/><\/a><\/figure><\/div>\n\n\n\n<div class=\"wp-block-column is-layout-flow wp-block-column-is-layout-flow\" style=\"flex-basis:55%\"><h2 class=\"wp-block-post-title has-text-color has-vivid-red-color\"><a href=\"https:\/\/itftkd.sport\/es\/visita-destacada-en-la-finalizacion-de-la-copa-del-mundo\/\" target=\"_self\" >Visita destacada en la finalizaci\u00f3n de la Copa del Mundo<\/a><\/h2>\n\n<div class=\"wp-block-post-date has-small-font-size\"><time datetime=\"2022-10-09T02:04:36+02:00\">octubre 9, 2022<\/time><\/div>\n\n<div class=\"has-text-align-left wp-block-post-excerpt\"><p class=\"wp-block-post-excerpt__excerpt\">Cerca del final de la Copa del Mundo, el Gran Maestro Anto Nobilo, actual presidente de la Federaci\u00f3n Croata de Taekwondo, una organizaci\u00f3n miembro de World Taekwondo (WT), fue invitado<\/p><p class=\"wp-block-post-excerpt__more-text\"><a class=\"wp-block-post-excerpt__more-link\" href=\"https:\/\/itftkd.sport\/es\/visita-destacada-en-la-finalizacion-de-la-copa-del-mundo\/\">Leer m\u00e1s<\/a><\/p><\/div><\/div>\n<\/div>\n\n<\/li><li class=\"wp-block-post post-28864 post type-post status-publish format-standard has-post-thumbnail category-ultimas-noticias category-viii-copa-del-mundo entry\">\n\n<div class=\"wp-block-columns has-background is-layout-flex wp-container-core-columns-is-layout-9d6595d7 wp-block-columns-is-layout-flex\" style=\"background-color:#e4e4e4\">\n<div class=\"wp-block-column is-layout-flow wp-block-column-is-layout-flow\" style=\"flex-basis:40%\"><figure class=\"wp-block-post-featured-image\"><a href=\"https:\/\/itftkd.sport\/es\/el-ultimo-dia-en-imagenes\/\" target=\"_self\"  ><img loading=\"lazy\" decoding=\"async\" width=\"800\" height=\"600\" src=\"https:\/\/itftkd.sport\/es\/wp-content\/uploads\/sites\/7\/2022\/10\/Featured-Image-WC-Koper-fifth-day-closing.jpg\" class=\"attachment-post-thumbnail size-post-thumbnail wp-post-image\" alt=\"El \u00faltimo d\u00eda en im\u00e1genes\" style=\"object-fit:cover;\" srcset=\"https:\/\/itftkd.sport\/es\/wp-content\/uploads\/sites\/7\/2022\/10\/Featured-Image-WC-Koper-fifth-day-closing.jpg 800w, https:\/\/itftkd.sport\/es\/wp-content\/uploads\/sites\/7\/2022\/10\/Featured-Image-WC-Koper-fifth-day-closing-300x225.jpg 300w, https:\/\/itftkd.sport\/es\/wp-content\/uploads\/sites\/7\/2022\/10\/Featured-Image-WC-Koper-fifth-day-closing-768x576.jpg 768w, https:\/\/itftkd.sport\/es\/wp-content\/uploads\/sites\/7\/2022\/10\/Featured-Image-WC-Koper-fifth-day-closing-550x413.jpg 550w, https:\/\/itftkd.sport\/es\/wp-content\/uploads\/sites\/7\/2022\/10\/Featured-Image-WC-Koper-fifth-day-closing-350x263.jpg 350w, https:\/\/itftkd.sport\/es\/wp-content\/uploads\/sites\/7\/2022\/10\/Featured-Image-WC-Koper-fifth-day-closing-260x195.jpg 260w\" sizes=\"auto, (max-width: 800px) 100vw, 800px\" \/><\/a><\/figure><\/div>\n\n\n\n<div class=\"wp-block-column is-layout-flow wp-block-column-is-layout-flow\" style=\"flex-basis:55%\"><h2 class=\"wp-block-post-title has-text-color has-vivid-red-color\"><a href=\"https:\/\/itftkd.sport\/es\/el-ultimo-dia-en-imagenes\/\" target=\"_self\" >El \u00faltimo d\u00eda en im\u00e1genes<\/a><\/h2>\n\n<div class=\"wp-block-post-date has-small-font-size\"><time datetime=\"2022-10-09T02:02:00+02:00\">octubre 9, 2022<\/time><\/div>\n\n<div class=\"has-text-align-left wp-block-post-excerpt\"><p class=\"wp-block-post-excerpt__excerpt\">Y la VIII edici\u00f3n de la Copa del Mundo, esta vez en Koper, Eslovenia, lleg\u00f3 a su fin. Debajo encontrar\u00e1 m\u00e1s momentos de este quinto d\u00eda, captados por una c\u00e1mara.<\/p><p class=\"wp-block-post-excerpt__more-text\"><a class=\"wp-block-post-excerpt__more-link\" href=\"https:\/\/itftkd.sport\/es\/el-ultimo-dia-en-imagenes\/\">Leer m\u00e1s<\/a><\/p><\/div><\/div>\n<\/div>\n\n<\/li><li class=\"wp-block-post post-28850 post type-post status-publish format-standard has-post-thumbnail category-ultimas-noticias category-viii-copa-del-mundo entry\">\n\n<div class=\"wp-block-columns has-background is-layout-flex wp-container-core-columns-is-layout-9d6595d7 wp-block-columns-is-layout-flex\" style=\"background-color:#e4e4e4\">\n<div class=\"wp-block-column is-layout-flow wp-block-column-is-layout-flow\" style=\"flex-basis:40%\"><figure class=\"wp-block-post-featured-image\"><a href=\"https:\/\/itftkd.sport\/es\/una-final-perdida-y-un-triunfo-compartido\/\" target=\"_self\"  ><img loading=\"lazy\" decoding=\"async\" width=\"800\" height=\"600\" src=\"https:\/\/itftkd.sport\/es\/wp-content\/uploads\/sites\/7\/2022\/10\/Featured-Image-WC-a-lost-final-and-a-shared-triumph.jpg\" class=\"attachment-post-thumbnail size-post-thumbnail wp-post-image\" alt=\"#ThisIsKoper: Una final perdida y un triunfo compartido\" style=\"object-fit:cover;\" srcset=\"https:\/\/itftkd.sport\/es\/wp-content\/uploads\/sites\/7\/2022\/10\/Featured-Image-WC-a-lost-final-and-a-shared-triumph.jpg 800w, https:\/\/itftkd.sport\/es\/wp-content\/uploads\/sites\/7\/2022\/10\/Featured-Image-WC-a-lost-final-and-a-shared-triumph-300x225.jpg 300w, https:\/\/itftkd.sport\/es\/wp-content\/uploads\/sites\/7\/2022\/10\/Featured-Image-WC-a-lost-final-and-a-shared-triumph-768x576.jpg 768w, https:\/\/itftkd.sport\/es\/wp-content\/uploads\/sites\/7\/2022\/10\/Featured-Image-WC-a-lost-final-and-a-shared-triumph-550x413.jpg 550w, https:\/\/itftkd.sport\/es\/wp-content\/uploads\/sites\/7\/2022\/10\/Featured-Image-WC-a-lost-final-and-a-shared-triumph-350x263.jpg 350w, https:\/\/itftkd.sport\/es\/wp-content\/uploads\/sites\/7\/2022\/10\/Featured-Image-WC-a-lost-final-and-a-shared-triumph-260x195.jpg 260w\" sizes=\"auto, (max-width: 800px) 100vw, 800px\" \/><\/a><\/figure><\/div>\n\n\n\n<div class=\"wp-block-column is-layout-flow wp-block-column-is-layout-flow\" style=\"flex-basis:55%\"><h2 class=\"wp-block-post-title has-text-color has-vivid-red-color\"><a href=\"https:\/\/itftkd.sport\/es\/una-final-perdida-y-un-triunfo-compartido\/\" target=\"_self\" >#ThisIsKoper: Una final perdida y un triunfo compartido<\/a><\/h2>\n\n<div class=\"wp-block-post-date has-small-font-size\"><time datetime=\"2022-10-08T14:55:00+02:00\">octubre 8, 2022<\/time><\/div>\n\n<div class=\"has-text-align-left wp-block-post-excerpt\"><p class=\"wp-block-post-excerpt__excerpt\">El pen\u00faltimo d\u00eda de competici\u00f3n nos regal\u00f3 una vez m\u00e1s un sinf\u00edn de momentos memorables. Por un lado la competici\u00f3n de juveniles con \u00edmpetu y ansiedad por la victoria y<\/p><p class=\"wp-block-post-excerpt__more-text\"><a class=\"wp-block-post-excerpt__more-link\" href=\"https:\/\/itftkd.sport\/es\/una-final-perdida-y-un-triunfo-compartido\/\">Leer m\u00e1s<\/a><\/p><\/div><\/div>\n<\/div>\n\n<\/li><\/ul>\n\n<nav class=\"wp-block-query-pagination is-content-justification-center is-layout-flex wp-container-core-query-pagination-is-layout-16018d1d wp-block-query-pagination-is-layout-flex\" aria-label=\"Paginaci\u00f3n\">\n\n\n<div class=\"wp-block-query-pagination-numbers\"><span aria-current=\"page\" class=\"page-numbers current\">1<\/span>\n<a class=\"page-numbers\" href=\"?query-21-page=2\">2<\/a>\n<a class=\"page-numbers\" href=\"?query-21-page=3\">3<\/a>\n<span class=\"page-numbers dots\">&hellip;<\/span>\n<a class=\"page-numbers\" href=\"?query-21-page=5\">5<\/a><\/div>\n\n<a href=\"\/es\/wp-json\/wp\/v2\/pages\/28659?query-21-page=2\" class=\"wp-block-query-pagination-next\">P\u00e1gina siguiente<span class='wp-block-query-pagination-next-arrow is-arrow-arrow' aria-hidden='true'>\u2192<\/span><\/a>\n<\/nav><\/div>\n","protected":false},"excerpt":{"rendered":"","protected":false},"author":1,"featured_media":28669,"parent":0,"menu_order":0,"comment_status":"closed","ping_status":"closed","template":"","meta":{"_tec_requires_first_save":true,"_uag_custom_page_level_css":"","_genesis_hide_title":false,"_genesis_hide_breadcrumbs":false,"_genesis_hide_singular_image":false,"_genesis_hide_footer_widgets":false,"_genesis_custom_body_class":"daily-news","_genesis_custom_post_class":"","_genesis_layout":"","_EventAllDay":false,"_EventTimezone":"","_EventStartDate":"","_EventEndDate":"","_EventStartDateUTC":"","_EventEndDateUTC":"","_EventShowMap":false,"_EventShowMapLink":false,"_EventURL":"","_EventCost":"","_EventCostDescription":"","_EventCurrencySymbol":"","_EventCurrencyCode":"","_EventCurrencyPosition":"","_EventDateTimeSeparator":"","_EventTimeRangeSeparator":"","_EventOrganizerID":[],"_EventVenueID":[0],"_OrganizerEmail":"","_OrganizerPhone":"","_OrganizerWebsite":"","_VenueAddress":"","_VenueCity":"","_VenueCountry":"","_VenueProvince":"","_VenueState":"","_VenueZip":"","_VenuePhone":"","_VenueURL":"","_VenueStateProvince":"","_VenueLat":"","_VenueLng":"","_VenueShowMap":false,"_VenueShowMapLink":false,"_tribe_blocks_recurrence_rules":"","_tribe_blocks_recurrence_description":"","_tribe_blocks_recurrence_exclusions":"","editor_notices":[],"footnotes":""},"class_list":["post-28659","page","type-page","status-publish","has-post-thumbnail","entry"],"featured_image_src":"https:\/\/itftkd.sport\/es\/wp-content\/uploads\/sites\/7\/2022\/09\/Encabezado-copa-del-mundo-noticias-diarias-600x221.png","featured_image_src_square":"https:\/\/itftkd.sport\/es\/wp-content\/uploads\/sites\/7\/2022\/09\/Encabezado-copa-del-mundo-noticias-diarias-600x221.png","uagb_featured_image_src":{"full":["https:\/\/itftkd.sport\/es\/wp-content\/uploads\/sites\/7\/2022\/09\/Encabezado-copa-del-mundo-noticias-diarias.png",801,221,false],"thumbnail":["https:\/\/itftkd.sport\/es\/wp-content\/uploads\/sites\/7\/2022\/09\/Encabezado-copa-del-mundo-noticias-diarias-150x150.png",150,150,true],"medium":["https:\/\/itftkd.sport\/es\/wp-content\/uploads\/sites\/7\/2022\/09\/Encabezado-copa-del-mundo-noticias-diarias-300x83.png",300,83,true],"medium_large":["https:\/\/itftkd.sport\/es\/wp-content\/uploads\/sites\/7\/2022\/09\/Encabezado-copa-del-mundo-noticias-diarias-768x212.png",768,212,true],"large":["https:\/\/itftkd.sport\/es\/wp-content\/uploads\/sites\/7\/2022\/09\/Encabezado-copa-del-mundo-noticias-diarias.png",801,221,false],"1536x1536":["https:\/\/itftkd.sport\/es\/wp-content\/uploads\/sites\/7\/2022\/09\/Encabezado-copa-del-mundo-noticias-diarias.png",801,221,false],"2048x2048":["https:\/\/itftkd.sport\/es\/wp-content\/uploads\/sites\/7\/2022\/09\/Encabezado-copa-del-mundo-noticias-diarias.png",801,221,false],"banner":["https:\/\/itftkd.sport\/es\/wp-content\/uploads\/sites\/7\/2022\/09\/Encabezado-copa-del-mundo-noticias-diarias.png",801,221,false],"section":["https:\/\/itftkd.sport\/es\/wp-content\/uploads\/sites\/7\/2022\/09\/Encabezado-copa-del-mundo-noticias-diarias.png",801,221,false],"full-width":["https:\/\/itftkd.sport\/es\/wp-content\/uploads\/sites\/7\/2022\/09\/Encabezado-copa-del-mundo-noticias-diarias.png",801,221,false],"featured":["https:\/\/itftkd.sport\/es\/wp-content\/uploads\/sites\/7\/2022\/09\/Encabezado-copa-del-mundo-noticias-diarias.png",800,221,false],"one-half":["https:\/\/itftkd.sport\/es\/wp-content\/uploads\/sites\/7\/2022\/09\/Encabezado-copa-del-mundo-noticias-diarias-550x221.png",550,221,true],"one-third":["https:\/\/itftkd.sport\/es\/wp-content\/uploads\/sites\/7\/2022\/09\/Encabezado-copa-del-mundo-noticias-diarias-350x221.png",350,221,true],"one-fourth":["https:\/\/itftkd.sport\/es\/wp-content\/uploads\/sites\/7\/2022\/09\/Encabezado-copa-del-mundo-noticias-diarias-260x195.png",260,195,true],"tiny":["https:\/\/itftkd.sport\/es\/wp-content\/uploads\/sites\/7\/2022\/09\/Encabezado-copa-del-mundo-noticias-diarias-80x80.png",80,80,true],"ab-block-post-grid-landscape":["https:\/\/itftkd.sport\/es\/wp-content\/uploads\/sites\/7\/2022\/09\/Encabezado-copa-del-mundo-noticias-diarias-600x221.png",600,221,true],"ab-block-post-grid-square":["https:\/\/itftkd.sport\/es\/wp-content\/uploads\/sites\/7\/2022\/09\/Encabezado-copa-del-mundo-noticias-diarias-600x221.png",600,221,true],"gform-image-choice-sm":["https:\/\/itftkd.sport\/es\/wp-content\/uploads\/sites\/7\/2022\/09\/Encabezado-copa-del-mundo-noticias-diarias.png",300,83,false],"gform-image-choice-md":["https:\/\/itftkd.sport\/es\/wp-content\/uploads\/sites\/7\/2022\/09\/Encabezado-copa-del-mundo-noticias-diarias.png",400,110,false],"gform-image-choice-lg":["https:\/\/itftkd.sport\/es\/wp-content\/uploads\/sites\/7\/2022\/09\/Encabezado-copa-del-mundo-noticias-diarias.png",600,166,false]},"uagb_author_info":{"display_name":"mparraud","author_link":"https:\/\/itftkd.sport\/es\/author\/mparraud\/"},"uagb_comment_info":0,"uagb_excerpt":null,"_links":{"self":[{"href":"https:\/\/itftkd.sport\/es\/wp-json\/wp\/v2\/pages\/28659","targetHints":{"allow":["GET"]}}],"collection":[{"href":"https:\/\/itftkd.sport\/es\/wp-json\/wp\/v2\/pages"}],"about":[{"href":"https:\/\/itftkd.sport\/es\/wp-json\/wp\/v2\/types\/page"}],"author":[{"embeddable":true,"href":"https:\/\/itftkd.sport\/es\/wp-json\/wp\/v2\/users\/1"}],"replies":[{"embeddable":true,"href":"https:\/\/itftkd.sport\/es\/wp-json\/wp\/v2\/comments?post=28659"}],"version-history":[{"count":5,"href":"https:\/\/itftkd.sport\/es\/wp-json\/wp\/v2\/pages\/28659\/revisions"}],"predecessor-version":[{"id":28769,"href":"https:\/\/itftkd.sport\/es\/wp-json\/wp\/v2\/pages\/28659\/revisions\/28769"}],"wp:featuredmedia":[{"embeddable":true,"href":"https:\/\/itftkd.sport\/es\/wp-json\/wp\/v2\/media\/28669"}],"wp:attachment":[{"href":"https:\/\/itftkd.sport\/es\/wp-json\/wp\/v2\/media?parent=28659"}],"curies":[{"name":"wp","href":"https:\/\/api.w.org\/{rel}","templated":true}]}}