{"id":28641,"date":"2022-09-26T12:46:14","date_gmt":"2022-09-26T10:46:14","guid":{"rendered":"https:\/\/itftkd.sport\/es\/?page_id=28641"},"modified":"2022-09-27T12:29:30","modified_gmt":"2022-09-27T10:29:30","slug":"conmociones-cerebrales-en-taekwon-do-itf","status":"publish","type":"page","link":"https:\/\/itftkd.sport\/es\/conmociones-cerebrales-en-taekwon-do-itf\/","title":{"rendered":"Conmociones cerebrales en Taekwon-Do ITF"},"content":{"rendered":"\n<p>El Taekwon-Do ITF es un deporte de contacto, especialmente en combate. Como en todos los deportes de contacto, siempre existe la posibilidad de una conmoci\u00f3n cerebral. <\/p>\n\n\n\n<p>La ITF es consciente de su responsabilidad de aumentar la seguridad de los atletas y evitar da\u00f1os permanentes debido a una conmoci\u00f3n cerebral. <\/p>\n\n\n\n<p>Seg\u00fan el presidente de la ITF, el Gran Maestro Paul Weiler, \u201clas lesiones en la cabeza pueden tener graves consecuencias y todos tenemos una responsabilidad; el departamento m\u00e9dico, los \u00e1rbitros, los entrenadores y tambi\u00e9n la ITF como organizaci\u00f3n\u201d.<\/p>\n\n\n<div class=\"wp-block-image\">\n<figure class=\"aligncenter size-full has-mobile-text-align-center\"><img decoding=\"async\" src=\"https:\/\/itftkd.sport\/wp-content\/uploads\/2022\/09\/Pictue1.jpg\" alt=\"Concussion presentation\" class=\"wp-image-31047\" \/><\/figure>\n<\/div>\n\n\n<p>El combate ITF siempre ha sido un sistema de contacto ligero y requiere un equipo de seguridad adecuado que incluya protecci\u00f3n para la cabeza para evitar lesiones graves a los competidores. <\/p>\n\n\n\n<p>Para aumentar la seguridad de nuestros competidores, en 2021 la ITF introdujo la llamada Pol\u00edtica acerca de conmociones cerebrales en torneos, la que brinda al personal m\u00e9dico en todas las competencias de la ITF, un tiempo adicional para tratar a un competidor por una posible conmoci\u00f3n cerebral, especialmente si el motivo de la pausa m\u00e9dica fue como resultado de un golpe de pu\u00f1o o una patada en la cabeza. <\/p>\n\n\n\n<p>El personal m\u00e9dico seguir\u00e1 el cat\u00e1logo SCAT5 estandarizado y reconocido (Herramienta de evaluaci\u00f3n de conmociones cerebrales deportivas versi\u00f3n 5) para detectar de manera segura una posible conmoci\u00f3n cerebral.<\/p>\n\n\n\n<hr class=\"wp-block-separator has-alpha-channel-opacity\" \/>\n\n\n\n<p>En presentaciones virtuales el 27 de agosto y el 10 de septiembre de 2022 pr\u00f3ximos pasados, el Sr. Kirk Lee, un profesional m\u00e9dico con experiencia en competencias de la ITF, explic\u00f3 el peligro de las conmociones cerebrales (o lesi\u00f3n cerebral traum\u00e1tica) y c\u00f3mo se aplica la Pol\u00edtica sobre conmociones cerebrales de la ITF para detectar y tratar r\u00e1pidamente la posible conmoci\u00f3n cerebral en un evento de la ITF. <\/p>\n\n\n\n<p>Una grabaci\u00f3n de las presentaciones virtuales se puede encontrar a continuaci\u00f3n.<\/p>\n\n\n\n<figure class=\"wp-block-embed is-type-video is-provider-youtube wp-block-embed-youtube wp-embed-aspect-4-3 wp-has-aspect-ratio\"><div class=\"wp-block-embed__wrapper\">\n<iframe loading=\"lazy\" title=\"Presentaci\u00f3n de la pol\u00edtica de conmociones cerebrales de la ITF (grabaci\u00f3n en vivo el 10\/9\/2022)\" width=\"500\" height=\"375\" src=\"https:\/\/www.youtube.com\/embed\/ZhKAlmHgUV8?feature=oembed\" frameborder=\"0\" allow=\"accelerometer; autoplay; clipboard-write; encrypted-media; gyroscope; picture-in-picture; web-share\" referrerpolicy=\"strict-origin-when-cross-origin\" allowfullscreen><\/iframe>\n<\/div><\/figure>\n\n\n\n<blockquote class=\"wp-block-quote is-layout-flow wp-block-quote-is-layout-flow\"><p>\u00bfSabes que uno de los principales medios de comunicaci\u00f3n deportivos del mundo, insidethegames.biz inform\u00f3 sobre nuestra presentaci\u00f3n de la Pol\u00edtica sobre conmociones cerebrales? Aqu\u00ed puedes encontrar el art\u00edculo completo: <a rel=\"noreferrer noopener\" href=\"https:\/\/www.insidethegames.biz\/articles\/1127495\/taekwon-do-concussion\" target=\"_blank\">https:\/\/www.insidethegames.biz\/articles\/1127495\/taekwon-do-concussion<\/a><\/p><\/blockquote>\n\n\n\n<hr class=\"wp-block-separator has-alpha-channel-opacity\" \/>\n\n\n\n<p>El Comit\u00e9 M\u00e9dico y Antidoping de la ITF desarroll\u00f3 pautas sobre c\u00f3mo responder a una conmoci\u00f3n cerebral potencial o diagnosticada. <\/p>\n\n\n\n<p>Utilice las pautas a continuaci\u00f3n como un primer y m\u00ednimo paso en el tratamiento de una conmoci\u00f3n cerebral. Estas pautas no pueden reemplazar un tratamiento adecuado por parte de un profesional m\u00e9dico. <\/p>\n\n\n\n<p>En caso de duda, p\u00f3ngase en contacto con el <a href=\"https:\/\/itftkd.sport\/es\/nosotros-2\/comites\/comite-medico-y-antidoping\/\" class=\"ek-link\">Comit\u00e9 M\u00e9dico y Antidoping<\/a> directamente y preg\u00fantale a tu fisi\u00f3logo.<\/p>\n\n\n\n<div class=\"wp-block-file\"><a id=\"wp-block-file--media-d9c5df83-6ba6-4d55-8910-6848016b10f0\" href=\"https:\/\/itftkd.sport\/es\/wp-content\/uploads\/sites\/7\/2022\/09\/CONCUSSION-RECOVERY-DOC-SPANISH.pdf\">CONCUSSION-RECOVERY-DOC-SPANISH<\/a><a href=\"https:\/\/itftkd.sport\/es\/wp-content\/uploads\/sites\/7\/2022\/09\/CONCUSSION-RECOVERY-DOC-SPANISH.pdf\" class=\"wp-block-file__button\" download aria-describedby=\"wp-block-file--media-d9c5df83-6ba6-4d55-8910-6848016b10f0\">Download<\/a><\/div>\n","protected":false},"excerpt":{"rendered":"<p>El Taekwon-Do ITF es un deporte de contacto, especialmente en combate. Como en todos los deportes de contacto, siempre existe la posibilidad de una conmoci\u00f3n cerebral. La ITF es consciente &hellip;<\/p>\n","protected":false},"author":14,"featured_media":0,"parent":0,"menu_order":0,"comment_status":"closed","ping_status":"closed","template":"","meta":{"_tec_requires_first_save":true,"_uag_custom_page_level_css":"","_genesis_hide_title":false,"_genesis_hide_breadcrumbs":false,"_genesis_hide_singular_image":false,"_genesis_hide_footer_widgets":false,"_genesis_custom_body_class":"","_genesis_custom_post_class":"","_genesis_layout":"","_EventAllDay":false,"_EventTimezone":"","_EventStartDate":"","_EventEndDate":"","_EventStartDateUTC":"","_EventEndDateUTC":"","_EventShowMap":false,"_EventShowMapLink":false,"_EventURL":"","_EventCost":"","_EventCostDescription":"","_EventCurrencySymbol":"","_EventCurrencyCode":"","_EventCurrencyPosition":"","_EventDateTimeSeparator":"","_EventTimeRangeSeparator":"","_EventOrganizerID":[],"_EventVenueID":[0],"_OrganizerEmail":"","_OrganizerPhone":"","_OrganizerWebsite":"","_VenueAddress":"","_VenueCity":"","_VenueCountry":"","_VenueProvince":"","_VenueState":"","_VenueZip":"","_VenuePhone":"","_VenueURL":"","_VenueStateProvince":"","_VenueLat":"","_VenueLng":"","_VenueShowMap":false,"_VenueShowMapLink":false,"_tribe_blocks_recurrence_rules":"","_tribe_blocks_recurrence_description":"","_tribe_blocks_recurrence_exclusions":"","editor_notices":[],"footnotes":""},"class_list":["post-28641","page","type-page","status-publish","entry"],"featured_image_src":null,"featured_image_src_square":null,"uagb_featured_image_src":{"full":false,"thumbnail":false,"medium":false,"medium_large":false,"large":false,"1536x1536":false,"2048x2048":false,"banner":false,"section":false,"full-width":false,"featured":false,"one-half":false,"one-third":false,"one-fourth":false,"tiny":false,"ab-block-post-grid-landscape":false,"ab-block-post-grid-square":false,"gform-image-choice-sm":false,"gform-image-choice-md":false,"gform-image-choice-lg":false},"uagb_author_info":{"display_name":"Daniel Schmidt","author_link":"https:\/\/itftkd.sport\/es\/author\/daniel\/"},"uagb_comment_info":0,"uagb_excerpt":"El Taekwon-Do ITF es un deporte de contacto, especialmente en combate. Como en todos los deportes de contacto, siempre existe la posibilidad de una conmoci\u00f3n cerebral. La ITF es consciente &hellip;","_links":{"self":[{"href":"https:\/\/itftkd.sport\/es\/wp-json\/wp\/v2\/pages\/28641","targetHints":{"allow":["GET"]}}],"collection":[{"href":"https:\/\/itftkd.sport\/es\/wp-json\/wp\/v2\/pages"}],"about":[{"href":"https:\/\/itftkd.sport\/es\/wp-json\/wp\/v2\/types\/page"}],"author":[{"embeddable":true,"href":"https:\/\/itftkd.sport\/es\/wp-json\/wp\/v2\/users\/14"}],"replies":[{"embeddable":true,"href":"https:\/\/itftkd.sport\/es\/wp-json\/wp\/v2\/comments?post=28641"}],"version-history":[{"count":5,"href":"https:\/\/itftkd.sport\/es\/wp-json\/wp\/v2\/pages\/28641\/revisions"}],"predecessor-version":[{"id":28675,"href":"https:\/\/itftkd.sport\/es\/wp-json\/wp\/v2\/pages\/28641\/revisions\/28675"}],"wp:attachment":[{"href":"https:\/\/itftkd.sport\/es\/wp-json\/wp\/v2\/media?parent=28641"}],"curies":[{"name":"wp","href":"https:\/\/api.w.org\/{rel}","templated":true}]}}