{"id":25865,"date":"2021-07-09T14:17:57","date_gmt":"2021-07-09T12:17:57","guid":{"rendered":"https:\/\/itftkd.sport\/es\/?page_id=25865"},"modified":"2021-07-12T20:30:19","modified_gmt":"2021-07-12T18:30:19","slug":"linea-de-tiempo-2021-our-history","status":"publish","type":"page","link":"https:\/\/itftkd.sport\/es\/linea-de-tiempo-2021-our-history\/","title":{"rendered":"L\u00ednea de tiempo 2021 Our History"},"content":{"rendered":"\n<div class=\"wp-block-kenzap-timeline-1 alignfull\" style=\"--paddings:0;--paddings2:0px;--timeLineColor:#dc6a00\"><div class=\"kenzap-timeline-1 kp-animate block-1625258774652 kenzap-lg  \" style=\"background-image:none;background-position:center center;padding:0px 0px;--paddings:0;--paddings2:0px;--timeLineColor:#dc6a00\"><div class=\"kenzap-container\" style=\"max-width:2000px;--maxWidth:2000  \"><div class=\"timeline\"><div class=\"timeline-content\"><div class=\"kenzap-row\"><div class=\"kenzap-col-6\"><div class=\"time\"><div style=\"font-size:20px;line-height:1.2 ;font-weight:500 ;margin-bottom:10px;--cl:#333333 ;color:#333333\">1955<\/div><\/div><\/div><div class=\"kenzap-col-6\"><div class=\"info\"><h3 style=\"font-size:18px;line-height:1.33 ;font-weight:500 ;margin-bottom:8px;--cl:#333333 ;color:#333333\">El Taekwon-Do es nombrado oficialmente.<\/h3><p style=\"font-size:14px;line-height:1.71 ;font-weight:400 ;--cl:#333333 ;color:#333333\"><\/p><\/div><\/div><\/div><\/div><div class=\"timeline-content\"><div class=\"kenzap-row\"><div class=\"kenzap-col-6\"><div class=\"info\"><h3 style=\"font-size:18px;line-height:1.33 ;font-weight:500 ;margin-bottom:8px;--cl:#333333 ;color:#333333\">22 de marzo &#8211; ITF fundada por el General Choi Hong Hi, el padre del Taekwon-Do.<\/h3><p style=\"font-size:14px;line-height:1.71 ;font-weight:400 ;--cl:#333333 ;color:#333333\"><\/p><\/div><\/div><div class=\"kenzap-col-6\"><div class=\"time\"><div style=\"font-size:20px;line-height:1.2 ;font-weight:500 ;margin-bottom:10px;--cl:#333333 ;color:#333333\">1966<\/div><\/div><\/div><\/div><\/div><div class=\"timeline-content\"><div class=\"kenzap-row\"><div class=\"kenzap-col-6\"><div class=\"time\"><div style=\"font-size:20px;line-height:1.2 ;font-weight:500 ;margin-bottom:10px;--cl:#333333 ;color:#333333\">1969<\/div><\/div><\/div><div class=\"kenzap-col-6\"><div class=\"info\"><h3 style=\"font-size:18px;line-height:1.33 ;font-weight:500 ;margin-bottom:8px;--cl:#333333 ;color:#333333\">Primer torneo Asi\u00e1tico.<\/h3><p style=\"font-size:14px;line-height:1.71 ;font-weight:400 ;--cl:#333333 ;color:#333333\">Hong Kong<\/p><\/div><\/div><\/div><\/div><div class=\"timeline-content\"><div class=\"kenzap-row\"><div class=\"kenzap-col-6\"><div class=\"info\"><h3 style=\"font-size:18px;line-height:1.33 ;font-weight:500 ;margin-bottom:8px;--cl:#333333 ;color:#333333\">La sede de la ITF se traslada a Toronto, Canad\u00e1.<\/h3><p style=\"font-size:14px;line-height:1.71 ;font-weight:400 ;--cl:#333333 ;color:#333333\"><\/p><\/div><\/div><div class=\"kenzap-col-6\"><div class=\"time\"><div style=\"font-size:20px;line-height:1.2 ;font-weight:500 ;margin-bottom:10px;--cl:#333333 ;color:#333333\">1972<\/div><\/div><\/div><\/div><\/div><div class=\"timeline-content\"><div class=\"kenzap-row\"><div class=\"kenzap-col-6\"><div class=\"time\"><div style=\"font-size:20px;line-height:1.2 ;font-weight:500 ;margin-bottom:10px;--cl:#333333 ;color:#333333\">1974<\/div><\/div><\/div><div class=\"kenzap-col-6\"><div class=\"info\"><h3 style=\"font-size:18px;line-height:1.33 ;font-weight:500 ;margin-bottom:8px;--cl:#333333 ;color:#333333\">Primer Campeonato del Mundo.<\/h3><p style=\"font-size:14px;line-height:1.71 ;font-weight:400 ;--cl:#333333 ;color:#333333\">Montreal, Canad\u00e1<\/p><\/div><\/div><\/div><\/div><div class=\"timeline-content\"><div class=\"kenzap-row\"><div class=\"kenzap-col-6\"><div class=\"info\"><h3 style=\"font-size:18px;line-height:1.33 ;font-weight:500 ;margin-bottom:8px;--cl:#333333 ;color:#333333\">Primer Campeonato de Europa.<\/h3><p style=\"font-size:14px;line-height:1.71 ;font-weight:400 ;--cl:#333333 ;color:#333333\">Rotterdam, Pa\u00edses Bajos<\/p><\/div><\/div><div class=\"kenzap-col-6\"><div class=\"time\"><div style=\"font-size:20px;line-height:1.2 ;font-weight:500 ;margin-bottom:10px;--cl:#333333 ;color:#333333\">1976<\/div><\/div><\/div><\/div><\/div><div class=\"timeline-content\"><div class=\"kenzap-row\"><div class=\"kenzap-col-6\"><div class=\"time\"><div style=\"font-size:20px;line-height:1.2 ;font-weight:500 ;margin-bottom:10px;--cl:#333333 ;color:#333333\">1979<\/div><\/div><\/div><div class=\"kenzap-col-6\"><div class=\"info\"><h3 style=\"font-size:18px;line-height:1.33 ;font-weight:500 ;margin-bottom:8px;--cl:#333333 ;color:#333333\">Primer Campeonato del Pac\u00edfico.<\/h3><p style=\"font-size:14px;line-height:1.71 ;font-weight:400 ;--cl:#333333 ;color:#333333\">Wellington, Nueva Zelanda<\/p><\/div><\/div><\/div><\/div><div class=\"timeline-content\"><div class=\"kenzap-row\"><div class=\"kenzap-col-6\"><div class=\"info\"><h3 style=\"font-size:18px;line-height:1.33 ;font-weight:500 ;margin-bottom:8px;--cl:#333333 ;color:#333333\">Se crea la Federaci\u00f3n de Taekwon-Do de toda Europa<\/h3><p style=\"font-size:14px;line-height:1.71 ;font-weight:400 ;--cl:#333333 ;color:#333333\"><\/p><\/div><\/div><div class=\"kenzap-col-6\"><div class=\"time\"><div style=\"font-size:20px;line-height:1.2 ;font-weight:500 ;margin-bottom:10px;--cl:#333333 ;color:#333333\">1979<\/div><\/div><\/div><\/div><\/div><div class=\"timeline-content\"><div class=\"kenzap-row\"><div class=\"kenzap-col-6\"><div class=\"time\"><div style=\"font-size:20px;line-height:1.2 ;font-weight:500 ;margin-bottom:10px;--cl:#333333 ;color:#333333\">1982<\/div><\/div><\/div><div class=\"kenzap-col-6\"><div class=\"info\"><h3 style=\"font-size:18px;line-height:1.33 ;font-weight:500 ;margin-bottom:8px;--cl:#333333 ;color:#333333\">Se crea la Federaci\u00f3n Norteamericana.<\/h3><p style=\"font-size:14px;line-height:1.71 ;font-weight:400 ;--cl:#333333 ;color:#333333\"><\/p><\/div><\/div><\/div><\/div><div class=\"timeline-content\"><div class=\"kenzap-row\"><div class=\"kenzap-col-6\"><div class=\"info\"><h3 style=\"font-size:18px;line-height:1.33 ;font-weight:500 ;margin-bottom:8px;--cl:#333333 ;color:#333333\">Se crea la Federaci\u00f3n Centroamericana.<\/h3><p style=\"font-size:14px;line-height:1.71 ;font-weight:400 ;--cl:#333333 ;color:#333333\"><\/p><\/div><\/div><div class=\"kenzap-col-6\"><div class=\"time\"><div style=\"font-size:20px;line-height:1.2 ;font-weight:500 ;margin-bottom:10px;--cl:#333333 ;color:#333333\">1983<\/div><\/div><\/div><\/div><\/div><div class=\"timeline-content\"><div class=\"kenzap-row\"><div class=\"kenzap-col-6\"><div class=\"time\"><div style=\"font-size:20px;line-height:1.2 ;font-weight:500 ;margin-bottom:10px;--cl:#333333 ;color:#333333\">1985<\/div><\/div><\/div><div class=\"kenzap-col-6\"><div class=\"info\"><h3 style=\"font-size:18px;line-height:1.33 ;font-weight:500 ;margin-bottom:8px;--cl:#333333 ;color:#333333\">La sede de la ITF se traslada a Viena, Austria.<\/h3><p style=\"font-size:14px;line-height:1.71 ;font-weight:400 ;--cl:#333333 ;color:#333333\"><\/p><\/div><\/div><\/div><\/div><div class=\"timeline-content\"><div class=\"kenzap-row\"><div class=\"kenzap-col-6\"><div class=\"info\"><h3 style=\"font-size:18px;line-height:1.33 ;font-weight:500 ;margin-bottom:8px;--cl:#333333 ;color:#333333\">15 de junio &#8211; Fallecimiento del General Choi Hong Hi.<\/h3><p style=\"font-size:14px;line-height:1.71 ;font-weight:400 ;--cl:#333333 ;color:#333333\">El Honorable Russell Maclellan se convirti\u00f3 en presidente interino.<\/p><\/div><\/div><div class=\"kenzap-col-6\"><div class=\"time\"><div style=\"font-size:20px;line-height:1.2 ;font-weight:500 ;margin-bottom:10px;--cl:#333333 ;color:#333333\">2002<\/div><\/div><\/div><\/div><\/div><div class=\"timeline-content\"><div class=\"kenzap-row\"><div class=\"kenzap-col-6\"><div class=\"time\"><div style=\"font-size:20px;line-height:1.2 ;font-weight:500 ;margin-bottom:10px;--cl:#333333 ;color:#333333\">2003<\/div><\/div><\/div><div class=\"kenzap-col-6\"><div class=\"info\"><h3 style=\"font-size:18px;line-height:1.33 ;font-weight:500 ;margin-bottom:8px;--cl:#333333 ;color:#333333\">13 de junio &#8211; elecci\u00f3n del Maestro Tr\u00e2n Tri\u0119u Qu\u00e2n como presidente de la ITF en el 14\u00ba Congreso de la ITF.<\/h3><p style=\"font-size:14px;line-height:1.71 ;font-weight:400 ;--cl:#333333 ;color:#333333\">Varsovia, Polonia<\/p><\/div><\/div><\/div><\/div><div class=\"timeline-content\"><div class=\"kenzap-row\"><div class=\"kenzap-col-6\"><div class=\"info\"><h3 style=\"font-size:18px;line-height:1.33 ;font-weight:500 ;margin-bottom:8px;--cl:#333333 ;color:#333333\">1 de junio &#8211; Reelecci\u00f3n del Maestro Tr\u00e2n Tri\u00eau Qu\u00e2n para un segundo mandato como Presidente de la ITF en el XVI Congreso de la ITF.<\/h3><p style=\"font-size:14px;line-height:1.71 ;font-weight:400 ;--cl:#333333 ;color:#333333\">Quebec, Canad\u00e1<\/p><\/div><\/div><div class=\"kenzap-col-6\"><div class=\"time\"><div style=\"font-size:20px;line-height:1.2 ;font-weight:500 ;margin-bottom:10px;--cl:#333333 ;color:#333333\">2007<\/div><\/div><\/div><\/div><\/div><div class=\"timeline-content\"><div class=\"kenzap-row\"><div class=\"kenzap-col-6\"><div class=\"time\"><div style=\"font-size:20px;line-height:1.2 ;font-weight:500 ;margin-bottom:10px;--cl:#333333 ;color:#333333\">2007<\/div><\/div><\/div><div class=\"kenzap-col-6\"><div class=\"info\"><h3 style=\"font-size:18px;line-height:1.33 ;font-weight:500 ;margin-bottom:8px;--cl:#333333 ;color:#333333\">30 de octubre, la ITF es registrada legalmente ante el Ministerio de Asuntos Internos en Madrid, Espa\u00f1a.<\/h3><p style=\"font-size:14px;line-height:1.71 ;font-weight:400 ;--cl:#333333 ;color:#333333\">Rec. Grupo 1 \/ Secc. 2 \/ n\u00famero 50813<\/p><\/div><\/div><\/div><\/div><div class=\"timeline-content\"><div class=\"kenzap-row\"><div class=\"kenzap-col-6\"><div class=\"info\"><h3 style=\"font-size:18px;line-height:1.33 ;font-weight:500 ;margin-bottom:8px;--cl:#333333 ;color:#333333\">Fallecimiento del Gran Maestro Tr\u00e2n Tri\u00eau Qu\u00e2n<br>El Gran Maestro Pablo Trajtenberg se convirti\u00f3 en presidente interino<\/h3><p style=\"font-size:14px;line-height:1.71 ;font-weight:400 ;--cl:#333333 ;color:#333333\"><\/p><\/div><\/div><div class=\"kenzap-col-6\"><div class=\"time\"><div style=\"font-size:20px;line-height:1.2 ;font-weight:500 ;margin-bottom:10px;--cl:#333333 ;color:#333333\">2010<\/div><\/div><\/div><\/div><\/div><div class=\"timeline-content\"><div class=\"kenzap-row\"><div class=\"kenzap-col-6\"><div class=\"time\"><div style=\"font-size:20px;line-height:1.2 ;font-weight:500 ;margin-bottom:10px;--cl:#333333 ;color:#333333\">2011<\/div><\/div><\/div><div class=\"kenzap-col-6\"><div class=\"info\"><h3 style=\"font-size:18px;line-height:1.33 ;font-weight:500 ;margin-bottom:8px;--cl:#333333 ;color:#333333\">Elecci\u00f3n del Gran Maestro Pablo Trajtenberg como Presidente de la ITF.<\/h3><p style=\"font-size:14px;line-height:1.71 ;font-weight:400 ;--cl:#333333 ;color:#333333\"><\/p><\/div><\/div><\/div><\/div><div class=\"timeline-content\"><div class=\"kenzap-row\"><div class=\"kenzap-col-6\"><div class=\"info\"><h3 style=\"font-size:18px;line-height:1.33 ;font-weight:500 ;margin-bottom:8px;--cl:#333333 ;color:#333333\">Reelecci\u00f3n en 2015 de Gran Maestro Pablo Trajtenberg como presidente de la ITF.<\/h3><p style=\"font-size:14px;line-height:1.71 ;font-weight:400 ;--cl:#333333 ;color:#333333\">Congreso en Jesolo<\/p><\/div><\/div><div class=\"kenzap-col-6\"><div class=\"time\"><div style=\"font-size:20px;line-height:1.2 ;font-weight:500 ;margin-bottom:10px;--cl:#333333 ;color:#333333\">2015<\/div><\/div><\/div><\/div><\/div><div class=\"timeline-content\"><div class=\"kenzap-row\"><div class=\"kenzap-col-6\"><div class=\"time\"><div style=\"font-size:20px;line-height:1.2 ;font-weight:500 ;margin-bottom:10px;--cl:#333333 ;color:#333333\">2019<\/div><\/div><\/div><div class=\"kenzap-col-6\"><div class=\"info\"><h3 style=\"font-size:18px;line-height:1.33 ;font-weight:500 ;margin-bottom:8px;--cl:#333333 ;color:#333333\">Elecci\u00f3n del Gran Maestro Paul Weiler como presidente de la ITF.<\/h3><p style=\"font-size:14px;line-height:1.71 ;font-weight:400 ;--cl:#333333 ;color:#333333\">Elegido en el Congreso de la ITF en Inzell, Alemania, el 28 de abril de 2019.<\/p><\/div><\/div><\/div><\/div><\/div><\/div><\/div><\/div>\n","protected":false},"excerpt":{"rendered":"","protected":false},"author":1,"featured_media":0,"parent":0,"menu_order":0,"comment_status":"closed","ping_status":"closed","template":"","meta":{"_tec_requires_first_save":true,"_uag_custom_page_level_css":"","_genesis_hide_title":false,"_genesis_hide_breadcrumbs":false,"_genesis_hide_singular_image":false,"_genesis_hide_footer_widgets":false,"_genesis_custom_body_class":"","_genesis_custom_post_class":"","_genesis_layout":"","_EventAllDay":false,"_EventTimezone":"","_EventStartDate":"","_EventEndDate":"","_EventStartDateUTC":"","_EventEndDateUTC":"","_EventShowMap":false,"_EventShowMapLink":false,"_EventURL":"","_EventCost":"","_EventCostDescription":"","_EventCurrencySymbol":"","_EventCurrencyCode":"","_EventCurrencyPosition":"","_EventDateTimeSeparator":"","_EventTimeRangeSeparator":"","_EventOrganizerID":[],"_EventVenueID":[0],"_OrganizerEmail":"","_OrganizerPhone":"","_OrganizerWebsite":"","_VenueAddress":"","_VenueCity":"","_VenueCountry":"","_VenueProvince":"","_VenueState":"","_VenueZip":"","_VenuePhone":"","_VenueURL":"","_VenueStateProvince":"","_VenueLat":"","_VenueLng":"","_VenueShowMap":false,"_VenueShowMapLink":false,"_tribe_blocks_recurrence_rules":"","_tribe_blocks_recurrence_description":"","_tribe_blocks_recurrence_exclusions":"","editor_notices":[],"footnotes":""},"class_list":["post-25865","page","type-page","status-publish","entry"],"featured_image_src":null,"featured_image_src_square":null,"uagb_featured_image_src":{"full":false,"thumbnail":false,"medium":false,"medium_large":false,"large":false,"1536x1536":false,"2048x2048":false,"banner":false,"section":false,"full-width":false,"featured":false,"one-half":false,"one-third":false,"one-fourth":false,"tiny":false,"ab-block-post-grid-landscape":false,"ab-block-post-grid-square":false,"gform-image-choice-sm":false,"gform-image-choice-md":false,"gform-image-choice-lg":false},"uagb_author_info":{"display_name":"mparraud","author_link":"https:\/\/itftkd.sport\/es\/author\/mparraud\/"},"uagb_comment_info":0,"uagb_excerpt":null,"_links":{"self":[{"href":"https:\/\/itftkd.sport\/es\/wp-json\/wp\/v2\/pages\/25865","targetHints":{"allow":["GET"]}}],"collection":[{"href":"https:\/\/itftkd.sport\/es\/wp-json\/wp\/v2\/pages"}],"about":[{"href":"https:\/\/itftkd.sport\/es\/wp-json\/wp\/v2\/types\/page"}],"author":[{"embeddable":true,"href":"https:\/\/itftkd.sport\/es\/wp-json\/wp\/v2\/users\/1"}],"replies":[{"embeddable":true,"href":"https:\/\/itftkd.sport\/es\/wp-json\/wp\/v2\/comments?post=25865"}],"version-history":[{"count":4,"href":"https:\/\/itftkd.sport\/es\/wp-json\/wp\/v2\/pages\/25865\/revisions"}],"predecessor-version":[{"id":25887,"href":"https:\/\/itftkd.sport\/es\/wp-json\/wp\/v2\/pages\/25865\/revisions\/25887"}],"wp:attachment":[{"href":"https:\/\/itftkd.sport\/es\/wp-json\/wp\/v2\/media?parent=25865"}],"curies":[{"name":"wp","href":"https:\/\/api.w.org\/{rel}","templated":true}]}}