{"id":23074,"date":"2020-09-06T21:51:56","date_gmt":"2020-09-06T19:51:56","guid":{"rendered":"https:\/\/itftkd.sport\/es\/?page_id=23074"},"modified":"2020-09-06T21:51:59","modified_gmt":"2020-09-06T19:51:59","slug":"blog","status":"publish","type":"page","link":"https:\/\/itftkd.sport\/es\/blog\/","title":{"rendered":"Blog"},"content":{"rendered":"<section class=\"ab-block-post-grid featuredpost aligncenter\"><div class=\"ab-post-grid-items is-grid columns-2\"><article id=\"post-29587\" class=\"ab-post-grid-item post-29587 post type-post status-publish format-standard has-post-thumbnail category-destacadas category-itf-insights category-ultimas-noticias entry\"><div class=\"ab-block-post-grid-image\"><a href=\"https:\/\/itftkd.sport\/es\/tesis-de-maestria-itf-disponibles-publicamente\/\" rel=\"bookmark\" aria-hidden=\"true\" tabindex=\"-1\"><img loading=\"lazy\" decoding=\"async\" width=\"800\" height=\"600\" src=\"https:\/\/itftkd.sport\/es\/wp-content\/uploads\/sites\/7\/2023\/05\/Featured-image-ITF-maestros.jpg\" class=\"attachment-full size-full\" alt=\"Featured image ITF maestros\" srcset=\"https:\/\/itftkd.sport\/es\/wp-content\/uploads\/sites\/7\/2023\/05\/Featured-image-ITF-maestros.jpg 800w, https:\/\/itftkd.sport\/es\/wp-content\/uploads\/sites\/7\/2023\/05\/Featured-image-ITF-maestros-300x225.jpg 300w, https:\/\/itftkd.sport\/es\/wp-content\/uploads\/sites\/7\/2023\/05\/Featured-image-ITF-maestros-768x576.jpg 768w, https:\/\/itftkd.sport\/es\/wp-content\/uploads\/sites\/7\/2023\/05\/Featured-image-ITF-maestros-550x413.jpg 550w, https:\/\/itftkd.sport\/es\/wp-content\/uploads\/sites\/7\/2023\/05\/Featured-image-ITF-maestros-350x263.jpg 350w, https:\/\/itftkd.sport\/es\/wp-content\/uploads\/sites\/7\/2023\/05\/Featured-image-ITF-maestros-260x195.jpg 260w\" sizes=\"auto, (max-width: 800px) 100vw, 800px\" \/><\/a><\/div><div class=\"ab-block-post-grid-text\"><header class=\"ab-block-post-grid-header\"><h3 class=\"ab-block-post-grid-title\"><a href=\"https:\/\/itftkd.sport\/es\/tesis-de-maestria-itf-disponibles-publicamente\/\" rel=\"bookmark\">Tesis de Maestr\u00eda ITF disponibles p\u00fablicamente<\/a><\/h3><div class=\"ab-block-post-grid-byline\"><div class=\"ab-block-post-grid-author\" itemprop=\"author\" itemtype=\"https:\/\/schema.org\/Person\"><a class=\"ab-text-link\" href=\"https:\/\/itftkd.sport\/es\/author\/daniel\/\" itemprop=\"url\" rel=\"author\"><span itemprop=\"name\">Daniel Schmidt<\/span><\/a><\/div><time datetime=\"2023-05-07T00:47:00+02:00\" class=\"ab-block-post-grid-date\" itemprop=\"datePublished\">mayo 7, 2023<\/time><\/div><\/header><div class=\"ab-block-post-grid-excerpt\"><p>En un esfuerzo por brindar el amplio conocimiento de los Grandes Maestros y Maestros de la ITF a todos nuestros miembros, la ITF ofrece acceso p\u00fablico y gratuito a muchas tesis publicadas en www.itfmasters.com. Todas las tesis fueron parte de una graduaci\u00f3n, generalmente requerida para una promoci\u00f3n a 7mo grado y superior. Este proyecto fue&hellip;<\/p>\n<p><a class=\"ab-block-post-grid-more-link ab-text-link\" href=\"https:\/\/itftkd.sport\/es\/tesis-de-maestria-itf-disponibles-publicamente\/\" rel=\"bookmark\">Continue Reading <span class=\"screen-reader-text\">Tesis de Maestr\u00eda ITF disponibles p\u00fablicamente<\/span><\/a><\/p><\/div><\/div><\/article>\n<article id=\"post-27420\" class=\"ab-post-grid-item post-27420 post type-post status-publish format-standard has-post-thumbnail category-itf-insights entry\"><div class=\"ab-block-post-grid-image\"><a href=\"https:\/\/itftkd.sport\/es\/aprendiendo-a-traves-del-juego\/\" rel=\"bookmark\" aria-hidden=\"true\" tabindex=\"-1\"><img loading=\"lazy\" decoding=\"async\" width=\"800\" height=\"600\" src=\"https:\/\/itftkd.sport\/es\/wp-content\/uploads\/sites\/7\/2022\/03\/Aprender-a-traves-del-juego.jpg\" class=\"attachment-full size-full\" alt=\"\" srcset=\"https:\/\/itftkd.sport\/es\/wp-content\/uploads\/sites\/7\/2022\/03\/Aprender-a-traves-del-juego.jpg 800w, https:\/\/itftkd.sport\/es\/wp-content\/uploads\/sites\/7\/2022\/03\/Aprender-a-traves-del-juego-300x225.jpg 300w, https:\/\/itftkd.sport\/es\/wp-content\/uploads\/sites\/7\/2022\/03\/Aprender-a-traves-del-juego-768x576.jpg 768w, https:\/\/itftkd.sport\/es\/wp-content\/uploads\/sites\/7\/2022\/03\/Aprender-a-traves-del-juego-550x413.jpg 550w, https:\/\/itftkd.sport\/es\/wp-content\/uploads\/sites\/7\/2022\/03\/Aprender-a-traves-del-juego-350x263.jpg 350w, https:\/\/itftkd.sport\/es\/wp-content\/uploads\/sites\/7\/2022\/03\/Aprender-a-traves-del-juego-260x195.jpg 260w\" sizes=\"auto, (max-width: 800px) 100vw, 800px\" \/><\/a><\/div><div class=\"ab-block-post-grid-text\"><header class=\"ab-block-post-grid-header\"><h3 class=\"ab-block-post-grid-title\"><a href=\"https:\/\/itftkd.sport\/es\/aprendiendo-a-traves-del-juego\/\" rel=\"bookmark\">Aprendiendo a trav\u00e9s del juego<\/a><\/h3><div class=\"ab-block-post-grid-byline\"><div class=\"ab-block-post-grid-author\" itemprop=\"author\" itemtype=\"https:\/\/schema.org\/Person\"><a class=\"ab-text-link\" href=\"https:\/\/itftkd.sport\/es\/author\/fabian-itf\/\" itemprop=\"url\" rel=\"author\"><span itemprop=\"name\">FABIAN ITF<\/span><\/a><\/div><time datetime=\"2022-03-05T10:40:00+01:00\" class=\"ab-block-post-grid-date\" itemprop=\"datePublished\">marzo 5, 2022<\/time><\/div><\/header><div class=\"ab-block-post-grid-excerpt\"><p>Muchas veces, al hablar de jugar, de utilizar juegos en una clase de Taekwon-Do, surge la pregunta, la duda acerca de si est\u00e1 bien o est\u00e1 mal, si es serio o resulta que nos estamos tomando o, peor, ense\u00f1\u00e1ndoles a los ni\u00f1os, a tomarse con poca seriedad nuestro arte.<\/p>\n<p><a class=\"ab-block-post-grid-more-link ab-text-link\" href=\"https:\/\/itftkd.sport\/es\/aprendiendo-a-traves-del-juego\/\" rel=\"bookmark\">Continue Reading <span class=\"screen-reader-text\">Aprendiendo a trav\u00e9s del juego<\/span><\/a><\/p><\/div><\/div><\/article>\n<article id=\"post-26979\" class=\"ab-post-grid-item post-26979 post type-post status-publish format-standard has-post-thumbnail category-tips-to-keep entry\"><div class=\"ab-block-post-grid-image\"><a href=\"https:\/\/itftkd.sport\/es\/tips-to-keep-59-gran-maestro-hector-marano\/\" rel=\"bookmark\" aria-hidden=\"true\" tabindex=\"-1\"><img loading=\"lazy\" decoding=\"async\" width=\"800\" height=\"600\" src=\"https:\/\/itftkd.sport\/es\/wp-content\/uploads\/sites\/7\/2020\/07\/Portada-Marano-Tips-1.jpeg\" class=\"attachment-full size-full\" alt=\"Portada-Marano-Tips\" srcset=\"https:\/\/itftkd.sport\/es\/wp-content\/uploads\/sites\/7\/2020\/07\/Portada-Marano-Tips-1.jpeg 800w, https:\/\/itftkd.sport\/es\/wp-content\/uploads\/sites\/7\/2020\/07\/Portada-Marano-Tips-1-300x225.jpeg 300w, https:\/\/itftkd.sport\/es\/wp-content\/uploads\/sites\/7\/2020\/07\/Portada-Marano-Tips-1-768x576.jpeg 768w, https:\/\/itftkd.sport\/es\/wp-content\/uploads\/sites\/7\/2020\/07\/Portada-Marano-Tips-1-550x413.jpeg 550w, https:\/\/itftkd.sport\/es\/wp-content\/uploads\/sites\/7\/2020\/07\/Portada-Marano-Tips-1-350x263.jpeg 350w, https:\/\/itftkd.sport\/es\/wp-content\/uploads\/sites\/7\/2020\/07\/Portada-Marano-Tips-1-260x195.jpeg 260w\" sizes=\"auto, (max-width: 800px) 100vw, 800px\" \/><\/a><\/div><div class=\"ab-block-post-grid-text\"><header class=\"ab-block-post-grid-header\"><h3 class=\"ab-block-post-grid-title\"><a href=\"https:\/\/itftkd.sport\/es\/tips-to-keep-59-gran-maestro-hector-marano\/\" rel=\"bookmark\">Tips to keep #59: Gran Maestro H\u00e9ctor Marano<\/a><\/h3><div class=\"ab-block-post-grid-byline\"><div class=\"ab-block-post-grid-author\" itemprop=\"author\" itemtype=\"https:\/\/schema.org\/Person\"><a class=\"ab-text-link\" href=\"https:\/\/itftkd.sport\/es\/author\/ivan\/\" itemprop=\"url\" rel=\"author\"><span itemprop=\"name\">ivan<\/span><\/a><\/div><time datetime=\"2021-12-31T18:50:00+01:00\" class=\"ab-block-post-grid-date\" itemprop=\"datePublished\">diciembre 31, 2021<\/time><\/div><\/header><div class=\"ab-block-post-grid-excerpt\"><p>Cada semana publicaremos videos cortos con consejos y sugerencias de los Presidentes de los Comit\u00e9s de la ITF para todos sus miembros.<\/p>\n<p><a class=\"ab-block-post-grid-more-link ab-text-link\" href=\"https:\/\/itftkd.sport\/es\/tips-to-keep-59-gran-maestro-hector-marano\/\" rel=\"bookmark\">Continue Reading <span class=\"screen-reader-text\">Tips to keep #59: Gran Maestro H\u00e9ctor Marano<\/span><\/a><\/p><\/div><\/div><\/article>\n<article id=\"post-26978\" class=\"ab-post-grid-item post-26978 post type-post status-publish format-standard has-post-thumbnail category-tips-to-keep entry\"><div class=\"ab-block-post-grid-image\"><a href=\"https:\/\/itftkd.sport\/es\/tips-to-keep-58-sabum-nim-adrian-byrne\/\" rel=\"bookmark\" aria-hidden=\"true\" tabindex=\"-1\"><img loading=\"lazy\" decoding=\"async\" width=\"800\" height=\"600\" src=\"https:\/\/itftkd.sport\/es\/wp-content\/uploads\/sites\/7\/2020\/08\/tips-byrne.jpg\" class=\"attachment-full size-full\" alt=\"tips-byrne\" srcset=\"https:\/\/itftkd.sport\/es\/wp-content\/uploads\/sites\/7\/2020\/08\/tips-byrne.jpg 800w, https:\/\/itftkd.sport\/es\/wp-content\/uploads\/sites\/7\/2020\/08\/tips-byrne-300x225.jpg 300w, https:\/\/itftkd.sport\/es\/wp-content\/uploads\/sites\/7\/2020\/08\/tips-byrne-768x576.jpg 768w, https:\/\/itftkd.sport\/es\/wp-content\/uploads\/sites\/7\/2020\/08\/tips-byrne-550x413.jpg 550w, https:\/\/itftkd.sport\/es\/wp-content\/uploads\/sites\/7\/2020\/08\/tips-byrne-350x263.jpg 350w, https:\/\/itftkd.sport\/es\/wp-content\/uploads\/sites\/7\/2020\/08\/tips-byrne-260x195.jpg 260w\" sizes=\"auto, (max-width: 800px) 100vw, 800px\" \/><\/a><\/div><div class=\"ab-block-post-grid-text\"><header class=\"ab-block-post-grid-header\"><h3 class=\"ab-block-post-grid-title\"><a href=\"https:\/\/itftkd.sport\/es\/tips-to-keep-58-sabum-nim-adrian-byrne\/\" rel=\"bookmark\">Tips to keep #58: Sabum Nim Adrian Byrne<\/a><\/h3><div class=\"ab-block-post-grid-byline\"><div class=\"ab-block-post-grid-author\" itemprop=\"author\" itemtype=\"https:\/\/schema.org\/Person\"><a class=\"ab-text-link\" href=\"https:\/\/itftkd.sport\/es\/author\/ivan\/\" itemprop=\"url\" rel=\"author\"><span itemprop=\"name\">ivan<\/span><\/a><\/div><time datetime=\"2021-12-29T13:48:00+01:00\" class=\"ab-block-post-grid-date\" itemprop=\"datePublished\">diciembre 29, 2021<\/time><\/div><\/header><div class=\"ab-block-post-grid-excerpt\"><p>Cada semana publicaremos videos cortos con consejos y sugerencias de los Presidentes de los Comit\u00e9s de la ITF para todos sus miembros.<\/p>\n<p><a class=\"ab-block-post-grid-more-link ab-text-link\" href=\"https:\/\/itftkd.sport\/es\/tips-to-keep-58-sabum-nim-adrian-byrne\/\" rel=\"bookmark\">Continue Reading <span class=\"screen-reader-text\">Tips to keep #58: Sabum Nim Adrian Byrne<\/span><\/a><\/p><\/div><\/div><\/article>\n<article id=\"post-26957\" class=\"ab-post-grid-item post-26957 post type-post status-publish format-standard has-post-thumbnail category-destacadas category-tips-to-keep entry\"><div class=\"ab-block-post-grid-image\"><a href=\"https:\/\/itftkd.sport\/es\/tips-to-keep-57-maestro-abelardo-benzaquen\/\" rel=\"bookmark\" aria-hidden=\"true\" tabindex=\"-1\"><img loading=\"lazy\" decoding=\"async\" width=\"800\" height=\"600\" src=\"https:\/\/itftkd.sport\/es\/wp-content\/uploads\/sites\/7\/2020\/06\/tips-benzaquen.jpg\" class=\"attachment-full size-full\" alt=\"tips-benzaquen\" srcset=\"https:\/\/itftkd.sport\/es\/wp-content\/uploads\/sites\/7\/2020\/06\/tips-benzaquen.jpg 800w, https:\/\/itftkd.sport\/es\/wp-content\/uploads\/sites\/7\/2020\/06\/tips-benzaquen-300x225.jpg 300w, https:\/\/itftkd.sport\/es\/wp-content\/uploads\/sites\/7\/2020\/06\/tips-benzaquen-768x576.jpg 768w, https:\/\/itftkd.sport\/es\/wp-content\/uploads\/sites\/7\/2020\/06\/tips-benzaquen-550x413.jpg 550w, https:\/\/itftkd.sport\/es\/wp-content\/uploads\/sites\/7\/2020\/06\/tips-benzaquen-350x263.jpg 350w, https:\/\/itftkd.sport\/es\/wp-content\/uploads\/sites\/7\/2020\/06\/tips-benzaquen-260x195.jpg 260w\" sizes=\"auto, (max-width: 800px) 100vw, 800px\" \/><\/a><\/div><div class=\"ab-block-post-grid-text\"><header class=\"ab-block-post-grid-header\"><h3 class=\"ab-block-post-grid-title\"><a href=\"https:\/\/itftkd.sport\/es\/tips-to-keep-57-maestro-abelardo-benzaquen\/\" rel=\"bookmark\">Tips to keep #57: Maestro Abelardo Benzaqu\u00e9n<\/a><\/h3><div class=\"ab-block-post-grid-byline\"><div class=\"ab-block-post-grid-author\" itemprop=\"author\" itemtype=\"https:\/\/schema.org\/Person\"><a class=\"ab-text-link\" href=\"https:\/\/itftkd.sport\/es\/author\/ivan\/\" itemprop=\"url\" rel=\"author\"><span itemprop=\"name\">ivan<\/span><\/a><\/div><time datetime=\"2021-12-27T15:49:00+01:00\" class=\"ab-block-post-grid-date\" itemprop=\"datePublished\">diciembre 27, 2021<\/time><\/div><\/header><div class=\"ab-block-post-grid-excerpt\"><p>Cada semana publicaremos videos cortos con consejos y sugerencias de los Presidentes de los Comit\u00e9s de la ITF para todos sus miembros.<\/p>\n<p><a class=\"ab-block-post-grid-more-link ab-text-link\" href=\"https:\/\/itftkd.sport\/es\/tips-to-keep-57-maestro-abelardo-benzaquen\/\" rel=\"bookmark\">Continue Reading <span class=\"screen-reader-text\">Tips to keep #57: Maestro Abelardo Benzaqu\u00e9n<\/span><\/a><\/p><\/div><\/div><\/article>\n<article id=\"post-26954\" class=\"ab-post-grid-item post-26954 post type-post status-publish format-standard has-post-thumbnail category-destacadas category-tips-to-keep entry\"><div class=\"ab-block-post-grid-image\"><a href=\"https:\/\/itftkd.sport\/es\/tips-to-keep-56-sabum-nim-adrian-byrne\/\" rel=\"bookmark\" aria-hidden=\"true\" tabindex=\"-1\"><img loading=\"lazy\" decoding=\"async\" width=\"800\" height=\"600\" src=\"https:\/\/itftkd.sport\/es\/wp-content\/uploads\/sites\/7\/2020\/08\/tips-byrne.jpg\" class=\"attachment-full size-full\" alt=\"tips-byrne\" srcset=\"https:\/\/itftkd.sport\/es\/wp-content\/uploads\/sites\/7\/2020\/08\/tips-byrne.jpg 800w, https:\/\/itftkd.sport\/es\/wp-content\/uploads\/sites\/7\/2020\/08\/tips-byrne-300x225.jpg 300w, https:\/\/itftkd.sport\/es\/wp-content\/uploads\/sites\/7\/2020\/08\/tips-byrne-768x576.jpg 768w, https:\/\/itftkd.sport\/es\/wp-content\/uploads\/sites\/7\/2020\/08\/tips-byrne-550x413.jpg 550w, https:\/\/itftkd.sport\/es\/wp-content\/uploads\/sites\/7\/2020\/08\/tips-byrne-350x263.jpg 350w, https:\/\/itftkd.sport\/es\/wp-content\/uploads\/sites\/7\/2020\/08\/tips-byrne-260x195.jpg 260w\" sizes=\"auto, (max-width: 800px) 100vw, 800px\" \/><\/a><\/div><div class=\"ab-block-post-grid-text\"><header class=\"ab-block-post-grid-header\"><h3 class=\"ab-block-post-grid-title\"><a href=\"https:\/\/itftkd.sport\/es\/tips-to-keep-56-sabum-nim-adrian-byrne\/\" rel=\"bookmark\">Tips to keep #56: Sabum Nim Adrian Byrne<\/a><\/h3><div class=\"ab-block-post-grid-byline\"><div class=\"ab-block-post-grid-author\" itemprop=\"author\" itemtype=\"https:\/\/schema.org\/Person\"><a class=\"ab-text-link\" href=\"https:\/\/itftkd.sport\/es\/author\/ivan\/\" itemprop=\"url\" rel=\"author\"><span itemprop=\"name\">ivan<\/span><\/a><\/div><time datetime=\"2021-12-18T10:40:00+01:00\" class=\"ab-block-post-grid-date\" itemprop=\"datePublished\">diciembre 18, 2021<\/time><\/div><\/header><div class=\"ab-block-post-grid-excerpt\"><p>Cada semana publicaremos videos cortos con consejos y sugerencias de los Presidentes de los Comit\u00e9s de la ITF para todos sus miembros.<\/p>\n<p><a class=\"ab-block-post-grid-more-link ab-text-link\" href=\"https:\/\/itftkd.sport\/es\/tips-to-keep-56-sabum-nim-adrian-byrne\/\" rel=\"bookmark\">Continue Reading <span class=\"screen-reader-text\">Tips to keep #56: Sabum Nim Adrian Byrne<\/span><\/a><\/p><\/div><\/div><\/article>\n<\/div><\/section>","protected":false},"excerpt":{"rendered":"","protected":false},"author":4,"featured_media":0,"parent":0,"menu_order":0,"comment_status":"closed","ping_status":"closed","template":"","meta":{"_tec_requires_first_save":true,"_uag_custom_page_level_css":"","_genesis_hide_title":false,"_genesis_hide_breadcrumbs":false,"_genesis_hide_singular_image":false,"_genesis_hide_footer_widgets":false,"_genesis_custom_body_class":"","_genesis_custom_post_class":"","_genesis_layout":"","_EventAllDay":false,"_EventTimezone":"","_EventStartDate":"","_EventEndDate":"","_EventStartDateUTC":"","_EventEndDateUTC":"","_EventShowMap":false,"_EventShowMapLink":false,"_EventURL":"","_EventCost":"","_EventCostDescription":"","_EventCurrencySymbol":"","_EventCurrencyCode":"","_EventCurrencyPosition":"","_EventDateTimeSeparator":"","_EventTimeRangeSeparator":"","_EventOrganizerID":[],"_EventVenueID":[0],"_OrganizerEmail":"","_OrganizerPhone":"","_OrganizerWebsite":"","_VenueAddress":"","_VenueCity":"","_VenueCountry":"","_VenueProvince":"","_VenueState":"","_VenueZip":"","_VenuePhone":"","_VenueURL":"","_VenueStateProvince":"","_VenueLat":"","_VenueLng":"","_VenueShowMap":false,"_VenueShowMapLink":false,"_tribe_blocks_recurrence_rules":"","_tribe_blocks_recurrence_description":"","_tribe_blocks_recurrence_exclusions":"","editor_notices":[],"footnotes":""},"class_list":["post-23074","page","type-page","status-publish","entry"],"featured_image_src":null,"featured_image_src_square":null,"uagb_featured_image_src":{"full":false,"thumbnail":false,"medium":false,"medium_large":false,"large":false,"1536x1536":false,"2048x2048":false,"banner":false,"section":false,"full-width":false,"featured":false,"one-half":false,"one-third":false,"one-fourth":false,"tiny":false,"ab-block-post-grid-landscape":false,"ab-block-post-grid-square":false,"gform-image-choice-sm":false,"gform-image-choice-md":false,"gform-image-choice-lg":false},"uagb_author_info":{"display_name":"FABIAN ITF","author_link":"https:\/\/itftkd.sport\/es\/author\/fabian-itf\/"},"uagb_comment_info":0,"uagb_excerpt":null,"_links":{"self":[{"href":"https:\/\/itftkd.sport\/es\/wp-json\/wp\/v2\/pages\/23074","targetHints":{"allow":["GET"]}}],"collection":[{"href":"https:\/\/itftkd.sport\/es\/wp-json\/wp\/v2\/pages"}],"about":[{"href":"https:\/\/itftkd.sport\/es\/wp-json\/wp\/v2\/types\/page"}],"author":[{"embeddable":true,"href":"https:\/\/itftkd.sport\/es\/wp-json\/wp\/v2\/users\/4"}],"replies":[{"embeddable":true,"href":"https:\/\/itftkd.sport\/es\/wp-json\/wp\/v2\/comments?post=23074"}],"version-history":[{"count":1,"href":"https:\/\/itftkd.sport\/es\/wp-json\/wp\/v2\/pages\/23074\/revisions"}],"predecessor-version":[{"id":23076,"href":"https:\/\/itftkd.sport\/es\/wp-json\/wp\/v2\/pages\/23074\/revisions\/23076"}],"wp:attachment":[{"href":"https:\/\/itftkd.sport\/es\/wp-json\/wp\/v2\/media?parent=23074"}],"curies":[{"name":"wp","href":"https:\/\/api.w.org\/{rel}","templated":true}]}}