{"id":22239,"date":"2020-07-10T12:27:36","date_gmt":"2020-07-10T10:27:36","guid":{"rendered":"https:\/\/itftkd.sport\/?page_id=22239"},"modified":"2020-09-27T14:06:46","modified_gmt":"2020-09-27T12:06:46","slug":"formas-por-equipo","status":"publish","type":"page","link":"https:\/\/itftkd.sport\/es\/competicion\/formas-por-equipo\/","title":{"rendered":"Formas por Equipo"},"content":{"rendered":"\n<div class=\"wp-block-image\"><figure class=\"alignright size-large is-resized\"><a href=\"https:\/\/itftkd.sport\/wp-content\/uploads\/2020\/07\/Competition-Team-Patterns-2.jpg\"><img loading=\"lazy\" decoding=\"async\" src=\"https:\/\/itftkd.sport\/wp-content\/uploads\/2020\/07\/Competition-Team-Patterns-2.jpg\" alt=\"Competition-Team-Patterns\" class=\"wp-image-22346\" width=\"400\" height=\"267\" srcset=\"https:\/\/itftkd.sport\/es\/wp-content\/uploads\/sites\/7\/2020\/07\/Competition-Team-Patterns-2.jpg 800w, https:\/\/itftkd.sport\/es\/wp-content\/uploads\/sites\/7\/2020\/07\/Competition-Team-Patterns-2-300x200.jpg 300w\" sizes=\"auto, (max-width: 400px) 100vw, 400px\" \/><\/a><figcaption>Los miembros del equipo pueden realizar movimientos individualmente o juntos, seg\u00fan lo deseen, pero debe verse como un trabajo en equipo.<\/figcaption><\/figure><\/div>\n\n\n\n<p>En las formas por equipo, cada equipo consta de cinco competidores.<br><br>El equipo debe ejecutar dos formas con variaciones originales. <br><br>Los principales criterios son la sincronizaci\u00f3n creativa y el trabajo en equipo.<br><br>En este evento, adem\u00e1s del contenido t\u00e9cnico, potencia, equilibrio, control de la respiraci\u00f3n y ritmo, los \u00e1rbitros juzgan adem\u00e1s la presentaci\u00f3n, el trabajo en equipo y la coreograf\u00eda.<\/p>\n\n\n\n<p class=\"has-text-align-right\"><em>Texto extra\u00eddo del libro \u201cQuadrathlon Taekwon-Do ITF\u201d del Maestro Tadeusz Loboda.<\/em><\/p>\n\n\n\n<h2 class=\"wp-block-heading\">Grupos<\/h2>\n\n\n\n<p>Masculino y Femenino.<\/p>\n\n\n\n<figure class=\"wp-block-image size-large\"><a href=\"https:\/\/itftkd.sport\/wp-content\/uploads\/2020\/07\/Competition-Team-Patterns-1.jpg\"><img loading=\"lazy\" decoding=\"async\" width=\"1024\" height=\"683\" src=\"https:\/\/itftkd.sport\/wp-content\/uploads\/2020\/07\/Competition-Team-Patterns-1-1024x683.jpg\" alt=\"Competition-Team-Patterns\" class=\"wp-image-22345\" srcset=\"https:\/\/itftkd.sport\/es\/wp-content\/uploads\/sites\/7\/2020\/07\/Competition-Team-Patterns-1-1024x683.jpg 1024w, https:\/\/itftkd.sport\/es\/wp-content\/uploads\/sites\/7\/2020\/07\/Competition-Team-Patterns-1-300x200.jpg 300w, https:\/\/itftkd.sport\/es\/wp-content\/uploads\/sites\/7\/2020\/07\/Competition-Team-Patterns-1-768x512.jpg 768w, https:\/\/itftkd.sport\/es\/wp-content\/uploads\/sites\/7\/2020\/07\/Competition-Team-Patterns-1-600x400.jpg 600w\" sizes=\"auto, (max-width: 1024px) 100vw, 1024px\" \/><\/a><figcaption>In the Team patterns each team consists of five competitors.<\/figcaption><\/figure>\n\n\n\n<h3 class=\"wp-block-heading\">Ejecuci\u00f3n<\/h3>\n\n\n\n<p>Ambos equipos realizar\u00e1n una (1) Forma opcional y una (1) designada, en el siguiente orden:<\/p>\n\n\n\n<p>Equipo 1 &#8211; 1era Forma opcional.<br>Equipo 2 &#8211; 1era Forma opcional.<br>Equipo 1 &#8211; 2da Forma designada.<br>Equipo 2 &#8211; 2da Forma designada.<\/p>\n\n\n\n<p>Los equipos de cinco (5) competidores deben realizar una (1) Forma opcional y una (1) Forma designada, desde Chon-Ji hasta Ge-Baek.<\/p>\n\n\n\n<p>Los equipos deben preparar su entrada y salida al ring aline\u00e1ndose en el borde del mismo, frente a los \u00e1rbitros. <\/p>\n\n\n\n<p>La marcha dentro y fuera del ring no forma parte de la coreograf\u00eda y no se dar\u00e1n puntos por ello.<\/p>\n\n\n\n<p>Los miembros del equipo pueden realizar movimientos individualmente o en conjunto, seg\u00fan lo deseen, pero ello debe percibirse como un trabajo en equipo.<\/p>\n\n\n\n<div style=\"color:#ddd\" class=\"wp-block-atomic-blocks-ab-spacer ab-block-spacer ab-divider-solid ab-divider-size-1\"><hr style=\"height:30px\" \/><\/div>\n\n\n\n<p>Por favor, consulte los Estatutos completos: <a href=\"https:\/\/itftkd.sport\/es\/reglas\/\" class=\"ek-link\">Reglas y reglamentos de campeonatos.<\/a><\/p>\n\n\n\n<div style=\"color:#ddd\" class=\"wp-block-atomic-blocks-ab-spacer ab-block-spacer ab-divider-solid ab-divider-size-1\"><hr style=\"height:30px\" \/><\/div>\n\n\n<style>.wp-block-kadence-advancedgallery .kb-gallery-type-masonry.kb-gallery-id-_b99c4d-3f{margin:-5px;}.kb-gallery-type-masonry.kb-gallery-id-_b99c4d-3f .kadence-blocks-gallery-item{padding:5px;}.kb-gallery-id-_b99c4d-3f .kadence-blocks-gallery-item .kb-gal-image-radius, .kb-gallery-id-_b99c4d-3f .kb-slide-item .kb-gal-image-radius img{border-radius:0px 0px 0px 0px;;}<\/style><div class=\"kb-gallery-wrap-id-_b99c4d-3f aligncenter aligncenter wp-block-kadence-advancedgallery\"><ul class=\"kb-gallery-ul kb-gallery-non-static kb-gallery-type-masonry kb-masonry-init kb-gallery-id-_b99c4d-3f kb-gallery-caption-style-bottom-hover kb-gallery-filter-none\" data-image-filter=\"none\" data-item-selector=\".kadence-blocks-gallery-item\" data-lightbox-caption=\"true\" data-columns-xxl=\"3\" data-columns-xl=\"3\" data-columns-md=\"3\" data-columns-sm=\"2\" data-columns-xs=\"1\" data-columns-ss=\"1\"><li class=\"kadence-blocks-gallery-item\"><div class=\"kadence-blocks-gallery-item-inner\"><figure class=\"kb-gallery-figure kb-gallery-item-has-link kadence-blocks-gallery-item-hide-caption\"><a href=\"https:\/\/itftkd.sport\/wp-content\/uploads\/2020\/07\/Competition-Team-Patterns-7-1024x683.jpg\" class=\"kb-gallery-item-link\"  ><div class=\"kb-gal-image-radius\"><div class=\"kb-gallery-image-contain\" ><img loading=\"lazy\" decoding=\"async\" width=\"1024\" height=\"683\" src=\"https:\/\/itftkd.sport\/wp-content\/uploads\/2020\/07\/Competition-Team-Patterns-7-1024x683.jpg\"   alt=\"Competition-Team-Patterns\" data-full-image=\"https:\/\/itftkd.sport\/wp-content\/uploads\/2020\/07\/Competition-Team-Patterns-7-1024x683.jpg\" data-light-image=\"https:\/\/itftkd.sport\/wp-content\/uploads\/2020\/07\/Competition-Team-Patterns-7-1024x683.jpg\" data-id=\"22351\" class=\"wp-image-22351\" srcset=\"https:\/\/itftkd.sport\/es\/wp-content\/uploads\/sites\/7\/2020\/07\/Competition-Team-Patterns-7-1024x683.jpg 1024w, https:\/\/itftkd.sport\/es\/wp-content\/uploads\/sites\/7\/2020\/07\/Competition-Team-Patterns-7-300x200.jpg 300w, https:\/\/itftkd.sport\/es\/wp-content\/uploads\/sites\/7\/2020\/07\/Competition-Team-Patterns-7-768x512.jpg 768w, https:\/\/itftkd.sport\/es\/wp-content\/uploads\/sites\/7\/2020\/07\/Competition-Team-Patterns-7-600x400.jpg 600w\" sizes=\"auto, (max-width: 1024px) 100vw, 1024px\" \/><\/div><\/div><\/a><\/figure><\/div><\/li><li class=\"kadence-blocks-gallery-item\"><div class=\"kadence-blocks-gallery-item-inner\"><figure class=\"kb-gallery-figure kb-gallery-item-has-link kadence-blocks-gallery-item-hide-caption\"><a href=\"https:\/\/itftkd.sport\/wp-content\/uploads\/2020\/07\/Competition-Team-Patterns-4.jpg\" class=\"kb-gallery-item-link\"  ><div class=\"kb-gal-image-radius\"><div class=\"kb-gallery-image-contain\" ><img loading=\"lazy\" decoding=\"async\" width=\"800\" height=\"533\" src=\"https:\/\/itftkd.sport\/wp-content\/uploads\/2020\/07\/Competition-Team-Patterns-4.jpg\"   alt=\"Competition-Team-Patterns\" data-full-image=\"https:\/\/itftkd.sport\/wp-content\/uploads\/2020\/07\/Competition-Team-Patterns-4.jpg\" data-light-image=\"https:\/\/itftkd.sport\/wp-content\/uploads\/2020\/07\/Competition-Team-Patterns-4.jpg\" data-id=\"22348\" class=\"wp-image-22348\" srcset=\"https:\/\/itftkd.sport\/es\/wp-content\/uploads\/sites\/7\/2020\/07\/Competition-Team-Patterns-4.jpg 800w, https:\/\/itftkd.sport\/es\/wp-content\/uploads\/sites\/7\/2020\/07\/Competition-Team-Patterns-4-300x200.jpg 300w, https:\/\/itftkd.sport\/es\/wp-content\/uploads\/sites\/7\/2020\/07\/Competition-Team-Patterns-4-768x512.jpg 768w, https:\/\/itftkd.sport\/es\/wp-content\/uploads\/sites\/7\/2020\/07\/Competition-Team-Patterns-4-600x400.jpg 600w\" sizes=\"auto, (max-width: 800px) 100vw, 800px\" \/><\/div><\/div><\/a><\/figure><\/div><\/li><li class=\"kadence-blocks-gallery-item\"><div class=\"kadence-blocks-gallery-item-inner\"><figure class=\"kb-gallery-figure kb-gallery-item-has-link kadence-blocks-gallery-item-hide-caption\"><a href=\"https:\/\/itftkd.sport\/wp-content\/uploads\/2020\/07\/Competition-Team-Patterns-8-1024x683.jpg\" class=\"kb-gallery-item-link\"  ><div class=\"kb-gal-image-radius\"><div class=\"kb-gallery-image-contain\" ><img loading=\"lazy\" decoding=\"async\" width=\"1024\" height=\"683\" src=\"https:\/\/itftkd.sport\/wp-content\/uploads\/2020\/07\/Competition-Team-Patterns-8-1024x683.jpg\"   alt=\"Competition-Team-Patterns\" data-full-image=\"https:\/\/itftkd.sport\/wp-content\/uploads\/2020\/07\/Competition-Team-Patterns-8-1024x683.jpg\" data-light-image=\"https:\/\/itftkd.sport\/wp-content\/uploads\/2020\/07\/Competition-Team-Patterns-8-1024x683.jpg\" data-id=\"22352\" class=\"wp-image-22352\" srcset=\"https:\/\/itftkd.sport\/es\/wp-content\/uploads\/sites\/7\/2020\/07\/Competition-Team-Patterns-8-1024x683.jpg 1024w, https:\/\/itftkd.sport\/es\/wp-content\/uploads\/sites\/7\/2020\/07\/Competition-Team-Patterns-8-300x200.jpg 300w, https:\/\/itftkd.sport\/es\/wp-content\/uploads\/sites\/7\/2020\/07\/Competition-Team-Patterns-8-768x512.jpg 768w, https:\/\/itftkd.sport\/es\/wp-content\/uploads\/sites\/7\/2020\/07\/Competition-Team-Patterns-8-600x400.jpg 600w\" sizes=\"auto, (max-width: 1024px) 100vw, 1024px\" \/><\/div><\/div><\/a><\/figure><\/div><\/li><li class=\"kadence-blocks-gallery-item\"><div class=\"kadence-blocks-gallery-item-inner\"><figure class=\"kb-gallery-figure kb-gallery-item-has-link kadence-blocks-gallery-item-hide-caption\"><a href=\"https:\/\/itftkd.sport\/wp-content\/uploads\/2020\/07\/Competition-Team-Patterns-6-1024x683.jpg\" class=\"kb-gallery-item-link\"  ><div class=\"kb-gal-image-radius\"><div class=\"kb-gallery-image-contain\" ><img loading=\"lazy\" decoding=\"async\" width=\"1024\" height=\"683\" src=\"https:\/\/itftkd.sport\/wp-content\/uploads\/2020\/07\/Competition-Team-Patterns-6-1024x683.jpg\"   alt=\"Competition-Team-Patterns\" data-full-image=\"https:\/\/itftkd.sport\/wp-content\/uploads\/2020\/07\/Competition-Team-Patterns-6-1024x683.jpg\" data-light-image=\"https:\/\/itftkd.sport\/wp-content\/uploads\/2020\/07\/Competition-Team-Patterns-6-1024x683.jpg\" data-id=\"22350\" class=\"wp-image-22350\" srcset=\"https:\/\/itftkd.sport\/es\/wp-content\/uploads\/sites\/7\/2020\/07\/Competition-Team-Patterns-6-1024x683.jpg 1024w, https:\/\/itftkd.sport\/es\/wp-content\/uploads\/sites\/7\/2020\/07\/Competition-Team-Patterns-6-300x200.jpg 300w, https:\/\/itftkd.sport\/es\/wp-content\/uploads\/sites\/7\/2020\/07\/Competition-Team-Patterns-6-768x512.jpg 768w, https:\/\/itftkd.sport\/es\/wp-content\/uploads\/sites\/7\/2020\/07\/Competition-Team-Patterns-6-600x400.jpg 600w\" sizes=\"auto, (max-width: 1024px) 100vw, 1024px\" \/><\/div><\/div><\/a><\/figure><\/div><\/li><li class=\"kadence-blocks-gallery-item\"><div class=\"kadence-blocks-gallery-item-inner\"><figure class=\"kb-gallery-figure kb-gallery-item-has-link kadence-blocks-gallery-item-hide-caption\"><a href=\"https:\/\/itftkd.sport\/wp-content\/uploads\/2020\/07\/Competition-Team-Patterns-5-1024x683.jpg\" class=\"kb-gallery-item-link\"  ><div class=\"kb-gal-image-radius\"><div class=\"kb-gallery-image-contain\" ><img loading=\"lazy\" decoding=\"async\" width=\"1024\" height=\"683\" src=\"https:\/\/itftkd.sport\/wp-content\/uploads\/2020\/07\/Competition-Team-Patterns-5-1024x683.jpg\"   alt=\"Competition-Team-Patterns\" data-full-image=\"https:\/\/itftkd.sport\/wp-content\/uploads\/2020\/07\/Competition-Team-Patterns-5-1024x683.jpg\" data-light-image=\"https:\/\/itftkd.sport\/wp-content\/uploads\/2020\/07\/Competition-Team-Patterns-5-1024x683.jpg\" data-id=\"22349\" class=\"wp-image-22349\" srcset=\"https:\/\/itftkd.sport\/es\/wp-content\/uploads\/sites\/7\/2020\/07\/Competition-Team-Patterns-5-1024x683.jpg 1024w, https:\/\/itftkd.sport\/es\/wp-content\/uploads\/sites\/7\/2020\/07\/Competition-Team-Patterns-5-300x200.jpg 300w, https:\/\/itftkd.sport\/es\/wp-content\/uploads\/sites\/7\/2020\/07\/Competition-Team-Patterns-5-768x512.jpg 768w, https:\/\/itftkd.sport\/es\/wp-content\/uploads\/sites\/7\/2020\/07\/Competition-Team-Patterns-5-600x400.jpg 600w\" sizes=\"auto, (max-width: 1024px) 100vw, 1024px\" \/><\/div><\/div><\/a><\/figure><\/div><\/li><li class=\"kadence-blocks-gallery-item\"><div class=\"kadence-blocks-gallery-item-inner\"><figure class=\"kb-gallery-figure kb-gallery-item-has-link kadence-blocks-gallery-item-hide-caption\"><a href=\"https:\/\/itftkd.sport\/wp-content\/uploads\/2020\/07\/Competition-Team-Patterns-3.jpg\" class=\"kb-gallery-item-link\"  ><div class=\"kb-gal-image-radius\"><div class=\"kb-gallery-image-contain\" ><img loading=\"lazy\" decoding=\"async\" width=\"800\" height=\"533\" src=\"https:\/\/itftkd.sport\/wp-content\/uploads\/2020\/07\/Competition-Team-Patterns-3.jpg\"   alt=\"Competition-Team-Patterns\" data-full-image=\"https:\/\/itftkd.sport\/wp-content\/uploads\/2020\/07\/Competition-Team-Patterns-3.jpg\" data-light-image=\"https:\/\/itftkd.sport\/wp-content\/uploads\/2020\/07\/Competition-Team-Patterns-3.jpg\" data-id=\"22347\" class=\"wp-image-22347\" srcset=\"https:\/\/itftkd.sport\/es\/wp-content\/uploads\/sites\/7\/2020\/07\/Competition-Team-Patterns-3.jpg 800w, https:\/\/itftkd.sport\/es\/wp-content\/uploads\/sites\/7\/2020\/07\/Competition-Team-Patterns-3-300x200.jpg 300w, https:\/\/itftkd.sport\/es\/wp-content\/uploads\/sites\/7\/2020\/07\/Competition-Team-Patterns-3-768x512.jpg 768w, https:\/\/itftkd.sport\/es\/wp-content\/uploads\/sites\/7\/2020\/07\/Competition-Team-Patterns-3-600x400.jpg 600w\" sizes=\"auto, (max-width: 800px) 100vw, 800px\" \/><\/div><\/div><\/a><\/figure><\/div><\/li><\/ul><\/div>\n\n\n<div style=\"color:#ddd\" class=\"wp-block-atomic-blocks-ab-spacer ab-block-spacer ab-divider-solid ab-divider-size-1\"><hr style=\"height:30px\" \/><\/div>\n\n\n\n<figure class=\"wp-block-embed-youtube wp-block-embed is-type-video is-provider-youtube wp-embed-aspect-16-9 wp-has-aspect-ratio\"><div class=\"wp-block-embed__wrapper\">\n<iframe loading=\"lazy\" title=\"Final Senior Male Team Pattern, ITF World Championships Jesolo, Italy\" width=\"500\" height=\"281\" src=\"https:\/\/www.youtube.com\/embed\/7UalBjeBDzw?feature=oembed\" frameborder=\"0\" allow=\"accelerometer; autoplay; clipboard-write; encrypted-media; gyroscope; picture-in-picture; web-share\" referrerpolicy=\"strict-origin-when-cross-origin\" allowfullscreen><\/iframe>\n<\/div><\/figure>\n","protected":false},"excerpt":{"rendered":"<p>En las formas por equipo, cada equipo consta de cinco competidores. El equipo debe ejecutar dos formas con variaciones originales. Los principales criterios son la sincronizaci\u00f3n creativa y el trabajo &hellip;<\/p>\n","protected":false},"author":4,"featured_media":0,"parent":364,"menu_order":0,"comment_status":"closed","ping_status":"closed","template":"","meta":{"_tec_requires_first_save":true,"_uag_custom_page_level_css":"","_genesis_hide_title":false,"_genesis_hide_breadcrumbs":false,"_genesis_hide_singular_image":false,"_genesis_hide_footer_widgets":false,"_genesis_custom_body_class":"","_genesis_custom_post_class":"","_genesis_layout":"","_EventAllDay":false,"_EventTimezone":"","_EventStartDate":"","_EventEndDate":"","_EventStartDateUTC":"","_EventEndDateUTC":"","_EventShowMap":false,"_EventShowMapLink":false,"_EventURL":"","_EventCost":"","_EventCostDescription":"","_EventCurrencySymbol":"","_EventCurrencyCode":"","_EventCurrencyPosition":"","_EventDateTimeSeparator":"","_EventTimeRangeSeparator":"","_EventOrganizerID":[],"_EventVenueID":[0],"_OrganizerEmail":"","_OrganizerPhone":"","_OrganizerWebsite":"","_VenueAddress":"","_VenueCity":"","_VenueCountry":"","_VenueProvince":"","_VenueState":"","_VenueZip":"","_VenuePhone":"","_VenueURL":"","_VenueStateProvince":"","_VenueLat":"","_VenueLng":"","_VenueShowMap":false,"_VenueShowMapLink":false,"_tribe_blocks_recurrence_rules":"","_tribe_blocks_recurrence_description":"","_tribe_blocks_recurrence_exclusions":"","editor_notices":[],"footnotes":""},"class_list":["post-22239","page","type-page","status-publish","entry"],"featured_image_src":null,"featured_image_src_square":null,"uagb_featured_image_src":{"full":false,"thumbnail":false,"medium":false,"medium_large":false,"large":false,"1536x1536":false,"2048x2048":false,"banner":false,"section":false,"full-width":false,"featured":false,"one-half":false,"one-third":false,"one-fourth":false,"tiny":false,"ab-block-post-grid-landscape":false,"ab-block-post-grid-square":false,"gform-image-choice-sm":false,"gform-image-choice-md":false,"gform-image-choice-lg":false},"uagb_author_info":{"display_name":"FABIAN ITF","author_link":"https:\/\/itftkd.sport\/es\/author\/fabian-itf\/"},"uagb_comment_info":0,"uagb_excerpt":"En las formas por equipo, cada equipo consta de cinco competidores. El equipo debe ejecutar dos formas con variaciones originales. Los principales criterios son la sincronizaci\u00f3n creativa y el trabajo &hellip;","_links":{"self":[{"href":"https:\/\/itftkd.sport\/es\/wp-json\/wp\/v2\/pages\/22239","targetHints":{"allow":["GET"]}}],"collection":[{"href":"https:\/\/itftkd.sport\/es\/wp-json\/wp\/v2\/pages"}],"about":[{"href":"https:\/\/itftkd.sport\/es\/wp-json\/wp\/v2\/types\/page"}],"author":[{"embeddable":true,"href":"https:\/\/itftkd.sport\/es\/wp-json\/wp\/v2\/users\/4"}],"replies":[{"embeddable":true,"href":"https:\/\/itftkd.sport\/es\/wp-json\/wp\/v2\/comments?post=22239"}],"version-history":[{"count":4,"href":"https:\/\/itftkd.sport\/es\/wp-json\/wp\/v2\/pages\/22239\/revisions"}],"predecessor-version":[{"id":23754,"href":"https:\/\/itftkd.sport\/es\/wp-json\/wp\/v2\/pages\/22239\/revisions\/23754"}],"up":[{"embeddable":true,"href":"https:\/\/itftkd.sport\/es\/wp-json\/wp\/v2\/pages\/364"}],"wp:attachment":[{"href":"https:\/\/itftkd.sport\/es\/wp-json\/wp\/v2\/media?parent=22239"}],"curies":[{"name":"wp","href":"https:\/\/api.w.org\/{rel}","templated":true}]}}