{"id":21512,"date":"2020-06-23T18:03:03","date_gmt":"2020-06-23T16:03:03","guid":{"rendered":"https:\/\/itftkd.sport\/?page_id=21512"},"modified":"2020-09-27T15:03:35","modified_gmt":"2020-09-27T13:03:35","slug":"rotura-de-poder","status":"publish","type":"page","link":"https:\/\/itftkd.sport\/es\/competicion\/rotura-de-poder\/","title":{"rendered":"Rotura de Poder"},"content":{"rendered":"\n<div class=\"wp-block-image\"><figure class=\"alignright size-large is-resized\"><a href=\"https:\/\/itftkd.sport\/wp-content\/uploads\/2020\/07\/Competition-Power-Break-Ireland.jpg\"><img loading=\"lazy\" decoding=\"async\" src=\"https:\/\/itftkd.sport\/wp-content\/uploads\/2020\/07\/Competition-Power-Break-Ireland-1024x683.jpg\" alt=\"Competition-Power-Breaking-Ireland\" class=\"wp-image-22290\" width=\"392\" height=\"260\" srcset=\"https:\/\/itftkd.sport\/es\/wp-content\/uploads\/sites\/7\/2020\/07\/Competition-Power-Break-Ireland-1024x683.jpg 1024w, https:\/\/itftkd.sport\/es\/wp-content\/uploads\/sites\/7\/2020\/07\/Competition-Power-Break-Ireland-300x200.jpg 300w\" sizes=\"auto, (max-width: 392px) 100vw, 392px\" \/><\/a><figcaption>Fotograf\u00eda por: The TKD Reporters<\/figcaption><\/figure><\/div>\n\n\n\n<p>El objetivo es que el competidor rompa tantas tablas como pueda con un solo golpe.<\/p>\n\n\n\n<p>Se utilizar\u00e1n m\u00e1quinas dise\u00f1adas para la prueba espec\u00edfica. El n\u00famero de tablas de pl\u00e1stico para cada t\u00e9cnica se indicar\u00e1 en la Invitaci\u00f3n Oficial del Campeonato. <\/p>\n\n\n\n<p>Las m\u00e1quinas deber\u00e1n tener un rango de altura inicial m\u00ednima y m\u00e1xima que se indicar\u00e1 en la invitaci\u00f3n oficial del campeonato.<\/p>\n\n\n\n<p>En la Rotura de Poder est\u00e1 permitido dar un paso adelante, deslizarse o saltar.<\/p>\n\n\n\n<p>Sin embargo, se debe adoptar un bloqueo en guardia con antebrazo antes y despu\u00e9s de cada intento de romper la (s) tabla (s).<\/p>\n\n\n\n<p>Para Sonkal Taerigi, el golpe puede ser hacia adentro o hacia afuera.<\/p>\n\n\n\n<p>Se permite un tiempo total de dos (2) minutos para hombres y un (1) minuto para mujeres, para establecer las alturas correctas para los elementos de Rotura de Poder enumerados.<\/p>\n\n\n\n<figure class=\"wp-block-image size-large\"><a href=\"https:\/\/itftkd.sport\/wp-content\/uploads\/2020\/07\/Inzell-2019-1.jpg\"><img loading=\"lazy\" decoding=\"async\" width=\"1024\" height=\"736\" src=\"https:\/\/itftkd.sport\/wp-content\/uploads\/2020\/07\/Inzell-2019-1-1024x736.jpg\" alt=\"Competition-Power-Breaking-Inzell-2019\" class=\"wp-image-22288\" srcset=\"https:\/\/itftkd.sport\/es\/wp-content\/uploads\/sites\/7\/2020\/07\/Inzell-2019-1-1024x736.jpg 1024w, https:\/\/itftkd.sport\/es\/wp-content\/uploads\/sites\/7\/2020\/07\/Inzell-2019-1-300x216.jpg 300w, https:\/\/itftkd.sport\/es\/wp-content\/uploads\/sites\/7\/2020\/07\/Inzell-2019-1-768x552.jpg 768w\" sizes=\"auto, (max-width: 1024px) 100vw, 1024px\" \/><\/a><figcaption>Fotograf\u00eda por: Jake Siddall<\/figcaption><\/figure>\n\n\n\n<h2 class=\"wp-block-heading\">Divisiones<\/h2>\n\n\n\n<p>Grupos masculino y femenino.<\/p>\n\n\n\n<p>Es obligatorio que cada competidor intente, de acuerdo con el orden mencionado, todos los \u00edtems listados para su grupo. (<a href=\"https:\/\/itftkd.sport\/rules\/\" class=\"ek-link\">Art\u00edculo 43 del Reglamento del Torneo Mundial Juvenil y Senior de la ITF<\/a>).<\/p>\n\n\n\n<h3 class=\"wp-block-heading\">Junior y Senior<\/h3>\n\n\n\n<h4 class=\"wp-block-heading\">Masculino<\/h4>\n\n\n\n<ol class=\"wp-block-list\" type=\"a\"><li>Ap-Joomuk Jirugi<\/li><li>Sonkal Taerigi<\/li><li>Yop Cha Jirugi<\/li><li>Dollyo Chagi<\/li><li>Bandae Dollyo Chagi<\/li><\/ol>\n\n\n\n<h4 class=\"wp-block-heading\">Femenino<\/h4>\n\n\n\n<ol class=\"wp-block-list\"><li>Sonkal Taerigi<\/li><li>Yop Cha Jirugi<\/li><li>Dollyo Chagi<\/li><\/ol>\n\n\n\n<figure class=\"wp-block-image size-large\"><a href=\"https:\/\/itftkd.sport\/wp-content\/uploads\/2020\/07\/Competition-Power-Break-Ireland-4.jpg\"><img loading=\"lazy\" decoding=\"async\" width=\"1024\" height=\"683\" src=\"https:\/\/itftkd.sport\/wp-content\/uploads\/2020\/07\/Competition-Power-Break-Ireland-4-1024x683.jpg\" alt=\"Competition-Power-Break-Ireland-4\" class=\"wp-image-22294\" srcset=\"https:\/\/itftkd.sport\/es\/wp-content\/uploads\/sites\/7\/2020\/07\/Competition-Power-Break-Ireland-4-1024x683.jpg 1024w, https:\/\/itftkd.sport\/es\/wp-content\/uploads\/sites\/7\/2020\/07\/Competition-Power-Break-Ireland-4-300x200.jpg 300w, https:\/\/itftkd.sport\/es\/wp-content\/uploads\/sites\/7\/2020\/07\/Competition-Power-Break-Ireland-4-768x512.jpg 768w, https:\/\/itftkd.sport\/es\/wp-content\/uploads\/sites\/7\/2020\/07\/Competition-Power-Break-Ireland-4-600x400.jpg 600w\" sizes=\"auto, (max-width: 1024px) 100vw, 1024px\" \/><\/a><figcaption>Fotograf\u00eda por: The TKD Reporters<\/figcaption><\/figure>\n\n\n\n<h3 class=\"wp-block-heading\">Junior y o Senior \u2013 Equipo<\/h3>\n\n\n\n<h4 class=\"wp-block-heading\">Masculino<\/h4>\n\n\n\n<p>Los equipos (5 competidores + 1 reserva) realizar\u00e1n los elementos indicados en el Art\u00edculo 43 y los procedimientos en a.-c.-d.-e.-f.-g-h de las Reglas y Reglamentos del Torneo Mundial Juvenil y Senior de la ITF. (Art\u00edculo 44) se llevar\u00e1 a cabo.<\/p>\n\n\n\n<h4 class=\"wp-block-heading\">Femenino<\/h4>\n\n\n\n<p>Los equipos (3 competidores + 1 reserva) realizar\u00e1n los elementos indicados en el Art\u00edculo 43 y los procedimientos en b.-c.-d.-e.-f.-g-h de las Reglas y Reglamentos del Torneo Mundial Juvenil y Senior de la ITF. (Art\u00edculo 44) se llevar\u00e1 a cabo.<\/p>\n\n\n\n<p>Por favor consulte los reglamentos completos:\u00a0<a class=\"ek-link ek-link\" href=\"https:\/\/itftkd.sport\/rules\/\">Reglas y reglamentos de campeonatos<\/a><\/p>\n\n\n<style>.wp-block-kadence-advancedgallery .kb-gallery-type-masonry.kb-gallery-id-_501211-d5{margin:-5px;}.kb-gallery-type-masonry.kb-gallery-id-_501211-d5 .kadence-blocks-gallery-item{padding:5px;}.kb-gallery-id-_501211-d5 .kadence-blocks-gallery-item .kb-gal-image-radius, .kb-gallery-id-_501211-d5 .kb-slide-item .kb-gal-image-radius img{border-radius:0px 0px 0px 0px;;}<\/style><div class=\"kb-gallery-wrap-id-_501211-d5 alignnone wp-block-kadence-advancedgallery\"><ul class=\"kb-gallery-ul kb-gallery-non-static kb-gallery-type-masonry kb-masonry-init kb-gallery-id-_501211-d5 kb-gallery-caption-style-bottom-hover kb-gallery-filter-none\" data-image-filter=\"none\" data-item-selector=\".kadence-blocks-gallery-item\" data-lightbox-caption=\"true\" data-columns-xxl=\"3\" data-columns-xl=\"3\" data-columns-md=\"3\" data-columns-sm=\"2\" data-columns-xs=\"1\" data-columns-ss=\"1\"><li class=\"kadence-blocks-gallery-item\"><div class=\"kadence-blocks-gallery-item-inner\"><figure class=\"kb-gallery-figure kb-gallery-item-has-link kadence-blocks-gallery-item-hide-caption\"><a href=\"https:\/\/itftkd.sport\/wp-content\/uploads\/2020\/07\/Competition-Power-Break-3-1024x683.jpg\" class=\"kb-gallery-item-link\"  ><div class=\"kb-gal-image-radius\"><div class=\"kb-gallery-image-contain\" ><img loading=\"lazy\" decoding=\"async\" width=\"1024\" height=\"683\" src=\"https:\/\/itftkd.sport\/wp-content\/uploads\/2020\/07\/Competition-Power-Break-3-1024x683.jpg\"   alt=\"Competition-Power-Break\" data-full-image=\"https:\/\/itftkd.sport\/wp-content\/uploads\/2020\/07\/Competition-Power-Break-3-1024x683.jpg\" data-light-image=\"https:\/\/itftkd.sport\/wp-content\/uploads\/2020\/07\/Competition-Power-Break-3-1024x683.jpg\" data-id=\"22300\" class=\"wp-image-22300\" srcset=\"https:\/\/itftkd.sport\/es\/wp-content\/uploads\/sites\/7\/2020\/07\/Competition-Power-Break-3-1024x683.jpg 1024w, https:\/\/itftkd.sport\/es\/wp-content\/uploads\/sites\/7\/2020\/07\/Competition-Power-Break-3-300x200.jpg 300w, https:\/\/itftkd.sport\/es\/wp-content\/uploads\/sites\/7\/2020\/07\/Competition-Power-Break-3-768x512.jpg 768w, https:\/\/itftkd.sport\/es\/wp-content\/uploads\/sites\/7\/2020\/07\/Competition-Power-Break-3-600x400.jpg 600w\" sizes=\"auto, (max-width: 1024px) 100vw, 1024px\" \/><\/div><\/div><\/a><\/figure><\/div><\/li><li class=\"kadence-blocks-gallery-item\"><div class=\"kadence-blocks-gallery-item-inner\"><figure class=\"kb-gallery-figure kb-gallery-item-has-link kadence-blocks-gallery-item-hide-caption\"><a href=\"https:\/\/itftkd.sport\/wp-content\/uploads\/2020\/07\/Competition-Power-Break-2-1024x683.jpg\" class=\"kb-gallery-item-link\"  ><div class=\"kb-gal-image-radius\"><div class=\"kb-gallery-image-contain\" ><img loading=\"lazy\" decoding=\"async\" width=\"1024\" height=\"683\" src=\"https:\/\/itftkd.sport\/wp-content\/uploads\/2020\/07\/Competition-Power-Break-2-1024x683.jpg\"   alt=\"Competition-Power-Break-2\" data-full-image=\"https:\/\/itftkd.sport\/wp-content\/uploads\/2020\/07\/Competition-Power-Break-2-1024x683.jpg\" data-light-image=\"https:\/\/itftkd.sport\/wp-content\/uploads\/2020\/07\/Competition-Power-Break-2-1024x683.jpg\" data-id=\"22299\" class=\"wp-image-22299\" srcset=\"https:\/\/itftkd.sport\/es\/wp-content\/uploads\/sites\/7\/2020\/07\/Competition-Power-Break-2-1024x683.jpg 1024w, https:\/\/itftkd.sport\/es\/wp-content\/uploads\/sites\/7\/2020\/07\/Competition-Power-Break-2-300x200.jpg 300w, https:\/\/itftkd.sport\/es\/wp-content\/uploads\/sites\/7\/2020\/07\/Competition-Power-Break-2-768x512.jpg 768w, https:\/\/itftkd.sport\/es\/wp-content\/uploads\/sites\/7\/2020\/07\/Competition-Power-Break-2-600x400.jpg 600w\" sizes=\"auto, (max-width: 1024px) 100vw, 1024px\" \/><\/div><\/div><\/a><\/figure><\/div><\/li><li class=\"kadence-blocks-gallery-item\"><div class=\"kadence-blocks-gallery-item-inner\"><figure class=\"kb-gallery-figure kb-gallery-item-has-link kadence-blocks-gallery-item-hide-caption\"><a href=\"https:\/\/itftkd.sport\/wp-content\/uploads\/2020\/07\/Competition-Power-Break-NZ-2017-1024x683.jpg\" class=\"kb-gallery-item-link\"  ><div class=\"kb-gal-image-radius\"><div class=\"kb-gallery-image-contain\" ><img loading=\"lazy\" decoding=\"async\" width=\"1024\" height=\"683\" src=\"https:\/\/itftkd.sport\/wp-content\/uploads\/2020\/07\/Competition-Power-Break-NZ-2017-1024x683.jpg\"   alt=\"Competition-Power-Break-NZ-2017\" data-full-image=\"https:\/\/itftkd.sport\/wp-content\/uploads\/2020\/07\/Competition-Power-Break-NZ-2017-1024x683.jpg\" data-light-image=\"https:\/\/itftkd.sport\/wp-content\/uploads\/2020\/07\/Competition-Power-Break-NZ-2017-1024x683.jpg\" data-id=\"22296\" class=\"wp-image-22296\" srcset=\"https:\/\/itftkd.sport\/es\/wp-content\/uploads\/sites\/7\/2020\/07\/Competition-Power-Break-NZ-2017-1024x683.jpg 1024w, https:\/\/itftkd.sport\/es\/wp-content\/uploads\/sites\/7\/2020\/07\/Competition-Power-Break-NZ-2017-300x200.jpg 300w, https:\/\/itftkd.sport\/es\/wp-content\/uploads\/sites\/7\/2020\/07\/Competition-Power-Break-NZ-2017-768x512.jpg 768w, https:\/\/itftkd.sport\/es\/wp-content\/uploads\/sites\/7\/2020\/07\/Competition-Power-Break-NZ-2017-600x400.jpg 600w\" sizes=\"auto, (max-width: 1024px) 100vw, 1024px\" \/><\/div><\/div><\/a><\/figure><\/div><\/li><li class=\"kadence-blocks-gallery-item\"><div class=\"kadence-blocks-gallery-item-inner\"><figure class=\"kb-gallery-figure kb-gallery-item-has-link kadence-blocks-gallery-item-hide-caption\"><a href=\"https:\/\/itftkd.sport\/wp-content\/uploads\/2020\/07\/Competition-Power-Break-1-1024x683.jpg\" class=\"kb-gallery-item-link\"  ><div class=\"kb-gal-image-radius\"><div class=\"kb-gallery-image-contain\" ><img loading=\"lazy\" decoding=\"async\" width=\"1024\" height=\"683\" src=\"https:\/\/itftkd.sport\/wp-content\/uploads\/2020\/07\/Competition-Power-Break-1-1024x683.jpg\"   alt=\"Competition-Power-Break-1\" data-full-image=\"https:\/\/itftkd.sport\/wp-content\/uploads\/2020\/07\/Competition-Power-Break-1-1024x683.jpg\" data-light-image=\"https:\/\/itftkd.sport\/wp-content\/uploads\/2020\/07\/Competition-Power-Break-1-1024x683.jpg\" data-id=\"22298\" class=\"wp-image-22298\" srcset=\"https:\/\/itftkd.sport\/es\/wp-content\/uploads\/sites\/7\/2020\/07\/Competition-Power-Break-1-1024x683.jpg 1024w, https:\/\/itftkd.sport\/es\/wp-content\/uploads\/sites\/7\/2020\/07\/Competition-Power-Break-1-300x200.jpg 300w, https:\/\/itftkd.sport\/es\/wp-content\/uploads\/sites\/7\/2020\/07\/Competition-Power-Break-1-768x512.jpg 768w, https:\/\/itftkd.sport\/es\/wp-content\/uploads\/sites\/7\/2020\/07\/Competition-Power-Break-1-600x400.jpg 600w\" sizes=\"auto, (max-width: 1024px) 100vw, 1024px\" \/><\/div><\/div><\/a><\/figure><\/div><\/li><li class=\"kadence-blocks-gallery-item\"><div class=\"kadence-blocks-gallery-item-inner\"><figure class=\"kb-gallery-figure kb-gallery-item-has-link kadence-blocks-gallery-item-hide-caption\"><a href=\"https:\/\/itftkd.sport\/wp-content\/uploads\/2020\/07\/Competition-Power-Break-Ireland-3-1024x683.jpg\" class=\"kb-gallery-item-link\"  ><div class=\"kb-gal-image-radius\"><div class=\"kb-gallery-image-contain\" ><img loading=\"lazy\" decoding=\"async\" width=\"1024\" height=\"683\" src=\"https:\/\/itftkd.sport\/wp-content\/uploads\/2020\/07\/Competition-Power-Break-Ireland-3-1024x683.jpg\"   alt=\"Competition-Power-Break-Ireland-3\" data-full-image=\"https:\/\/itftkd.sport\/wp-content\/uploads\/2020\/07\/Competition-Power-Break-Ireland-3-1024x683.jpg\" data-light-image=\"https:\/\/itftkd.sport\/wp-content\/uploads\/2020\/07\/Competition-Power-Break-Ireland-3-1024x683.jpg\" data-id=\"22293\" class=\"wp-image-22293\" srcset=\"https:\/\/itftkd.sport\/es\/wp-content\/uploads\/sites\/7\/2020\/07\/Competition-Power-Break-Ireland-3-1024x683.jpg 1024w, https:\/\/itftkd.sport\/es\/wp-content\/uploads\/sites\/7\/2020\/07\/Competition-Power-Break-Ireland-3-300x200.jpg 300w, https:\/\/itftkd.sport\/es\/wp-content\/uploads\/sites\/7\/2020\/07\/Competition-Power-Break-Ireland-3-768x512.jpg 768w, https:\/\/itftkd.sport\/es\/wp-content\/uploads\/sites\/7\/2020\/07\/Competition-Power-Break-Ireland-3-600x400.jpg 600w\" sizes=\"auto, (max-width: 1024px) 100vw, 1024px\" \/><\/div><\/div><\/a><\/figure><\/div><\/li><li class=\"kadence-blocks-gallery-item\"><div class=\"kadence-blocks-gallery-item-inner\"><figure class=\"kb-gallery-figure kb-gallery-item-has-link kadence-blocks-gallery-item-hide-caption\"><a href=\"https:\/\/itftkd.sport\/wp-content\/uploads\/2020\/07\/Competition-Power-Break-Ireland-2-1024x684.jpg\" class=\"kb-gallery-item-link\"  ><div class=\"kb-gal-image-radius\"><div class=\"kb-gallery-image-contain\" ><img loading=\"lazy\" decoding=\"async\" width=\"1024\" height=\"684\" src=\"https:\/\/itftkd.sport\/wp-content\/uploads\/2020\/07\/Competition-Power-Break-Ireland-2-1024x684.jpg\"   alt=\"Competition-Power-Break-Ireland-2\" data-full-image=\"https:\/\/itftkd.sport\/wp-content\/uploads\/2020\/07\/Competition-Power-Break-Ireland-2-1024x684.jpg\" data-light-image=\"https:\/\/itftkd.sport\/wp-content\/uploads\/2020\/07\/Competition-Power-Break-Ireland-2-1024x684.jpg\" data-id=\"22292\" class=\"wp-image-22292\" srcset=\"https:\/\/itftkd.sport\/es\/wp-content\/uploads\/sites\/7\/2020\/07\/Competition-Power-Break-Ireland-2-1024x684.jpg 1024w, https:\/\/itftkd.sport\/es\/wp-content\/uploads\/sites\/7\/2020\/07\/Competition-Power-Break-Ireland-2-300x200.jpg 300w, https:\/\/itftkd.sport\/es\/wp-content\/uploads\/sites\/7\/2020\/07\/Competition-Power-Break-Ireland-2-768x513.jpg 768w, https:\/\/itftkd.sport\/es\/wp-content\/uploads\/sites\/7\/2020\/07\/Competition-Power-Break-Ireland-2-600x400.jpg 600w\" sizes=\"auto, (max-width: 1024px) 100vw, 1024px\" \/><\/div><\/div><\/a><\/figure><\/div><\/li><li class=\"kadence-blocks-gallery-item\"><div class=\"kadence-blocks-gallery-item-inner\"><figure class=\"kb-gallery-figure kb-gallery-item-has-link kadence-blocks-gallery-item-hide-caption\"><a href=\"https:\/\/itftkd.sport\/wp-content\/uploads\/2020\/07\/Competition-Power-Break-Ireland-1-1024x683.jpg\" class=\"kb-gallery-item-link\"  ><div class=\"kb-gal-image-radius\"><div class=\"kb-gallery-image-contain\" ><img loading=\"lazy\" decoding=\"async\" width=\"1024\" height=\"683\" src=\"https:\/\/itftkd.sport\/wp-content\/uploads\/2020\/07\/Competition-Power-Break-Ireland-1-1024x683.jpg\"   alt=\"Competition-Power-Break-Ireland-1\" data-full-image=\"https:\/\/itftkd.sport\/wp-content\/uploads\/2020\/07\/Competition-Power-Break-Ireland-1-1024x683.jpg\" data-light-image=\"https:\/\/itftkd.sport\/wp-content\/uploads\/2020\/07\/Competition-Power-Break-Ireland-1-1024x683.jpg\" data-id=\"22291\" class=\"wp-image-22291\" srcset=\"https:\/\/itftkd.sport\/es\/wp-content\/uploads\/sites\/7\/2020\/07\/Competition-Power-Break-Ireland-1-1024x683.jpg 1024w, https:\/\/itftkd.sport\/es\/wp-content\/uploads\/sites\/7\/2020\/07\/Competition-Power-Break-Ireland-1-300x200.jpg 300w, https:\/\/itftkd.sport\/es\/wp-content\/uploads\/sites\/7\/2020\/07\/Competition-Power-Break-Ireland-1-768x512.jpg 768w, https:\/\/itftkd.sport\/es\/wp-content\/uploads\/sites\/7\/2020\/07\/Competition-Power-Break-Ireland-1-600x400.jpg 600w\" sizes=\"auto, (max-width: 1024px) 100vw, 1024px\" \/><\/div><\/div><\/a><\/figure><\/div><\/li><li class=\"kadence-blocks-gallery-item\"><div class=\"kadence-blocks-gallery-item-inner\"><figure class=\"kb-gallery-figure kb-gallery-item-has-link kadence-blocks-gallery-item-hide-caption\"><a href=\"https:\/\/itftkd.sport\/wp-content\/uploads\/2020\/07\/DAY-2-ITF-TAEKWON-DO-WORLD-CUP-2014-5.jpg\" class=\"kb-gallery-item-link\"  ><div class=\"kb-gal-image-radius\" style=\"max-width:960px;\"><div class=\"kb-gallery-image-contain kadence-blocks-gallery-intrinsic\" style=\"padding-bottom:66%;\"><img loading=\"lazy\" decoding=\"async\" src=\"https:\/\/itftkd.sport\/wp-content\/uploads\/2020\/07\/DAY-2-ITF-TAEKWON-DO-WORLD-CUP-2014-5.jpg\" width=\"960\" height=\"640\" alt=\"Competition-Power-Break-World-Cup-2014\" data-full-image=\"https:\/\/itftkd.sport\/wp-content\/uploads\/2020\/07\/DAY-2-ITF-TAEKWON-DO-WORLD-CUP-2014-5.jpg\" data-light-image=\"https:\/\/itftkd.sport\/wp-content\/uploads\/2020\/07\/DAY-2-ITF-TAEKWON-DO-WORLD-CUP-2014-5.jpg\" data-id=\"22289\" class=\"wp-image-22289\" srcset=\"https:\/\/itftkd.sport\/es\/wp-content\/uploads\/sites\/7\/2020\/07\/DAY-2-ITF-TAEKWON-DO-WORLD-CUP-2014-5.jpg 960w, https:\/\/itftkd.sport\/es\/wp-content\/uploads\/sites\/7\/2020\/07\/DAY-2-ITF-TAEKWON-DO-WORLD-CUP-2014-5-300x200.jpg 300w, https:\/\/itftkd.sport\/es\/wp-content\/uploads\/sites\/7\/2020\/07\/DAY-2-ITF-TAEKWON-DO-WORLD-CUP-2014-5-768x512.jpg 768w, https:\/\/itftkd.sport\/es\/wp-content\/uploads\/sites\/7\/2020\/07\/DAY-2-ITF-TAEKWON-DO-WORLD-CUP-2014-5-600x400.jpg 600w\" sizes=\"auto, (max-width: 960px) 100vw, 960px\" \/><\/div><\/div><\/a><\/figure><\/div><\/li><li class=\"kadence-blocks-gallery-item\"><div class=\"kadence-blocks-gallery-item-inner\"><figure class=\"kb-gallery-figure kb-gallery-item-has-link kadence-blocks-gallery-item-hide-caption\"><a href=\"https:\/\/itftkd.sport\/wp-content\/uploads\/2020\/07\/Competition-Power-Break-Ireland-5-1024x683.jpg\" class=\"kb-gallery-item-link\"  ><div class=\"kb-gal-image-radius\"><div class=\"kb-gallery-image-contain\" ><img loading=\"lazy\" decoding=\"async\" width=\"1024\" height=\"683\" src=\"https:\/\/itftkd.sport\/wp-content\/uploads\/2020\/07\/Competition-Power-Break-Ireland-5-1024x683.jpg\"   alt=\"Competition-Power-Break-Ireland-5\" data-full-image=\"https:\/\/itftkd.sport\/wp-content\/uploads\/2020\/07\/Competition-Power-Break-Ireland-5-1024x683.jpg\" data-light-image=\"https:\/\/itftkd.sport\/wp-content\/uploads\/2020\/07\/Competition-Power-Break-Ireland-5-1024x683.jpg\" data-id=\"22295\" class=\"wp-image-22295\" srcset=\"https:\/\/itftkd.sport\/es\/wp-content\/uploads\/sites\/7\/2020\/07\/Competition-Power-Break-Ireland-5-1024x683.jpg 1024w, https:\/\/itftkd.sport\/es\/wp-content\/uploads\/sites\/7\/2020\/07\/Competition-Power-Break-Ireland-5-300x200.jpg 300w, https:\/\/itftkd.sport\/es\/wp-content\/uploads\/sites\/7\/2020\/07\/Competition-Power-Break-Ireland-5-768x512.jpg 768w, https:\/\/itftkd.sport\/es\/wp-content\/uploads\/sites\/7\/2020\/07\/Competition-Power-Break-Ireland-5-600x400.jpg 600w\" sizes=\"auto, (max-width: 1024px) 100vw, 1024px\" \/><\/div><\/div><\/a><\/figure><\/div><\/li><\/ul><\/div>\n\n\n<div style=\"color:#ddd\" class=\"wp-block-atomic-blocks-ab-spacer ab-block-spacer ab-divider-solid ab-divider-size-1\"><hr style=\"height:30px\" \/><\/div>\n\n\n\n<figure class=\"wp-block-embed-youtube wp-block-embed is-type-video is-provider-youtube wp-embed-aspect-16-9 wp-has-aspect-ratio\"><div class=\"wp-block-embed__wrapper\">\n<iframe loading=\"lazy\" title=\"ITF rules. Power Breaking\" width=\"500\" height=\"281\" src=\"https:\/\/www.youtube.com\/embed\/cSVU9N8yaLo?feature=oembed\" frameborder=\"0\" allow=\"accelerometer; autoplay; clipboard-write; encrypted-media; gyroscope; picture-in-picture; web-share\" referrerpolicy=\"strict-origin-when-cross-origin\" allowfullscreen><\/iframe>\n<\/div><\/figure>\n","protected":false},"excerpt":{"rendered":"<p>El objetivo es que el competidor rompa tantas tablas como pueda con un solo golpe. Se utilizar\u00e1n m\u00e1quinas dise\u00f1adas para la prueba espec\u00edfica. El n\u00famero de tablas de pl\u00e1stico para &hellip;<\/p>\n","protected":false},"author":4,"featured_media":0,"parent":364,"menu_order":0,"comment_status":"closed","ping_status":"closed","template":"","meta":{"_tec_requires_first_save":true,"_uag_custom_page_level_css":"","_genesis_hide_title":false,"_genesis_hide_breadcrumbs":false,"_genesis_hide_singular_image":false,"_genesis_hide_footer_widgets":false,"_genesis_custom_body_class":"","_genesis_custom_post_class":"","_genesis_layout":"","_EventAllDay":false,"_EventTimezone":"","_EventStartDate":"","_EventEndDate":"","_EventStartDateUTC":"","_EventEndDateUTC":"","_EventShowMap":false,"_EventShowMapLink":false,"_EventURL":"","_EventCost":"","_EventCostDescription":"","_EventCurrencySymbol":"","_EventCurrencyCode":"","_EventCurrencyPosition":"","_EventDateTimeSeparator":"","_EventTimeRangeSeparator":"","_EventOrganizerID":[],"_EventVenueID":[0],"_OrganizerEmail":"","_OrganizerPhone":"","_OrganizerWebsite":"","_VenueAddress":"","_VenueCity":"","_VenueCountry":"","_VenueProvince":"","_VenueState":"","_VenueZip":"","_VenuePhone":"","_VenueURL":"","_VenueStateProvince":"","_VenueLat":"","_VenueLng":"","_VenueShowMap":false,"_VenueShowMapLink":false,"_tribe_blocks_recurrence_rules":"","_tribe_blocks_recurrence_description":"","_tribe_blocks_recurrence_exclusions":"","editor_notices":[],"footnotes":""},"class_list":["post-21512","page","type-page","status-publish","entry"],"featured_image_src":null,"featured_image_src_square":null,"uagb_featured_image_src":{"full":false,"thumbnail":false,"medium":false,"medium_large":false,"large":false,"1536x1536":false,"2048x2048":false,"banner":false,"section":false,"full-width":false,"featured":false,"one-half":false,"one-third":false,"one-fourth":false,"tiny":false,"ab-block-post-grid-landscape":false,"ab-block-post-grid-square":false,"gform-image-choice-sm":false,"gform-image-choice-md":false,"gform-image-choice-lg":false},"uagb_author_info":{"display_name":"FABIAN ITF","author_link":"https:\/\/itftkd.sport\/es\/author\/fabian-itf\/"},"uagb_comment_info":0,"uagb_excerpt":"El objetivo es que el competidor rompa tantas tablas como pueda con un solo golpe. Se utilizar\u00e1n m\u00e1quinas dise\u00f1adas para la prueba espec\u00edfica. El n\u00famero de tablas de pl\u00e1stico para &hellip;","_links":{"self":[{"href":"https:\/\/itftkd.sport\/es\/wp-json\/wp\/v2\/pages\/21512","targetHints":{"allow":["GET"]}}],"collection":[{"href":"https:\/\/itftkd.sport\/es\/wp-json\/wp\/v2\/pages"}],"about":[{"href":"https:\/\/itftkd.sport\/es\/wp-json\/wp\/v2\/types\/page"}],"author":[{"embeddable":true,"href":"https:\/\/itftkd.sport\/es\/wp-json\/wp\/v2\/users\/4"}],"replies":[{"embeddable":true,"href":"https:\/\/itftkd.sport\/es\/wp-json\/wp\/v2\/comments?post=21512"}],"version-history":[{"count":5,"href":"https:\/\/itftkd.sport\/es\/wp-json\/wp\/v2\/pages\/21512\/revisions"}],"predecessor-version":[{"id":23758,"href":"https:\/\/itftkd.sport\/es\/wp-json\/wp\/v2\/pages\/21512\/revisions\/23758"}],"up":[{"embeddable":true,"href":"https:\/\/itftkd.sport\/es\/wp-json\/wp\/v2\/pages\/364"}],"wp:attachment":[{"href":"https:\/\/itftkd.sport\/es\/wp-json\/wp\/v2\/media?parent=21512"}],"curies":[{"name":"wp","href":"https:\/\/api.w.org\/{rel}","templated":true}]}}