{"id":21507,"date":"2020-06-23T17:58:35","date_gmt":"2020-06-23T15:58:35","guid":{"rendered":"https:\/\/itftkd.sport\/?page_id=21507"},"modified":"2020-09-28T03:00:08","modified_gmt":"2020-09-28T01:00:08","slug":"tecnicas-especiales","status":"publish","type":"page","link":"https:\/\/itftkd.sport\/es\/competicion\/tecnicas-especiales\/","title":{"rendered":"T\u00e9cnicas Especiales"},"content":{"rendered":"\n<p>Salte tan alto o tan largo como sea posible y golpee o rompa una tabla sostenida por soportes especialmente hechos mientras mantiene el equilibrio correcto.<\/p>\n\n\n\n<p>Se utilizar\u00e1 una m\u00e1quina dise\u00f1ada para la prueba espec\u00edfica. Las alturas para cada t\u00e9cnica se indicar\u00e1n en la Invitaci\u00f3n Oficial del Campeonato.<\/p>\n\n\n\n<h2 class=\"wp-block-heading\">Divisiones<\/h2>\n\n\n\n<p>Grupos Masculino y Femenino.<br><br>Es obligatorio que cada competidor intente, de acuerdo con el orden mencionado a continuaci\u00f3n, todas las t\u00e9cnicas enumeradas para su grupo (Art\u00edculo 46 del <a href=\"https:\/\/itftkd.sport\/rules\/\" class=\"ek-link\">Reglas y reglamentos de los torneos mundiales ITF Junior y Senior<\/a>). <\/p>\n\n\n\n<h3 class=\"wp-block-heading\">Junior y Senior<\/h3>\n\n\n\n<div class=\"wp-block-image\"><figure class=\"alignright size-one-fourth is-resized\"><a href=\"https:\/\/itftkd.sport\/wp-content\/uploads\/2020\/06\/Competition-ITF-line-5-631.jpg\"><img loading=\"lazy\" decoding=\"async\" src=\"https:\/\/itftkd.sport\/wp-content\/uploads\/2020\/06\/Competition-ITF-line-5-631-260x195.jpg\" alt=\"Competition-ITF-Championship\" class=\"wp-image-21779\" width=\"349\" height=\"262\" \/><\/a><figcaption>Se debe utilizar la herramienta de ataque correcta en<br>de la manera correcta y golpear el tablero hacia atr\u00e1s.<\/figcaption><\/figure><\/div>\n\n\n\n<h4 class=\"wp-block-heading\"><strong>Masculino<\/strong><\/h4>\n\n\n\n<ol class=\"wp-block-list\" type=\"1\"><li>Twimyo Nopi Ap Cha Busigi<\/li><li>Twimyo Dollyo Chagi<\/li><li>Twio Dolmyo Yop Cha Jirugi<\/li><li>Twimyo Bandae Dollyo Chagi<\/li><li>Twimyo Nopi Yop Cha Jirugi<\/li><\/ol>\n\n\n\n<h4 class=\"wp-block-heading\">Femenino<\/h4>\n\n\n\n<ol class=\"wp-block-list\"><li>Twimyo Nopi Ap Cha Busigi<\/li><li>Twimyo Dollyo Chagi<\/li><li>Twimyo Nopi Yop Cha Jirugi<\/li><\/ol>\n\n\n\n<h3 class=\"wp-block-heading\">Junior y o Senior &#8211; Equipo<\/h3>\n\n\n\n<h4 class=\"wp-block-heading\">Masculino<\/h4>\n\n\n\n<p>Los equipos (5 competidores + 1 reserva) realizar\u00e1n los \u00edtems indicados en el Art\u00edculo 46 y los procedimientos en a.-c.-d.-e.-f.-g-h del <a class=\"ek-link ek-link\" href=\"https:\/\/itftkd.sport\/rules\/\">Reglas y reglamentos de los torneos mundiales ITF Junior y Senior<\/a>. (Art\u00edculo 47) se llevar\u00e1 a cabo.<\/p>\n\n\n\n<h4 class=\"wp-block-heading\">Femenino<\/h4>\n\n\n\n<p>Los equipos (3 competidores + 1 reserva) realizar\u00e1n los \u00edtems indicados en el Art\u00edculo 46 y los procedimientos en b.-c.-d.-e.-f.-g-h del <a class=\"ek-link ek-link\" href=\"https:\/\/itftkd.sport\/rules\/\">Reglas y reglamentos de los torneos mundiales ITF Junior y Senior<\/a>. (Art\u00edculo 47) se llevar\u00e1 a cabo.<\/p>\n\n\n\n<p>Por favor, consulte los estatutos completos: <a href=\"https:\/\/itftkd.sport\/rules\/\" class=\"ek-link\">Reglas y reglamentos de campeonatos<\/a>.<\/p>\n\n\n\n<div style=\"color:#ddd\" class=\"wp-block-atomic-blocks-ab-spacer ab-block-spacer ab-divider-solid ab-divider-size-1\"><hr style=\"height:30px\" \/><\/div>\n\n\n<style>.wp-block-kadence-advancedgallery .kb-gallery-type-masonry.kb-gallery-id-_7e385d-63{margin:-5px;}.kb-gallery-type-masonry.kb-gallery-id-_7e385d-63 .kadence-blocks-gallery-item{padding:5px;}.kb-gallery-id-_7e385d-63 .kadence-blocks-gallery-item .kb-gal-image-radius, .kb-gallery-id-_7e385d-63 .kb-slide-item .kb-gal-image-radius img{border-radius:0px 0px 0px 0px;;}<\/style><div class=\"kb-gallery-wrap-id-_7e385d-63 alignnone wp-block-kadence-advancedgallery\"><ul class=\"kb-gallery-ul kb-gallery-non-static kb-gallery-type-masonry kb-masonry-init kb-gallery-id-_7e385d-63 kb-gallery-caption-style-bottom-hover kb-gallery-filter-none\" data-image-filter=\"none\" data-item-selector=\".kadence-blocks-gallery-item\" data-lightbox-caption=\"true\" data-columns-xxl=\"3\" data-columns-xl=\"3\" data-columns-md=\"3\" data-columns-sm=\"2\" data-columns-xs=\"1\" data-columns-ss=\"1\"><li class=\"kadence-blocks-gallery-item\"><div class=\"kadence-blocks-gallery-item-inner\"><figure class=\"kb-gallery-figure kb-gallery-item-has-link kadence-blocks-gallery-item-hide-caption\"><a href=\"https:\/\/itftkd.sport\/wp-content\/uploads\/2020\/06\/Competition-ITF-2-381.jpg\" class=\"kb-gallery-item-link\"  ><div class=\"kb-gal-image-radius\"><div class=\"kb-gallery-image-contain\" ><img loading=\"lazy\" decoding=\"async\" width=\"800\" height=\"533\" src=\"https:\/\/itftkd.sport\/wp-content\/uploads\/2020\/06\/Competition-ITF-2-381.jpg\"   alt=\"Competition-ITF-Championship\" data-full-image=\"https:\/\/itftkd.sport\/wp-content\/uploads\/2020\/06\/Competition-ITF-2-381.jpg\" data-light-image=\"https:\/\/itftkd.sport\/wp-content\/uploads\/2020\/06\/Competition-ITF-2-381.jpg\" data-id=\"21666\" class=\"wp-image-21666\" srcset=\"https:\/\/itftkd.sport\/es\/wp-content\/uploads\/sites\/7\/2020\/06\/Competition-ITF-2-381.jpg 800w, https:\/\/itftkd.sport\/es\/wp-content\/uploads\/sites\/7\/2020\/06\/Competition-ITF-2-381-300x200.jpg 300w, https:\/\/itftkd.sport\/es\/wp-content\/uploads\/sites\/7\/2020\/06\/Competition-ITF-2-381-768x512.jpg 768w, https:\/\/itftkd.sport\/es\/wp-content\/uploads\/sites\/7\/2020\/06\/Competition-ITF-2-381-600x400.jpg 600w\" sizes=\"auto, (max-width: 800px) 100vw, 800px\" \/><\/div><\/div><\/a><\/figure><\/div><\/li><li class=\"kadence-blocks-gallery-item\"><div class=\"kadence-blocks-gallery-item-inner\"><figure class=\"kb-gallery-figure kb-gallery-item-has-link kadence-blocks-gallery-item-hide-caption\"><a href=\"https:\/\/itftkd.sport\/wp-content\/uploads\/2020\/07\/Competition-Special-Techniques-10-1024x683-1.jpg\" class=\"kb-gallery-item-link\"  ><div class=\"kb-gal-image-radius\"><div class=\"kb-gallery-image-contain\" ><img loading=\"lazy\" decoding=\"async\" width=\"1024\" height=\"683\" src=\"https:\/\/itftkd.sport\/wp-content\/uploads\/2020\/07\/Competition-Special-Techniques-10-1024x683-1.jpg\"   alt=\"Competition-Special-Techniques\" data-full-image=\"https:\/\/itftkd.sport\/wp-content\/uploads\/2020\/07\/Competition-Special-Techniques-10-1024x683-1.jpg\" data-light-image=\"https:\/\/itftkd.sport\/wp-content\/uploads\/2020\/07\/Competition-Special-Techniques-10-1024x683-1.jpg\" data-id=\"22474\" class=\"wp-image-22474\" srcset=\"https:\/\/itftkd.sport\/es\/wp-content\/uploads\/sites\/7\/2020\/07\/Competition-Special-Techniques-10-1024x683-1.jpg 1024w, https:\/\/itftkd.sport\/es\/wp-content\/uploads\/sites\/7\/2020\/07\/Competition-Special-Techniques-10-1024x683-1-300x200.jpg 300w, https:\/\/itftkd.sport\/es\/wp-content\/uploads\/sites\/7\/2020\/07\/Competition-Special-Techniques-10-1024x683-1-768x512.jpg 768w, https:\/\/itftkd.sport\/es\/wp-content\/uploads\/sites\/7\/2020\/07\/Competition-Special-Techniques-10-1024x683-1-600x400.jpg 600w\" sizes=\"auto, (max-width: 1024px) 100vw, 1024px\" \/><\/div><\/div><\/a><\/figure><\/div><\/li><li class=\"kadence-blocks-gallery-item\"><div class=\"kadence-blocks-gallery-item-inner\"><figure class=\"kb-gallery-figure kb-gallery-item-has-link kadence-blocks-gallery-item-hide-caption\"><a href=\"https:\/\/itftkd.sport\/wp-content\/uploads\/2020\/07\/Competition-Special-Techniques-6-562x1024-1.jpg\" class=\"kb-gallery-item-link\"  ><div class=\"kb-gal-image-radius\"><div class=\"kb-gallery-image-contain\" ><img loading=\"lazy\" decoding=\"async\" width=\"562\" height=\"1024\" src=\"https:\/\/itftkd.sport\/wp-content\/uploads\/2020\/07\/Competition-Special-Techniques-6-562x1024-1.jpg\"   alt=\"Competition-Special-Techniques\" data-full-image=\"https:\/\/itftkd.sport\/wp-content\/uploads\/2020\/07\/Competition-Special-Techniques-6-562x1024-1.jpg\" data-light-image=\"https:\/\/itftkd.sport\/wp-content\/uploads\/2020\/07\/Competition-Special-Techniques-6-562x1024-1.jpg\" data-id=\"22471\" class=\"wp-image-22471\" srcset=\"https:\/\/itftkd.sport\/es\/wp-content\/uploads\/sites\/7\/2020\/07\/Competition-Special-Techniques-6-562x1024-1.jpg 562w, https:\/\/itftkd.sport\/es\/wp-content\/uploads\/sites\/7\/2020\/07\/Competition-Special-Techniques-6-562x1024-1-165x300.jpg 165w\" sizes=\"auto, (max-width: 562px) 100vw, 562px\" \/><\/div><\/div><\/a><\/figure><\/div><\/li><li class=\"kadence-blocks-gallery-item\"><div class=\"kadence-blocks-gallery-item-inner\"><figure class=\"kb-gallery-figure kb-gallery-item-has-link kadence-blocks-gallery-item-hide-caption\"><a href=\"https:\/\/itftkd.sport\/wp-content\/uploads\/2020\/07\/Competition-Special-Techniques-9-1024x683-1.jpg\" class=\"kb-gallery-item-link\"  ><div class=\"kb-gal-image-radius\"><div class=\"kb-gallery-image-contain\" ><img loading=\"lazy\" decoding=\"async\" width=\"1024\" height=\"683\" src=\"https:\/\/itftkd.sport\/wp-content\/uploads\/2020\/07\/Competition-Special-Techniques-9-1024x683-1.jpg\"   alt=\"Competition-Special-Techniques\" data-full-image=\"https:\/\/itftkd.sport\/wp-content\/uploads\/2020\/07\/Competition-Special-Techniques-9-1024x683-1.jpg\" data-light-image=\"https:\/\/itftkd.sport\/wp-content\/uploads\/2020\/07\/Competition-Special-Techniques-9-1024x683-1.jpg\" data-id=\"22473\" class=\"wp-image-22473\" srcset=\"https:\/\/itftkd.sport\/es\/wp-content\/uploads\/sites\/7\/2020\/07\/Competition-Special-Techniques-9-1024x683-1.jpg 1024w, https:\/\/itftkd.sport\/es\/wp-content\/uploads\/sites\/7\/2020\/07\/Competition-Special-Techniques-9-1024x683-1-300x200.jpg 300w, https:\/\/itftkd.sport\/es\/wp-content\/uploads\/sites\/7\/2020\/07\/Competition-Special-Techniques-9-1024x683-1-768x512.jpg 768w, https:\/\/itftkd.sport\/es\/wp-content\/uploads\/sites\/7\/2020\/07\/Competition-Special-Techniques-9-1024x683-1-600x400.jpg 600w\" sizes=\"auto, (max-width: 1024px) 100vw, 1024px\" \/><\/div><\/div><\/a><\/figure><\/div><\/li><li class=\"kadence-blocks-gallery-item\"><div class=\"kadence-blocks-gallery-item-inner\"><figure class=\"kb-gallery-figure kb-gallery-item-has-link kadence-blocks-gallery-item-hide-caption\"><a href=\"https:\/\/itftkd.sport\/wp-content\/uploads\/2020\/07\/Competition-Special-Techniques-8-1024x682-1.jpg\" class=\"kb-gallery-item-link\"  ><div class=\"kb-gal-image-radius\"><div class=\"kb-gallery-image-contain\" ><img loading=\"lazy\" decoding=\"async\" width=\"1024\" height=\"682\" src=\"https:\/\/itftkd.sport\/wp-content\/uploads\/2020\/07\/Competition-Special-Techniques-8-1024x682-1.jpg\"   alt=\"Competition-Special-Techniques\" data-full-image=\"https:\/\/itftkd.sport\/wp-content\/uploads\/2020\/07\/Competition-Special-Techniques-8-1024x682-1.jpg\" data-light-image=\"https:\/\/itftkd.sport\/wp-content\/uploads\/2020\/07\/Competition-Special-Techniques-8-1024x682-1.jpg\" data-id=\"22472\" class=\"wp-image-22472\" srcset=\"https:\/\/itftkd.sport\/es\/wp-content\/uploads\/sites\/7\/2020\/07\/Competition-Special-Techniques-8-1024x682-1.jpg 1024w, https:\/\/itftkd.sport\/es\/wp-content\/uploads\/sites\/7\/2020\/07\/Competition-Special-Techniques-8-1024x682-1-300x200.jpg 300w, https:\/\/itftkd.sport\/es\/wp-content\/uploads\/sites\/7\/2020\/07\/Competition-Special-Techniques-8-1024x682-1-768x512.jpg 768w, https:\/\/itftkd.sport\/es\/wp-content\/uploads\/sites\/7\/2020\/07\/Competition-Special-Techniques-8-1024x682-1-600x400.jpg 600w\" sizes=\"auto, (max-width: 1024px) 100vw, 1024px\" \/><\/div><\/div><\/a><\/figure><\/div><\/li><li class=\"kadence-blocks-gallery-item\"><div class=\"kadence-blocks-gallery-item-inner\"><figure class=\"kb-gallery-figure kb-gallery-item-has-link kadence-blocks-gallery-item-hide-caption\"><a href=\"https:\/\/itftkd.sport\/wp-content\/uploads\/2020\/07\/Competition-Special-Techniques-5-1024x759-1.jpg\" class=\"kb-gallery-item-link\"  ><div class=\"kb-gal-image-radius\"><div class=\"kb-gallery-image-contain\" ><img loading=\"lazy\" decoding=\"async\" width=\"1024\" height=\"759\" src=\"https:\/\/itftkd.sport\/wp-content\/uploads\/2020\/07\/Competition-Special-Techniques-5-1024x759-1.jpg\"   alt=\"Competition-Special-Techniques\" data-full-image=\"https:\/\/itftkd.sport\/wp-content\/uploads\/2020\/07\/Competition-Special-Techniques-5-1024x759-1.jpg\" data-light-image=\"https:\/\/itftkd.sport\/wp-content\/uploads\/2020\/07\/Competition-Special-Techniques-5-1024x759-1.jpg\" data-id=\"22470\" class=\"wp-image-22470\" srcset=\"https:\/\/itftkd.sport\/es\/wp-content\/uploads\/sites\/7\/2020\/07\/Competition-Special-Techniques-5-1024x759-1.jpg 1024w, https:\/\/itftkd.sport\/es\/wp-content\/uploads\/sites\/7\/2020\/07\/Competition-Special-Techniques-5-1024x759-1-300x222.jpg 300w, https:\/\/itftkd.sport\/es\/wp-content\/uploads\/sites\/7\/2020\/07\/Competition-Special-Techniques-5-1024x759-1-768x569.jpg 768w\" sizes=\"auto, (max-width: 1024px) 100vw, 1024px\" \/><\/div><\/div><\/a><\/figure><\/div><\/li><li class=\"kadence-blocks-gallery-item\"><div class=\"kadence-blocks-gallery-item-inner\"><figure class=\"kb-gallery-figure kb-gallery-item-has-link kadence-blocks-gallery-item-hide-caption\"><a href=\"https:\/\/itftkd.sport\/wp-content\/uploads\/2020\/07\/Competition-Special-Techniques-4-732x1024-1.jpg\" class=\"kb-gallery-item-link\"  ><div class=\"kb-gal-image-radius\"><div class=\"kb-gallery-image-contain\" ><img loading=\"lazy\" decoding=\"async\" width=\"732\" height=\"1024\" src=\"https:\/\/itftkd.sport\/wp-content\/uploads\/2020\/07\/Competition-Special-Techniques-4-732x1024-1.jpg\"   alt=\"Competition-Special-Techniques\" data-full-image=\"https:\/\/itftkd.sport\/wp-content\/uploads\/2020\/07\/Competition-Special-Techniques-4-732x1024-1.jpg\" data-light-image=\"https:\/\/itftkd.sport\/wp-content\/uploads\/2020\/07\/Competition-Special-Techniques-4-732x1024-1.jpg\" data-id=\"22469\" class=\"wp-image-22469\" srcset=\"https:\/\/itftkd.sport\/es\/wp-content\/uploads\/sites\/7\/2020\/07\/Competition-Special-Techniques-4-732x1024-1.jpg 732w, https:\/\/itftkd.sport\/es\/wp-content\/uploads\/sites\/7\/2020\/07\/Competition-Special-Techniques-4-732x1024-1-214x300.jpg 214w\" sizes=\"auto, (max-width: 732px) 100vw, 732px\" \/><\/div><\/div><\/a><\/figure><\/div><\/li><li class=\"kadence-blocks-gallery-item\"><div class=\"kadence-blocks-gallery-item-inner\"><figure class=\"kb-gallery-figure kb-gallery-item-has-link kadence-blocks-gallery-item-hide-caption\"><a href=\"https:\/\/itftkd.sport\/wp-content\/uploads\/2020\/07\/Competition-Special-Techniques-3-1024x683-1.jpg\" class=\"kb-gallery-item-link\"  ><div class=\"kb-gal-image-radius\"><div class=\"kb-gallery-image-contain\" ><img loading=\"lazy\" decoding=\"async\" width=\"1024\" height=\"683\" src=\"https:\/\/itftkd.sport\/wp-content\/uploads\/2020\/07\/Competition-Special-Techniques-3-1024x683-1.jpg\"   alt=\"Competition-Special-Techniques\" data-full-image=\"https:\/\/itftkd.sport\/wp-content\/uploads\/2020\/07\/Competition-Special-Techniques-3-1024x683-1.jpg\" data-light-image=\"https:\/\/itftkd.sport\/wp-content\/uploads\/2020\/07\/Competition-Special-Techniques-3-1024x683-1.jpg\" data-id=\"22468\" class=\"wp-image-22468\" srcset=\"https:\/\/itftkd.sport\/es\/wp-content\/uploads\/sites\/7\/2020\/07\/Competition-Special-Techniques-3-1024x683-1.jpg 1024w, https:\/\/itftkd.sport\/es\/wp-content\/uploads\/sites\/7\/2020\/07\/Competition-Special-Techniques-3-1024x683-1-300x200.jpg 300w, https:\/\/itftkd.sport\/es\/wp-content\/uploads\/sites\/7\/2020\/07\/Competition-Special-Techniques-3-1024x683-1-768x512.jpg 768w, https:\/\/itftkd.sport\/es\/wp-content\/uploads\/sites\/7\/2020\/07\/Competition-Special-Techniques-3-1024x683-1-600x400.jpg 600w\" sizes=\"auto, (max-width: 1024px) 100vw, 1024px\" \/><\/div><\/div><\/a><\/figure><\/div><\/li><li class=\"kadence-blocks-gallery-item\"><div class=\"kadence-blocks-gallery-item-inner\"><figure class=\"kb-gallery-figure kb-gallery-item-has-link kadence-blocks-gallery-item-hide-caption\"><a href=\"https:\/\/itftkd.sport\/wp-content\/uploads\/2020\/07\/Competition-Special-Techniques-2-1024x683-1.jpg\" class=\"kb-gallery-item-link\"  ><div class=\"kb-gal-image-radius\"><div class=\"kb-gallery-image-contain\" ><img loading=\"lazy\" decoding=\"async\" width=\"1024\" height=\"683\" src=\"https:\/\/itftkd.sport\/wp-content\/uploads\/2020\/07\/Competition-Special-Techniques-2-1024x683-1.jpg\"   alt=\"Competition-Special-Techniques\" data-full-image=\"https:\/\/itftkd.sport\/wp-content\/uploads\/2020\/07\/Competition-Special-Techniques-2-1024x683-1.jpg\" data-light-image=\"https:\/\/itftkd.sport\/wp-content\/uploads\/2020\/07\/Competition-Special-Techniques-2-1024x683-1.jpg\" data-id=\"22467\" class=\"wp-image-22467\" srcset=\"https:\/\/itftkd.sport\/es\/wp-content\/uploads\/sites\/7\/2020\/07\/Competition-Special-Techniques-2-1024x683-1.jpg 1024w, https:\/\/itftkd.sport\/es\/wp-content\/uploads\/sites\/7\/2020\/07\/Competition-Special-Techniques-2-1024x683-1-300x200.jpg 300w, https:\/\/itftkd.sport\/es\/wp-content\/uploads\/sites\/7\/2020\/07\/Competition-Special-Techniques-2-1024x683-1-768x512.jpg 768w, https:\/\/itftkd.sport\/es\/wp-content\/uploads\/sites\/7\/2020\/07\/Competition-Special-Techniques-2-1024x683-1-600x400.jpg 600w\" sizes=\"auto, (max-width: 1024px) 100vw, 1024px\" \/><\/div><\/div><\/a><\/figure><\/div><\/li><li class=\"kadence-blocks-gallery-item\"><div class=\"kadence-blocks-gallery-item-inner\"><figure class=\"kb-gallery-figure kb-gallery-item-has-link kadence-blocks-gallery-item-hide-caption\"><a href=\"https:\/\/itftkd.sport\/wp-content\/uploads\/2020\/07\/Competition-Special-Techniques-1-1024x683-1.jpg\" class=\"kb-gallery-item-link\"  ><div class=\"kb-gal-image-radius\"><div class=\"kb-gallery-image-contain\" ><img loading=\"lazy\" decoding=\"async\" width=\"1024\" height=\"683\" src=\"https:\/\/itftkd.sport\/wp-content\/uploads\/2020\/07\/Competition-Special-Techniques-1-1024x683-1.jpg\"   alt=\"Competition-Special-Techniques\" data-full-image=\"https:\/\/itftkd.sport\/wp-content\/uploads\/2020\/07\/Competition-Special-Techniques-1-1024x683-1.jpg\" data-light-image=\"https:\/\/itftkd.sport\/wp-content\/uploads\/2020\/07\/Competition-Special-Techniques-1-1024x683-1.jpg\" data-id=\"22466\" class=\"wp-image-22466\" srcset=\"https:\/\/itftkd.sport\/es\/wp-content\/uploads\/sites\/7\/2020\/07\/Competition-Special-Techniques-1-1024x683-1.jpg 1024w, https:\/\/itftkd.sport\/es\/wp-content\/uploads\/sites\/7\/2020\/07\/Competition-Special-Techniques-1-1024x683-1-300x200.jpg 300w, https:\/\/itftkd.sport\/es\/wp-content\/uploads\/sites\/7\/2020\/07\/Competition-Special-Techniques-1-1024x683-1-768x512.jpg 768w, https:\/\/itftkd.sport\/es\/wp-content\/uploads\/sites\/7\/2020\/07\/Competition-Special-Techniques-1-1024x683-1-600x400.jpg 600w\" sizes=\"auto, (max-width: 1024px) 100vw, 1024px\" \/><\/div><\/div><\/a><\/figure><\/div><\/li><\/ul><\/div>\n\n\n<div style=\"color:#ddd\" class=\"wp-block-atomic-blocks-ab-spacer ab-block-spacer ab-divider-solid ab-divider-size-1\"><hr style=\"height:30px\" \/><\/div>\n\n\n\n<figure class=\"wp-block-embed-youtube wp-block-embed is-type-video is-provider-youtube wp-embed-aspect-16-9 wp-has-aspect-ratio\"><div class=\"wp-block-embed__wrapper\">\n<iframe loading=\"lazy\" title=\"ITF rules Special Tecniques\" width=\"500\" height=\"281\" src=\"https:\/\/www.youtube.com\/embed\/dQAbtHl_hPs?feature=oembed\" frameborder=\"0\" allow=\"accelerometer; autoplay; clipboard-write; encrypted-media; gyroscope; picture-in-picture; web-share\" referrerpolicy=\"strict-origin-when-cross-origin\" allowfullscreen><\/iframe>\n<\/div><\/figure>\n","protected":false},"excerpt":{"rendered":"<p>Salte tan alto o tan largo como sea posible y golpee o rompa una tabla sostenida por soportes especialmente hechos mientras mantiene el equilibrio correcto. Se utilizar\u00e1 una m\u00e1quina dise\u00f1ada &hellip;<\/p>\n","protected":false},"author":4,"featured_media":0,"parent":364,"menu_order":0,"comment_status":"closed","ping_status":"closed","template":"","meta":{"_tec_requires_first_save":true,"_uag_custom_page_level_css":"","_genesis_hide_title":false,"_genesis_hide_breadcrumbs":false,"_genesis_hide_singular_image":false,"_genesis_hide_footer_widgets":false,"_genesis_custom_body_class":"","_genesis_custom_post_class":"","_genesis_layout":"","_EventAllDay":false,"_EventTimezone":"","_EventStartDate":"","_EventEndDate":"","_EventStartDateUTC":"","_EventEndDateUTC":"","_EventShowMap":false,"_EventShowMapLink":false,"_EventURL":"","_EventCost":"","_EventCostDescription":"","_EventCurrencySymbol":"","_EventCurrencyCode":"","_EventCurrencyPosition":"","_EventDateTimeSeparator":"","_EventTimeRangeSeparator":"","_EventOrganizerID":[],"_EventVenueID":[0],"_OrganizerEmail":"","_OrganizerPhone":"","_OrganizerWebsite":"","_VenueAddress":"","_VenueCity":"","_VenueCountry":"","_VenueProvince":"","_VenueState":"","_VenueZip":"","_VenuePhone":"","_VenueURL":"","_VenueStateProvince":"","_VenueLat":"","_VenueLng":"","_VenueShowMap":false,"_VenueShowMapLink":false,"_tribe_blocks_recurrence_rules":"","_tribe_blocks_recurrence_description":"","_tribe_blocks_recurrence_exclusions":"","editor_notices":[],"footnotes":""},"class_list":["post-21507","page","type-page","status-publish","entry"],"featured_image_src":null,"featured_image_src_square":null,"uagb_featured_image_src":{"full":false,"thumbnail":false,"medium":false,"medium_large":false,"large":false,"1536x1536":false,"2048x2048":false,"banner":false,"section":false,"full-width":false,"featured":false,"one-half":false,"one-third":false,"one-fourth":false,"tiny":false,"ab-block-post-grid-landscape":false,"ab-block-post-grid-square":false,"gform-image-choice-sm":false,"gform-image-choice-md":false,"gform-image-choice-lg":false},"uagb_author_info":{"display_name":"FABIAN ITF","author_link":"https:\/\/itftkd.sport\/es\/author\/fabian-itf\/"},"uagb_comment_info":0,"uagb_excerpt":"Salte tan alto o tan largo como sea posible y golpee o rompa una tabla sostenida por soportes especialmente hechos mientras mantiene el equilibrio correcto. Se utilizar\u00e1 una m\u00e1quina dise\u00f1ada &hellip;","_links":{"self":[{"href":"https:\/\/itftkd.sport\/es\/wp-json\/wp\/v2\/pages\/21507","targetHints":{"allow":["GET"]}}],"collection":[{"href":"https:\/\/itftkd.sport\/es\/wp-json\/wp\/v2\/pages"}],"about":[{"href":"https:\/\/itftkd.sport\/es\/wp-json\/wp\/v2\/types\/page"}],"author":[{"embeddable":true,"href":"https:\/\/itftkd.sport\/es\/wp-json\/wp\/v2\/users\/4"}],"replies":[{"embeddable":true,"href":"https:\/\/itftkd.sport\/es\/wp-json\/wp\/v2\/comments?post=21507"}],"version-history":[{"count":3,"href":"https:\/\/itftkd.sport\/es\/wp-json\/wp\/v2\/pages\/21507\/revisions"}],"predecessor-version":[{"id":23765,"href":"https:\/\/itftkd.sport\/es\/wp-json\/wp\/v2\/pages\/21507\/revisions\/23765"}],"up":[{"embeddable":true,"href":"https:\/\/itftkd.sport\/es\/wp-json\/wp\/v2\/pages\/364"}],"wp:attachment":[{"href":"https:\/\/itftkd.sport\/es\/wp-json\/wp\/v2\/media?parent=21507"}],"curies":[{"name":"wp","href":"https:\/\/api.w.org\/{rel}","templated":true}]}}