{"id":21503,"date":"2020-06-23T17:48:25","date_gmt":"2020-06-23T15:48:25","guid":{"rendered":"https:\/\/itftkd.sport\/?page_id=21503"},"modified":"2020-09-26T20:11:40","modified_gmt":"2020-09-26T18:11:40","slug":"lucha-preestablecida","status":"publish","type":"page","link":"https:\/\/itftkd.sport\/es\/competicion\/lucha-preestablecida\/","title":{"rendered":"Lucha Preestablecida"},"content":{"rendered":"\n<div class=\"wp-block-image\"><figure class=\"alignright size-large is-resized\"><a href=\"https:\/\/itftkd.sport\/wp-content\/uploads\/2020\/07\/Competition-Prearranged-Sparring-8.jpg\"><img loading=\"lazy\" decoding=\"async\" src=\"https:\/\/itftkd.sport\/wp-content\/uploads\/2020\/07\/Competition-Prearranged-Sparring-8-1024x736.jpg\" alt=\"Competition-Prearranged-Sparring\" class=\"wp-image-22344\" width=\"288\" height=\"207\" \/><\/a><figcaption>Solo se puede realizar una (1) secuencia de t\u00e9cnica acrob\u00e1tica, que no es parte del plan de estudios de Taekwon-Do, durante el combate para cada uno de los competidores del equipo. Fotograf\u00eda de: J. Siddall<\/figcaption><\/figure><\/div>\n\n\n\n<p>La lucha libre preestablecida consistir\u00e1 en movimientos como se muestra en la Enciclopedia de la ITF, Manuales o CD Rom y como se ense\u00f1a durante los Cursos Internacionales para Instructores.<\/p>\n\n\n\n<h2 class=\"wp-block-heading\">Divisiones<\/h2>\n\n\n\n<p>Parejas Masculinas, Femeninas y \/ o Mixtas.<\/p>\n\n\n\n<h3 class=\"wp-block-heading\">Junior y Senior<\/h3>\n\n\n\n<p>Cada equipo estar\u00e1 formado por dos (2) participantes que seguir\u00e1n un escenario preparado, lo que les permitir\u00e1 exhibir h\u00e1bilmente una amplia variedad de t\u00e9cnicas sin temor a sufrir lesiones.<\/p>\n\n\n\n<p>Cada equipo actuar\u00e1 uno a la vez y los \u00e1rbitros asignar\u00e1n puntos de 0 a 10 de acuerdo con la actuaci\u00f3n, teniendo en cuenta los siguientes criterios:<\/p>\n\n\n\n<p>a. Coreograf\u00eda y trabajo en equipo.<br>b. Contenido t\u00e9cnico.<br>c. Onda sinusoidal.<br>d. Poder.<br>e. Respiraci\u00f3n.<br>f. Si uno o ambos miembros del equipo realizan m\u00e1s de un total combinado de tres (3) secuencias acrob\u00e1ticas de t\u00e9cnica durante el combate, el equipo recibir\u00e1 0 puntos.<\/p>\n\n\n\n\n\n\n\n<p>Por favor, consulte los estatutos completos:&nbsp;<a href=\"https:\/\/itftkd.sport\/rules\/\" class=\"ek-link\">Reglas y reglamentos de campeonatos<\/a><\/p>\n\n\n\n<figure class=\"wp-block-image size-full\"><a href=\"https:\/\/itftkd.sport\/wp-content\/uploads\/2020\/06\/Competition-ITF-line-5-640.jpg\"><img loading=\"lazy\" decoding=\"async\" width=\"700\" height=\"467\" src=\"https:\/\/itftkd.sport\/wp-content\/uploads\/2020\/06\/Competition-ITF-line-5-640.jpg\" alt=\"Competition-ITF-Championship\" class=\"wp-image-21783\" srcset=\"https:\/\/itftkd.sport\/es\/wp-content\/uploads\/sites\/7\/2020\/06\/Competition-ITF-line-5-640.jpg 700w, https:\/\/itftkd.sport\/es\/wp-content\/uploads\/sites\/7\/2020\/06\/Competition-ITF-line-5-640-300x200.jpg 300w, https:\/\/itftkd.sport\/es\/wp-content\/uploads\/sites\/7\/2020\/06\/Competition-ITF-line-5-640-600x400.jpg 600w\" sizes=\"auto, (max-width: 700px) 100vw, 700px\" \/><\/a><figcaption>Las t\u00e9cnicas de ataque deben bloquearse o evitarse y deben realizarse con realismo.<\/figcaption><\/figure>\n\n\n\n<div style=\"color:#ddd\" class=\"wp-block-atomic-blocks-ab-spacer ab-block-spacer ab-divider-solid ab-divider-size-1\"><hr style=\"height:30px\" \/><\/div>\n\n\n<style>.kb-gallery-id-_065aa4-94 .kadence-blocks-gallery-item .kb-gal-image-radius, .kb-gallery-id-_065aa4-94 .kb-slide-item .kb-gal-image-radius img{border-radius:0px 0px 0px 0px;;}.kb-gallery-wrap-id-_065aa4-94.wp-block-kadence-advancedgallery{overflow:visible;}.kb-gallery-wrap-id-_065aa4-94.wp-block-kadence-advancedgallery .kt-blocks-carousel{overflow:visible;}<\/style><div class=\"kb-gallery-wrap-id-_065aa4-94 alignnone wp-block-kadence-advancedgallery\"><div class=\"kb-gallery-ul kb-gallery-non-static kb-gallery-type-slider kb-gallery-id-_065aa4-94 kb-gallery-caption-style-bottom-hover kb-gallery-filter-none\" data-image-filter=\"none\" data-lightbox-caption=\"true\"><div class=\"kt-blocks-carousel splide kt-carousel-container-dotstyle-dark kt-carousel-arrowstyle-whiteondark kt-carousel-dotstyle-dark kb-slider-group-arrow kb-slider-arrow-position-center\" data-slider-anim-speed=\"400\" data-slider-scroll=\"1\" data-slider-arrows=\"true\" data-slider-fade=\"true\" data-slider-dots=\"true\" data-slider-type=\"slider\" data-slider-hover-pause=\"false\" data-slider-auto=\"\" data-slider-speed=\"7000\" data-show-pause-button=\"false\"><div class=\"splide__track\"><ul class=\"kt-blocks-carousel-init kb-blocks-slider splide__list\"><li class=\"kb-slide-item kb-gallery-slide-item splide__slide\"><div class=\"kadence-blocks-gallery-item\"><div class=\"kadence-blocks-gallery-item-inner\"><figure class=\"kb-gallery-figure kadence-blocks-gallery-item-hide-caption\"><div class=\"kb-gal-image-radius\"><div class=\"kb-gallery-image-contain kadence-blocks-gallery-intrinsic kb-gallery-image-ratio-land32 kb-has-image-ratio-land32\" ><img loading=\"lazy\" decoding=\"async\" src=\"https:\/\/itftkd.sport\/wp-content\/uploads\/2020\/07\/Competition-Prearranged-Sparring-6-1024x649.jpg\" width=\"1024\" height=\"649\" alt=\"Competition-Prearranged-Sparring\" data-full-image=\"https:\/\/itftkd.sport\/wp-content\/uploads\/2020\/07\/Competition-Prearranged-Sparring-6.jpg\" data-light-image=\"https:\/\/itftkd.sport\/wp-content\/uploads\/2020\/07\/Competition-Prearranged-Sparring-6.jpg\" data-id=\"22342\" class=\"wp-image-22342 skip-lazy\" srcset=\"https:\/\/itftkd.sport\/es\/wp-content\/uploads\/sites\/7\/2020\/07\/Competition-Prearranged-Sparring-6-1024x649.jpg 1024w, https:\/\/itftkd.sport\/es\/wp-content\/uploads\/sites\/7\/2020\/07\/Competition-Prearranged-Sparring-6-300x190.jpg 300w, https:\/\/itftkd.sport\/es\/wp-content\/uploads\/sites\/7\/2020\/07\/Competition-Prearranged-Sparring-6-768x487.jpg 768w\" sizes=\"auto, (max-width: 1024px) 100vw, 1024px\" \/><\/div><\/div><\/figure><\/div><\/div><\/li><li class=\"kb-slide-item kb-gallery-slide-item splide__slide\"><div class=\"kadence-blocks-gallery-item\"><div class=\"kadence-blocks-gallery-item-inner\"><figure class=\"kb-gallery-figure kadence-blocks-gallery-item-hide-caption\"><div class=\"kb-gal-image-radius\"><div class=\"kb-gallery-image-contain kadence-blocks-gallery-intrinsic kb-gallery-image-ratio-land32 kb-has-image-ratio-land32\" ><img loading=\"lazy\" decoding=\"async\" src=\"https:\/\/itftkd.sport\/wp-content\/uploads\/2020\/07\/Competition-Prearranged-Sparring-7-1024x692.jpg\" width=\"1024\" height=\"692\" alt=\"Competition-Prearranged-Sparring\" data-full-image=\"https:\/\/itftkd.sport\/wp-content\/uploads\/2020\/07\/Competition-Prearranged-Sparring-7.jpg\" data-light-image=\"https:\/\/itftkd.sport\/wp-content\/uploads\/2020\/07\/Competition-Prearranged-Sparring-7.jpg\" data-id=\"22343\" class=\"wp-image-22343 skip-lazy\" srcset=\"https:\/\/itftkd.sport\/es\/wp-content\/uploads\/sites\/7\/2020\/07\/Competition-Prearranged-Sparring-7-1024x692.jpg 1024w, https:\/\/itftkd.sport\/es\/wp-content\/uploads\/sites\/7\/2020\/07\/Competition-Prearranged-Sparring-7-300x203.jpg 300w, https:\/\/itftkd.sport\/es\/wp-content\/uploads\/sites\/7\/2020\/07\/Competition-Prearranged-Sparring-7-768x519.jpg 768w\" sizes=\"auto, (max-width: 1024px) 100vw, 1024px\" \/><\/div><\/div><\/figure><\/div><\/div><\/li><li class=\"kb-slide-item kb-gallery-slide-item splide__slide\"><div class=\"kadence-blocks-gallery-item\"><div class=\"kadence-blocks-gallery-item-inner\"><figure class=\"kb-gallery-figure kadence-blocks-gallery-item-hide-caption\"><div class=\"kb-gal-image-radius\"><div class=\"kb-gallery-image-contain kadence-blocks-gallery-intrinsic kb-gallery-image-ratio-land32 kb-has-image-ratio-land32\" ><img loading=\"lazy\" decoding=\"async\" src=\"https:\/\/itftkd.sport\/wp-content\/uploads\/2020\/07\/Competition-Prearranged-Sparring-5-1024x683.jpg\" width=\"1024\" height=\"683\" alt=\"Competition-Prearranged-Sparring\" data-full-image=\"https:\/\/itftkd.sport\/wp-content\/uploads\/2020\/07\/Competition-Prearranged-Sparring-5.jpg\" data-light-image=\"https:\/\/itftkd.sport\/wp-content\/uploads\/2020\/07\/Competition-Prearranged-Sparring-5.jpg\" data-id=\"22341\" class=\"wp-image-22341 skip-lazy\" srcset=\"https:\/\/itftkd.sport\/es\/wp-content\/uploads\/sites\/7\/2020\/07\/Competition-Prearranged-Sparring-5-1024x683.jpg 1024w, https:\/\/itftkd.sport\/es\/wp-content\/uploads\/sites\/7\/2020\/07\/Competition-Prearranged-Sparring-5-300x200.jpg 300w, https:\/\/itftkd.sport\/es\/wp-content\/uploads\/sites\/7\/2020\/07\/Competition-Prearranged-Sparring-5-768x512.jpg 768w, https:\/\/itftkd.sport\/es\/wp-content\/uploads\/sites\/7\/2020\/07\/Competition-Prearranged-Sparring-5-600x400.jpg 600w\" sizes=\"auto, (max-width: 1024px) 100vw, 1024px\" \/><\/div><\/div><\/figure><\/div><\/div><\/li><li class=\"kb-slide-item kb-gallery-slide-item splide__slide\"><div class=\"kadence-blocks-gallery-item\"><div class=\"kadence-blocks-gallery-item-inner\"><figure class=\"kb-gallery-figure kadence-blocks-gallery-item-hide-caption\"><div class=\"kb-gal-image-radius\"><div class=\"kb-gallery-image-contain kadence-blocks-gallery-intrinsic kb-gallery-image-ratio-land32 kb-has-image-ratio-land32\" ><img loading=\"lazy\" decoding=\"async\" src=\"https:\/\/itftkd.sport\/wp-content\/uploads\/2020\/07\/Competition-Prearranged-Sparring-4-1024x683.jpg\" width=\"1024\" height=\"683\" alt=\"Competition-Prearranged-Sparring\" data-full-image=\"https:\/\/itftkd.sport\/wp-content\/uploads\/2020\/07\/Competition-Prearranged-Sparring-4.jpg\" data-light-image=\"https:\/\/itftkd.sport\/wp-content\/uploads\/2020\/07\/Competition-Prearranged-Sparring-4.jpg\" data-id=\"22340\" class=\"wp-image-22340 skip-lazy\" srcset=\"https:\/\/itftkd.sport\/es\/wp-content\/uploads\/sites\/7\/2020\/07\/Competition-Prearranged-Sparring-4-1024x683.jpg 1024w, https:\/\/itftkd.sport\/es\/wp-content\/uploads\/sites\/7\/2020\/07\/Competition-Prearranged-Sparring-4-300x200.jpg 300w, https:\/\/itftkd.sport\/es\/wp-content\/uploads\/sites\/7\/2020\/07\/Competition-Prearranged-Sparring-4-768x512.jpg 768w, https:\/\/itftkd.sport\/es\/wp-content\/uploads\/sites\/7\/2020\/07\/Competition-Prearranged-Sparring-4-600x400.jpg 600w\" sizes=\"auto, (max-width: 1024px) 100vw, 1024px\" \/><\/div><\/div><\/figure><\/div><\/div><\/li><li class=\"kb-slide-item kb-gallery-slide-item splide__slide\"><div class=\"kadence-blocks-gallery-item\"><div class=\"kadence-blocks-gallery-item-inner\"><figure class=\"kb-gallery-figure kadence-blocks-gallery-item-hide-caption\"><div class=\"kb-gal-image-radius\"><div class=\"kb-gallery-image-contain kadence-blocks-gallery-intrinsic kb-gallery-image-ratio-land32 kb-has-image-ratio-land32\" ><img loading=\"lazy\" decoding=\"async\" src=\"https:\/\/itftkd.sport\/wp-content\/uploads\/2020\/07\/Competition-Prearranged-Sparring-3-1024x682.jpg\" width=\"1024\" height=\"682\" alt=\"Competition-Prearranged-Sparring\" data-full-image=\"https:\/\/itftkd.sport\/wp-content\/uploads\/2020\/07\/Competition-Prearranged-Sparring-3.jpg\" data-light-image=\"https:\/\/itftkd.sport\/wp-content\/uploads\/2020\/07\/Competition-Prearranged-Sparring-3.jpg\" data-id=\"22339\" class=\"wp-image-22339 skip-lazy\" srcset=\"https:\/\/itftkd.sport\/es\/wp-content\/uploads\/sites\/7\/2020\/07\/Competition-Prearranged-Sparring-3-1024x682.jpg 1024w, https:\/\/itftkd.sport\/es\/wp-content\/uploads\/sites\/7\/2020\/07\/Competition-Prearranged-Sparring-3-300x200.jpg 300w, https:\/\/itftkd.sport\/es\/wp-content\/uploads\/sites\/7\/2020\/07\/Competition-Prearranged-Sparring-3-768x512.jpg 768w, https:\/\/itftkd.sport\/es\/wp-content\/uploads\/sites\/7\/2020\/07\/Competition-Prearranged-Sparring-3-600x400.jpg 600w\" sizes=\"auto, (max-width: 1024px) 100vw, 1024px\" \/><\/div><\/div><\/figure><\/div><\/div><\/li><li class=\"kb-slide-item kb-gallery-slide-item splide__slide\"><div class=\"kadence-blocks-gallery-item\"><div class=\"kadence-blocks-gallery-item-inner\"><figure class=\"kb-gallery-figure kadence-blocks-gallery-item-hide-caption\"><div class=\"kb-gal-image-radius\"><div class=\"kb-gallery-image-contain kadence-blocks-gallery-intrinsic kb-gallery-image-ratio-land32 kb-has-image-ratio-land32\" ><img loading=\"lazy\" decoding=\"async\" src=\"https:\/\/itftkd.sport\/wp-content\/uploads\/2020\/07\/Competition-Prearranged-Sparring-2-1024x683.jpg\" width=\"1024\" height=\"683\" alt=\"Competition-Prearranged-Sparring\" data-full-image=\"https:\/\/itftkd.sport\/wp-content\/uploads\/2020\/07\/Competition-Prearranged-Sparring-2.jpg\" data-light-image=\"https:\/\/itftkd.sport\/wp-content\/uploads\/2020\/07\/Competition-Prearranged-Sparring-2.jpg\" data-id=\"22338\" class=\"wp-image-22338 skip-lazy\" srcset=\"https:\/\/itftkd.sport\/es\/wp-content\/uploads\/sites\/7\/2020\/07\/Competition-Prearranged-Sparring-2-1024x683.jpg 1024w, https:\/\/itftkd.sport\/es\/wp-content\/uploads\/sites\/7\/2020\/07\/Competition-Prearranged-Sparring-2-300x200.jpg 300w, https:\/\/itftkd.sport\/es\/wp-content\/uploads\/sites\/7\/2020\/07\/Competition-Prearranged-Sparring-2-768x512.jpg 768w, https:\/\/itftkd.sport\/es\/wp-content\/uploads\/sites\/7\/2020\/07\/Competition-Prearranged-Sparring-2-600x400.jpg 600w\" sizes=\"auto, (max-width: 1024px) 100vw, 1024px\" \/><\/div><\/div><\/figure><\/div><\/div><\/li><li class=\"kb-slide-item kb-gallery-slide-item splide__slide\"><div class=\"kadence-blocks-gallery-item\"><div class=\"kadence-blocks-gallery-item-inner\"><figure class=\"kb-gallery-figure kadence-blocks-gallery-item-hide-caption\"><div class=\"kb-gal-image-radius\"><div class=\"kb-gallery-image-contain kadence-blocks-gallery-intrinsic kb-gallery-image-ratio-land32 kb-has-image-ratio-land32\" ><img loading=\"lazy\" decoding=\"async\" src=\"https:\/\/itftkd.sport\/wp-content\/uploads\/2020\/07\/Competition-Prearranged-Sparring-1-1024x683.jpg\" width=\"1024\" height=\"683\" alt=\"Competition-Prearranged-Sparring\" data-full-image=\"https:\/\/itftkd.sport\/wp-content\/uploads\/2020\/07\/Competition-Prearranged-Sparring-1.jpg\" data-light-image=\"https:\/\/itftkd.sport\/wp-content\/uploads\/2020\/07\/Competition-Prearranged-Sparring-1.jpg\" data-id=\"22337\" class=\"wp-image-22337 skip-lazy\" srcset=\"https:\/\/itftkd.sport\/es\/wp-content\/uploads\/sites\/7\/2020\/07\/Competition-Prearranged-Sparring-1-1024x683.jpg 1024w, https:\/\/itftkd.sport\/es\/wp-content\/uploads\/sites\/7\/2020\/07\/Competition-Prearranged-Sparring-1-300x200.jpg 300w, https:\/\/itftkd.sport\/es\/wp-content\/uploads\/sites\/7\/2020\/07\/Competition-Prearranged-Sparring-1-768x512.jpg 768w, https:\/\/itftkd.sport\/es\/wp-content\/uploads\/sites\/7\/2020\/07\/Competition-Prearranged-Sparring-1-600x400.jpg 600w\" sizes=\"auto, (max-width: 1024px) 100vw, 1024px\" \/><\/div><\/div><\/figure><\/div><\/div><\/li><li class=\"kb-slide-item kb-gallery-slide-item splide__slide\"><div class=\"kadence-blocks-gallery-item\"><div class=\"kadence-blocks-gallery-item-inner\"><figure class=\"kb-gallery-figure kadence-blocks-gallery-item-hide-caption\"><div class=\"kb-gal-image-radius\"><div class=\"kb-gallery-image-contain kadence-blocks-gallery-intrinsic kb-gallery-image-ratio-land32 kb-has-image-ratio-land32\" ><img loading=\"lazy\" decoding=\"async\" width=\"800\" height=\"533\" src=\"https:\/\/itftkd.sport\/wp-content\/uploads\/2020\/06\/Competition-ITF-2-376.jpg\"   alt=\"Competition-ITF-Championship\" data-full-image=\"https:\/\/itftkd.sport\/wp-content\/uploads\/2020\/06\/Competition-ITF-2-376.jpg\" data-light-image=\"https:\/\/itftkd.sport\/wp-content\/uploads\/2020\/06\/Competition-ITF-2-376.jpg\" data-id=\"21663\" class=\"wp-image-21663 skip-lazy\" srcset=\"https:\/\/itftkd.sport\/es\/wp-content\/uploads\/sites\/7\/2020\/06\/Competition-ITF-2-376.jpg 800w, https:\/\/itftkd.sport\/es\/wp-content\/uploads\/sites\/7\/2020\/06\/Competition-ITF-2-376-300x200.jpg 300w, https:\/\/itftkd.sport\/es\/wp-content\/uploads\/sites\/7\/2020\/06\/Competition-ITF-2-376-768x512.jpg 768w, https:\/\/itftkd.sport\/es\/wp-content\/uploads\/sites\/7\/2020\/06\/Competition-ITF-2-376-600x400.jpg 600w\" sizes=\"auto, (max-width: 800px) 100vw, 800px\" \/><\/div><\/div><\/figure><\/div><\/div><\/li><\/ul><\/div><\/div><\/div><\/div>\n\n\n<div style=\"color:#ddd\" class=\"wp-block-atomic-blocks-ab-spacer ab-block-spacer ab-divider-solid ab-divider-size-1\"><hr style=\"height:30px\" \/><\/div>\n\n\n\n<figure class=\"wp-block-embed-youtube wp-block-embed is-type-video is-provider-youtube wp-embed-aspect-16-9 wp-has-aspect-ratio\"><div class=\"wp-block-embed__wrapper\">\n<iframe loading=\"lazy\" title=\"ITF rules Prearranged Sparring\" width=\"500\" height=\"281\" src=\"https:\/\/www.youtube.com\/embed\/LT0hXyRWdU8?feature=oembed\" frameborder=\"0\" allow=\"accelerometer; autoplay; clipboard-write; encrypted-media; gyroscope; picture-in-picture; web-share\" referrerpolicy=\"strict-origin-when-cross-origin\" allowfullscreen><\/iframe>\n<\/div><\/figure>\n","protected":false},"excerpt":{"rendered":"<p>La lucha libre preestablecida consistir\u00e1 en movimientos como se muestra en la Enciclopedia de la ITF, Manuales o CD Rom y como se ense\u00f1a durante los Cursos Internacionales para Instructores. &hellip;<\/p>\n","protected":false},"author":4,"featured_media":0,"parent":364,"menu_order":0,"comment_status":"closed","ping_status":"closed","template":"","meta":{"_tec_requires_first_save":true,"_uag_custom_page_level_css":"","_genesis_hide_title":false,"_genesis_hide_breadcrumbs":false,"_genesis_hide_singular_image":false,"_genesis_hide_footer_widgets":false,"_genesis_custom_body_class":"","_genesis_custom_post_class":"","_genesis_layout":"","_EventAllDay":false,"_EventTimezone":"","_EventStartDate":"","_EventEndDate":"","_EventStartDateUTC":"","_EventEndDateUTC":"","_EventShowMap":false,"_EventShowMapLink":false,"_EventURL":"","_EventCost":"","_EventCostDescription":"","_EventCurrencySymbol":"","_EventCurrencyCode":"","_EventCurrencyPosition":"","_EventDateTimeSeparator":"","_EventTimeRangeSeparator":"","_EventOrganizerID":[],"_EventVenueID":[0],"_OrganizerEmail":"","_OrganizerPhone":"","_OrganizerWebsite":"","_VenueAddress":"","_VenueCity":"","_VenueCountry":"","_VenueProvince":"","_VenueState":"","_VenueZip":"","_VenuePhone":"","_VenueURL":"","_VenueStateProvince":"","_VenueLat":"","_VenueLng":"","_VenueShowMap":false,"_VenueShowMapLink":false,"_tribe_blocks_recurrence_rules":"","_tribe_blocks_recurrence_description":"","_tribe_blocks_recurrence_exclusions":"","editor_notices":[],"footnotes":""},"class_list":["post-21503","page","type-page","status-publish","entry"],"featured_image_src":null,"featured_image_src_square":null,"uagb_featured_image_src":{"full":false,"thumbnail":false,"medium":false,"medium_large":false,"large":false,"1536x1536":false,"2048x2048":false,"banner":false,"section":false,"full-width":false,"featured":false,"one-half":false,"one-third":false,"one-fourth":false,"tiny":false,"ab-block-post-grid-landscape":false,"ab-block-post-grid-square":false,"gform-image-choice-sm":false,"gform-image-choice-md":false,"gform-image-choice-lg":false},"uagb_author_info":{"display_name":"FABIAN ITF","author_link":"https:\/\/itftkd.sport\/es\/author\/fabian-itf\/"},"uagb_comment_info":0,"uagb_excerpt":"La lucha libre preestablecida consistir\u00e1 en movimientos como se muestra en la Enciclopedia de la ITF, Manuales o CD Rom y como se ense\u00f1a durante los Cursos Internacionales para Instructores. &hellip;","_links":{"self":[{"href":"https:\/\/itftkd.sport\/es\/wp-json\/wp\/v2\/pages\/21503","targetHints":{"allow":["GET"]}}],"collection":[{"href":"https:\/\/itftkd.sport\/es\/wp-json\/wp\/v2\/pages"}],"about":[{"href":"https:\/\/itftkd.sport\/es\/wp-json\/wp\/v2\/types\/page"}],"author":[{"embeddable":true,"href":"https:\/\/itftkd.sport\/es\/wp-json\/wp\/v2\/users\/4"}],"replies":[{"embeddable":true,"href":"https:\/\/itftkd.sport\/es\/wp-json\/wp\/v2\/comments?post=21503"}],"version-history":[{"count":3,"href":"https:\/\/itftkd.sport\/es\/wp-json\/wp\/v2\/pages\/21503\/revisions"}],"predecessor-version":[{"id":23747,"href":"https:\/\/itftkd.sport\/es\/wp-json\/wp\/v2\/pages\/21503\/revisions\/23747"}],"up":[{"embeddable":true,"href":"https:\/\/itftkd.sport\/es\/wp-json\/wp\/v2\/pages\/364"}],"wp:attachment":[{"href":"https:\/\/itftkd.sport\/es\/wp-json\/wp\/v2\/media?parent=21503"}],"curies":[{"name":"wp","href":"https:\/\/api.w.org\/{rel}","templated":true}]}}