{"id":20915,"date":"2020-05-19T12:49:52","date_gmt":"2020-05-19T10:49:52","guid":{"rendered":"https:\/\/itftkd.sport\/?page_id=20915"},"modified":"2020-09-27T13:49:01","modified_gmt":"2020-09-27T11:49:01","slug":"formas","status":"publish","type":"page","link":"https:\/\/itftkd.sport\/es\/competicion\/formas\/","title":{"rendered":"Formas"},"content":{"rendered":"\n<p>Taekwon-Do ITF contiene 24 formas originales que simbolizan las 24 horas del d\u00eda y son consideradas como un legado distintivo de Taekwon-Do ITF.<\/p>\n\n\n\n<div class=\"wp-block-image\"><figure class=\"alignright size-one-fourth\"><a href=\"https:\/\/itftkd.sport\/wp-content\/uploads\/2020\/06\/Competition-ITF-line-5-632.jpg\"><img loading=\"lazy\" decoding=\"async\" width=\"260\" height=\"195\" src=\"https:\/\/itftkd.sport\/wp-content\/uploads\/2020\/06\/Competition-ITF-line-5-632-260x195.jpg\" alt=\"Competition-ITF-Championship\" class=\"wp-image-21780\" \/><\/a><figcaption>Los competidores competir\u00e1n 1 a 1 y<br>realizan simult\u00e1neamente dos Formas<br>designadas, de acuerdo a su grado.<\/figcaption><\/figure><\/div>\n\n\n\n<p>Las formas incluyen t\u00e9cnicas de movimiento, defensa y ataque, as\u00ed como t\u00e9cnicas de respiraci\u00f3n que, tradicionalmente, se aprenden en un orden progresivo y sistem\u00e1tico.<\/p>\n\n\n\n<p>Incluso, podemos decir que son como un c\u00f3digo gen\u00e9tico transmitido de generaci\u00f3n en generaci\u00f3n.<\/p>\n\n\n\n<p>Las formas son luchas predeterminadas contra oponentes imaginarios. <\/p>\n\n\n\n<p>Durante la ejecuci\u00f3n de las mismas, los competidores deben producir la m\u00e1xima potencia mientras exhiben su nivel t\u00e9cnico.<\/p>\n\n\n\n<h2 class=\"wp-block-heading\">Grupos<\/h2>\n\n\n\n<p>Masculino y Femenino.<\/p>\n\n\n\n<h3 class=\"wp-block-heading\">Formas individuales<\/h3>\n\n\n\n<p>Durante la competici\u00f3n dos participantes realizan simult\u00e1neamente una forma opcional y una designada.<\/p>\n\n\n\n<p>El ganador lo determina el competidor con el mejor contenido t\u00e9cnico, potencia, equilibrio, control de la respiraci\u00f3n y ritmo.<\/p>\n\n\n\n<p>Las formas individuales junior se realizan en tres categor\u00edas: 1\u00ba, 2\u00ba y 3\u00ba dan.<\/p>\n\n\n\n<p>Las formas individuales senior se realizan en cuatro categor\u00edas: 1\u00ba, 2\u00ba, 3\u00ba y 4\u00ba a 6\u00ba dan.<\/p>\n\n\n\n<p class=\"has-text-align-right\"><em>Texto extra\u00eddo del libro \u201cQuadrathlon Taekwon-Do ITF\u201d del Maestro Tadeusz Loboda.<\/em><\/p>\n\n\n\n<figure class=\"wp-block-image size-large\"><a href=\"https:\/\/itftkd.sport\/wp-content\/uploads\/2020\/07\/Competition-Pattern-women-1-1024x1004-1.jpg\"><img loading=\"lazy\" decoding=\"async\" width=\"1024\" height=\"1004\" src=\"https:\/\/itftkd.sport\/wp-content\/uploads\/2020\/07\/Competition-Pattern-women-1-1024x1004-1.jpg\" alt=\"Competition-Pattern-women\" class=\"wp-image-22422\" srcset=\"https:\/\/itftkd.sport\/es\/wp-content\/uploads\/sites\/7\/2020\/07\/Competition-Pattern-women-1-1024x1004-1.jpg 1024w, https:\/\/itftkd.sport\/es\/wp-content\/uploads\/sites\/7\/2020\/07\/Competition-Pattern-women-1-1024x1004-1-300x294.jpg 300w, https:\/\/itftkd.sport\/es\/wp-content\/uploads\/sites\/7\/2020\/07\/Competition-Pattern-women-1-1024x1004-1-768x753.jpg 768w\" sizes=\"auto, (max-width: 1024px) 100vw, 1024px\" \/><\/a><\/figure>\n\n\n\n<div style=\"color:#ddd\" class=\"wp-block-atomic-blocks-ab-spacer ab-block-spacer ab-divider-solid ab-divider-size-1\"><hr style=\"height:30px\" \/><\/div>\n\n\n<style>.wp-block-kadence-advancedgallery .kb-gallery-type-masonry.kb-gallery-id-_b8c101-8e{margin:-5px;}.kb-gallery-type-masonry.kb-gallery-id-_b8c101-8e .kadence-blocks-gallery-item{padding:5px;}.kb-gallery-id-_b8c101-8e .kadence-blocks-gallery-item .kb-gal-image-radius, .kb-gallery-id-_b8c101-8e .kb-slide-item .kb-gal-image-radius img{border-radius:0px 0px 0px 0px;;}<\/style><div class=\"kb-gallery-wrap-id-_b8c101-8e alignnone wp-block-kadence-advancedgallery\"><ul class=\"kb-gallery-ul kb-gallery-non-static kb-gallery-type-masonry kb-masonry-init kb-gallery-id-_b8c101-8e kb-gallery-caption-style-bottom-hover kb-gallery-filter-none\" data-image-filter=\"none\" data-item-selector=\".kadence-blocks-gallery-item\" data-lightbox-caption=\"true\" data-columns-xxl=\"3\" data-columns-xl=\"3\" data-columns-md=\"3\" data-columns-sm=\"2\" data-columns-xs=\"1\" data-columns-ss=\"1\"><li class=\"kadence-blocks-gallery-item\"><div class=\"kadence-blocks-gallery-item-inner\"><figure class=\"kb-gallery-figure kb-gallery-item-has-link kadence-blocks-gallery-item-hide-caption\"><a href=\"https:\/\/itftkd.sport\/wp-content\/uploads\/2020\/07\/Competition-Pattern-men-2-1024x682-1.jpg\" class=\"kb-gallery-item-link\"  ><div class=\"kb-gal-image-radius\"><div class=\"kb-gallery-image-contain\" ><img loading=\"lazy\" decoding=\"async\" width=\"1024\" height=\"682\" src=\"https:\/\/itftkd.sport\/wp-content\/uploads\/2020\/07\/Competition-Pattern-men-2-1024x682-1.jpg\"   alt=\"Competition-Pattern-men\" data-full-image=\"https:\/\/itftkd.sport\/wp-content\/uploads\/2020\/07\/Competition-Pattern-men-2-1024x682-1.jpg\" data-light-image=\"https:\/\/itftkd.sport\/wp-content\/uploads\/2020\/07\/Competition-Pattern-men-2-1024x682-1.jpg\" data-id=\"22426\" class=\"wp-image-22426\" srcset=\"https:\/\/itftkd.sport\/es\/wp-content\/uploads\/sites\/7\/2020\/07\/Competition-Pattern-men-2-1024x682-1.jpg 1024w, https:\/\/itftkd.sport\/es\/wp-content\/uploads\/sites\/7\/2020\/07\/Competition-Pattern-men-2-1024x682-1-300x200.jpg 300w, https:\/\/itftkd.sport\/es\/wp-content\/uploads\/sites\/7\/2020\/07\/Competition-Pattern-men-2-1024x682-1-768x512.jpg 768w, https:\/\/itftkd.sport\/es\/wp-content\/uploads\/sites\/7\/2020\/07\/Competition-Pattern-men-2-1024x682-1-600x400.jpg 600w\" sizes=\"auto, (max-width: 1024px) 100vw, 1024px\" \/><\/div><\/div><\/a><\/figure><\/div><\/li><li class=\"kadence-blocks-gallery-item\"><div class=\"kadence-blocks-gallery-item-inner\"><figure class=\"kb-gallery-figure kb-gallery-item-has-link kadence-blocks-gallery-item-hide-caption\"><a href=\"https:\/\/itftkd.sport\/wp-content\/uploads\/2020\/07\/Competition-Pattern-men-3-978x1024-1.jpg\" class=\"kb-gallery-item-link\"  ><div class=\"kb-gal-image-radius\"><div class=\"kb-gallery-image-contain\" ><img loading=\"lazy\" decoding=\"async\" width=\"978\" height=\"1024\" src=\"https:\/\/itftkd.sport\/wp-content\/uploads\/2020\/07\/Competition-Pattern-men-3-978x1024-1.jpg\"   alt=\"Competition-Pattern-men\" data-full-image=\"https:\/\/itftkd.sport\/wp-content\/uploads\/2020\/07\/Competition-Pattern-men-3-978x1024-1.jpg\" data-light-image=\"https:\/\/itftkd.sport\/wp-content\/uploads\/2020\/07\/Competition-Pattern-men-3-978x1024-1.jpg\" data-id=\"22425\" class=\"wp-image-22425\" srcset=\"https:\/\/itftkd.sport\/es\/wp-content\/uploads\/sites\/7\/2020\/07\/Competition-Pattern-men-3-978x1024-1.jpg 978w, https:\/\/itftkd.sport\/es\/wp-content\/uploads\/sites\/7\/2020\/07\/Competition-Pattern-men-3-978x1024-1-287x300.jpg 287w, https:\/\/itftkd.sport\/es\/wp-content\/uploads\/sites\/7\/2020\/07\/Competition-Pattern-men-3-978x1024-1-768x804.jpg 768w\" sizes=\"auto, (max-width: 978px) 100vw, 978px\" \/><\/div><\/div><\/a><\/figure><\/div><\/li><li class=\"kadence-blocks-gallery-item\"><div class=\"kadence-blocks-gallery-item-inner\"><figure class=\"kb-gallery-figure kb-gallery-item-has-link kadence-blocks-gallery-item-hide-caption\"><a href=\"https:\/\/itftkd.sport\/wp-content\/uploads\/2020\/07\/Competition-Pattern-men-4-1024x769-1.jpg\" class=\"kb-gallery-item-link\"  ><div class=\"kb-gal-image-radius\"><div class=\"kb-gallery-image-contain\" ><img loading=\"lazy\" decoding=\"async\" width=\"1024\" height=\"769\" src=\"https:\/\/itftkd.sport\/wp-content\/uploads\/2020\/07\/Competition-Pattern-men-4-1024x769-1.jpg\"   alt=\"Competition-Pattern-men\" data-full-image=\"https:\/\/itftkd.sport\/wp-content\/uploads\/2020\/07\/Competition-Pattern-men-4-1024x769-1.jpg\" data-light-image=\"https:\/\/itftkd.sport\/wp-content\/uploads\/2020\/07\/Competition-Pattern-men-4-1024x769-1.jpg\" data-id=\"22424\" class=\"wp-image-22424\" srcset=\"https:\/\/itftkd.sport\/es\/wp-content\/uploads\/sites\/7\/2020\/07\/Competition-Pattern-men-4-1024x769-1.jpg 1024w, https:\/\/itftkd.sport\/es\/wp-content\/uploads\/sites\/7\/2020\/07\/Competition-Pattern-men-4-1024x769-1-300x225.jpg 300w, https:\/\/itftkd.sport\/es\/wp-content\/uploads\/sites\/7\/2020\/07\/Competition-Pattern-men-4-1024x769-1-768x577.jpg 768w, https:\/\/itftkd.sport\/es\/wp-content\/uploads\/sites\/7\/2020\/07\/Competition-Pattern-men-4-1024x769-1-800x600.jpg 800w, https:\/\/itftkd.sport\/es\/wp-content\/uploads\/sites\/7\/2020\/07\/Competition-Pattern-men-4-1024x769-1-550x413.jpg 550w, https:\/\/itftkd.sport\/es\/wp-content\/uploads\/sites\/7\/2020\/07\/Competition-Pattern-men-4-1024x769-1-350x263.jpg 350w, https:\/\/itftkd.sport\/es\/wp-content\/uploads\/sites\/7\/2020\/07\/Competition-Pattern-men-4-1024x769-1-260x195.jpg 260w\" sizes=\"auto, (max-width: 1024px) 100vw, 1024px\" \/><\/div><\/div><\/a><\/figure><\/div><\/li><li class=\"kadence-blocks-gallery-item\"><div class=\"kadence-blocks-gallery-item-inner\"><figure class=\"kb-gallery-figure kb-gallery-item-has-link kadence-blocks-gallery-item-hide-caption\"><a href=\"https:\/\/itftkd.sport\/wp-content\/uploads\/2020\/07\/Competition-Pattern-men-5-1024x683-1.jpg\" class=\"kb-gallery-item-link\"  ><div class=\"kb-gal-image-radius\"><div class=\"kb-gallery-image-contain\" ><img loading=\"lazy\" decoding=\"async\" width=\"1024\" height=\"683\" src=\"https:\/\/itftkd.sport\/wp-content\/uploads\/2020\/07\/Competition-Pattern-men-5-1024x683-1.jpg\"   alt=\"Competition-Pattern-men\" data-full-image=\"https:\/\/itftkd.sport\/wp-content\/uploads\/2020\/07\/Competition-Pattern-men-5-1024x683-1.jpg\" data-light-image=\"https:\/\/itftkd.sport\/wp-content\/uploads\/2020\/07\/Competition-Pattern-men-5-1024x683-1.jpg\" data-id=\"22423\" class=\"wp-image-22423\" srcset=\"https:\/\/itftkd.sport\/es\/wp-content\/uploads\/sites\/7\/2020\/07\/Competition-Pattern-men-5-1024x683-1.jpg 1024w, https:\/\/itftkd.sport\/es\/wp-content\/uploads\/sites\/7\/2020\/07\/Competition-Pattern-men-5-1024x683-1-300x200.jpg 300w, https:\/\/itftkd.sport\/es\/wp-content\/uploads\/sites\/7\/2020\/07\/Competition-Pattern-men-5-1024x683-1-768x512.jpg 768w, https:\/\/itftkd.sport\/es\/wp-content\/uploads\/sites\/7\/2020\/07\/Competition-Pattern-men-5-1024x683-1-600x400.jpg 600w\" sizes=\"auto, (max-width: 1024px) 100vw, 1024px\" \/><\/div><\/div><\/a><\/figure><\/div><\/li><li class=\"kadence-blocks-gallery-item\"><div class=\"kadence-blocks-gallery-item-inner\"><figure class=\"kb-gallery-figure kb-gallery-item-has-link kadence-blocks-gallery-item-hide-caption\"><a href=\"https:\/\/itftkd.sport\/wp-content\/uploads\/2020\/07\/Competition-Pattern-women-2-1024x566-1.jpg\" class=\"kb-gallery-item-link\"  ><div class=\"kb-gal-image-radius\"><div class=\"kb-gallery-image-contain\" ><img loading=\"lazy\" decoding=\"async\" width=\"1024\" height=\"566\" src=\"https:\/\/itftkd.sport\/wp-content\/uploads\/2020\/07\/Competition-Pattern-women-2-1024x566-1.jpg\"   alt=\"Competition-Pattern-women\" data-full-image=\"https:\/\/itftkd.sport\/wp-content\/uploads\/2020\/07\/Competition-Pattern-women-2-1024x566-1.jpg\" data-light-image=\"https:\/\/itftkd.sport\/wp-content\/uploads\/2020\/07\/Competition-Pattern-women-2-1024x566-1.jpg\" data-id=\"22421\" class=\"wp-image-22421\" srcset=\"https:\/\/itftkd.sport\/es\/wp-content\/uploads\/sites\/7\/2020\/07\/Competition-Pattern-women-2-1024x566-1.jpg 1024w, https:\/\/itftkd.sport\/es\/wp-content\/uploads\/sites\/7\/2020\/07\/Competition-Pattern-women-2-1024x566-1-300x166.jpg 300w, https:\/\/itftkd.sport\/es\/wp-content\/uploads\/sites\/7\/2020\/07\/Competition-Pattern-women-2-1024x566-1-768x425.jpg 768w\" sizes=\"auto, (max-width: 1024px) 100vw, 1024px\" \/><\/div><\/div><\/a><\/figure><\/div><\/li><li class=\"kadence-blocks-gallery-item\"><div class=\"kadence-blocks-gallery-item-inner\"><figure class=\"kb-gallery-figure kb-gallery-item-has-link kadence-blocks-gallery-item-hide-caption\"><a href=\"https:\/\/itftkd.sport\/wp-content\/uploads\/2020\/07\/Competition-Pattern-women-3-1024x716-1.jpg\" class=\"kb-gallery-item-link\"  ><div class=\"kb-gal-image-radius\"><div class=\"kb-gallery-image-contain\" ><img loading=\"lazy\" decoding=\"async\" width=\"1024\" height=\"716\" src=\"https:\/\/itftkd.sport\/wp-content\/uploads\/2020\/07\/Competition-Pattern-women-3-1024x716-1.jpg\"   alt=\"Competition-Pattern-women\" data-full-image=\"https:\/\/itftkd.sport\/wp-content\/uploads\/2020\/07\/Competition-Pattern-women-3-1024x716-1.jpg\" data-light-image=\"https:\/\/itftkd.sport\/wp-content\/uploads\/2020\/07\/Competition-Pattern-women-3-1024x716-1.jpg\" data-id=\"22420\" class=\"wp-image-22420\" srcset=\"https:\/\/itftkd.sport\/es\/wp-content\/uploads\/sites\/7\/2020\/07\/Competition-Pattern-women-3-1024x716-1.jpg 1024w, https:\/\/itftkd.sport\/es\/wp-content\/uploads\/sites\/7\/2020\/07\/Competition-Pattern-women-3-1024x716-1-300x210.jpg 300w, https:\/\/itftkd.sport\/es\/wp-content\/uploads\/sites\/7\/2020\/07\/Competition-Pattern-women-3-1024x716-1-768x537.jpg 768w\" sizes=\"auto, (max-width: 1024px) 100vw, 1024px\" \/><\/div><\/div><\/a><\/figure><\/div><\/li><li class=\"kadence-blocks-gallery-item\"><div class=\"kadence-blocks-gallery-item-inner\"><figure class=\"kb-gallery-figure kb-gallery-item-has-link kadence-blocks-gallery-item-hide-caption\"><a href=\"https:\/\/itftkd.sport\/wp-content\/uploads\/2020\/07\/Competition-Pattern-women-4-1024x703-1.jpg\" class=\"kb-gallery-item-link\"  ><div class=\"kb-gal-image-radius\"><div class=\"kb-gallery-image-contain\" ><img loading=\"lazy\" decoding=\"async\" width=\"1024\" height=\"703\" src=\"https:\/\/itftkd.sport\/wp-content\/uploads\/2020\/07\/Competition-Pattern-women-4-1024x703-1.jpg\"   alt=\"Competition-Pattern-women\" data-full-image=\"https:\/\/itftkd.sport\/wp-content\/uploads\/2020\/07\/Competition-Pattern-women-4-1024x703-1.jpg\" data-light-image=\"https:\/\/itftkd.sport\/wp-content\/uploads\/2020\/07\/Competition-Pattern-women-4-1024x703-1.jpg\" data-id=\"22419\" class=\"wp-image-22419\" srcset=\"https:\/\/itftkd.sport\/es\/wp-content\/uploads\/sites\/7\/2020\/07\/Competition-Pattern-women-4-1024x703-1.jpg 1024w, https:\/\/itftkd.sport\/es\/wp-content\/uploads\/sites\/7\/2020\/07\/Competition-Pattern-women-4-1024x703-1-300x206.jpg 300w, https:\/\/itftkd.sport\/es\/wp-content\/uploads\/sites\/7\/2020\/07\/Competition-Pattern-women-4-1024x703-1-768x527.jpg 768w\" sizes=\"auto, (max-width: 1024px) 100vw, 1024px\" \/><\/div><\/div><\/a><\/figure><\/div><\/li><li class=\"kadence-blocks-gallery-item\"><div class=\"kadence-blocks-gallery-item-inner\"><figure class=\"kb-gallery-figure kb-gallery-item-has-link kadence-blocks-gallery-item-hide-caption\"><a href=\"https:\/\/itftkd.sport\/wp-content\/uploads\/2020\/07\/Competition-Pattern-women-5-1024x877-1.jpg\" class=\"kb-gallery-item-link\"  ><div class=\"kb-gal-image-radius\"><div class=\"kb-gallery-image-contain\" ><img loading=\"lazy\" decoding=\"async\" width=\"1024\" height=\"877\" src=\"https:\/\/itftkd.sport\/wp-content\/uploads\/2020\/07\/Competition-Pattern-women-5-1024x877-1.jpg\"   alt=\"Competition-Pattern-women\" data-full-image=\"https:\/\/itftkd.sport\/wp-content\/uploads\/2020\/07\/Competition-Pattern-women-5-1024x877-1.jpg\" data-light-image=\"https:\/\/itftkd.sport\/wp-content\/uploads\/2020\/07\/Competition-Pattern-women-5-1024x877-1.jpg\" data-id=\"22418\" class=\"wp-image-22418\" srcset=\"https:\/\/itftkd.sport\/es\/wp-content\/uploads\/sites\/7\/2020\/07\/Competition-Pattern-women-5-1024x877-1.jpg 1024w, https:\/\/itftkd.sport\/es\/wp-content\/uploads\/sites\/7\/2020\/07\/Competition-Pattern-women-5-1024x877-1-300x257.jpg 300w, https:\/\/itftkd.sport\/es\/wp-content\/uploads\/sites\/7\/2020\/07\/Competition-Pattern-women-5-1024x877-1-768x658.jpg 768w\" sizes=\"auto, (max-width: 1024px) 100vw, 1024px\" \/><\/div><\/div><\/a><\/figure><\/div><\/li><li class=\"kadence-blocks-gallery-item\"><div class=\"kadence-blocks-gallery-item-inner\"><figure class=\"kb-gallery-figure kb-gallery-item-has-link kadence-blocks-gallery-item-hide-caption\"><a href=\"https:\/\/itftkd.sport\/wp-content\/uploads\/2020\/07\/Competition-Pattern-women-6-1024x868-1.jpg\" class=\"kb-gallery-item-link\"  ><div class=\"kb-gal-image-radius\"><div class=\"kb-gallery-image-contain\" ><img loading=\"lazy\" decoding=\"async\" width=\"1024\" height=\"868\" src=\"https:\/\/itftkd.sport\/wp-content\/uploads\/2020\/07\/Competition-Pattern-women-6-1024x868-1.jpg\"   alt=\"Competition-Pattern-women\" data-full-image=\"https:\/\/itftkd.sport\/wp-content\/uploads\/2020\/07\/Competition-Pattern-women-6-1024x868-1.jpg\" data-light-image=\"https:\/\/itftkd.sport\/wp-content\/uploads\/2020\/07\/Competition-Pattern-women-6-1024x868-1.jpg\" data-id=\"22417\" class=\"wp-image-22417\" srcset=\"https:\/\/itftkd.sport\/es\/wp-content\/uploads\/sites\/7\/2020\/07\/Competition-Pattern-women-6-1024x868-1.jpg 1024w, https:\/\/itftkd.sport\/es\/wp-content\/uploads\/sites\/7\/2020\/07\/Competition-Pattern-women-6-1024x868-1-300x254.jpg 300w, https:\/\/itftkd.sport\/es\/wp-content\/uploads\/sites\/7\/2020\/07\/Competition-Pattern-women-6-1024x868-1-768x651.jpg 768w\" sizes=\"auto, (max-width: 1024px) 100vw, 1024px\" \/><\/div><\/div><\/a><\/figure><\/div><\/li><\/ul><\/div>\n\n\n<div style=\"color:#ddd\" class=\"wp-block-atomic-blocks-ab-spacer ab-block-spacer ab-divider-solid ab-divider-size-1\"><hr style=\"height:30px\" \/><\/div>\n\n\n\n<p>Por favor, consulte los Estatutos completos: Reglas y reglamentos de campeonatos.<\/p>\n\n\n\n<div style=\"color:#ddd\" class=\"wp-block-atomic-blocks-ab-spacer ab-block-spacer ab-divider-solid ab-divider-size-1\"><hr style=\"height:30px\" \/><\/div>\n\n\n\n<figure class=\"wp-block-embed-youtube wp-block-embed is-type-video is-provider-youtube wp-embed-aspect-16-9 wp-has-aspect-ratio\"><div class=\"wp-block-embed__wrapper\">\n<iframe loading=\"lazy\" title=\"ITF Rules Patterns 06\" width=\"500\" height=\"281\" src=\"https:\/\/www.youtube.com\/embed\/MzSTxipt7vA?feature=oembed\" frameborder=\"0\" allow=\"accelerometer; autoplay; clipboard-write; encrypted-media; gyroscope; picture-in-picture; web-share\" referrerpolicy=\"strict-origin-when-cross-origin\" allowfullscreen><\/iframe>\n<\/div><\/figure>\n","protected":false},"excerpt":{"rendered":"<p>Taekwon-Do ITF contiene 24 formas originales que simbolizan las 24 horas del d\u00eda y son consideradas como un legado distintivo de Taekwon-Do ITF. Las formas incluyen t\u00e9cnicas de movimiento, defensa &hellip;<\/p>\n","protected":false},"author":4,"featured_media":0,"parent":364,"menu_order":0,"comment_status":"closed","ping_status":"closed","template":"","meta":{"_tec_requires_first_save":true,"_uag_custom_page_level_css":"","_genesis_hide_title":false,"_genesis_hide_breadcrumbs":false,"_genesis_hide_singular_image":false,"_genesis_hide_footer_widgets":false,"_genesis_custom_body_class":"","_genesis_custom_post_class":"","_genesis_layout":"","_EventAllDay":false,"_EventTimezone":"","_EventStartDate":"","_EventEndDate":"","_EventStartDateUTC":"","_EventEndDateUTC":"","_EventShowMap":false,"_EventShowMapLink":false,"_EventURL":"","_EventCost":"","_EventCostDescription":"","_EventCurrencySymbol":"","_EventCurrencyCode":"","_EventCurrencyPosition":"","_EventDateTimeSeparator":"","_EventTimeRangeSeparator":"","_EventOrganizerID":[],"_EventVenueID":[0],"_OrganizerEmail":"","_OrganizerPhone":"","_OrganizerWebsite":"","_VenueAddress":"","_VenueCity":"","_VenueCountry":"","_VenueProvince":"","_VenueState":"","_VenueZip":"","_VenuePhone":"","_VenueURL":"","_VenueStateProvince":"","_VenueLat":"","_VenueLng":"","_VenueShowMap":false,"_VenueShowMapLink":false,"_tribe_blocks_recurrence_rules":"","_tribe_blocks_recurrence_description":"","_tribe_blocks_recurrence_exclusions":"","editor_notices":[],"footnotes":""},"class_list":["post-20915","page","type-page","status-publish","entry"],"featured_image_src":null,"featured_image_src_square":null,"uagb_featured_image_src":{"full":false,"thumbnail":false,"medium":false,"medium_large":false,"large":false,"1536x1536":false,"2048x2048":false,"banner":false,"section":false,"full-width":false,"featured":false,"one-half":false,"one-third":false,"one-fourth":false,"tiny":false,"ab-block-post-grid-landscape":false,"ab-block-post-grid-square":false,"gform-image-choice-sm":false,"gform-image-choice-md":false,"gform-image-choice-lg":false},"uagb_author_info":{"display_name":"FABIAN ITF","author_link":"https:\/\/itftkd.sport\/es\/author\/fabian-itf\/"},"uagb_comment_info":0,"uagb_excerpt":"Taekwon-Do ITF contiene 24 formas originales que simbolizan las 24 horas del d\u00eda y son consideradas como un legado distintivo de Taekwon-Do ITF. Las formas incluyen t\u00e9cnicas de movimiento, defensa &hellip;","_links":{"self":[{"href":"https:\/\/itftkd.sport\/es\/wp-json\/wp\/v2\/pages\/20915","targetHints":{"allow":["GET"]}}],"collection":[{"href":"https:\/\/itftkd.sport\/es\/wp-json\/wp\/v2\/pages"}],"about":[{"href":"https:\/\/itftkd.sport\/es\/wp-json\/wp\/v2\/types\/page"}],"author":[{"embeddable":true,"href":"https:\/\/itftkd.sport\/es\/wp-json\/wp\/v2\/users\/4"}],"replies":[{"embeddable":true,"href":"https:\/\/itftkd.sport\/es\/wp-json\/wp\/v2\/comments?post=20915"}],"version-history":[{"count":5,"href":"https:\/\/itftkd.sport\/es\/wp-json\/wp\/v2\/pages\/20915\/revisions"}],"predecessor-version":[{"id":23753,"href":"https:\/\/itftkd.sport\/es\/wp-json\/wp\/v2\/pages\/20915\/revisions\/23753"}],"up":[{"embeddable":true,"href":"https:\/\/itftkd.sport\/es\/wp-json\/wp\/v2\/pages\/364"}],"wp:attachment":[{"href":"https:\/\/itftkd.sport\/es\/wp-json\/wp\/v2\/media?parent=20915"}],"curies":[{"name":"wp","href":"https:\/\/api.w.org\/{rel}","templated":true}]}}