{"id":19853,"date":"2020-04-02T19:09:36","date_gmt":"2020-04-02T17:09:36","guid":{"rendered":"https:\/\/itftkd.sport\/?page_id=19853"},"modified":"2020-09-06T16:52:58","modified_gmt":"2020-09-06T14:52:58","slug":"curso-internacional-de-tkd-adaptado","status":"publish","type":"page","link":"https:\/\/itftkd.sport\/es\/cursos\/curso-internacional-de-tkd-adaptado\/","title":{"rendered":"Curso Internacional de TKD Adaptado"},"content":{"rendered":"\n<figure class=\"wp-block-image size-large\"><img loading=\"lazy\" decoding=\"async\" width=\"1024\" height=\"299\" src=\"https:\/\/itftkd.sport\/wp-content\/uploads\/2020\/04\/IAC-Banner-1024x299.jpg\" alt=\"IAC International Adapted Courses\" class=\"wp-image-19855\" srcset=\"https:\/\/itftkd.sport\/es\/wp-content\/uploads\/sites\/7\/2020\/04\/IAC-Banner-1024x299.jpg 1024w, https:\/\/itftkd.sport\/es\/wp-content\/uploads\/sites\/7\/2020\/04\/IAC-Banner-300x87.jpg 300w, https:\/\/itftkd.sport\/es\/wp-content\/uploads\/sites\/7\/2020\/04\/IAC-Banner-768x224.jpg 768w\" sizes=\"auto, (max-width: 1024px) 100vw, 1024px\" \/><\/figure>\n\n\n\n<p>Taekwon-Do como herramienta de comprensi\u00f3n, aceptaci\u00f3n, integraci\u00f3n y desarrollo social.<\/p>\n\n\n\n<p>El General Choi Hong Hi dijo claramente: \u201cel Taekwon-Do es para todos.\u201d<\/p>\n\n\n\n<p>Acto seguido, podr\u00edamos agregar que su obra, el Arte Marcial de su creaci\u00f3n no repara en diferencias de ning\u00fan tipo entre las personas.<\/p>\n\n\n\n<p>Somos todos iguales ante el Taekwon-Do. Sin embargo, es preciso enfatizar que como seres humanos todos presentamos caracter\u00edsticas diferentes. Cada uno de nosotros tenemos particularidades que nos hacen \u00fanicos. Ni siquiera los gemelos son iguales.<\/p>\n\n\n\n<figure class=\"wp-block-gallery columns-3 is-cropped wp-block-gallery-1 is-layout-flex wp-block-gallery-is-layout-flex\"><ul class=\"blocks-gallery-grid\"><li class=\"blocks-gallery-item\"><figure><img loading=\"lazy\" decoding=\"async\" width=\"1024\" height=\"768\" src=\"https:\/\/itftkd.sport\/wp-content\/uploads\/2020\/04\/IAC-adapted-1-1024x768.jpg\" alt=\"\" data-id=\"19883\" data-full-url=\"https:\/\/itftkd.sport\/wp-content\/uploads\/2020\/04\/IAC-adapted-1.jpg\" data-link=\"https:\/\/itftkd.sport\/courses\/international-adapted-courses\/iac-adapted-1\/\" class=\"wp-image-19883\" srcset=\"https:\/\/itftkd.sport\/es\/wp-content\/uploads\/sites\/7\/2020\/04\/IAC-adapted-1-1024x768.jpg 1024w, https:\/\/itftkd.sport\/es\/wp-content\/uploads\/sites\/7\/2020\/04\/IAC-adapted-1-300x225.jpg 300w, https:\/\/itftkd.sport\/es\/wp-content\/uploads\/sites\/7\/2020\/04\/IAC-adapted-1-768x576.jpg 768w, https:\/\/itftkd.sport\/es\/wp-content\/uploads\/sites\/7\/2020\/04\/IAC-adapted-1.jpg 800w, https:\/\/itftkd.sport\/es\/wp-content\/uploads\/sites\/7\/2020\/04\/IAC-adapted-1-550x413.jpg 550w, https:\/\/itftkd.sport\/es\/wp-content\/uploads\/sites\/7\/2020\/04\/IAC-adapted-1-350x263.jpg 350w, https:\/\/itftkd.sport\/es\/wp-content\/uploads\/sites\/7\/2020\/04\/IAC-adapted-1-260x195.jpg 260w\" sizes=\"auto, (max-width: 1024px) 100vw, 1024px\" \/><\/figure><\/li><li class=\"blocks-gallery-item\"><figure><img loading=\"lazy\" decoding=\"async\" width=\"1024\" height=\"768\" src=\"https:\/\/itftkd.sport\/wp-content\/uploads\/2020\/04\/IAC-adapted-2-1024x768.jpg\" alt=\"\" data-id=\"19884\" data-full-url=\"https:\/\/itftkd.sport\/wp-content\/uploads\/2020\/04\/IAC-adapted-2.jpg\" data-link=\"https:\/\/itftkd.sport\/courses\/international-adapted-courses\/iac-adapted-2\/\" class=\"wp-image-19884\" srcset=\"https:\/\/itftkd.sport\/es\/wp-content\/uploads\/sites\/7\/2020\/04\/IAC-adapted-2-1024x768.jpg 1024w, https:\/\/itftkd.sport\/es\/wp-content\/uploads\/sites\/7\/2020\/04\/IAC-adapted-2-300x225.jpg 300w, https:\/\/itftkd.sport\/es\/wp-content\/uploads\/sites\/7\/2020\/04\/IAC-adapted-2-768x576.jpg 768w, https:\/\/itftkd.sport\/es\/wp-content\/uploads\/sites\/7\/2020\/04\/IAC-adapted-2.jpg 800w, https:\/\/itftkd.sport\/es\/wp-content\/uploads\/sites\/7\/2020\/04\/IAC-adapted-2-550x413.jpg 550w, https:\/\/itftkd.sport\/es\/wp-content\/uploads\/sites\/7\/2020\/04\/IAC-adapted-2-350x263.jpg 350w, https:\/\/itftkd.sport\/es\/wp-content\/uploads\/sites\/7\/2020\/04\/IAC-adapted-2-260x195.jpg 260w\" sizes=\"auto, (max-width: 1024px) 100vw, 1024px\" \/><\/figure><\/li><li class=\"blocks-gallery-item\"><figure><img loading=\"lazy\" decoding=\"async\" width=\"1024\" height=\"768\" src=\"https:\/\/itftkd.sport\/wp-content\/uploads\/2020\/04\/IAC-adapted-3-1024x768.jpg\" alt=\"\" data-id=\"19885\" data-full-url=\"https:\/\/itftkd.sport\/wp-content\/uploads\/2020\/04\/IAC-adapted-3.jpg\" data-link=\"https:\/\/itftkd.sport\/courses\/international-adapted-courses\/iac-adapted-3\/\" class=\"wp-image-19885\" srcset=\"https:\/\/itftkd.sport\/es\/wp-content\/uploads\/sites\/7\/2020\/04\/IAC-adapted-3-1024x768.jpg 1024w, https:\/\/itftkd.sport\/es\/wp-content\/uploads\/sites\/7\/2020\/04\/IAC-adapted-3-300x225.jpg 300w, https:\/\/itftkd.sport\/es\/wp-content\/uploads\/sites\/7\/2020\/04\/IAC-adapted-3-768x576.jpg 768w, https:\/\/itftkd.sport\/es\/wp-content\/uploads\/sites\/7\/2020\/04\/IAC-adapted-3.jpg 800w, https:\/\/itftkd.sport\/es\/wp-content\/uploads\/sites\/7\/2020\/04\/IAC-adapted-3-550x413.jpg 550w, https:\/\/itftkd.sport\/es\/wp-content\/uploads\/sites\/7\/2020\/04\/IAC-adapted-3-350x263.jpg 350w, https:\/\/itftkd.sport\/es\/wp-content\/uploads\/sites\/7\/2020\/04\/IAC-adapted-3-260x195.jpg 260w\" sizes=\"auto, (max-width: 1024px) 100vw, 1024px\" \/><\/figure><\/li><li class=\"blocks-gallery-item\"><figure><img loading=\"lazy\" decoding=\"async\" width=\"768\" height=\"1024\" src=\"https:\/\/itftkd.sport\/wp-content\/uploads\/2020\/04\/IAC-adapted-4-768x1024.jpg\" alt=\"\" data-id=\"19886\" data-full-url=\"https:\/\/itftkd.sport\/wp-content\/uploads\/2020\/04\/IAC-adapted-4.jpg\" data-link=\"https:\/\/itftkd.sport\/courses\/international-adapted-courses\/iac-adapted-4\/\" class=\"wp-image-19886\" srcset=\"https:\/\/itftkd.sport\/es\/wp-content\/uploads\/sites\/7\/2020\/04\/IAC-adapted-4-768x1024.jpg 768w, https:\/\/itftkd.sport\/es\/wp-content\/uploads\/sites\/7\/2020\/04\/IAC-adapted-4-225x300.jpg 225w, https:\/\/itftkd.sport\/es\/wp-content\/uploads\/sites\/7\/2020\/04\/IAC-adapted-4.jpg 600w\" sizes=\"auto, (max-width: 768px) 100vw, 768px\" \/><\/figure><\/li><li class=\"blocks-gallery-item\"><figure><img loading=\"lazy\" decoding=\"async\" width=\"768\" height=\"1024\" src=\"https:\/\/itftkd.sport\/wp-content\/uploads\/2020\/04\/IAC-adapted-5-768x1024.jpg\" alt=\"\" data-id=\"19887\" data-full-url=\"https:\/\/itftkd.sport\/wp-content\/uploads\/2020\/04\/IAC-adapted-5.jpg\" data-link=\"https:\/\/itftkd.sport\/courses\/international-adapted-courses\/iac-adapted-5\/\" class=\"wp-image-19887\" srcset=\"https:\/\/itftkd.sport\/es\/wp-content\/uploads\/sites\/7\/2020\/04\/IAC-adapted-5-768x1024.jpg 768w, https:\/\/itftkd.sport\/es\/wp-content\/uploads\/sites\/7\/2020\/04\/IAC-adapted-5-225x300.jpg 225w, https:\/\/itftkd.sport\/es\/wp-content\/uploads\/sites\/7\/2020\/04\/IAC-adapted-5.jpg 600w\" sizes=\"auto, (max-width: 768px) 100vw, 768px\" \/><\/figure><\/li><li class=\"blocks-gallery-item\"><figure><img loading=\"lazy\" decoding=\"async\" width=\"768\" height=\"1024\" src=\"https:\/\/itftkd.sport\/wp-content\/uploads\/2020\/04\/IAC-adapted-6-768x1024.jpg\" alt=\"\" data-id=\"19888\" data-full-url=\"https:\/\/itftkd.sport\/wp-content\/uploads\/2020\/04\/IAC-adapted-6.jpg\" data-link=\"https:\/\/itftkd.sport\/courses\/international-adapted-courses\/iac-adapted-6\/\" class=\"wp-image-19888\" srcset=\"https:\/\/itftkd.sport\/es\/wp-content\/uploads\/sites\/7\/2020\/04\/IAC-adapted-6-768x1024.jpg 768w, https:\/\/itftkd.sport\/es\/wp-content\/uploads\/sites\/7\/2020\/04\/IAC-adapted-6-225x300.jpg 225w, https:\/\/itftkd.sport\/es\/wp-content\/uploads\/sites\/7\/2020\/04\/IAC-adapted-6.jpg 600w\" sizes=\"auto, (max-width: 768px) 100vw, 768px\" \/><\/figure><\/li><li class=\"blocks-gallery-item\"><figure><img loading=\"lazy\" decoding=\"async\" width=\"768\" height=\"1024\" src=\"https:\/\/itftkd.sport\/wp-content\/uploads\/2020\/04\/IAC-adapted-7-768x1024.jpg\" alt=\"\" data-id=\"19889\" data-full-url=\"https:\/\/itftkd.sport\/wp-content\/uploads\/2020\/04\/IAC-adapted-7.jpg\" data-link=\"https:\/\/itftkd.sport\/courses\/international-adapted-courses\/iac-adapted-7\/\" class=\"wp-image-19889\" srcset=\"https:\/\/itftkd.sport\/es\/wp-content\/uploads\/sites\/7\/2020\/04\/IAC-adapted-7-768x1024.jpg 768w, https:\/\/itftkd.sport\/es\/wp-content\/uploads\/sites\/7\/2020\/04\/IAC-adapted-7-225x300.jpg 225w, https:\/\/itftkd.sport\/es\/wp-content\/uploads\/sites\/7\/2020\/04\/IAC-adapted-7.jpg 600w\" sizes=\"auto, (max-width: 768px) 100vw, 768px\" \/><\/figure><\/li><li class=\"blocks-gallery-item\"><figure><img loading=\"lazy\" decoding=\"async\" width=\"1024\" height=\"768\" src=\"https:\/\/itftkd.sport\/wp-content\/uploads\/2020\/04\/IAC-adapted-8-1024x768.jpg\" alt=\"\" data-id=\"19890\" data-full-url=\"https:\/\/itftkd.sport\/wp-content\/uploads\/2020\/04\/IAC-adapted-8.jpg\" data-link=\"https:\/\/itftkd.sport\/courses\/international-adapted-courses\/iac-adapted-8\/\" class=\"wp-image-19890\" srcset=\"https:\/\/itftkd.sport\/es\/wp-content\/uploads\/sites\/7\/2020\/04\/IAC-adapted-8-1024x768.jpg 1024w, https:\/\/itftkd.sport\/es\/wp-content\/uploads\/sites\/7\/2020\/04\/IAC-adapted-8-300x225.jpg 300w, https:\/\/itftkd.sport\/es\/wp-content\/uploads\/sites\/7\/2020\/04\/IAC-adapted-8-768x576.jpg 768w, https:\/\/itftkd.sport\/es\/wp-content\/uploads\/sites\/7\/2020\/04\/IAC-adapted-8.jpg 800w, https:\/\/itftkd.sport\/es\/wp-content\/uploads\/sites\/7\/2020\/04\/IAC-adapted-8-550x413.jpg 550w, https:\/\/itftkd.sport\/es\/wp-content\/uploads\/sites\/7\/2020\/04\/IAC-adapted-8-350x263.jpg 350w, https:\/\/itftkd.sport\/es\/wp-content\/uploads\/sites\/7\/2020\/04\/IAC-adapted-8-260x195.jpg 260w\" sizes=\"auto, (max-width: 1024px) 100vw, 1024px\" \/><\/figure><\/li><\/ul><\/figure>\n\n\n\n<p>Podemos afirmar que es posible ense\u00f1ar Taekwon-Do a todos por igual, seamos como seamos, tengamos las caracter\u00edsticas que tengamos, pero ello no implica que se pueda esperar los mismos resultados de parte de todos, ni en los mismos tiempos.<\/p>\n\n\n\n<p>El Taekwon-Do, entendido de manera integral (contemplando el aspecto f\u00edsico, emocional, moral y mental), es un excelente medio para colaborar con los tratamientos terap\u00e9uticos de apoyo y estimulaci\u00f3n temprana de las personas con discapacidad. <\/p>\n\n\n\n<p>El contenido de estos cursos ha sido y contin\u00faa siendo desarrollado para brindar a los instructores de Taekwon-Do ITF, una herramienta que les permita aceptar la diversidad primero, poder entender despu\u00e9s, y de ese modo integrar a sus clases a personas con cierta discapacidad sea esta f\u00edsica, cognitiva, gen\u00e9tica o adquirida.<\/p>\n\n\n\n<p>Si bien est\u00e1 basado \u00edntegramente en fuentes cient\u00edficas, tanto el leguaje como el orden de los diferentes t\u00f3picos que se abordan son presentados de manera simple con la finalidad de facilitar su comprensi\u00f3n, independientemente del nivel de instrucci\u00f3n de los asistentes.<\/p>\n\n\n\n<p>La estructura de los contenidos ofrecidos se basa en dar respuestas a preguntas frecuentes.<\/p>\n\n\n\n<p>\u00bfQu\u00e9 es? \u00bfCu\u00e1les son las caracter\u00edsticas? \u00bfPuedo trabajar en Taekwon-Do con una persona con tal o cual discapacidad? \u00bfC\u00f3mo, de qu\u00e9 manera? \u00bfCon qu\u00e9 recursos necesito contar para trabajar? \u00bfCu\u00e1les son las caracter\u00edsticas de una clase para personas no convencionales? Etc.<\/p>\n\n\n\n<p>Esas y otras que indefectiblemente surgir\u00e1n en el transcurso de los cursos, son las preguntas que se pretenden responder.<\/p>\n\n\n\n<p>El objetivo de este tipo de cursos es contribuir a construir un mundo mejor y m\u00e1s pac\u00edfico a trav\u00e9s del Taekwon-Do, porque el Taekwon-Do es para todos.<\/p>\n","protected":false},"excerpt":{"rendered":"<p>Taekwon-Do como herramienta de comprensi\u00f3n, aceptaci\u00f3n, integraci\u00f3n y desarrollo social. El General Choi Hong Hi dijo claramente: \u201cel Taekwon-Do es para todos.\u201d Acto seguido, podr\u00edamos agregar que su obra, el &hellip;<\/p>\n","protected":false},"author":1,"featured_media":0,"parent":379,"menu_order":0,"comment_status":"closed","ping_status":"closed","template":"","meta":{"_tec_requires_first_save":true,"_uag_custom_page_level_css":"","_genesis_hide_title":false,"_genesis_hide_breadcrumbs":false,"_genesis_hide_singular_image":false,"_genesis_hide_footer_widgets":false,"_genesis_custom_body_class":"","_genesis_custom_post_class":"","_genesis_layout":"md-content","_EventAllDay":false,"_EventTimezone":"","_EventStartDate":"","_EventEndDate":"","_EventStartDateUTC":"","_EventEndDateUTC":"","_EventShowMap":false,"_EventShowMapLink":false,"_EventURL":"","_EventCost":"","_EventCostDescription":"","_EventCurrencySymbol":"","_EventCurrencyCode":"","_EventCurrencyPosition":"","_EventDateTimeSeparator":"","_EventTimeRangeSeparator":"","_EventOrganizerID":[],"_EventVenueID":[0],"_OrganizerEmail":"","_OrganizerPhone":"","_OrganizerWebsite":"","_VenueAddress":"","_VenueCity":"","_VenueCountry":"","_VenueProvince":"","_VenueState":"","_VenueZip":"","_VenuePhone":"","_VenueURL":"","_VenueStateProvince":"","_VenueLat":"","_VenueLng":"","_VenueShowMap":false,"_VenueShowMapLink":false,"_tribe_blocks_recurrence_rules":"","_tribe_blocks_recurrence_description":"","_tribe_blocks_recurrence_exclusions":"","editor_notices":[],"footnotes":""},"class_list":["post-19853","page","type-page","status-publish","entry","has-post-thumbnail"],"featured_image_src":null,"featured_image_src_square":null,"uagb_featured_image_src":{"full":false,"thumbnail":false,"medium":false,"medium_large":false,"large":false,"1536x1536":false,"2048x2048":false,"banner":false,"section":false,"full-width":false,"featured":false,"one-half":false,"one-third":false,"one-fourth":false,"tiny":false,"ab-block-post-grid-landscape":false,"ab-block-post-grid-square":false,"gform-image-choice-sm":false,"gform-image-choice-md":false,"gform-image-choice-lg":false},"uagb_author_info":{"display_name":"mparraud","author_link":"https:\/\/itftkd.sport\/es\/author\/mparraud\/"},"uagb_comment_info":0,"uagb_excerpt":"Taekwon-Do como herramienta de comprensi\u00f3n, aceptaci\u00f3n, integraci\u00f3n y desarrollo social. El General Choi Hong Hi dijo claramente: \u201cel Taekwon-Do es para todos.\u201d Acto seguido, podr\u00edamos agregar que su obra, el &hellip;","_links":{"self":[{"href":"https:\/\/itftkd.sport\/es\/wp-json\/wp\/v2\/pages\/19853","targetHints":{"allow":["GET"]}}],"collection":[{"href":"https:\/\/itftkd.sport\/es\/wp-json\/wp\/v2\/pages"}],"about":[{"href":"https:\/\/itftkd.sport\/es\/wp-json\/wp\/v2\/types\/page"}],"author":[{"embeddable":true,"href":"https:\/\/itftkd.sport\/es\/wp-json\/wp\/v2\/users\/1"}],"replies":[{"embeddable":true,"href":"https:\/\/itftkd.sport\/es\/wp-json\/wp\/v2\/comments?post=19853"}],"version-history":[{"count":2,"href":"https:\/\/itftkd.sport\/es\/wp-json\/wp\/v2\/pages\/19853\/revisions"}],"predecessor-version":[{"id":23269,"href":"https:\/\/itftkd.sport\/es\/wp-json\/wp\/v2\/pages\/19853\/revisions\/23269"}],"up":[{"embeddable":true,"href":"https:\/\/itftkd.sport\/es\/wp-json\/wp\/v2\/pages\/379"}],"wp:attachment":[{"href":"https:\/\/itftkd.sport\/es\/wp-json\/wp\/v2\/media?parent=19853"}],"curies":[{"name":"wp","href":"https:\/\/api.w.org\/{rel}","templated":true}]}}