{"id":19081,"date":"2020-03-30T19:54:54","date_gmt":"2020-03-30T17:54:54","guid":{"rendered":"https:\/\/itftkd.sport\/?page_id=19081"},"modified":"2026-02-25T21:27:48","modified_gmt":"2026-02-25T20:27:48","slug":"comite-para-el-desarrollo-infantil","status":"publish","type":"page","link":"https:\/\/itftkd.sport\/es\/nosotros\/comites\/comite-para-el-desarrollo-infantil\/","title":{"rendered":"Comit\u00e9 para el Desarrollo Infantil"},"content":{"rendered":"\n<p class=\"has-text-align-center\"><strong>Misi\u00f3n<\/strong><\/p>\n\n\n\n<p>El prop\u00f3sito del Comit\u00e9 es brindar asesoramiento y apoyo sobre la participaci\u00f3n de los ni\u00f1os en la ITF, en particular en lo que respecta al desarrollo f\u00edsico, mental y emocional, mediante la pr\u00e1ctica del Taekwon-Do.<\/p>\n\n\n\n<p>Adem\u00e1s, promover la ense\u00f1anza de la educaci\u00f3n del car\u00e1cter para que sea consistente con la cultura moral del Taekwon-Do como la describe el fundador, General Choi Hong Hi.<\/p>\n\n\n\n<div style=\"height:30px\" aria-hidden=\"true\" class=\"wp-block-spacer\"><\/div>\n\n\n<style>.wp-block-kadence-column.kb-section-dir-horizontal > .kt-inside-inner-col > .kt-info-box19081_d9c561-7b{max-width:500px;}.wp-block-kadence-column.kb-section-dir-horizontal > .kt-inside-inner-col > .kt-info-box19081_d9c561-7b .kt-blocks-info-box-link-wrap{max-width:unset;}.kt-info-box19081_d9c561-7b .kt-blocks-info-box-link-wrap{border-top-left-radius:0px;border-top-right-radius:0px;border-bottom-right-radius:0px;border-bottom-left-radius:0px;background:#E4E4E4;max-width:500px;padding-top:24px;padding-right:24px;padding-bottom:24px;padding-left:24px;margin-top:50px;margin-bottom:30px;}.kt-info-box19081_d9c561-7b .kt-blocks-info-box-link-wrap:hover{background:#E4E4E4;}.kt-info-box19081_d9c561-7b.wp-block-kadence-infobox{max-width:100%;}.kt-info-box19081_d9c561-7b .kadence-info-box-image-inner-intrisic-container{max-width:601px;}.kt-info-box19081_d9c561-7b .kadence-info-box-image-inner-intrisic-container .kadence-info-box-image-intrisic{padding-bottom:80%;width:300px;height:0px;max-width:100%;}.kt-info-box19081_d9c561-7b .kadence-info-box-icon-container .kt-info-svg-icon, .kt-info-box19081_d9c561-7b .kt-info-svg-icon-flip, .kt-info-box19081_d9c561-7b .kt-blocks-info-box-number{font-size:50px;}.kt-info-box19081_d9c561-7b .kt-blocks-info-box-media{color:#444444;background:#ffffff;border-color:#E4E4E4;border-top-width:1px;border-right-width:1px;border-bottom-width:1px;border-left-width:1px;padding-top:0px;padding-right:0px;padding-bottom:0px;padding-left:0px;}.kt-info-box19081_d9c561-7b .kt-blocks-info-box-media-container{margin-top:-75px;margin-right:0px;margin-bottom:20px;margin-left:0px;}.kt-info-box19081_d9c561-7b .kt-blocks-info-box-link-wrap:hover .kt-blocks-info-box-media{color:#444444;background:#ffffff;border-color:#DC6A00;}.kt-info-box19081_d9c561-7b .kt-infobox-textcontent h2.kt-blocks-info-box-title{color:#DC6A00;padding-top:0px;padding-right:0px;padding-bottom:0px;padding-left:0px;margin-top:5px;margin-right:0px;margin-bottom:10px;margin-left:0px;}.kt-info-box19081_d9c561-7b .kt-infobox-textcontent .kt-blocks-info-box-text{color:#000000;}.kt-info-box19081_d9c561-7b .kt-blocks-info-box-learnmore{color:#DC6A00;background:transparent;border-color:#555555;border-width:0px 0px 0px 0px;padding-top:4px;padding-right:8px;padding-bottom:4px;padding-left:8px;margin-top:10px;margin-right:0px;margin-bottom:10px;margin-left:0px;}.kt-info-box19081_d9c561-7b .kt-blocks-info-box-link-wrap:hover .kt-blocks-info-box-learnmore,.kt-info-box19081_d9c561-7b .kt-blocks-info-box-link-wrap .kt-blocks-info-box-learnmore:focus{color:#ffffff;background:#DC6A00;border-color:#444444;}<\/style>\n<div class=\"wp-block-kadence-infobox kt-info-box19081_d9c561-7b\"><div class=\"kt-blocks-info-box-link-wrap kt-blocks-info-box-media-align-top kt-info-halign-center\"><div class=\"kt-blocks-info-box-media-container\"><div class=\"kt-blocks-info-box-media kt-info-media-animate-none\"><div class=\"kadence-info-box-image-inner-intrisic-container\"><div class=\"kadence-info-box-image-intrisic kt-info-animate-none\"><div class=\"kadence-info-box-image-inner-intrisic\"><img loading=\"lazy\" decoding=\"async\" src=\"https:\/\/itftkd.sport\/es\/wp-content\/uploads\/sites\/7\/2025\/08\/Master-Fabian-IZquierdo-Kids-300x240.jpg\" alt=\"\" width=\"300\" height=\"240\" class=\"kt-info-box-image wp-image-32682\" \/><\/div><\/div><\/div><\/div><\/div><div class=\"kt-infobox-textcontent\"><h2 class=\"kt-blocks-info-box-title\">Maestro Fabi\u00e1n Izquierdo<\/h2><p class=\"kt-blocks-info-box-text\"><strong>Presidente<\/strong><br>Brasil<\/p><div class=\"kt-blocks-info-box-learnmore-wrap\"><a class=\"kt-blocks-info-box-learnmore info-box-link\" href=\"mailto:fizquierdo@itftkd.sport\">fizquierdo@itftkd.sport<\/a><\/div><\/div><\/div><\/div>\n\n\n\n<div class=\"wp-block-group\"><div class=\"wp-block-group__inner-container is-layout-flow wp-block-group-is-layout-flow\">\n<h3 class=\"wp-block-heading has-text-align-center\">Miembros<\/h3>\n\n\n\n<hr class=\"wp-block-separator has-text-color has-central-palette-4-color has-css-opacity has-central-palette-4-background-color has-background is-style-wide\" \/>\n<\/div><\/div>\n\n\n\n<div class=\"wp-block-columns is-layout-flex wp-container-core-columns-is-layout-9d6595d7 wp-block-columns-is-layout-flex\">\n<div class=\"wp-block-column is-layout-flow wp-block-column-is-layout-flow\"><style>.wp-block-kadence-column.kb-section-dir-horizontal > .kt-inside-inner-col > .kt-info-box19081_e7f314-07{max-width:500px;}.wp-block-kadence-column.kb-section-dir-horizontal > .kt-inside-inner-col > .kt-info-box19081_e7f314-07 .kt-blocks-info-box-link-wrap{max-width:unset;}.kt-info-box19081_e7f314-07 .kt-blocks-info-box-link-wrap{border-top-left-radius:0px;border-top-right-radius:0px;border-bottom-right-radius:0px;border-bottom-left-radius:0px;background:#E4E4E4;max-width:500px;padding-top:24px;padding-right:24px;padding-bottom:24px;padding-left:24px;margin-top:50px;margin-bottom:30px;}.kt-info-box19081_e7f314-07 .kt-blocks-info-box-link-wrap:hover{background:#E4E4E4;}.kt-info-box19081_e7f314-07.wp-block-kadence-infobox{max-width:100%;}.kt-info-box19081_e7f314-07 .kadence-info-box-image-inner-intrisic-container{max-width:601px;}.kt-info-box19081_e7f314-07 .kadence-info-box-image-inner-intrisic-container .kadence-info-box-image-intrisic{padding-bottom:80%;width:300px;height:0px;max-width:100%;}.kt-info-box19081_e7f314-07 .kadence-info-box-icon-container .kt-info-svg-icon, .kt-info-box19081_e7f314-07 .kt-info-svg-icon-flip, .kt-info-box19081_e7f314-07 .kt-blocks-info-box-number{font-size:50px;}.kt-info-box19081_e7f314-07 .kt-blocks-info-box-media{color:#444444;background:#ffffff;border-color:#E4E4E4;border-top-width:1px;border-right-width:1px;border-bottom-width:1px;border-left-width:1px;padding-top:0px;padding-right:0px;padding-bottom:0px;padding-left:0px;}.kt-info-box19081_e7f314-07 .kt-blocks-info-box-media-container{margin-top:-75px;margin-right:0px;margin-bottom:20px;margin-left:0px;}.kt-info-box19081_e7f314-07 .kt-blocks-info-box-link-wrap:hover .kt-blocks-info-box-media{color:#444444;background:#ffffff;border-color:#DC6A00;}.kt-info-box19081_e7f314-07 .kt-infobox-textcontent h2.kt-blocks-info-box-title{color:#DC6A00;padding-top:0px;padding-right:0px;padding-bottom:0px;padding-left:0px;margin-top:5px;margin-right:0px;margin-bottom:10px;margin-left:0px;}.kt-info-box19081_e7f314-07 .kt-infobox-textcontent .kt-blocks-info-box-text{color:#000000;}.kt-info-box19081_e7f314-07 .kt-blocks-info-box-learnmore{color:#DC6A00;background:transparent;border-color:#555555;border-width:0px 0px 0px 0px;padding-top:4px;padding-right:8px;padding-bottom:4px;padding-left:8px;margin-top:10px;margin-right:0px;margin-bottom:10px;margin-left:0px;}.kt-info-box19081_e7f314-07 .kt-blocks-info-box-link-wrap:hover .kt-blocks-info-box-learnmore,.kt-info-box19081_e7f314-07 .kt-blocks-info-box-link-wrap .kt-blocks-info-box-learnmore:focus{color:#ffffff;background:#DC6A00;border-color:#444444;}<\/style>\n<div class=\"wp-block-kadence-infobox kt-info-box19081_e7f314-07\"><div class=\"kt-blocks-info-box-link-wrap kt-blocks-info-box-media-align-top kt-info-halign-center\"><div class=\"kt-blocks-info-box-media-container\"><div class=\"kt-blocks-info-box-media kt-info-media-animate-none\"><div class=\"kadence-info-box-image-inner-intrisic-container\"><div class=\"kadence-info-box-image-intrisic kt-info-animate-none\"><div class=\"kadence-info-box-image-inner-intrisic\"><img loading=\"lazy\" decoding=\"async\" src=\"https:\/\/itftkd.sport\/es\/wp-content\/uploads\/sites\/7\/2024\/01\/Donato-Nardizzi-Kids-Committee-300x240.jpg\" alt=\"\" width=\"300\" height=\"240\" class=\"kt-info-box-image wp-image-30867\" \/><\/div><\/div><\/div><\/div><\/div><div class=\"kt-infobox-textcontent\"><h2 class=\"kt-blocks-info-box-title\">Gran Maestro Donato Nardizzi<\/h2><p class=\"kt-blocks-info-box-text\">Inglaterra<\/p><\/div><\/div><\/div>\n<\/div>\n\n\n\n<div class=\"wp-block-column is-layout-flow wp-block-column-is-layout-flow\"><style>.wp-block-kadence-column.kb-section-dir-horizontal > .kt-inside-inner-col > .kt-info-box19081_b9bd6e-c2{max-width:500px;}.wp-block-kadence-column.kb-section-dir-horizontal > .kt-inside-inner-col > .kt-info-box19081_b9bd6e-c2 .kt-blocks-info-box-link-wrap{max-width:unset;}.kt-info-box19081_b9bd6e-c2 .kt-blocks-info-box-link-wrap{border-top-left-radius:0px;border-top-right-radius:0px;border-bottom-right-radius:0px;border-bottom-left-radius:0px;background:#E4E4E4;max-width:500px;padding-top:24px;padding-right:24px;padding-bottom:24px;padding-left:24px;margin-top:50px;margin-bottom:30px;}.kt-info-box19081_b9bd6e-c2 .kt-blocks-info-box-link-wrap:hover{background:#E4E4E4;}.kt-info-box19081_b9bd6e-c2.wp-block-kadence-infobox{max-width:100%;}.kt-info-box19081_b9bd6e-c2 .kadence-info-box-image-inner-intrisic-container{max-width:601px;}.kt-info-box19081_b9bd6e-c2 .kadence-info-box-image-inner-intrisic-container .kadence-info-box-image-intrisic{padding-bottom:79.6667%;width:300px;height:0px;max-width:100%;}.kt-info-box19081_b9bd6e-c2 .kadence-info-box-icon-container .kt-info-svg-icon, .kt-info-box19081_b9bd6e-c2 .kt-info-svg-icon-flip, .kt-info-box19081_b9bd6e-c2 .kt-blocks-info-box-number{font-size:50px;}.kt-info-box19081_b9bd6e-c2 .kt-blocks-info-box-media{color:#444444;background:#ffffff;border-color:#E4E4E4;border-top-width:1px;border-right-width:1px;border-bottom-width:1px;border-left-width:1px;padding-top:0px;padding-right:0px;padding-bottom:0px;padding-left:0px;}.kt-info-box19081_b9bd6e-c2 .kt-blocks-info-box-media-container{margin-top:-75px;margin-right:0px;margin-bottom:20px;margin-left:0px;}.kt-info-box19081_b9bd6e-c2 .kt-blocks-info-box-link-wrap:hover .kt-blocks-info-box-media{color:#444444;background:#ffffff;border-color:#DC6A00;}.kt-info-box19081_b9bd6e-c2 .kt-infobox-textcontent h2.kt-blocks-info-box-title{color:#DC6A00;padding-top:0px;padding-right:0px;padding-bottom:0px;padding-left:0px;margin-top:5px;margin-right:0px;margin-bottom:10px;margin-left:0px;}.kt-info-box19081_b9bd6e-c2 .kt-infobox-textcontent .kt-blocks-info-box-text{color:#000000;}.kt-info-box19081_b9bd6e-c2 .kt-blocks-info-box-learnmore{color:#DC6A00;background:transparent;border-color:#555555;border-width:0px 0px 0px 0px;padding-top:4px;padding-right:8px;padding-bottom:4px;padding-left:8px;margin-top:10px;margin-right:0px;margin-bottom:10px;margin-left:0px;}.kt-info-box19081_b9bd6e-c2 .kt-blocks-info-box-link-wrap:hover .kt-blocks-info-box-learnmore,.kt-info-box19081_b9bd6e-c2 .kt-blocks-info-box-link-wrap .kt-blocks-info-box-learnmore:focus{color:#ffffff;background:#DC6A00;border-color:#444444;}<\/style>\n<div class=\"wp-block-kadence-infobox kt-info-box19081_b9bd6e-c2\"><div class=\"kt-blocks-info-box-link-wrap kt-blocks-info-box-media-align-top kt-info-halign-center\"><div class=\"kt-blocks-info-box-media-container\"><div class=\"kt-blocks-info-box-media kt-info-media-animate-none\"><div class=\"kadence-info-box-image-inner-intrisic-container\"><div class=\"kadence-info-box-image-intrisic kt-info-animate-none\"><div class=\"kadence-info-box-image-inner-intrisic\"><img loading=\"lazy\" decoding=\"async\" src=\"https:\/\/itftkd.sport\/es\/wp-content\/uploads\/sites\/7\/2020\/03\/man-silhouette-300x239.jpg\" alt=\"Man silhouette\" width=\"300\" height=\"239\" class=\"kt-info-box-image wp-image-18722\" \/><\/div><\/div><\/div><\/div><\/div><div class=\"kt-infobox-textcontent\"><h2 class=\"kt-blocks-info-box-title\">Maestro Jamie Campins<\/h2><p class=\"kt-blocks-info-box-text\">Escocia<\/p><\/div><\/div><\/div>\n<\/div>\n<\/div>\n\n\n\n<div class=\"wp-block-columns is-layout-flex wp-container-core-columns-is-layout-9d6595d7 wp-block-columns-is-layout-flex\">\n<div class=\"wp-block-column is-layout-flow wp-block-column-is-layout-flow\"><style>.wp-block-kadence-column.kb-section-dir-horizontal > .kt-inside-inner-col > .kt-info-box19081_a44bd0-75{max-width:500px;}.wp-block-kadence-column.kb-section-dir-horizontal > .kt-inside-inner-col > .kt-info-box19081_a44bd0-75 .kt-blocks-info-box-link-wrap{max-width:unset;}.kt-info-box19081_a44bd0-75 .kt-blocks-info-box-link-wrap{border-top-left-radius:0px;border-top-right-radius:0px;border-bottom-right-radius:0px;border-bottom-left-radius:0px;background:#E4E4E4;max-width:500px;padding-top:24px;padding-right:24px;padding-bottom:24px;padding-left:24px;margin-top:50px;margin-bottom:30px;}.kt-info-box19081_a44bd0-75 .kt-blocks-info-box-link-wrap:hover{background:#E4E4E4;}.kt-info-box19081_a44bd0-75.wp-block-kadence-infobox{max-width:100%;}.kt-info-box19081_a44bd0-75 .kadence-info-box-image-inner-intrisic-container{max-width:601px;}.kt-info-box19081_a44bd0-75 .kadence-info-box-image-inner-intrisic-container .kadence-info-box-image-intrisic{padding-bottom:80%;width:300px;height:0px;max-width:100%;}.kt-info-box19081_a44bd0-75 .kadence-info-box-icon-container .kt-info-svg-icon, .kt-info-box19081_a44bd0-75 .kt-info-svg-icon-flip, .kt-info-box19081_a44bd0-75 .kt-blocks-info-box-number{font-size:50px;}.kt-info-box19081_a44bd0-75 .kt-blocks-info-box-media{color:#444444;background:#ffffff;border-color:#E4E4E4;border-top-width:1px;border-right-width:1px;border-bottom-width:1px;border-left-width:1px;padding-top:0px;padding-right:0px;padding-bottom:0px;padding-left:0px;}.kt-info-box19081_a44bd0-75 .kt-blocks-info-box-media-container{margin-top:-75px;margin-right:0px;margin-bottom:20px;margin-left:0px;}.kt-info-box19081_a44bd0-75 .kt-blocks-info-box-link-wrap:hover .kt-blocks-info-box-media{color:#444444;background:#ffffff;border-color:#DC6A00;}.kt-info-box19081_a44bd0-75 .kt-infobox-textcontent h2.kt-blocks-info-box-title{color:#DC6A00;padding-top:0px;padding-right:0px;padding-bottom:0px;padding-left:0px;margin-top:5px;margin-right:0px;margin-bottom:10px;margin-left:0px;}.kt-info-box19081_a44bd0-75 .kt-infobox-textcontent .kt-blocks-info-box-text{color:#000000;}.kt-info-box19081_a44bd0-75 .kt-blocks-info-box-learnmore{color:#DC6A00;background:transparent;border-color:#555555;border-width:0px 0px 0px 0px;padding-top:4px;padding-right:8px;padding-bottom:4px;padding-left:8px;margin-top:10px;margin-right:0px;margin-bottom:10px;margin-left:0px;}.kt-info-box19081_a44bd0-75 .kt-blocks-info-box-link-wrap:hover .kt-blocks-info-box-learnmore,.kt-info-box19081_a44bd0-75 .kt-blocks-info-box-link-wrap .kt-blocks-info-box-learnmore:focus{color:#ffffff;background:#DC6A00;border-color:#444444;}<\/style>\n<div class=\"wp-block-kadence-infobox kt-info-box19081_a44bd0-75\"><div class=\"kt-blocks-info-box-link-wrap kt-blocks-info-box-media-align-top kt-info-halign-center\"><div class=\"kt-blocks-info-box-media-container\"><div class=\"kt-blocks-info-box-media kt-info-media-animate-none\"><div class=\"kadence-info-box-image-inner-intrisic-container\"><div class=\"kadence-info-box-image-intrisic kt-info-animate-none\"><div class=\"kadence-info-box-image-inner-intrisic\"><img loading=\"lazy\" decoding=\"async\" src=\"https:\/\/itftkd.sport\/es\/wp-content\/uploads\/sites\/7\/2024\/01\/Andrea-Manna-Kids-Committee-1-300x240.jpg\" alt=\"\" width=\"300\" height=\"240\" class=\"kt-info-box-image wp-image-30865\" \/><\/div><\/div><\/div><\/div><\/div><div class=\"kt-infobox-textcontent\"><h2 class=\"kt-blocks-info-box-title\">Sbn. Andrea Manna<\/h2><p class=\"kt-blocks-info-box-text\">Argentina<\/p><\/div><\/div><\/div>\n<\/div>\n\n\n\n<div class=\"wp-block-column is-layout-flow wp-block-column-is-layout-flow\"><style>.wp-block-kadence-column.kb-section-dir-horizontal > .kt-inside-inner-col > .kt-info-box19081_8844b7-34{max-width:500px;}.wp-block-kadence-column.kb-section-dir-horizontal > .kt-inside-inner-col > .kt-info-box19081_8844b7-34 .kt-blocks-info-box-link-wrap{max-width:unset;}.kt-info-box19081_8844b7-34 .kt-blocks-info-box-link-wrap{border-top-left-radius:0px;border-top-right-radius:0px;border-bottom-right-radius:0px;border-bottom-left-radius:0px;background:#E4E4E4;max-width:500px;padding-top:24px;padding-right:24px;padding-bottom:24px;padding-left:24px;margin-top:50px;margin-bottom:30px;}.kt-info-box19081_8844b7-34 .kt-blocks-info-box-link-wrap:hover{background:#E4E4E4;}.kt-info-box19081_8844b7-34.wp-block-kadence-infobox{max-width:100%;}.kt-info-box19081_8844b7-34 .kadence-info-box-image-inner-intrisic-container{max-width:601px;}.kt-info-box19081_8844b7-34 .kadence-info-box-image-inner-intrisic-container .kadence-info-box-image-intrisic{padding-bottom:80%;width:300px;height:0px;max-width:100%;}.kt-info-box19081_8844b7-34 .kadence-info-box-icon-container .kt-info-svg-icon, .kt-info-box19081_8844b7-34 .kt-info-svg-icon-flip, .kt-info-box19081_8844b7-34 .kt-blocks-info-box-number{font-size:50px;}.kt-info-box19081_8844b7-34 .kt-blocks-info-box-media{color:#444444;background:#ffffff;border-color:#E4E4E4;border-top-width:1px;border-right-width:1px;border-bottom-width:1px;border-left-width:1px;padding-top:0px;padding-right:0px;padding-bottom:0px;padding-left:0px;}.kt-info-box19081_8844b7-34 .kt-blocks-info-box-media-container{margin-top:-75px;margin-right:0px;margin-bottom:20px;margin-left:0px;}.kt-info-box19081_8844b7-34 .kt-blocks-info-box-link-wrap:hover .kt-blocks-info-box-media{color:#444444;background:#ffffff;border-color:#DC6A00;}.kt-info-box19081_8844b7-34 .kt-infobox-textcontent h2.kt-blocks-info-box-title{color:#DC6A00;padding-top:0px;padding-right:0px;padding-bottom:0px;padding-left:0px;margin-top:5px;margin-right:0px;margin-bottom:10px;margin-left:0px;}.kt-info-box19081_8844b7-34 .kt-infobox-textcontent .kt-blocks-info-box-text{color:#000000;}.kt-info-box19081_8844b7-34 .kt-blocks-info-box-learnmore{color:#DC6A00;background:transparent;border-color:#555555;border-width:0px 0px 0px 0px;padding-top:4px;padding-right:8px;padding-bottom:4px;padding-left:8px;margin-top:10px;margin-right:0px;margin-bottom:10px;margin-left:0px;}.kt-info-box19081_8844b7-34 .kt-blocks-info-box-link-wrap:hover .kt-blocks-info-box-learnmore,.kt-info-box19081_8844b7-34 .kt-blocks-info-box-link-wrap .kt-blocks-info-box-learnmore:focus{color:#ffffff;background:#DC6A00;border-color:#444444;}<\/style>\n<div class=\"wp-block-kadence-infobox kt-info-box19081_8844b7-34\"><div class=\"kt-blocks-info-box-link-wrap kt-blocks-info-box-media-align-top kt-info-halign-center\"><div class=\"kt-blocks-info-box-media-container\"><div class=\"kt-blocks-info-box-media kt-info-media-animate-none\"><div class=\"kadence-info-box-image-inner-intrisic-container\"><div class=\"kadence-info-box-image-intrisic kt-info-animate-none\"><div class=\"kadence-info-box-image-inner-intrisic\"><img loading=\"lazy\" decoding=\"async\" src=\"https:\/\/itftkd.sport\/wp-content\/uploads\/2021\/11\/Marisol-Vicario-Childrens-Development-Committee-300x240.jpg\" alt=\"Marisol-Vicario-Childrens-Development-Committee\" width=\"300\" height=\"240\" class=\"kt-info-box-image wp-image-27885\" \/><\/div><\/div><\/div><\/div><\/div><div class=\"kt-infobox-textcontent\"><h2 class=\"kt-blocks-info-box-title\">Sbn. Marisol Vicario<\/h2><p class=\"kt-blocks-info-box-text\">Argentina<\/p><\/div><\/div><\/div>\n<\/div>\n<\/div>\n\n\n\n<div class=\"wp-block-columns is-layout-flex wp-container-core-columns-is-layout-9d6595d7 wp-block-columns-is-layout-flex\">\n<div class=\"wp-block-column is-layout-flow wp-block-column-is-layout-flow\"><\/div>\n<\/div>\n\n\n\n\n","protected":false},"excerpt":{"rendered":"<p>Misi\u00f3n El prop\u00f3sito del Comit\u00e9 es brindar asesoramiento y apoyo sobre la participaci\u00f3n de los ni\u00f1os en la ITF, en particular en lo que respecta al desarrollo f\u00edsico, mental y &hellip;<\/p>\n","protected":false},"author":4,"featured_media":0,"parent":6684,"menu_order":0,"comment_status":"closed","ping_status":"closed","template":"","meta":{"_tec_requires_first_save":true,"_uag_custom_page_level_css":"","_genesis_hide_title":false,"_genesis_hide_breadcrumbs":false,"_genesis_hide_singular_image":false,"_genesis_hide_footer_widgets":false,"_genesis_custom_body_class":"","_genesis_custom_post_class":"","_genesis_layout":"md-content","_EventAllDay":false,"_EventTimezone":"","_EventStartDate":"","_EventEndDate":"","_EventStartDateUTC":"","_EventEndDateUTC":"","_EventShowMap":false,"_EventShowMapLink":false,"_EventURL":"","_EventCost":"","_EventCostDescription":"","_EventCurrencySymbol":"","_EventCurrencyCode":"","_EventCurrencyPosition":"","_EventDateTimeSeparator":"","_EventTimeRangeSeparator":"","_EventOrganizerID":[],"_EventVenueID":[0],"_OrganizerEmail":"","_OrganizerPhone":"","_OrganizerWebsite":"","_VenueAddress":"","_VenueCity":"","_VenueCountry":"","_VenueProvince":"","_VenueState":"","_VenueZip":"","_VenuePhone":"","_VenueURL":"","_VenueStateProvince":"","_VenueLat":"","_VenueLng":"","_VenueShowMap":false,"_VenueShowMapLink":false,"_tribe_blocks_recurrence_rules":"","_tribe_blocks_recurrence_description":"","_tribe_blocks_recurrence_exclusions":"","editor_notices":[],"footnotes":""},"class_list":["post-19081","page","type-page","status-publish","entry","has-post-thumbnail"],"featured_image_src":null,"featured_image_src_square":null,"uagb_featured_image_src":{"full":false,"thumbnail":false,"medium":false,"medium_large":false,"large":false,"1536x1536":false,"2048x2048":false,"banner":false,"section":false,"full-width":false,"featured":false,"one-half":false,"one-third":false,"one-fourth":false,"tiny":false,"ab-block-post-grid-landscape":false,"ab-block-post-grid-square":false,"gform-image-choice-sm":false,"gform-image-choice-md":false,"gform-image-choice-lg":false},"uagb_author_info":{"display_name":"FABIAN ITF","author_link":"https:\/\/itftkd.sport\/es\/author\/fabian-itf\/"},"uagb_comment_info":0,"uagb_excerpt":"Misi\u00f3n El prop\u00f3sito del Comit\u00e9 es brindar asesoramiento y apoyo sobre la participaci\u00f3n de los ni\u00f1os en la ITF, en particular en lo que respecta al desarrollo f\u00edsico, mental y &hellip;","_links":{"self":[{"href":"https:\/\/itftkd.sport\/es\/wp-json\/wp\/v2\/pages\/19081","targetHints":{"allow":["GET"]}}],"collection":[{"href":"https:\/\/itftkd.sport\/es\/wp-json\/wp\/v2\/pages"}],"about":[{"href":"https:\/\/itftkd.sport\/es\/wp-json\/wp\/v2\/types\/page"}],"author":[{"embeddable":true,"href":"https:\/\/itftkd.sport\/es\/wp-json\/wp\/v2\/users\/4"}],"replies":[{"embeddable":true,"href":"https:\/\/itftkd.sport\/es\/wp-json\/wp\/v2\/comments?post=19081"}],"version-history":[{"count":10,"href":"https:\/\/itftkd.sport\/es\/wp-json\/wp\/v2\/pages\/19081\/revisions"}],"predecessor-version":[{"id":37360,"href":"https:\/\/itftkd.sport\/es\/wp-json\/wp\/v2\/pages\/19081\/revisions\/37360"}],"up":[{"embeddable":true,"href":"https:\/\/itftkd.sport\/es\/wp-json\/wp\/v2\/pages\/6684"}],"wp:attachment":[{"href":"https:\/\/itftkd.sport\/es\/wp-json\/wp\/v2\/media?parent=19081"}],"curies":[{"name":"wp","href":"https:\/\/api.w.org\/{rel}","templated":true}]}}