{"id":10597,"date":"2018-08-11T12:14:26","date_gmt":"2018-08-11T10:14:26","guid":{"rendered":"http:\/\/www.taekwondoitf.org\/?page_id=10597"},"modified":"2024-02-13T23:21:16","modified_gmt":"2024-02-13T22:21:16","slug":"curso-internacional-de-do","status":"publish","type":"page","link":"https:\/\/itftkd.sport\/es\/cursos\/curso-internacional-de-do\/","title":{"rendered":"Curso Internacional de Do"},"content":{"rendered":"\n<figure class=\"wp-block-image size-large\"><img loading=\"lazy\" decoding=\"async\" width=\"1024\" height=\"299\" src=\"https:\/\/itftkd.sport\/wp-content\/uploads\/2020\/04\/IDC-banner-1024x299.jpg\" alt=\"IDC International Do Course\" class=\"wp-image-19803\" srcset=\"https:\/\/itftkd.sport\/es\/wp-content\/uploads\/sites\/7\/2020\/04\/IDC-banner-1024x299.jpg 1024w, https:\/\/itftkd.sport\/es\/wp-content\/uploads\/sites\/7\/2020\/04\/IDC-banner-300x87.jpg 300w, https:\/\/itftkd.sport\/es\/wp-content\/uploads\/sites\/7\/2020\/04\/IDC-banner-768x224.jpg 768w\" sizes=\"auto, (max-width: 1024px) 100vw, 1024px\" \/><\/figure>\n\n\n\n<p class=\"has-text-align-center\">Aprendiendo a aplicar y ense\u00f1ar el \u201cDo\u201d: basado en los Principios del Taekwon-Do<\/p>\n\n\n\n<p class=\"has-text-align-center\">Con<\/p>\n\n\n\n<p class=\"has-text-align-center\">Los miembros del Comit\u00e9 del Do de ITF<br>Maestro Prof.\/Dr. Janel Gauthier (7\u00ba Dan ITF)<br>Maestra Joliette Tr\u00e2n (7\u00ba Dan ITF)<br>Maestro Andreu Mart\u00ednez  (7\u00ba Dan ITF)<br>Gran Maestro Abelardo Benzaqu\u00e9n (9\u00ba Dan ITF)<\/p>\n\n\n\n<h2 class=\"wp-block-heading has-text-align-center\">RESUMEN<\/h2>\n\n\n\n<p class=\"has-text-align-center\">INTRODUCCI\u00d3N<\/p>\n\n\n\n<p class=\"has-text-align-center\">POR QU\u00c9 ESTE CURSO ES INTERESANTE PARA USTED<\/p>\n\n\n\n<p class=\"has-text-align-center\">PARA QUI\u00c9N ES ESTE CURSO<\/p>\n\n\n\n<p class=\"has-text-align-center\">PROP\u00d3SITO Y OBJETIVOS<\/p>\n\n\n\n<p class=\"has-text-align-center\">CONTENIDO<\/p>\n\n\n\n<p class=\"has-text-align-center\">MATERIAL Y MODALIDADES DE ENTRENAMIENTO<\/p>\n\n\n\n<p class=\"has-text-align-center\">ACTIVIDADES Y TEMPORIZACI\u00d3N<\/p>\n\n\n\n<p class=\"has-text-align-center\">INSTRUCTORES DEL CURSO<\/p>\n\n\n\n<p class=\"has-text-align-center\">RESERVA DEL CURSO Y CONSULTAS<\/p>\n\n\n\n<p class=\"has-text-align-center\">APROBACI\u00d3N DE LA ITF<\/p>\n\n\n\n<p class=\"has-text-align-center\">ORIGEN<\/p>\n\n\n\n<hr class=\"wp-block-separator has-css-opacity\" \/>\n\n\n\n<h3 class=\"wp-block-heading has-text-align-center\" id=\"introduction\">INTRODUCCI\u00d3N<\/h3>\n\n\n\n<p>Para el General Choi Hong Hi, el Padre del Taekwon-Do, el entrenamiento f\u00edsico y el entrenamiento moral son dos partes indivisibles del estudio del Taekwon-Do. En su \u00faltima publicaci\u00f3n, titulada Gu\u00eda Moral (2000), escribi\u00f3:<br>\u201c\u2026la \u00fanica forma de poder alcanzar verdaderamente el estatus de practicante de Taekwon-Do es ir m\u00e1s all\u00e1 del aspecto t\u00e9cnico y establecer un estilo de vida basado en un s\u00f3lido c\u00f3digo de moralidad. De hecho, todos los a\u00f1os de duro entrenamiento no ser\u00e1n m\u00e1s que una p\u00e9rdida de tiempo si no van acompa\u00f1ados de la modestia y el decoro, que son la verdadera esencia de la filosof\u00eda oriental.\u201d (p. 9).<br>Durante su vida, el General Choi estuvo tan ocupado circulando por el mundo para difundir el Taekwon-Do y realizar seminarios t\u00e9cnicos, que no tuvo tiempo de formar a nadie para continuar con el legado de su cultura moral. Sin embargo, hacia el final de su vida tom\u00f3 parte de su valioso tiempo para compartir con nosotros el conocimiento y la sabidur\u00eda que hab\u00eda adquirido a lo largo de los a\u00f1os. Su ferviente deseo fue que las futuras generaciones incorporaran la ense\u00f1anza del \u201cDo\u201d en la ense\u00f1anza del Taekwon-Do.<\/p>\n\n\n\n<hr class=\"wp-block-separator has-css-opacity\" \/>\n\n\n\n<h3 class=\"wp-block-heading has-text-align-center\" id=\"why\">POR QU\u00c9 ESTE CURSO ES INTERESANTE PARA USTED<\/h3>\n\n\n\n<p>El estudio del Do es un componente esencial del aprendizaje del Taekwon-Do. Sin estudiar y promover los valores morales, el Taekwon-Do es simplemente un deporte de combate, no un verdadero arte marcial. El Taekwon-Do no deber\u00eda nunca ser ense\u00f1ado sin ense\u00f1ar al mismo tiempo el camino de vida (es decir, el Do), que es la verdadera naturaleza y el esp\u00edritu de las artes marciales.<\/p>\n\n\n\n<p>La ense\u00f1anza del Do tambi\u00e9n es buena para su negocio. Los instructores que sean capaces de ense\u00f1ar el Do de manera efectiva podr\u00e1n atraer a m\u00e1s estudiantes, porque les estar\u00e1n proporcionando un producto \u00fanico y mejor.<\/p>\n\n\n\n<hr class=\"wp-block-separator has-css-opacity\" \/>\n\n\n\n<h3 class=\"wp-block-heading has-text-align-center\" id=\"who\">PARA QUI\u00c9N ES ESTE CURSO<\/h3>\n\n\n\n<p>El curso se divide en dos d\u00edas.<\/p>\n\n\n\n<p>Se dirige a todos los practicantes de Taekwon-Do con una edad m\u00ednima de 13 a\u00f1os. De 8\u00ba a 3\u00ba Kup (es decir, desde cintur\u00f3n amarillo hasta azul-rojo) pueden asistir al d\u00eda 1. De 2\u00b0 Kup en adelante (es decir, de cintur\u00f3n rojo en adelante) pueden asistir a los d\u00edas 1 y 2. El certificado de participaci\u00f3n ITF del \u201cCurso Internacional sobre el Do\u201d se emitir\u00e1 solamente para aquellos que completen el curso completo (es decir, d\u00eda 1 y d\u00eda 2).<\/p>\n\n\n\n<p>El d\u00eda 1, los participantes experimentar\u00e1n los Principios del Taekwon-Do y aprender\u00e1n c\u00f3mo aplicarlos en sus vidas diarias. El d\u00eda 2, aprender\u00e1n y practicar\u00e1n una variedad de ejercicios para comprender y aplicar mejor el Do. Adem\u00e1s, los practicantes experimentados aprender\u00e1n c\u00f3mo usar los ejercicios para ense\u00f1ar el Do y c\u00f3mo integrar este material en sus clases regulares.<\/p>\n\n\n\n<hr class=\"wp-block-separator has-css-opacity\" \/>\n\n\n\n<h3 class=\"wp-block-heading has-text-align-center\" id=\"goal\">PROP\u00d3SITO Y OBJETIVOS<\/h3>\n\n\n\n<p>Para todos los participantes, el objetivo del presente curso es experimentar la aplicaci\u00f3n de los Principios del Taekwon-Do en el Dojang y aprender c\u00f3mo se pueden aplicar en la vida diaria para ser mejores ciudadanos y construir un mundo mejor. Para aquellos que ense\u00f1an Taekwon-Do, el objetivo del presente curso es tambi\u00e9n aprender y practicar una variedad de ejercicios para ense\u00f1ar los cinco Principios del Taekwon-Do.<\/p>\n\n\n\n<p>Las sesiones de entrenamiento est\u00e1n dise\u00f1adas para proporcionar a los participantes una amplia gama de experiencias, con el objetivo de fomentar la comprensi\u00f3n y la aplicaci\u00f3n de los Principios del Taekwon-Do. Tambi\u00e9n est\u00e1n dise\u00f1adas para proporcionar a aquellos que ense\u00f1an Taekwon-Do un conocimiento pr\u00e1ctico, que puedan llevar de inmediato a su Dojang y utilizar para ense\u00f1ar el Do a sus alumnos.<\/p>\n\n\n\n<p>Al finalizar el curso, ya sea el d\u00eda 1 o el d\u00eda 2, todos los participantes podr\u00e1n:<\/p>\n\n\n\n<ul class=\"wp-block-list\">\n<li>Definir en t\u00e9rminos simples cada principio del Taekwon-Do.<\/li>\n\n\n\n<li>Proporcionar, para cada principio del Taekwon-Do, ejemplos de lo que es y lo que no es.<\/li>\n\n\n\n<li>Describir las ventajas y los beneficios de estudiar y aplicar cada principio del Taekwon-Do.<\/li>\n\n\n\n<li>Identificar situaciones donde los principios del Taekwon-Do se puedan aplicar en el dojang y la vida cotidiana.<\/li>\n<\/ul>\n\n\n\n<p>Al finalizar el d\u00eda 2, los participantes que ense\u00f1an Taekwon-Do tambi\u00e9n podr\u00e1n:<\/p>\n\n\n\n<ul class=\"wp-block-list\">\n<li>Saber cu\u00e1ndo y c\u00f3mo usar una variedad de herramientas y t\u00e9cnicas espec\u00edficas para ense\u00f1ar eficazmente los principios del Taekwon-Do.<\/li>\n\n\n\n<li>Integrar la ense\u00f1anza de los principios del Taekwon-Do en las clases regulares de Taekwon-Do.<\/li>\n<\/ul>\n\n\n\n<hr class=\"wp-block-separator has-css-opacity\" \/>\n\n\n\n<h3 class=\"wp-block-heading has-text-align-center\">CONTENIDO<\/h3>\n\n\n\n<p>1. Introducci\u00f3n.<br>1.1. La Cultura Moral y el Taekwon-Do.<br>1.2. Origen y significado de la palabra \u201cDo\u201d.<br>1.3. Los Principios del Taekwon-Do y el \u201cDo\u201d.<br>2. Estudio y aplicaci\u00f3n de los Principios del Taekwon-Do (Cortes\u00eda, Integridad, Perseverancia, Autocontrol y Esp\u00edritu Indomable).<br>2.1. Definici\u00f3n (qu\u00e9 son y qu\u00e9 no son).<br>2.2. Se\u00f1ales de comportamiento (cuando est\u00e1n presentes y cuando est\u00e1n ausentes o faltan).<br>2.3. Ventajas y beneficios (por qu\u00e9 es importante tenerlos y cultivarlos).<br>2.4. Usar el entrenamiento f\u00edsico de Taekwon-Do para experimentar y resaltar los Principios del TKD.<br>2.5. Consejos para desarrollar los principios del TKD.<br>3. Actividades, herramientas y estrategias para ense\u00f1ar el Do.<br>4. Integraci\u00f3n de la ense\u00f1anza del Do en las clases regulares de TKD.<br>5. Conclusi\u00f3n.<\/p>\n\n\n\n<hr class=\"wp-block-separator has-css-opacity\" \/>\n\n\n\n<h3 class=\"wp-block-heading has-text-align-center\" id=\"material\">MATERIAL Y MODALIDADES DE ENTRENAMIENTO<\/h3>\n\n\n\n<p>Durante el curso de dos d\u00edas, proporcionaremos dos cuadernos: el cuaderno del alumno y el cuaderno del instructor.<\/p>\n\n\n\n<p>Todos los participantes recibir\u00e1n una copia del Cuaderno del estudiante, que incluye una introducci\u00f3n a cada principio (an\u00e9cdotas o historias, definici\u00f3n, se\u00f1ales de comportamiento, ventajas y beneficios, etc.), con espacio para que los estudiantes escriban notas y completen ejercicios.<\/p>\n\n\n\n<p>Los participantes del d\u00eda 2 tambi\u00e9n recibir\u00e1n el Cuaderno del instructor, que proporciona explicaciones y sugerencias sobre c\u00f3mo usar y ense\u00f1ar el contenido del cuaderno del estudiante, con actividades adicionales (cuestionarios, juegos, etc.) y materiales (formularios, res\u00famenes, esquemas, ejemplos, muestras, etc.) que los instructores pueden usar en clase para ense\u00f1ar el Do.<\/p>\n\n\n\n<p>A lo largo del curso se utilizar\u00e1n demostraciones, entrenamiento f\u00edsico, experiencias pr\u00e1cticas, juegos de rol, comentarios, breves presentaciones y discusiones para experimentar los Principios del Taekwon-Do y aprender a ense\u00f1arlos.<\/p>\n\n\n\n<hr class=\"wp-block-separator has-css-opacity\" \/>\n\n\n\n<h3 class=\"wp-block-heading has-text-align-center\" id=\"activities\">ACTIVIDADES Y TEMPORIZACI\u00d3N<\/h3>\n\n\n\n<p>El curso de dos d\u00edas se desarrollar\u00e1 de la siguiente manera:<\/p>\n\n\n\n<p><strong>D\u00eda 1<\/strong><\/p>\n\n\n\n<p>El primer d\u00eda se enfoca en experimentar los Principios del Taekwon-Do a trav\u00e9s del entrenamiento f\u00edsico. Los participantes identificar\u00e1n qu\u00e9 principios est\u00e1n usando durante varios ejercicios, c\u00f3mo los est\u00e1n usando y c\u00f3mo se pueden usar fuera del Dojang. Los participantes tambi\u00e9n experimentar\u00e1n otros tipos de actividades utilizadas para comprender y explorar el Do.<\/p>\n\n\n\n<p><strong>D\u00eda 2<\/strong><\/p>\n\n\n\n<p>El segundo d\u00eda presenta una variedad de actividades diferentes para explorar y experimentar los Principios del Taekwon-Do de diferentes maneras. Estas incluyen diferentes tipos de discusi\u00f3n, juegos de rol y resoluci\u00f3n de problemas. Los participantes experimentados tambi\u00e9n aprender\u00e1n c\u00f3mo usar estas actividades en su propio Dojang, junto con estrategias para integrar la ense\u00f1anza del Do en las clases regulares.<\/p>\n\n\n\n<hr class=\"wp-block-separator has-css-opacity\" \/>\n\n\n\n<h3 class=\"wp-block-heading has-text-align-center\" id=\"course-instructors\">INSTRUCTORES DEL CURSO<\/h3>\n\n\n\n<div class=\"wp-block-columns is-layout-flex wp-container-core-columns-is-layout-9d6595d7 wp-block-columns-is-layout-flex\">\n<div class=\"wp-block-column is-layout-flow wp-block-column-is-layout-flow\" style=\"flex-basis:33.33%\">\n<figure class=\"wp-block-image size-large is-resized\"><img loading=\"lazy\" decoding=\"async\" width=\"252\" height=\"300\" src=\"https:\/\/itftkd.sport\/es\/wp-content\/uploads\/sites\/7\/2020\/09\/Dr.-Janel-Gauthier.png\" alt=\"Courses-Do-Dr-Janel-Gauthier\" class=\"wp-image-23470\" style=\"width:189px;height:225px\" \/><\/figure>\n<\/div>\n\n\n\n<div class=\"wp-block-column is-layout-flow wp-block-column-is-layout-flow\" style=\"flex-basis:66.66%\">\n<p>El&nbsp;<strong>Dr. Janel Gauthier<\/strong>&nbsp;es Presidente de la Asociaci\u00f3n Internacional de Psicolog\u00eda Aplicada y Profesor Em\u00e9rito de Psicolog\u00eda en la Universidad de Laval, Canad\u00e1. Est\u00e1 especializado en psicolog\u00eda cl\u00ednica de la salud, cambio de comportamiento y \u00e9tica. Es Presidente del Comit\u00e9 del Do de ITF y ex presidente del Comit\u00e9 de \u00c9tica y Disciplina de ITF. Tambi\u00e9n es Cintur\u00f3n Negro, 6\u00b0 Dan, de Taekwon-Do. Aprendi\u00f3 Taekwon-Do con el difunto Gran Maestro Tr\u00e2n Tri\u00eau Qu\u00e2n y trabaj\u00f3 estrechamente con \u00e9l en muchos proyectos de Taekwon-Do ITF, incluido el desarrollo del programa ITF para la ense\u00f1anza del Do, por m\u00e1s de 20 a\u00f1os.<\/p>\n<\/div>\n<\/div>\n\n\n\n<div class=\"wp-block-columns is-layout-flex wp-container-core-columns-is-layout-9d6595d7 wp-block-columns-is-layout-flex\">\n<div class=\"wp-block-column is-layout-flow wp-block-column-is-layout-flow\" style=\"flex-basis:33.33%\">\n<figure class=\"wp-block-image size-large is-resized\"><img loading=\"lazy\" decoding=\"async\" width=\"252\" height=\"300\" src=\"https:\/\/itftkd.sport\/es\/wp-content\/uploads\/sites\/7\/2020\/09\/Maestra-Joliette-Tran.png\" alt=\"Courses-Do-Maestra-Joliette-Tr\u00e2n\" class=\"wp-image-23471\" style=\"width:189px;height:225px\" \/><\/figure>\n<\/div>\n\n\n\n<div class=\"wp-block-column is-layout-flow wp-block-column-is-layout-flow\" style=\"flex-basis:66.66%\">\n<p>La&nbsp;<strong>Maestra Joliette Tr\u00e2n<\/strong>&nbsp;tiene un Master en salud p\u00fablica. Es terapeuta ocupacional y ense\u00f1a en el Departamento de Rehabilitaci\u00f3n de la Universidad de Laval. Es miembro del Comit\u00e9 del Do de ITF. Tambi\u00e9n es Cintur\u00f3n Negro, 7\u00ba Dan, de Taekwon-Do. Ense\u00f1a Taekwon-Do desde 1990 y tiene una amplia experiencia en la ense\u00f1anza para todas las edades. Actualmente est\u00e1 especializada en ense\u00f1ar Taekwon-Do a personas de 50 a\u00f1os o m\u00e1s, con el fin de promover el envejecimiento saludable y el aprendizaje continuo.<\/p>\n<\/div>\n<\/div>\n\n\n\n<div class=\"wp-block-columns is-layout-flex wp-container-core-columns-is-layout-9d6595d7 wp-block-columns-is-layout-flex\">\n<div class=\"wp-block-column is-layout-flow wp-block-column-is-layout-flow\" style=\"flex-basis:33.33%\"><\/div>\n\n\n\n<div class=\"wp-block-column is-layout-flow wp-block-column-is-layout-flow\" style=\"flex-basis:66.66%\"><\/div>\n<\/div>\n\n\n\n<div class=\"wp-block-columns is-layout-flex wp-container-core-columns-is-layout-9d6595d7 wp-block-columns-is-layout-flex\">\n<div class=\"wp-block-column is-layout-flow wp-block-column-is-layout-flow\" style=\"flex-basis:33.33%\">\n<figure class=\"wp-block-image size-large is-resized\"><img loading=\"lazy\" decoding=\"async\" width=\"252\" height=\"300\" src=\"https:\/\/itftkd.sport\/es\/wp-content\/uploads\/sites\/7\/2020\/09\/Maestro-Andreu-Martinez.jpg\" alt=\"Courses-Do-Maestro-Andreu-Mart\u00ednez\" class=\"wp-image-23472\" style=\"width:189px;height:225px\" \/><\/figure>\n<\/div>\n\n\n\n<div class=\"wp-block-column is-layout-flow wp-block-column-is-layout-flow\" style=\"flex-basis:66.66%\">\n<p><strong>Maestro Andreu Mart\u00ednez<\/strong>&nbsp;es licenciado en Filosof\u00eda. Adem\u00e1s de dedicarse a la ense\u00f1anza del Taekwon-Do, ense\u00f1a \u00e9tica y lenguas en una escuela de educaci\u00f3n secundaria. Ha visitado Corea en diversas ocasiones para aprender su cultura y su lengua. Es Maestro ,7\u00ba Dan, e Instructor Internacional de Taekwon-Do. Empez\u00f3 a practicar Taekwon-Do en 1985 y es miembro del Comit\u00e9 del Do de ITF. En Espa\u00f1a, es Director del Comit\u00e9 de Arbitraje y miembro de la Junta Directiva de FEST (Federaci\u00f3n Espa\u00f1ola de Taekwon-Do ITF).<\/p>\n<\/div>\n<\/div>\n\n\n\n<hr class=\"wp-block-separator has-css-opacity\" \/>\n\n\n\n<h3 class=\"wp-block-heading has-text-align-center\" id=\"course-booking\">RESERVA DEL CURSO Y CONSULTAS<\/h3>\n\n\n\n<p>Para reservar un Curso Internacional sobre el Do (IDC) o para realizar consultas, comun\u00edquese con el Prof.\/Dr. Janel Gauthier (correo electr\u00f3nico: do@tkd-itf.org).<\/p>\n\n\n\n<p class=\"has-text-align-center\"><button class=\"\">Apply to host DO Course<\/button><\/p>\n\n\n\n<hr class=\"wp-block-separator has-css-opacity\" \/>\n\n\n\n<h3 class=\"wp-block-heading has-text-align-center\" id=\"itf\">APROBACI\u00d3N DE LA ITF<\/h3>\n\n\n\n<p>Este curso ha sido aprobado por el Secretario General de la ITF.<\/p>\n\n\n\n<p>Los participantes que completen el curso de dos d\u00edas recibir\u00e1n un certificado \u201cInternational Do Course\u201d de ITF. Si el Organizador as\u00ed lo contempla, aquellos que asistan solo al primer d\u00eda del curso podr\u00e1n recibir un certificado de asistencia. Tal certificado ser\u00e1 emitido por el Organizador, no por la ITF.<\/p>\n\n\n\n<hr class=\"wp-block-separator has-css-opacity\" \/>\n\n\n\n<h3 class=\"wp-block-heading has-text-align-center\" id=\"background\">ORIGEN<\/h3>\n\n\n\n<p>Cuando el difunto Gran Maestro Tr\u00e2n Tri\u00eau Qu\u00e2n sucedi\u00f3 al General Choi como Presidente de la ITF en 2003, se comprometi\u00f3 a desarrollar la ense\u00f1anza del Do en la ITF y promover que los instructores de Taekwon-Do ense\u00f1en el Do a sus alumnos. Gracias a la cooperaci\u00f3n del Comit\u00e9 T\u00e9cnico y de Instrucci\u00f3n de la ITF, se agreg\u00f3 un componente relacionado con la ense\u00f1anza del Do al Curso Internacional de Instructores. En 2006, se cre\u00f3 un grupo de trabajo para desarrollar un programa maestro de capacitaci\u00f3n para ense\u00f1ar el Do y las herramientas con qu\u00e9 desarrollarlo.<\/p>\n\n\n\n<p>Bajo el liderazgo del Gran Maestro Tr\u00e2n Tri\u00eau Qu\u00e2n, y en nombre del Comit\u00e9 T\u00e9cnico y de Instrucci\u00f3n, el Grupo de Trabajo para el Desarrollo de la Ense\u00f1anza del Do de la ITF ha desarrollado un programa de entrenamiento, dise\u00f1ado para iniciar a los Instructores de Taekwon-Do ITF, as\u00ed como a Maestros y a Grandes Maestros, en la ense\u00f1anza de la cultura moral del Taekwon-Do a sus estudiantes. Este programa se centra en la ense\u00f1anza y la aplicaci\u00f3n de los cinco principios del Taekwon-Do en nuestras vidas: Cortes\u00eda, Integridad, Perseverancia, Autocontrol y Esp\u00edritu Indomable. Se divide en dos niveles y cada nivel tiene diferentes contenidos de programa y diferentes m\u00f3dulos de ense\u00f1anza. Los contenidos del programa se vuelven m\u00e1s avanzados en el nivel superior.<\/p>\n\n\n\n<p>En la primera Convenci\u00f3n de Instructores de la ITF, en septiembre de 2011, el Grupo de Trabajo imparti\u00f3 cinco horas de clases sobre c\u00f3mo ense\u00f1ar el Do. Estas clases fueron muy bien recibidas y, con el apoyo de la ITF, el Grupo de Trabajo procedi\u00f3 a aumentar el material hasta dise\u00f1ar un curso de dos d\u00edas.<\/p>\n\n\n\n<p>El Gran Maestro Pablo Trajtenberg present\u00f3 oficialmente el curso de dos d\u00edas, llamado \u201cCurso Internacional sobre el Do\u201d, al final de un seminario de cuatro horas conducido durante un per\u00edodo de dos d\u00edas por el Comit\u00e9 del Do en la III Convenci\u00f3n ITF, en Benidorm, Espa\u00f1a, 1-5 de marzo de 2017.<\/p>\n","protected":false},"excerpt":{"rendered":"<p>Aprendiendo a aplicar y ense\u00f1ar el \u201cDo\u201d: basado en los Principios del Taekwon-Do Con Los miembros del Comit\u00e9 del Do de ITFMaestro Prof.\/Dr. Janel Gauthier (7\u00ba Dan ITF)Maestra Joliette Tr\u00e2n &hellip;<\/p>\n","protected":false},"author":4,"featured_media":0,"parent":379,"menu_order":0,"comment_status":"closed","ping_status":"closed","template":"","meta":{"_tec_requires_first_save":true,"_uag_custom_page_level_css":"","_genesis_hide_title":false,"_genesis_hide_breadcrumbs":false,"_genesis_hide_singular_image":false,"_genesis_hide_footer_widgets":false,"_genesis_custom_body_class":"","_genesis_custom_post_class":"","_genesis_layout":"md-content","_EventAllDay":false,"_EventTimezone":"","_EventStartDate":"","_EventEndDate":"","_EventStartDateUTC":"","_EventEndDateUTC":"","_EventShowMap":false,"_EventShowMapLink":false,"_EventURL":"","_EventCost":"","_EventCostDescription":"","_EventCurrencySymbol":"","_EventCurrencyCode":"","_EventCurrencyPosition":"","_EventDateTimeSeparator":"","_EventTimeRangeSeparator":"","_EventOrganizerID":[],"_EventVenueID":[0],"_OrganizerEmail":"","_OrganizerPhone":"","_OrganizerWebsite":"","_VenueAddress":"","_VenueCity":"","_VenueCountry":"","_VenueProvince":"","_VenueState":"","_VenueZip":"","_VenuePhone":"","_VenueURL":"","_VenueStateProvince":"","_VenueLat":"","_VenueLng":"","_VenueShowMap":false,"_VenueShowMapLink":false,"_tribe_blocks_recurrence_rules":"","_tribe_blocks_recurrence_description":"","_tribe_blocks_recurrence_exclusions":"","editor_notices":[],"footnotes":""},"class_list":["post-10597","page","type-page","status-publish","entry","has-post-thumbnail"],"featured_image_src":null,"featured_image_src_square":null,"uagb_featured_image_src":{"full":false,"thumbnail":false,"medium":false,"medium_large":false,"large":false,"1536x1536":false,"2048x2048":false,"banner":false,"section":false,"full-width":false,"featured":false,"one-half":false,"one-third":false,"one-fourth":false,"tiny":false,"ab-block-post-grid-landscape":false,"ab-block-post-grid-square":false,"gform-image-choice-sm":false,"gform-image-choice-md":false,"gform-image-choice-lg":false},"uagb_author_info":{"display_name":"FABIAN ITF","author_link":"https:\/\/itftkd.sport\/es\/author\/fabian-itf\/"},"uagb_comment_info":0,"uagb_excerpt":"Aprendiendo a aplicar y ense\u00f1ar el \u201cDo\u201d: basado en los Principios del Taekwon-Do Con Los miembros del Comit\u00e9 del Do de ITFMaestro Prof.\/Dr. Janel Gauthier (7\u00ba Dan ITF)Maestra Joliette Tr\u00e2n &hellip;","_links":{"self":[{"href":"https:\/\/itftkd.sport\/es\/wp-json\/wp\/v2\/pages\/10597","targetHints":{"allow":["GET"]}}],"collection":[{"href":"https:\/\/itftkd.sport\/es\/wp-json\/wp\/v2\/pages"}],"about":[{"href":"https:\/\/itftkd.sport\/es\/wp-json\/wp\/v2\/types\/page"}],"author":[{"embeddable":true,"href":"https:\/\/itftkd.sport\/es\/wp-json\/wp\/v2\/users\/4"}],"replies":[{"embeddable":true,"href":"https:\/\/itftkd.sport\/es\/wp-json\/wp\/v2\/comments?post=10597"}],"version-history":[{"count":5,"href":"https:\/\/itftkd.sport\/es\/wp-json\/wp\/v2\/pages\/10597\/revisions"}],"predecessor-version":[{"id":30949,"href":"https:\/\/itftkd.sport\/es\/wp-json\/wp\/v2\/pages\/10597\/revisions\/30949"}],"up":[{"embeddable":true,"href":"https:\/\/itftkd.sport\/es\/wp-json\/wp\/v2\/pages\/379"}],"wp:attachment":[{"href":"https:\/\/itftkd.sport\/es\/wp-json\/wp\/v2\/media?parent=10597"}],"curies":[{"name":"wp","href":"https:\/\/api.w.org\/{rel}","templated":true}]}}