{"id":10315,"date":"2018-05-25T12:35:44","date_gmt":"2018-05-25T10:35:44","guid":{"rendered":"http:\/\/www.taekwondoitf.org\/?page_id=10315"},"modified":"2024-07-12T23:53:06","modified_gmt":"2024-07-12T21:53:06","slug":"gdpr-information","status":"publish","type":"page","link":"https:\/\/itftkd.sport\/es\/gdpr-information\/","title":{"rendered":"Reglamento General de Protecci\u00f3n de Datos &#8211; GDPR"},"content":{"rendered":"\n<p>Informaci\u00f3n B\u00c1SICA para los miembros de la ITF sobre el Reglamento General de Protecci\u00f3n de Datos (GRDP):<\/p>\n\n\n\n<h3 class=\"wp-block-heading\"><strong>INFORMACI\u00d3N B\u00c1SICA SOBRE PROTECCI\u00d3N DE DATOS<\/strong><\/h3>\n\n\n\n<figure class=\"wp-block-table is-style-stripes\"><table><tbody><tr><td><strong>Responsable<\/strong><\/td><td>International Taekwon-Do Federation ITF<\/td><\/tr><tr><td><strong>Prop\u00f3sito<\/strong><\/td><td>Gestionar su afiliaci\u00f3n y participaci\u00f3n en actividades.<\/td><\/tr><tr><td><strong>Legitimaci\u00f3n<\/strong><\/td><td>Ejecuci\u00f3n de un contrato asociativo.<br>Consentimiento del interesado.<\/td><\/tr><tr><td><strong>Destinatarios<\/strong><\/td><td>Gestores de tratamiento<\/td><\/tr><tr><td><strong>Derechos<\/strong><\/td><td>Acceder, rectificar y suprimir los datos, as\u00ed como otros derechos, tal y como se explica en la informaci\u00f3n adicional.<\/td><\/tr><tr><td><strong>Informaci\u00f3n adicional<\/strong><\/td><td>Puede consultar la informaci\u00f3n adicional y detallada sobre Protecci\u00f3n de Datos en nuestra web <a href=\"https:\/\/itftkd.sport\/\" class=\"ek-link\">https:\/\/itftkd.sport\/<\/a><\/td><\/tr><\/tbody><\/table><\/figure>\n\n\n\n<div style=\"color:#ddd\" class=\"wp-block-atomic-blocks-ab-spacer ab-block-spacer ab-divider-solid ab-divider-size-1\"><hr style=\"height:30px\" \/><\/div>\n\n\n\n<p>Informaci\u00f3n ADICIONAL para los miembros de la ITF sobre el Reglamento General de Protecci\u00f3n de Datos (GRDP):<\/p>\n\n\n\n<p>Como miembro de la Federaci\u00f3n Internacional de Taekwon-Do ITF, dado el compromiso de esta entidad con la protecci\u00f3n de los datos y la informaci\u00f3n de nuestras asociaciones, sus maestros y alumnos, para una mejor comprensi\u00f3n, queremos responder a las siguientes preguntas acerca del tratamiento que la ITF desarrolla en el \u00e1mbito de nuestra relaci\u00f3n:<\/p>\n\n\n\n<h3 class=\"wp-block-heading\">\u00bfCu\u00e1l es el tratamiento de los datos personales?<\/h3>\n\n\n\n<p><u>Informaci\u00f3n personal<\/u> son cualquier informaci\u00f3n sobre una persona f\u00edsica identificada, como nombre, apellido, n\u00famero de identificaci\u00f3n y datos de ubicaci\u00f3n.<br>Se entiende por <u>Tratamiento<\/u> cualquier operaci\u00f3n que se realice sobre datos personales, ya sea por procedimientos automatizados o no, tales como, entre otras, la recogida, registro, organizaci\u00f3n, conservaci\u00f3n, modificaci\u00f3n o consulta.<\/p>\n\n\n\n<h3 class=\"wp-block-heading\">\u00bfC\u00f3mo se protegen mis datos personales y su tratamiento?<\/h3>\n\n\n\n<p>Los Estados miembros de la Uni\u00f3n Europea aprobaron el Reglamento cuyas disposiciones son aplicables a partir del <u>25<\/u> de <u>Mayo<\/u> de <u>2018<\/u>, con nuevas medidas encaminadas a ampliar y garantizar la protecci\u00f3n de los datos personales.<\/p>\n\n\n\n<h3 class=\"wp-block-heading\">\u00bfQui\u00e9n es el Responsable del tratamiento de sus datos personales?<\/h3>\n\n\n\n<figure class=\"wp-block-table\"><table><tbody><tr><td>Identidad:<\/td><td>International Taekwon-Do Federation (ITF)<\/td><\/tr><tr><td>Direcci\u00f3n:<\/td><td>p.a. Me C\u00e9sar Montalto, AVOCAT<br>Avenue du Tribunal-Federal 1<br>Case postal 1046 | 1005 Lausanne, Switzerland<\/td><\/tr><tr><td>Telephone:<\/td><td>+48 81743 1150<\/td><\/tr><tr><td>E-mail:<\/td><td><a href=\"mailto:itfoffice@itftkd.sport\" class=\"ek-link\">itfoffice@itftkd.sport<\/a><\/td><\/tr><tr><td>Website:<\/td><td><a href=\"https:\/\/itftkd.sport\/\" class=\"ek-link\">https:\/\/itftkd.sport\/<\/a><\/td><\/tr><\/tbody><\/table><\/figure>\n\n\n\n<div style=\"color:#ddd\" class=\"wp-block-atomic-blocks-ab-spacer ab-block-spacer ab-divider-solid ab-divider-size-1\"><hr style=\"height:30px\" \/><\/div>\n\n\n\n<h3 class=\"wp-block-heading\">\u00bfCon qu\u00e9 finalidad tratamos sus datos personales?<\/h3>\n\n\n\n<p>En la ITF tratamos la informaci\u00f3n que nos facilitan las personas interesadas con el fin de gestionar <u>la afiliaci\u00f3n de nuestros miembros<\/u>,<u> su registro y participaci\u00f3n en campeonatos, cursos, actividades programadas de Taekwon-Do ITF.<\/u><\/p>\n\n\n\n<p>Adicionalmente, en cumplimiento de nuestros Estatutos, los datos que nos proporcione ser\u00e1n utilizados en la promoci\u00f3n, difusi\u00f3n y desarrollo del Taekwon-Do ITF en cumplimiento de nuestro objeto social.<\/p>\n\n\n\n<p>En cualquier, se le informa de la inexistencia de decisiones automatizadas.<\/p>\n\n\n\n<h3 class=\"wp-block-heading\">\u00bfCu\u00e1nto tiempo conservaremos sus datos?<\/h3>\n\n\n\n<p>Los datos personales proporcionados se conservar\u00e1n mientras se mantenga su condici\u00f3n de miembro de la ITF, y durante el tiempo necesario para cumplir con las obligaciones legales del tratamiento. Una vez finalizada la relaci\u00f3n, y una vez finalizado el plazo de prescripci\u00f3n legal, procederemos a la destrucci\u00f3n de sus datos.<\/p>\n\n\n\n<h3 class=\"wp-block-heading\">\u00bfCu\u00e1l es la legitimaci\u00f3n para el tratamiento de sus datos?<\/h3>\n\n\n\n<p>La principal legitimaci\u00f3n para el tratamiento de sus datos que persiga la finalidad de gestionar la afiliaci\u00f3n y participaci\u00f3n en eventos federativos, se encuentra amparada en la ejecuci\u00f3n del contrato asociativo e inscripci\u00f3n en eventos, respectivamente, donde en el momento de suscribirse se le informar\u00e1 detalladamente acerca del tratamiento que se realizar\u00e1, de conformidad con la pol\u00edtica de privacidad y protecci\u00f3n de datos de la ITF.<\/p>\n\n\n\n<p>El consentimiento expreso constituye una base legitimadora del tratamiento que permitir\u00e1 a la ITF tratarlos para la promoci\u00f3n, difusi\u00f3n y desarrollo del Taekwon-Do ITF de acuerdo con sus Estatutos.<\/p>\n\n\n\n<h3 class=\"wp-block-heading\">\u00bfC\u00f3mo se obtienen sus datos?<\/h3>\n\n\n\n<ul class=\"wp-block-list\">\n<li>La informaci\u00f3n que usted proporciona cuando solicita su afiliaci\u00f3n a la ITF, como maestro o estudiante, a trav\u00e9s de la respectiva asociaci\u00f3n nacional de la que forma parte.<\/li>\n\n\n\n<li>A trav\u00e9s de solicitudes de inscripci\u00f3n en actividades de la ITF.<\/li>\n\n\n\n<li>A trav\u00e9s de nuestra aplicaci\u00f3n ITFONLINE.<\/li>\n<\/ul>\n\n\n\n<h3 class=\"wp-block-heading\">\u00bfQu\u00e9 tipo de datos son objeto de tratamiento?<\/h3>\n\n\n\n<p>Para el cumplimiento de sus finalidades, la ITF recaba los datos identificativos de sus miembros, su nivel de estudiante o maestro, y los resultados de campeonatos, cursos y otras actividades (nombre, apellidos, domicilio, correo electr\u00f3nico, DNI o pasaporte) en los que el interesado participa.<\/p>\n\n\n\n<h3 class=\"wp-block-heading\">\u00bfA qu\u00e9 destinatarios ser\u00e1n comunicados sus datos?<\/h3>\n\n\n\n<p>La ITF no transfiere sus datos a terceros ajenos a la organizaci\u00f3n, salvo requerimiento de una autoridad.<\/p>\n\n\n\n<p>La ITF cuenta con un Reglamento Interno de buenas pr\u00e1cticas, \u00e9tica y disciplina, el cual es aplicable a todos los miembros de la organizaci\u00f3n y, en especial, a cualquier miembro autorizado con acceso a datos personales.<\/p>\n\n\n\n<p>Adem\u00e1s, cuenta con la colaboraci\u00f3n de algunos terceros proveedores de servicios que tienen acceso a sus datos personales y que tratan los referidos datos en nombre y por cuenta de la Federaci\u00f3n como consecuencia de la prestaci\u00f3n de sus servicios.<\/p>\n\n\n\n<p>En concreto, y con car\u00e1cter enunciativo pero no limitativo, los citados proveedores prestan sus servicios en los siguientes sectores: servicios log\u00edsticos, asesoramiento jur\u00eddico, empresas de servicios profesionales multidisciplinares, empresas relacionadas con el mantenimiento, proveedores de servicios tecnol\u00f3gicos, proveedores de servicios inform\u00e1ticos, proveedores de servicios de mensajer\u00eda instant\u00e1nea.<\/p>\n\n\n\n<h3 class=\"wp-block-heading\">\u00bfCu\u00e1les son sus derechos?<\/h3>\n\n\n\n<p>Cualquier persona puede ejercer los siguientes derechos:<\/p>\n\n\n\n<ul class=\"wp-block-list\">\n<li>Acceso. Solicitar informaci\u00f3n a la ITF sobre si sus datos personales est\u00e1n siendo procesados.<\/li>\n\n\n\n<li>Rectificaci\u00f3n. Solicitar la modificaci\u00f3n de los datos que sean inexactos o incompletos.<\/li>\n\n\n\n<li>Supresi\u00f3n. Solicitar la supresi\u00f3n de los datos que resulten inadecuados o excesivos, sin perjuicio del deber de bloqueo.<\/li>\n\n\n\n<li>Limitaci\u00f3n. Solicitar la limitaci\u00f3n del tratamiento de sus datos personales por inexactitud, ilicitud, oposici\u00f3n o reclamaci\u00f3n.<\/li>\n\n\n\n<li>Oposici\u00f3n. Oponerse al tratamiento de sus datos personales o al cese de estos en algunos casos.<\/li>\n\n\n\n<li>Portabilidad. Solicitar que los datos personales sean transmitidos de responsable a responsable cuando sea t\u00e9cnicamente posible.<\/li>\n\n\n\n<li>Revocaci\u00f3n del consentimiento otorgado.<\/li>\n<\/ul>\n\n\n\n<p>Puede ejercer estos derechos y, en general, consultar todas las cuestiones relativas al tratamiento de sus datos personales, ante la FEDERACI\u00d3N INTERNACIONAL DE TAEKWON-DO ITF, enviando un correo electr\u00f3nico respectivamente a <a href=\"mailto:itfoffice@itftkd.sport\" class=\"ek-link\">itfoffice@itftkd.sport<\/a> o por correo postal dirigi\u00e9ndose a p.a. CM AVOCATS, Avenue du Tribunal-Federal 1, 1005 Lausanne, Switzerland, CHE-451.435.250. <\/p>\n\n\n\n<p>Deber\u00e1 aportar copia del documento oficial que lo acredite.<\/p>\n\n\n\n\n","protected":false},"excerpt":{"rendered":"<p>Informaci\u00f3n B\u00c1SICA para los miembros de la ITF sobre el Reglamento General de Protecci\u00f3n de Datos (GRDP): INFORMACI\u00d3N B\u00c1SICA SOBRE PROTECCI\u00d3N DE DATOS Responsable International Taekwon-Do Federation ITF Prop\u00f3sito Gestionar &hellip;<\/p>\n","protected":false},"author":4,"featured_media":0,"parent":0,"menu_order":90,"comment_status":"closed","ping_status":"closed","template":"","meta":{"_tec_requires_first_save":true,"_uag_custom_page_level_css":"","_genesis_hide_title":false,"_genesis_hide_breadcrumbs":false,"_genesis_hide_singular_image":false,"_genesis_hide_footer_widgets":false,"_genesis_custom_body_class":"","_genesis_custom_post_class":"","_genesis_layout":"","_EventAllDay":false,"_EventTimezone":"","_EventStartDate":"","_EventEndDate":"","_EventStartDateUTC":"","_EventEndDateUTC":"","_EventShowMap":false,"_EventShowMapLink":false,"_EventURL":"","_EventCost":"","_EventCostDescription":"","_EventCurrencySymbol":"","_EventCurrencyCode":"","_EventCurrencyPosition":"","_EventDateTimeSeparator":"","_EventTimeRangeSeparator":"","_EventOrganizerID":[],"_EventVenueID":[0],"_OrganizerEmail":"","_OrganizerPhone":"","_OrganizerWebsite":"","_VenueAddress":"","_VenueCity":"","_VenueCountry":"","_VenueProvince":"","_VenueState":"","_VenueZip":"","_VenuePhone":"","_VenueURL":"","_VenueStateProvince":"","_VenueLat":"","_VenueLng":"","_VenueShowMap":false,"_VenueShowMapLink":false,"_tribe_blocks_recurrence_rules":"","_tribe_blocks_recurrence_description":"","_tribe_blocks_recurrence_exclusions":"","editor_notices":[],"footnotes":""},"class_list":["post-10315","page","type-page","status-publish","entry"],"featured_image_src":null,"featured_image_src_square":null,"uagb_featured_image_src":{"full":false,"thumbnail":false,"medium":false,"medium_large":false,"large":false,"1536x1536":false,"2048x2048":false,"banner":false,"section":false,"full-width":false,"featured":false,"one-half":false,"one-third":false,"one-fourth":false,"tiny":false,"ab-block-post-grid-landscape":false,"ab-block-post-grid-square":false,"gform-image-choice-sm":false,"gform-image-choice-md":false,"gform-image-choice-lg":false},"uagb_author_info":{"display_name":"FABIAN ITF","author_link":"https:\/\/itftkd.sport\/es\/author\/fabian-itf\/"},"uagb_comment_info":0,"uagb_excerpt":"Informaci\u00f3n B\u00c1SICA para los miembros de la ITF sobre el Reglamento General de Protecci\u00f3n de Datos (GRDP): INFORMACI\u00d3N B\u00c1SICA SOBRE PROTECCI\u00d3N DE DATOS Responsable International Taekwon-Do Federation ITF Prop\u00f3sito Gestionar &hellip;","_links":{"self":[{"href":"https:\/\/itftkd.sport\/es\/wp-json\/wp\/v2\/pages\/10315","targetHints":{"allow":["GET"]}}],"collection":[{"href":"https:\/\/itftkd.sport\/es\/wp-json\/wp\/v2\/pages"}],"about":[{"href":"https:\/\/itftkd.sport\/es\/wp-json\/wp\/v2\/types\/page"}],"author":[{"embeddable":true,"href":"https:\/\/itftkd.sport\/es\/wp-json\/wp\/v2\/users\/4"}],"replies":[{"embeddable":true,"href":"https:\/\/itftkd.sport\/es\/wp-json\/wp\/v2\/comments?post=10315"}],"version-history":[{"count":5,"href":"https:\/\/itftkd.sport\/es\/wp-json\/wp\/v2\/pages\/10315\/revisions"}],"predecessor-version":[{"id":31462,"href":"https:\/\/itftkd.sport\/es\/wp-json\/wp\/v2\/pages\/10315\/revisions\/31462"}],"wp:attachment":[{"href":"https:\/\/itftkd.sport\/es\/wp-json\/wp\/v2\/media?parent=10315"}],"curies":[{"name":"wp","href":"https:\/\/api.w.org\/{rel}","templated":true}]}}